{"id":88684,"date":"2026-03-11T15:21:37","date_gmt":"2026-03-11T07:21:37","guid":{"rendered":"https:\/\/www.lidercare.com\/product\/xit-hong-sau-dau-tay\/"},"modified":"2026-04-16T09:47:20","modified_gmt":"2026-04-16T01:47:20","slug":"xit-hong-sau-dau-tay","status":"publish","type":"product","link":"https:\/\/www.lidercare.com\/vi\/s\u1ea3n-ph\u1ea9m\/xit-hong-sau-dau-tay\/","title":{"rendered":"X\u1ecbt h\u1ecdng s\u00e2u d\u00e2u t\u00e2y"},"featured_media":39656,"template":"","meta":{"_acf_changed":false},"product-category":[405],"class_list":["post-88684","product","type-product","status-publish","has-post-thumbnail","hentry","product-category-xit-thom-mieng"],"acf":[],"_links":{"self":[{"href":"https:\/\/www.lidercare.com\/vi\/wp-json\/wp\/v2\/product\/88684","targetHints":{"allow":["GET"]}}],"collection":[{"href":"https:\/\/www.lidercare.com\/vi\/wp-json\/wp\/v2\/product"}],"about":[{"href":"https:\/\/www.lidercare.com\/vi\/wp-json\/wp\/v2\/types\/product"}],"wp:featuredmedia":[{"embeddable":true,"href":"https:\/\/www.lidercare.com\/vi\/wp-json\/wp\/v2\/media\/39656"}],"wp:attachment":[{"href":"https:\/\/www.lidercare.com\/vi\/wp-json\/wp\/v2\/media?parent=88684"}],"wp:term":[{"taxonomy":"product-category","embeddable":true,"href":"https:\/\/www.lidercare.com\/vi\/wp-json\/wp\/v2\/product-category?post=88684"}],"curies":[{"name":"wp","href":"https:\/\/api.w.org\/{rel}","templated":true}]}}