{"id":88434,"date":"2026-03-09T14:34:57","date_gmt":"2026-03-09T06:34:57","guid":{"rendered":"https:\/\/www.lidercare.com\/product\/kem-danh-rang-baking-soda-it-florua\/"},"modified":"2026-04-16T11:36:51","modified_gmt":"2026-04-16T03:36:51","slug":"kem-danh-rang-baking-soda-it-florua","status":"publish","type":"product","link":"https:\/\/www.lidercare.com\/vi\/s\u1ea3n-ph\u1ea9m\/kem-danh-rang-baking-soda-it-florua\/","title":{"rendered":"Kem \u0111\u00e1nh r\u0103ng baking soda \u00edt florua"},"featured_media":31742,"template":"","meta":{"_acf_changed":false},"product-category":[362],"class_list":["post-88434","product","type-product","status-publish","has-post-thumbnail","hentry","product-category-kem-danh-rang-trang-rang"],"acf":[],"_links":{"self":[{"href":"https:\/\/www.lidercare.com\/vi\/wp-json\/wp\/v2\/product\/88434","targetHints":{"allow":["GET"]}}],"collection":[{"href":"https:\/\/www.lidercare.com\/vi\/wp-json\/wp\/v2\/product"}],"about":[{"href":"https:\/\/www.lidercare.com\/vi\/wp-json\/wp\/v2\/types\/product"}],"wp:featuredmedia":[{"embeddable":true,"href":"https:\/\/www.lidercare.com\/vi\/wp-json\/wp\/v2\/media\/31742"}],"wp:attachment":[{"href":"https:\/\/www.lidercare.com\/vi\/wp-json\/wp\/v2\/media?parent=88434"}],"wp:term":[{"taxonomy":"product-category","embeddable":true,"href":"https:\/\/www.lidercare.com\/vi\/wp-json\/wp\/v2\/product-category?post=88434"}],"curies":[{"name":"wp","href":"https:\/\/api.w.org\/{rel}","templated":true}]}}