{"id":88419,"date":"2026-03-09T14:33:38","date_gmt":"2026-03-09T06:33:38","guid":{"rendered":"https:\/\/www.lidercare.com\/product\/kem-danh-rang-kids-foam-voi-huong-vi-trai-cay\/"},"modified":"2026-04-16T11:36:51","modified_gmt":"2026-04-16T03:36:51","slug":"kem-danh-rang-kids-foam-voi-huong-vi-trai-cay","status":"publish","type":"product","link":"https:\/\/www.lidercare.com\/vi\/s\u1ea3n-ph\u1ea9m\/kem-danh-rang-kids-foam-voi-huong-vi-trai-cay\/","title":{"rendered":"Kem \u0111\u00e1nh r\u0103ng b\u1ecdt tr\u1ebb em v\u1edbi h\u01b0\u01a1ng v\u1ecb tr\u00e1i c\u00e2y"},"featured_media":31699,"template":"","meta":{"_acf_changed":false},"product-category":[362],"class_list":["post-88419","product","type-product","status-publish","has-post-thumbnail","hentry","product-category-kem-danh-rang-trang-rang"],"acf":[],"_links":{"self":[{"href":"https:\/\/www.lidercare.com\/vi\/wp-json\/wp\/v2\/product\/88419","targetHints":{"allow":["GET"]}}],"collection":[{"href":"https:\/\/www.lidercare.com\/vi\/wp-json\/wp\/v2\/product"}],"about":[{"href":"https:\/\/www.lidercare.com\/vi\/wp-json\/wp\/v2\/types\/product"}],"wp:featuredmedia":[{"embeddable":true,"href":"https:\/\/www.lidercare.com\/vi\/wp-json\/wp\/v2\/media\/31699"}],"wp:attachment":[{"href":"https:\/\/www.lidercare.com\/vi\/wp-json\/wp\/v2\/media?parent=88419"}],"wp:term":[{"taxonomy":"product-category","embeddable":true,"href":"https:\/\/www.lidercare.com\/vi\/wp-json\/wp\/v2\/product-category?post=88419"}],"curies":[{"name":"wp","href":"https:\/\/api.w.org\/{rel}","templated":true}]}}