{"id":88247,"date":"2026-03-11T11:50:15","date_gmt":"2026-03-11T03:50:15","guid":{"rendered":"https:\/\/www.lidercare.com\/product\/bo-kiem-soat-cao-rang-cho-cho\/"},"modified":"2026-04-16T11:30:58","modified_gmt":"2026-04-16T03:30:58","slug":"bo-kiem-soat-cao-rang-cho-cho","status":"publish","type":"product","link":"https:\/\/www.lidercare.com\/vi\/s\u1ea3n-ph\u1ea9m\/bo-kiem-soat-cao-rang-cho-cho\/","title":{"rendered":"B\u1ed9 ki\u1ec3m so\u00e1t cao r\u0103ng cho ch\u00f3"},"featured_media":44868,"template":"","meta":{"_acf_changed":false},"product-category":[402],"class_list":["post-88247","product","type-product","status-publish","has-post-thumbnail","hentry","product-category-cham-soc-rang-mieng-thu-cung"],"acf":[],"_links":{"self":[{"href":"https:\/\/www.lidercare.com\/vi\/wp-json\/wp\/v2\/product\/88247","targetHints":{"allow":["GET"]}}],"collection":[{"href":"https:\/\/www.lidercare.com\/vi\/wp-json\/wp\/v2\/product"}],"about":[{"href":"https:\/\/www.lidercare.com\/vi\/wp-json\/wp\/v2\/types\/product"}],"wp:featuredmedia":[{"embeddable":true,"href":"https:\/\/www.lidercare.com\/vi\/wp-json\/wp\/v2\/media\/44868"}],"wp:attachment":[{"href":"https:\/\/www.lidercare.com\/vi\/wp-json\/wp\/v2\/media?parent=88247"}],"wp:term":[{"taxonomy":"product-category","embeddable":true,"href":"https:\/\/www.lidercare.com\/vi\/wp-json\/wp\/v2\/product-category?post=88247"}],"curies":[{"name":"wp","href":"https:\/\/api.w.org\/{rel}","templated":true}]}}