{"id":88235,"date":"2026-03-11T11:49:00","date_gmt":"2026-03-11T03:49:00","guid":{"rendered":"https:\/\/www.lidercare.com\/product\/giam-kem-danh-rang-mang-bam-cho-cho\/"},"modified":"2026-04-16T11:30:57","modified_gmt":"2026-04-16T03:30:57","slug":"giam-kem-danh-rang-mang-bam-cho-cho","status":"publish","type":"product","link":"https:\/\/www.lidercare.com\/vi\/s\u1ea3n-ph\u1ea9m\/giam-kem-danh-rang-mang-bam-cho-cho\/","title":{"rendered":"Gi\u1ea3m kem \u0111\u00e1nh r\u0103ng m\u1ea3ng b\u00e1m cho ch\u00f3"},"featured_media":44770,"template":"","meta":{"_acf_changed":false},"product-category":[402],"class_list":["post-88235","product","type-product","status-publish","has-post-thumbnail","hentry","product-category-cham-soc-rang-mieng-thu-cung"],"acf":[],"_links":{"self":[{"href":"https:\/\/www.lidercare.com\/vi\/wp-json\/wp\/v2\/product\/88235","targetHints":{"allow":["GET"]}}],"collection":[{"href":"https:\/\/www.lidercare.com\/vi\/wp-json\/wp\/v2\/product"}],"about":[{"href":"https:\/\/www.lidercare.com\/vi\/wp-json\/wp\/v2\/types\/product"}],"wp:featuredmedia":[{"embeddable":true,"href":"https:\/\/www.lidercare.com\/vi\/wp-json\/wp\/v2\/media\/44770"}],"wp:attachment":[{"href":"https:\/\/www.lidercare.com\/vi\/wp-json\/wp\/v2\/media?parent=88235"}],"wp:term":[{"taxonomy":"product-category","embeddable":true,"href":"https:\/\/www.lidercare.com\/vi\/wp-json\/wp\/v2\/product-category?post=88235"}],"curies":[{"name":"wp","href":"https:\/\/api.w.org\/{rel}","templated":true}]}}