{"id":88208,"date":"2026-03-11T11:46:47","date_gmt":"2026-03-11T03:46:47","guid":{"rendered":"https:\/\/www.lidercare.com\/product\/phu-gia-nuoc-mang-bam-va-cao-rang\/"},"modified":"2026-04-16T11:30:57","modified_gmt":"2026-04-16T03:30:57","slug":"phu-gia-nuoc-mang-bam-va-cao-rang","status":"publish","type":"product","link":"https:\/\/www.lidercare.com\/vi\/s\u1ea3n-ph\u1ea9m\/phu-gia-nuoc-mang-bam-va-cao-rang\/","title":{"rendered":"Ph\u1ee5 gia n\u01b0\u1edbc m\u1ea3ng b\u00e1m v\u00e0 cao r\u0103ng"},"featured_media":45480,"template":"","meta":{"_acf_changed":false},"product-category":[402],"class_list":["post-88208","product","type-product","status-publish","has-post-thumbnail","hentry","product-category-cham-soc-rang-mieng-thu-cung"],"acf":[],"_links":{"self":[{"href":"https:\/\/www.lidercare.com\/vi\/wp-json\/wp\/v2\/product\/88208","targetHints":{"allow":["GET"]}}],"collection":[{"href":"https:\/\/www.lidercare.com\/vi\/wp-json\/wp\/v2\/product"}],"about":[{"href":"https:\/\/www.lidercare.com\/vi\/wp-json\/wp\/v2\/types\/product"}],"wp:featuredmedia":[{"embeddable":true,"href":"https:\/\/www.lidercare.com\/vi\/wp-json\/wp\/v2\/media\/45480"}],"wp:attachment":[{"href":"https:\/\/www.lidercare.com\/vi\/wp-json\/wp\/v2\/media?parent=88208"}],"wp:term":[{"taxonomy":"product-category","embeddable":true,"href":"https:\/\/www.lidercare.com\/vi\/wp-json\/wp\/v2\/product-category?post=88208"}],"curies":[{"name":"wp","href":"https:\/\/api.w.org\/{rel}","templated":true}]}}