{"id":88157,"date":"2026-03-11T11:38:20","date_gmt":"2026-03-11T03:38:20","guid":{"rendered":"https:\/\/www.lidercare.com\/product\/bo-kem-danh-rang-pet-enzyme\/"},"modified":"2026-04-16T11:30:35","modified_gmt":"2026-04-16T03:30:35","slug":"bo-kem-danh-rang-pet-enzyme","status":"publish","type":"product","link":"https:\/\/www.lidercare.com\/vi\/s\u1ea3n-ph\u1ea9m\/bo-kem-danh-rang-pet-enzyme\/","title":{"rendered":"B\u1ed9 kem \u0111\u00e1nh r\u0103ng Pet Enzyme"},"featured_media":65675,"template":"","meta":{"_acf_changed":false},"product-category":[402],"class_list":["post-88157","product","type-product","status-publish","has-post-thumbnail","hentry","product-category-cham-soc-rang-mieng-thu-cung"],"acf":[],"_links":{"self":[{"href":"https:\/\/www.lidercare.com\/vi\/wp-json\/wp\/v2\/product\/88157","targetHints":{"allow":["GET"]}}],"collection":[{"href":"https:\/\/www.lidercare.com\/vi\/wp-json\/wp\/v2\/product"}],"about":[{"href":"https:\/\/www.lidercare.com\/vi\/wp-json\/wp\/v2\/types\/product"}],"wp:featuredmedia":[{"embeddable":true,"href":"https:\/\/www.lidercare.com\/vi\/wp-json\/wp\/v2\/media\/65675"}],"wp:attachment":[{"href":"https:\/\/www.lidercare.com\/vi\/wp-json\/wp\/v2\/media?parent=88157"}],"wp:term":[{"taxonomy":"product-category","embeddable":true,"href":"https:\/\/www.lidercare.com\/vi\/wp-json\/wp\/v2\/product-category?post=88157"}],"curies":[{"name":"wp","href":"https:\/\/api.w.org\/{rel}","templated":true}]}}