{"id":88117,"date":"2026-03-11T11:34:46","date_gmt":"2026-03-11T03:34:46","guid":{"rendered":"https:\/\/www.lidercare.com\/product\/gel-danh-rang-cham-soc-rang-mieng\/"},"modified":"2026-04-16T10:11:59","modified_gmt":"2026-04-16T02:11:59","slug":"gel-danh-rang-cham-soc-rang-mieng","status":"publish","type":"product","link":"https:\/\/www.lidercare.com\/vi\/s\u1ea3n-ph\u1ea9m\/gel-danh-rang-cham-soc-rang-mieng\/","title":{"rendered":"Gel \u0111\u00e1nh r\u0103ng ch\u0103m s\u00f3c r\u0103ng mi\u1ec7ng"},"featured_media":45253,"template":"","meta":{"_acf_changed":false},"product-category":[402],"class_list":["post-88117","product","type-product","status-publish","has-post-thumbnail","hentry","product-category-cham-soc-rang-mieng-thu-cung"],"acf":[],"_links":{"self":[{"href":"https:\/\/www.lidercare.com\/vi\/wp-json\/wp\/v2\/product\/88117","targetHints":{"allow":["GET"]}}],"collection":[{"href":"https:\/\/www.lidercare.com\/vi\/wp-json\/wp\/v2\/product"}],"about":[{"href":"https:\/\/www.lidercare.com\/vi\/wp-json\/wp\/v2\/types\/product"}],"wp:featuredmedia":[{"embeddable":true,"href":"https:\/\/www.lidercare.com\/vi\/wp-json\/wp\/v2\/media\/45253"}],"wp:attachment":[{"href":"https:\/\/www.lidercare.com\/vi\/wp-json\/wp\/v2\/media?parent=88117"}],"wp:term":[{"taxonomy":"product-category","embeddable":true,"href":"https:\/\/www.lidercare.com\/vi\/wp-json\/wp\/v2\/product-category?post=88117"}],"curies":[{"name":"wp","href":"https:\/\/api.w.org\/{rel}","templated":true}]}}