{"id":87664,"date":"2026-03-10T17:32:10","date_gmt":"2026-03-10T09:32:10","guid":{"rendered":"https:\/\/www.lidercare.com\/product\/ban-chai-danh-rang-long-mem\/"},"modified":"2026-04-16T09:54:41","modified_gmt":"2026-04-16T01:54:41","slug":"ban-chai-danh-rang-long-mem","status":"publish","type":"product","link":"https:\/\/www.lidercare.com\/vi\/s\u1ea3n-ph\u1ea9m\/ban-chai-danh-rang-long-mem\/","title":{"rendered":"B\u00e0n ch\u1ea3i \u0111\u00e1nh r\u0103ng l\u00f4ng m\u1ec1m"},"featured_media":30426,"template":"","meta":{"_acf_changed":false},"product-category":[380],"class_list":["post-87664","product","type-product","status-publish","has-post-thumbnail","hentry","product-category-ban-chai-danh-rang"],"acf":[],"_links":{"self":[{"href":"https:\/\/www.lidercare.com\/vi\/wp-json\/wp\/v2\/product\/87664","targetHints":{"allow":["GET"]}}],"collection":[{"href":"https:\/\/www.lidercare.com\/vi\/wp-json\/wp\/v2\/product"}],"about":[{"href":"https:\/\/www.lidercare.com\/vi\/wp-json\/wp\/v2\/types\/product"}],"wp:featuredmedia":[{"embeddable":true,"href":"https:\/\/www.lidercare.com\/vi\/wp-json\/wp\/v2\/media\/30426"}],"wp:attachment":[{"href":"https:\/\/www.lidercare.com\/vi\/wp-json\/wp\/v2\/media?parent=87664"}],"wp:term":[{"taxonomy":"product-category","embeddable":true,"href":"https:\/\/www.lidercare.com\/vi\/wp-json\/wp\/v2\/product-category?post=87664"}],"curies":[{"name":"wp","href":"https:\/\/api.w.org\/{rel}","templated":true}]}}