{"id":87625,"date":"2026-03-10T17:29:14","date_gmt":"2026-03-10T09:29:14","guid":{"rendered":"https:\/\/www.lidercare.com\/product\/ban-chai-danh-rang-dien-co-the-sac-lai\/"},"modified":"2026-04-16T10:12:50","modified_gmt":"2026-04-16T02:12:50","slug":"ban-chai-danh-rang-dien-co-the-sac-lai","status":"publish","type":"product","link":"https:\/\/www.lidercare.com\/vi\/s\u1ea3n-ph\u1ea9m\/ban-chai-danh-rang-dien-co-the-sac-lai\/","title":{"rendered":"B\u00e0n ch\u1ea3i \u0111\u00e1nh r\u0103ng \u0111i\u1ec7n c\u00f3 th\u1ec3 s\u1ea1c l\u1ea1i"},"featured_media":28670,"template":"","meta":{"_acf_changed":false},"product-category":[380],"class_list":["post-87625","product","type-product","status-publish","has-post-thumbnail","hentry","product-category-ban-chai-danh-rang"],"acf":[],"_links":{"self":[{"href":"https:\/\/www.lidercare.com\/vi\/wp-json\/wp\/v2\/product\/87625","targetHints":{"allow":["GET"]}}],"collection":[{"href":"https:\/\/www.lidercare.com\/vi\/wp-json\/wp\/v2\/product"}],"about":[{"href":"https:\/\/www.lidercare.com\/vi\/wp-json\/wp\/v2\/types\/product"}],"wp:featuredmedia":[{"embeddable":true,"href":"https:\/\/www.lidercare.com\/vi\/wp-json\/wp\/v2\/media\/28670"}],"wp:attachment":[{"href":"https:\/\/www.lidercare.com\/vi\/wp-json\/wp\/v2\/media?parent=87625"}],"wp:term":[{"taxonomy":"product-category","embeddable":true,"href":"https:\/\/www.lidercare.com\/vi\/wp-json\/wp\/v2\/product-category?post=87625"}],"curies":[{"name":"wp","href":"https:\/\/api.w.org\/{rel}","templated":true}]}}