{"id":87541,"date":"2026-03-10T17:11:47","date_gmt":"2026-03-10T09:11:47","guid":{"rendered":"https:\/\/www.lidercare.com\/product\/goi-ban-chai-danh-rang-so-luong-lon-trung-binh\/"},"modified":"2026-04-16T10:12:45","modified_gmt":"2026-04-16T02:12:45","slug":"goi-ban-chai-danh-rang-so-luong-lon-trung-binh","status":"publish","type":"product","link":"https:\/\/www.lidercare.com\/vi\/s\u1ea3n-ph\u1ea9m\/goi-ban-chai-danh-rang-so-luong-lon-trung-binh\/","title":{"rendered":"G\u00f3i b\u00e0n ch\u1ea3i \u0111\u00e1nh r\u0103ng s\u1ed1 l\u01b0\u1ee3ng l\u1edbn trung b\u00ecnh"},"featured_media":27811,"template":"","meta":{"_acf_changed":false},"product-category":[380],"class_list":["post-87541","product","type-product","status-publish","has-post-thumbnail","hentry","product-category-ban-chai-danh-rang"],"acf":[],"_links":{"self":[{"href":"https:\/\/www.lidercare.com\/vi\/wp-json\/wp\/v2\/product\/87541","targetHints":{"allow":["GET"]}}],"collection":[{"href":"https:\/\/www.lidercare.com\/vi\/wp-json\/wp\/v2\/product"}],"about":[{"href":"https:\/\/www.lidercare.com\/vi\/wp-json\/wp\/v2\/types\/product"}],"wp:featuredmedia":[{"embeddable":true,"href":"https:\/\/www.lidercare.com\/vi\/wp-json\/wp\/v2\/media\/27811"}],"wp:attachment":[{"href":"https:\/\/www.lidercare.com\/vi\/wp-json\/wp\/v2\/media?parent=87541"}],"wp:term":[{"taxonomy":"product-category","embeddable":true,"href":"https:\/\/www.lidercare.com\/vi\/wp-json\/wp\/v2\/product-category?post=87541"}],"curies":[{"name":"wp","href":"https:\/\/api.w.org\/{rel}","templated":true}]}}