{"id":87512,"date":"2026-03-10T17:10:02","date_gmt":"2026-03-10T09:10:02","guid":{"rendered":"https:\/\/www.lidercare.com\/product\/ban-chai-danh-rang-tre-tre-em\/"},"modified":"2026-04-16T09:54:54","modified_gmt":"2026-04-16T01:54:54","slug":"ban-chai-danh-rang-tre-tre-em","status":"publish","type":"product","link":"https:\/\/www.lidercare.com\/vi\/s\u1ea3n-ph\u1ea9m\/ban-chai-danh-rang-tre-tre-em\/","title":{"rendered":"B\u00e0n ch\u1ea3i \u0111\u00e1nh r\u0103ng tre tr\u1ebb em"},"featured_media":27551,"template":"","meta":{"_acf_changed":false},"product-category":[380],"class_list":["post-87512","product","type-product","status-publish","has-post-thumbnail","hentry","product-category-ban-chai-danh-rang"],"acf":[],"_links":{"self":[{"href":"https:\/\/www.lidercare.com\/vi\/wp-json\/wp\/v2\/product\/87512","targetHints":{"allow":["GET"]}}],"collection":[{"href":"https:\/\/www.lidercare.com\/vi\/wp-json\/wp\/v2\/product"}],"about":[{"href":"https:\/\/www.lidercare.com\/vi\/wp-json\/wp\/v2\/types\/product"}],"wp:featuredmedia":[{"embeddable":true,"href":"https:\/\/www.lidercare.com\/vi\/wp-json\/wp\/v2\/media\/27551"}],"wp:attachment":[{"href":"https:\/\/www.lidercare.com\/vi\/wp-json\/wp\/v2\/media?parent=87512"}],"wp:term":[{"taxonomy":"product-category","embeddable":true,"href":"https:\/\/www.lidercare.com\/vi\/wp-json\/wp\/v2\/product-category?post=87512"}],"curies":[{"name":"wp","href":"https:\/\/api.w.org\/{rel}","templated":true}]}}