{"id":87353,"date":"2026-03-10T16:49:15","date_gmt":"2026-03-10T08:49:15","guid":{"rendered":"https:\/\/www.lidercare.com\/product\/ban-chai-danh-rang-pin-cho-nguoi-lon\/"},"modified":"2026-04-16T11:30:26","modified_gmt":"2026-04-16T03:30:26","slug":"ban-chai-danh-rang-pin-cho-nguoi-lon","status":"publish","type":"product","link":"https:\/\/www.lidercare.com\/vi\/s\u1ea3n-ph\u1ea9m\/ban-chai-danh-rang-pin-cho-nguoi-lon\/","title":{"rendered":"B\u00e0n ch\u1ea3i \u0111\u00e1nh r\u0103ng pin cho ng\u01b0\u1eddi l\u1edbn"},"featured_media":28418,"template":"","meta":{"_acf_changed":false},"product-category":[380],"class_list":["post-87353","product","type-product","status-publish","has-post-thumbnail","hentry","product-category-ban-chai-danh-rang"],"acf":[],"_links":{"self":[{"href":"https:\/\/www.lidercare.com\/vi\/wp-json\/wp\/v2\/product\/87353","targetHints":{"allow":["GET"]}}],"collection":[{"href":"https:\/\/www.lidercare.com\/vi\/wp-json\/wp\/v2\/product"}],"about":[{"href":"https:\/\/www.lidercare.com\/vi\/wp-json\/wp\/v2\/types\/product"}],"wp:featuredmedia":[{"embeddable":true,"href":"https:\/\/www.lidercare.com\/vi\/wp-json\/wp\/v2\/media\/28418"}],"wp:attachment":[{"href":"https:\/\/www.lidercare.com\/vi\/wp-json\/wp\/v2\/media?parent=87353"}],"wp:term":[{"taxonomy":"product-category","embeddable":true,"href":"https:\/\/www.lidercare.com\/vi\/wp-json\/wp\/v2\/product-category?post=87353"}],"curies":[{"name":"wp","href":"https:\/\/api.w.org\/{rel}","templated":true}]}}