{"id":87300,"date":"2026-03-10T16:42:48","date_gmt":"2026-03-10T08:42:48","guid":{"rendered":"https:\/\/www.lidercare.com\/product\/ban-chai-danh-rang-mem-tat-ca-trong-mot\/"},"modified":"2026-04-16T10:12:43","modified_gmt":"2026-04-16T02:12:43","slug":"ban-chai-danh-rang-mem-tat-ca-trong-mot","status":"publish","type":"product","link":"https:\/\/www.lidercare.com\/vi\/s\u1ea3n-ph\u1ea9m\/ban-chai-danh-rang-mem-tat-ca-trong-mot\/","title":{"rendered":"B\u00e0n ch\u1ea3i \u0111\u00e1nh r\u0103ng m\u1ec1m t\u1ea5t c\u1ea3 trong m\u1ed9t"},"featured_media":37259,"template":"","meta":{"_acf_changed":false},"product-category":[380],"class_list":["post-87300","product","type-product","status-publish","has-post-thumbnail","hentry","product-category-ban-chai-danh-rang"],"acf":[],"_links":{"self":[{"href":"https:\/\/www.lidercare.com\/vi\/wp-json\/wp\/v2\/product\/87300","targetHints":{"allow":["GET"]}}],"collection":[{"href":"https:\/\/www.lidercare.com\/vi\/wp-json\/wp\/v2\/product"}],"about":[{"href":"https:\/\/www.lidercare.com\/vi\/wp-json\/wp\/v2\/types\/product"}],"wp:featuredmedia":[{"embeddable":true,"href":"https:\/\/www.lidercare.com\/vi\/wp-json\/wp\/v2\/media\/37259"}],"wp:attachment":[{"href":"https:\/\/www.lidercare.com\/vi\/wp-json\/wp\/v2\/media?parent=87300"}],"wp:term":[{"taxonomy":"product-category","embeddable":true,"href":"https:\/\/www.lidercare.com\/vi\/wp-json\/wp\/v2\/product-category?post=87300"}],"curies":[{"name":"wp","href":"https:\/\/api.w.org\/{rel}","templated":true}]}}