{"id":86799,"date":"2026-03-10T14:34:29","date_gmt":"2026-03-10T06:34:29","guid":{"rendered":"https:\/\/www.lidercare.com\/product\/nuoc-rua-trang-da-cham-soc\/"},"modified":"2026-04-16T10:12:20","modified_gmt":"2026-04-16T02:12:20","slug":"nuoc-rua-trang-da-cham-soc","status":"publish","type":"product","link":"https:\/\/www.lidercare.com\/vi\/s\u1ea3n-ph\u1ea9m\/nuoc-rua-trang-da-cham-soc\/","title":{"rendered":"N\u01b0\u1edbc r\u1eeda tr\u1eafng \u0111a ch\u0103m s\u00f3c"},"featured_media":41463,"template":"","meta":{"_acf_changed":false},"product-category":[368],"class_list":["post-86799","product","type-product","status-publish","has-post-thumbnail","hentry","product-category-nuoc-suc-mieng"],"acf":[],"_links":{"self":[{"href":"https:\/\/www.lidercare.com\/vi\/wp-json\/wp\/v2\/product\/86799","targetHints":{"allow":["GET"]}}],"collection":[{"href":"https:\/\/www.lidercare.com\/vi\/wp-json\/wp\/v2\/product"}],"about":[{"href":"https:\/\/www.lidercare.com\/vi\/wp-json\/wp\/v2\/types\/product"}],"wp:featuredmedia":[{"embeddable":true,"href":"https:\/\/www.lidercare.com\/vi\/wp-json\/wp\/v2\/media\/41463"}],"wp:attachment":[{"href":"https:\/\/www.lidercare.com\/vi\/wp-json\/wp\/v2\/media?parent=86799"}],"wp:term":[{"taxonomy":"product-category","embeddable":true,"href":"https:\/\/www.lidercare.com\/vi\/wp-json\/wp\/v2\/product-category?post=86799"}],"curies":[{"name":"wp","href":"https:\/\/api.w.org\/{rel}","templated":true}]}}