{"id":86632,"date":"2026-03-10T11:17:16","date_gmt":"2026-03-10T03:17:16","guid":{"rendered":"https:\/\/www.lidercare.com\/product\/kem-danh-rang-xylitol\/"},"modified":"2026-04-16T10:12:20","modified_gmt":"2026-04-16T02:12:20","slug":"kem-danh-rang-xylitol","status":"publish","type":"product","link":"https:\/\/www.lidercare.com\/vi\/s\u1ea3n-ph\u1ea9m\/kem-danh-rang-xylitol\/","title":{"rendered":"Kem \u0111\u00e1nh r\u0103ng Xylitol"},"featured_media":29259,"template":"","meta":{"_acf_changed":false},"product-category":[362],"class_list":["post-86632","product","type-product","status-publish","has-post-thumbnail","hentry","product-category-kem-danh-rang-trang-rang"],"acf":[],"_links":{"self":[{"href":"https:\/\/www.lidercare.com\/vi\/wp-json\/wp\/v2\/product\/86632","targetHints":{"allow":["GET"]}}],"collection":[{"href":"https:\/\/www.lidercare.com\/vi\/wp-json\/wp\/v2\/product"}],"about":[{"href":"https:\/\/www.lidercare.com\/vi\/wp-json\/wp\/v2\/types\/product"}],"wp:featuredmedia":[{"embeddable":true,"href":"https:\/\/www.lidercare.com\/vi\/wp-json\/wp\/v2\/media\/29259"}],"wp:attachment":[{"href":"https:\/\/www.lidercare.com\/vi\/wp-json\/wp\/v2\/media?parent=86632"}],"wp:term":[{"taxonomy":"product-category","embeddable":true,"href":"https:\/\/www.lidercare.com\/vi\/wp-json\/wp\/v2\/product-category?post=86632"}],"curies":[{"name":"wp","href":"https:\/\/api.w.org\/{rel}","templated":true}]}}