{"id":86593,"date":"2026-03-10T11:11:25","date_gmt":"2026-03-10T03:11:25","guid":{"rendered":"https:\/\/www.lidercare.com\/product\/kem-danh-rang-tay-vet-ban\/"},"modified":"2026-04-16T09:42:35","modified_gmt":"2026-04-16T01:42:35","slug":"kem-danh-rang-tay-vet-ban","status":"publish","type":"product","link":"https:\/\/www.lidercare.com\/vi\/s\u1ea3n-ph\u1ea9m\/kem-danh-rang-tay-vet-ban\/","title":{"rendered":"Kem \u0111\u00e1nh r\u0103ng t\u1ea9y v\u1ebft b\u1ea9n"},"featured_media":29910,"template":"","meta":{"_acf_changed":false},"product-category":[362],"class_list":["post-86593","product","type-product","status-publish","has-post-thumbnail","hentry","product-category-kem-danh-rang-trang-rang"],"acf":[],"_links":{"self":[{"href":"https:\/\/www.lidercare.com\/vi\/wp-json\/wp\/v2\/product\/86593","targetHints":{"allow":["GET"]}}],"collection":[{"href":"https:\/\/www.lidercare.com\/vi\/wp-json\/wp\/v2\/product"}],"about":[{"href":"https:\/\/www.lidercare.com\/vi\/wp-json\/wp\/v2\/types\/product"}],"wp:featuredmedia":[{"embeddable":true,"href":"https:\/\/www.lidercare.com\/vi\/wp-json\/wp\/v2\/media\/29910"}],"wp:attachment":[{"href":"https:\/\/www.lidercare.com\/vi\/wp-json\/wp\/v2\/media?parent=86593"}],"wp:term":[{"taxonomy":"product-category","embeddable":true,"href":"https:\/\/www.lidercare.com\/vi\/wp-json\/wp\/v2\/product-category?post=86593"}],"curies":[{"name":"wp","href":"https:\/\/api.w.org\/{rel}","templated":true}]}}