{"id":86553,"date":"2026-03-10T11:08:45","date_gmt":"2026-03-10T03:08:45","guid":{"rendered":"https:\/\/www.lidercare.com\/product\/kem-danh-rang-lam-trang-da-probiotic\/"},"modified":"2026-04-16T11:30:27","modified_gmt":"2026-04-16T03:30:27","slug":"kem-danh-rang-lam-trang-da-probiotic","status":"publish","type":"product","link":"https:\/\/www.lidercare.com\/vi\/s\u1ea3n-ph\u1ea9m\/kem-danh-rang-lam-trang-da-probiotic\/","title":{"rendered":"Kem \u0111\u00e1nh r\u0103ng l\u00e0m tr\u1eafng da Probiotic"},"featured_media":28995,"template":"","meta":{"_acf_changed":false},"product-category":[362],"class_list":["post-86553","product","type-product","status-publish","has-post-thumbnail","hentry","product-category-kem-danh-rang-trang-rang"],"acf":[],"_links":{"self":[{"href":"https:\/\/www.lidercare.com\/vi\/wp-json\/wp\/v2\/product\/86553","targetHints":{"allow":["GET"]}}],"collection":[{"href":"https:\/\/www.lidercare.com\/vi\/wp-json\/wp\/v2\/product"}],"about":[{"href":"https:\/\/www.lidercare.com\/vi\/wp-json\/wp\/v2\/types\/product"}],"wp:featuredmedia":[{"embeddable":true,"href":"https:\/\/www.lidercare.com\/vi\/wp-json\/wp\/v2\/media\/28995"}],"wp:attachment":[{"href":"https:\/\/www.lidercare.com\/vi\/wp-json\/wp\/v2\/media?parent=86553"}],"wp:term":[{"taxonomy":"product-category","embeddable":true,"href":"https:\/\/www.lidercare.com\/vi\/wp-json\/wp\/v2\/product-category?post=86553"}],"curies":[{"name":"wp","href":"https:\/\/api.w.org\/{rel}","templated":true}]}}