{"id":86524,"date":"2026-03-10T11:06:17","date_gmt":"2026-03-10T03:06:17","guid":{"rendered":"https:\/\/www.lidercare.com\/product\/kem-danh-rang-neem-huu-co\/"},"modified":"2026-04-16T09:42:34","modified_gmt":"2026-04-16T01:42:34","slug":"kem-danh-rang-neem-huu-co","status":"publish","type":"product","link":"https:\/\/www.lidercare.com\/vi\/s\u1ea3n-ph\u1ea9m\/kem-danh-rang-neem-huu-co\/","title":{"rendered":"Kem \u0111\u00e1nh r\u0103ng Neem h\u1eefu c\u01a1"},"featured_media":29796,"template":"","meta":{"_acf_changed":false},"product-category":[362],"class_list":["post-86524","product","type-product","status-publish","has-post-thumbnail","hentry","product-category-kem-danh-rang-trang-rang"],"acf":[],"_links":{"self":[{"href":"https:\/\/www.lidercare.com\/vi\/wp-json\/wp\/v2\/product\/86524","targetHints":{"allow":["GET"]}}],"collection":[{"href":"https:\/\/www.lidercare.com\/vi\/wp-json\/wp\/v2\/product"}],"about":[{"href":"https:\/\/www.lidercare.com\/vi\/wp-json\/wp\/v2\/types\/product"}],"wp:featuredmedia":[{"embeddable":true,"href":"https:\/\/www.lidercare.com\/vi\/wp-json\/wp\/v2\/media\/29796"}],"wp:attachment":[{"href":"https:\/\/www.lidercare.com\/vi\/wp-json\/wp\/v2\/media?parent=86524"}],"wp:term":[{"taxonomy":"product-category","embeddable":true,"href":"https:\/\/www.lidercare.com\/vi\/wp-json\/wp\/v2\/product-category?post=86524"}],"curies":[{"name":"wp","href":"https:\/\/api.w.org\/{rel}","templated":true}]}}