{"id":86499,"date":"2026-03-10T11:04:01","date_gmt":"2026-03-10T03:04:01","guid":{"rendered":"https:\/\/www.lidercare.com\/product\/bo-kem-danh-rang-da-dung\/"},"modified":"2026-04-16T10:12:17","modified_gmt":"2026-04-16T02:12:17","slug":"bo-kem-danh-rang-da-dung","status":"publish","type":"product","link":"https:\/\/www.lidercare.com\/vi\/s\u1ea3n-ph\u1ea9m\/bo-kem-danh-rang-da-dung\/","title":{"rendered":"B\u1ed9 kem \u0111\u00e1nh r\u0103ng \u0111a d\u1ee5ng"},"featured_media":30079,"template":"","meta":{"_acf_changed":false},"product-category":[362],"class_list":["post-86499","product","type-product","status-publish","has-post-thumbnail","hentry","product-category-kem-danh-rang-trang-rang"],"acf":[],"_links":{"self":[{"href":"https:\/\/www.lidercare.com\/vi\/wp-json\/wp\/v2\/product\/86499","targetHints":{"allow":["GET"]}}],"collection":[{"href":"https:\/\/www.lidercare.com\/vi\/wp-json\/wp\/v2\/product"}],"about":[{"href":"https:\/\/www.lidercare.com\/vi\/wp-json\/wp\/v2\/types\/product"}],"wp:featuredmedia":[{"embeddable":true,"href":"https:\/\/www.lidercare.com\/vi\/wp-json\/wp\/v2\/media\/30079"}],"wp:attachment":[{"href":"https:\/\/www.lidercare.com\/vi\/wp-json\/wp\/v2\/media?parent=86499"}],"wp:term":[{"taxonomy":"product-category","embeddable":true,"href":"https:\/\/www.lidercare.com\/vi\/wp-json\/wp\/v2\/product-category?post=86499"}],"curies":[{"name":"wp","href":"https:\/\/api.w.org\/{rel}","templated":true}]}}