{"id":86401,"date":"2026-03-10T10:55:59","date_gmt":"2026-03-10T02:55:59","guid":{"rendered":"https:\/\/www.lidercare.com\/product\/kem-danh-rang-tre-em-fluoride\/"},"modified":"2026-04-16T09:42:45","modified_gmt":"2026-04-16T01:42:45","slug":"kem-danh-rang-tre-em-fluoride","status":"publish","type":"product","link":"https:\/\/www.lidercare.com\/vi\/s\u1ea3n-ph\u1ea9m\/kem-danh-rang-tre-em-fluoride\/","title":{"rendered":"Kem \u0111\u00e1nh r\u0103ng tr\u1ebb em Fluoride"},"featured_media":29461,"template":"","meta":{"_acf_changed":false},"product-category":[362],"class_list":["post-86401","product","type-product","status-publish","has-post-thumbnail","hentry","product-category-kem-danh-rang-trang-rang"],"acf":[],"_links":{"self":[{"href":"https:\/\/www.lidercare.com\/vi\/wp-json\/wp\/v2\/product\/86401","targetHints":{"allow":["GET"]}}],"collection":[{"href":"https:\/\/www.lidercare.com\/vi\/wp-json\/wp\/v2\/product"}],"about":[{"href":"https:\/\/www.lidercare.com\/vi\/wp-json\/wp\/v2\/types\/product"}],"wp:featuredmedia":[{"embeddable":true,"href":"https:\/\/www.lidercare.com\/vi\/wp-json\/wp\/v2\/media\/29461"}],"wp:attachment":[{"href":"https:\/\/www.lidercare.com\/vi\/wp-json\/wp\/v2\/media?parent=86401"}],"wp:term":[{"taxonomy":"product-category","embeddable":true,"href":"https:\/\/www.lidercare.com\/vi\/wp-json\/wp\/v2\/product-category?post=86401"}],"curies":[{"name":"wp","href":"https:\/\/api.w.org\/{rel}","templated":true}]}}