{"id":86277,"date":"2026-03-10T10:43:21","date_gmt":"2026-03-10T02:43:21","guid":{"rendered":"https:\/\/www.lidercare.com\/product\/kem-danh-rang-than-hoat-tinh\/"},"modified":"2026-04-16T09:37:11","modified_gmt":"2026-04-16T01:37:11","slug":"kem-danh-rang-than-hoat-tinh","status":"publish","type":"product","link":"https:\/\/www.lidercare.com\/vi\/s\u1ea3n-ph\u1ea9m\/kem-danh-rang-than-hoat-tinh\/","title":{"rendered":"Kem \u0111\u00e1nh r\u0103ng than ho\u1ea1t t\u00ednh"},"featured_media":30718,"template":"","meta":{"_acf_changed":false},"product-category":[362],"class_list":["post-86277","product","type-product","status-publish","has-post-thumbnail","hentry","product-category-kem-danh-rang-trang-rang"],"acf":[],"_links":{"self":[{"href":"https:\/\/www.lidercare.com\/vi\/wp-json\/wp\/v2\/product\/86277","targetHints":{"allow":["GET"]}}],"collection":[{"href":"https:\/\/www.lidercare.com\/vi\/wp-json\/wp\/v2\/product"}],"about":[{"href":"https:\/\/www.lidercare.com\/vi\/wp-json\/wp\/v2\/types\/product"}],"wp:featuredmedia":[{"embeddable":true,"href":"https:\/\/www.lidercare.com\/vi\/wp-json\/wp\/v2\/media\/30718"}],"wp:attachment":[{"href":"https:\/\/www.lidercare.com\/vi\/wp-json\/wp\/v2\/media?parent=86277"}],"wp:term":[{"taxonomy":"product-category","embeddable":true,"href":"https:\/\/www.lidercare.com\/vi\/wp-json\/wp\/v2\/product-category?post=86277"}],"curies":[{"name":"wp","href":"https:\/\/api.w.org\/{rel}","templated":true}]}}