{"id":86268,"date":"2026-03-10T10:42:12","date_gmt":"2026-03-10T02:42:12","guid":{"rendered":"https:\/\/www.lidercare.com\/product\/kem-danh-rang-lam-trang-3d\/"},"modified":"2026-04-16T09:36:56","modified_gmt":"2026-04-16T01:36:56","slug":"kem-danh-rang-lam-trang-3d","status":"publish","type":"product","link":"https:\/\/www.lidercare.com\/vi\/s\u1ea3n-ph\u1ea9m\/kem-danh-rang-lam-trang-3d\/","title":{"rendered":"Kem \u0111\u00e1nh r\u0103ng l\u00e0m tr\u1eafng 3D"},"featured_media":30822,"template":"","meta":{"_acf_changed":false},"product-category":[362],"class_list":["post-86268","product","type-product","status-publish","has-post-thumbnail","hentry","product-category-kem-danh-rang-trang-rang"],"acf":[],"_links":{"self":[{"href":"https:\/\/www.lidercare.com\/vi\/wp-json\/wp\/v2\/product\/86268","targetHints":{"allow":["GET"]}}],"collection":[{"href":"https:\/\/www.lidercare.com\/vi\/wp-json\/wp\/v2\/product"}],"about":[{"href":"https:\/\/www.lidercare.com\/vi\/wp-json\/wp\/v2\/types\/product"}],"wp:featuredmedia":[{"embeddable":true,"href":"https:\/\/www.lidercare.com\/vi\/wp-json\/wp\/v2\/media\/30822"}],"wp:attachment":[{"href":"https:\/\/www.lidercare.com\/vi\/wp-json\/wp\/v2\/media?parent=86268"}],"wp:term":[{"taxonomy":"product-category","embeddable":true,"href":"https:\/\/www.lidercare.com\/vi\/wp-json\/wp\/v2\/product-category?post=86268"}],"curies":[{"name":"wp","href":"https:\/\/api.w.org\/{rel}","templated":true}]}}