{"id":86246,"date":"2026-03-10T10:21:46","date_gmt":"2026-03-10T02:21:46","guid":{"rendered":"https:\/\/www.lidercare.com\/product\/kem-danh-rang-bamboo-charcoal\/"},"modified":"2026-04-16T09:36:03","modified_gmt":"2026-04-16T01:36:03","slug":"kem-danh-rang-bamboo-charcoal","status":"publish","type":"product","link":"https:\/\/www.lidercare.com\/vi\/s\u1ea3n-ph\u1ea9m\/kem-danh-rang-bamboo-charcoal\/","title":{"rendered":"Kem \u0111\u00e1nh r\u0103ng Bamboo Charcoal"},"featured_media":34914,"template":"","meta":{"_acf_changed":false},"product-category":[362],"class_list":["post-86246","product","type-product","status-publish","has-post-thumbnail","hentry","product-category-kem-danh-rang-trang-rang"],"acf":[],"_links":{"self":[{"href":"https:\/\/www.lidercare.com\/vi\/wp-json\/wp\/v2\/product\/86246","targetHints":{"allow":["GET"]}}],"collection":[{"href":"https:\/\/www.lidercare.com\/vi\/wp-json\/wp\/v2\/product"}],"about":[{"href":"https:\/\/www.lidercare.com\/vi\/wp-json\/wp\/v2\/types\/product"}],"wp:featuredmedia":[{"embeddable":true,"href":"https:\/\/www.lidercare.com\/vi\/wp-json\/wp\/v2\/media\/34914"}],"wp:attachment":[{"href":"https:\/\/www.lidercare.com\/vi\/wp-json\/wp\/v2\/media?parent=86246"}],"wp:term":[{"taxonomy":"product-category","embeddable":true,"href":"https:\/\/www.lidercare.com\/vi\/wp-json\/wp\/v2\/product-category?post=86246"}],"curies":[{"name":"wp","href":"https:\/\/api.w.org\/{rel}","templated":true}]}}