{"id":86077,"date":"2026-03-09T17:16:40","date_gmt":"2026-03-09T09:16:40","guid":{"rendered":"https:\/\/www.lidercare.com\/product\/bom-kem-danh-rang-fluoride\/"},"modified":"2026-04-16T09:36:51","modified_gmt":"2026-04-16T01:36:51","slug":"bom-kem-danh-rang-fluoride","status":"publish","type":"product","link":"https:\/\/www.lidercare.com\/vi\/s\u1ea3n-ph\u1ea9m\/bom-kem-danh-rang-fluoride\/","title":{"rendered":"B\u01a1m kem \u0111\u00e1nh r\u0103ng Fluoride"},"featured_media":29558,"template":"","meta":{"_acf_changed":false},"product-category":[362],"class_list":["post-86077","product","type-product","status-publish","has-post-thumbnail","hentry","product-category-kem-danh-rang-trang-rang"],"acf":[],"_links":{"self":[{"href":"https:\/\/www.lidercare.com\/vi\/wp-json\/wp\/v2\/product\/86077","targetHints":{"allow":["GET"]}}],"collection":[{"href":"https:\/\/www.lidercare.com\/vi\/wp-json\/wp\/v2\/product"}],"about":[{"href":"https:\/\/www.lidercare.com\/vi\/wp-json\/wp\/v2\/types\/product"}],"wp:featuredmedia":[{"embeddable":true,"href":"https:\/\/www.lidercare.com\/vi\/wp-json\/wp\/v2\/media\/29558"}],"wp:attachment":[{"href":"https:\/\/www.lidercare.com\/vi\/wp-json\/wp\/v2\/media?parent=86077"}],"wp:term":[{"taxonomy":"product-category","embeddable":true,"href":"https:\/\/www.lidercare.com\/vi\/wp-json\/wp\/v2\/product-category?post=86077"}],"curies":[{"name":"wp","href":"https:\/\/api.w.org\/{rel}","templated":true}]}}