{"id":86065,"date":"2026-03-09T17:15:44","date_gmt":"2026-03-09T09:15:44","guid":{"rendered":"https:\/\/www.lidercare.com\/product\/kem-danh-rang-triple-action\/"},"modified":"2026-04-16T09:36:50","modified_gmt":"2026-04-16T01:36:50","slug":"kem-danh-rang-triple-action","status":"publish","type":"product","link":"https:\/\/www.lidercare.com\/vi\/s\u1ea3n-ph\u1ea9m\/kem-danh-rang-triple-action\/","title":{"rendered":"Kem \u0111\u00e1nh r\u0103ng Triple Action"},"featured_media":33310,"template":"","meta":{"_acf_changed":false},"product-category":[362],"class_list":["post-86065","product","type-product","status-publish","has-post-thumbnail","hentry","product-category-kem-danh-rang-trang-rang"],"acf":[],"_links":{"self":[{"href":"https:\/\/www.lidercare.com\/vi\/wp-json\/wp\/v2\/product\/86065","targetHints":{"allow":["GET"]}}],"collection":[{"href":"https:\/\/www.lidercare.com\/vi\/wp-json\/wp\/v2\/product"}],"about":[{"href":"https:\/\/www.lidercare.com\/vi\/wp-json\/wp\/v2\/types\/product"}],"wp:featuredmedia":[{"embeddable":true,"href":"https:\/\/www.lidercare.com\/vi\/wp-json\/wp\/v2\/media\/33310"}],"wp:attachment":[{"href":"https:\/\/www.lidercare.com\/vi\/wp-json\/wp\/v2\/media?parent=86065"}],"wp:term":[{"taxonomy":"product-category","embeddable":true,"href":"https:\/\/www.lidercare.com\/vi\/wp-json\/wp\/v2\/product-category?post=86065"}],"curies":[{"name":"wp","href":"https:\/\/api.w.org\/{rel}","templated":true}]}}