{"id":85931,"date":"2026-03-09T16:50:41","date_gmt":"2026-03-09T08:50:41","guid":{"rendered":"https:\/\/www.lidercare.com\/product\/kem-danh-rang-than-clear-white\/"},"modified":"2026-04-16T09:36:43","modified_gmt":"2026-04-16T01:36:43","slug":"kem-danh-rang-than-clear-white","status":"publish","type":"product","link":"https:\/\/www.lidercare.com\/vi\/s\u1ea3n-ph\u1ea9m\/kem-danh-rang-than-clear-white\/","title":{"rendered":"Kem \u0111\u00e1nh r\u0103ng than CLEAR WHITE"},"featured_media":85971,"template":"","meta":{"_acf_changed":false},"product-category":[362],"class_list":["post-85931","product","type-product","status-publish","has-post-thumbnail","hentry","product-category-kem-danh-rang-trang-rang"],"acf":[],"_links":{"self":[{"href":"https:\/\/www.lidercare.com\/vi\/wp-json\/wp\/v2\/product\/85931","targetHints":{"allow":["GET"]}}],"collection":[{"href":"https:\/\/www.lidercare.com\/vi\/wp-json\/wp\/v2\/product"}],"about":[{"href":"https:\/\/www.lidercare.com\/vi\/wp-json\/wp\/v2\/types\/product"}],"wp:featuredmedia":[{"embeddable":true,"href":"https:\/\/www.lidercare.com\/vi\/wp-json\/wp\/v2\/media\/85971"}],"wp:attachment":[{"href":"https:\/\/www.lidercare.com\/vi\/wp-json\/wp\/v2\/media?parent=85931"}],"wp:term":[{"taxonomy":"product-category","embeddable":true,"href":"https:\/\/www.lidercare.com\/vi\/wp-json\/wp\/v2\/product-category?post=85931"}],"curies":[{"name":"wp","href":"https:\/\/api.w.org\/{rel}","templated":true}]}}