{"id":85920,"date":"2026-03-09T16:49:27","date_gmt":"2026-03-09T08:49:27","guid":{"rendered":"https:\/\/www.lidercare.com\/product\/kem-danh-rang-maxfresh\/"},"modified":"2026-04-16T09:36:41","modified_gmt":"2026-04-16T01:36:41","slug":"kem-danh-rang-maxfresh","status":"publish","type":"product","link":"https:\/\/www.lidercare.com\/vi\/s\u1ea3n-ph\u1ea9m\/kem-danh-rang-maxfresh\/","title":{"rendered":"Kem \u0111\u00e1nh r\u0103ng MaxFresh"},"featured_media":54028,"template":"","meta":{"_acf_changed":false},"product-category":[362],"class_list":["post-85920","product","type-product","status-publish","has-post-thumbnail","hentry","product-category-kem-danh-rang-trang-rang"],"acf":[],"_links":{"self":[{"href":"https:\/\/www.lidercare.com\/vi\/wp-json\/wp\/v2\/product\/85920","targetHints":{"allow":["GET"]}}],"collection":[{"href":"https:\/\/www.lidercare.com\/vi\/wp-json\/wp\/v2\/product"}],"about":[{"href":"https:\/\/www.lidercare.com\/vi\/wp-json\/wp\/v2\/types\/product"}],"wp:featuredmedia":[{"embeddable":true,"href":"https:\/\/www.lidercare.com\/vi\/wp-json\/wp\/v2\/media\/54028"}],"wp:attachment":[{"href":"https:\/\/www.lidercare.com\/vi\/wp-json\/wp\/v2\/media?parent=85920"}],"wp:term":[{"taxonomy":"product-category","embeddable":true,"href":"https:\/\/www.lidercare.com\/vi\/wp-json\/wp\/v2\/product-category?post=85920"}],"curies":[{"name":"wp","href":"https:\/\/api.w.org\/{rel}","templated":true}]}}