{"id":108220,"date":"2026-04-21T09:25:17","date_gmt":"2026-04-21T01:25:17","guid":{"rendered":"https:\/\/www.lidercare.com\/product\/kem-danh-rang-ong-nhom\/"},"modified":"2026-04-21T09:25:17","modified_gmt":"2026-04-21T01:25:17","slug":"kem-danh-rang-ong-nhom","status":"publish","type":"product","link":"https:\/\/www.lidercare.com\/vi\/s\u1ea3n-ph\u1ea9m\/kem-danh-rang-ong-nhom\/","title":{"rendered":"Kem \u0111\u00e1nh r\u0103ng \u1ed1ng nh\u00f4m"},"featured_media":108222,"template":"","meta":{"_acf_changed":false},"product-category":[362],"class_list":["post-108220","product","type-product","status-publish","has-post-thumbnail","hentry","product-category-kem-danh-rang-trang-rang"],"acf":[],"_links":{"self":[{"href":"https:\/\/www.lidercare.com\/vi\/wp-json\/wp\/v2\/product\/108220","targetHints":{"allow":["GET"]}}],"collection":[{"href":"https:\/\/www.lidercare.com\/vi\/wp-json\/wp\/v2\/product"}],"about":[{"href":"https:\/\/www.lidercare.com\/vi\/wp-json\/wp\/v2\/types\/product"}],"wp:featuredmedia":[{"embeddable":true,"href":"https:\/\/www.lidercare.com\/vi\/wp-json\/wp\/v2\/media\/108222"}],"wp:attachment":[{"href":"https:\/\/www.lidercare.com\/vi\/wp-json\/wp\/v2\/media?parent=108220"}],"wp:term":[{"taxonomy":"product-category","embeddable":true,"href":"https:\/\/www.lidercare.com\/vi\/wp-json\/wp\/v2\/product-category?post=108220"}],"curies":[{"name":"wp","href":"https:\/\/api.w.org\/{rel}","templated":true}]}}