{"id":35766,"date":"2023-06-15T16:53:59","date_gmt":"2023-06-15T08:53:59","guid":{"rendered":"https:\/\/www.lidercare.com\/tai-sao-chon-lidercare\/"},"modified":"2026-03-31T18:08:37","modified_gmt":"2026-03-31T10:08:37","slug":"tai-sao-chon-lidercare","status":"publish","type":"page","link":"https:\/\/www.lidercare.com\/vi\/tai-sao-chon-lidercare\/","title":{"rendered":"T\u1ea1i sao ch\u1ecdn Lidercare"},"content":{"rendered":"\t\t<div data-elementor-type=\"wp-page\" data-elementor-id=\"35766\" class=\"elementor elementor-35766 elementor-53\" data-elementor-post-type=\"page\">\n\t\t\t\t<div class=\"elementor-element elementor-element-781608dc e-flex e-con-boxed e-con e-parent\" data-id=\"781608dc\" data-element_type=\"container\" data-e-type=\"container\" data-settings=\"{&quot;background_background&quot;:&quot;gradient&quot;}\">\n\t\t\t\t\t<div class=\"e-con-inner\">\n\t\t\t\t<div class=\"elementor-element elementor-element-4e468a92 elementor-widget elementor-widget-heading\" data-id=\"4e468a92\" data-element_type=\"widget\" data-e-type=\"widget\" data-widget_type=\"heading.default\">\n\t\t\t\t<div class=\"elementor-widget-container\">\n\t\t\t\t\t<h1 class=\"elementor-heading-title elementor-size-default\">Nh\u00e0 m\u00e1y \u0111\u01b0\u1ee3c ch\u1ee9ng nh\u1eadn ISO &amp; GMP<\/h1>\t\t\t\t<\/div>\n\t\t\t\t<\/div>\n\t\t\t\t<div class=\"elementor-element elementor-element-58eb543 elementor-widget elementor-widget-text-editor\" data-id=\"58eb543\" data-element_type=\"widget\" data-e-type=\"widget\" data-widget_type=\"text-editor.default\">\n\t\t\t\t<div class=\"elementor-widget-container\">\n\t\t\t\t\t\t\t\t\t<p>Gi\u1ea3m chi ph\u00ed, t\u0103ng t\u1ed1c \u0111\u1ed9 s\u1ea3n ph\u1ea9m c\u1ee7a b\u1ea1n ra th\u1ecb tr\u01b0\u1eddng v\u00e0 gi\u00fap b\u1ea1n \u0111\u1ea1t \u0111\u01b0\u1ee3c l\u1ee3i th\u1ebf c\u1ea1nh tranh.<\/p>\t\t\t\t\t\t\t\t<\/div>\n\t\t\t\t<\/div>\n\t\t\t\t<div class=\"elementor-element elementor-element-1f7c90a elementor-widget elementor-widget-breadcrumbs\" data-id=\"1f7c90a\" data-element_type=\"widget\" data-e-type=\"widget\" data-widget_type=\"breadcrumbs.default\">\n\t\t\t\t<div class=\"elementor-widget-container\">\n\t\t\t\t\t<nav><span class=\"last\">Trang ch\u1ee7<\/span><\/nav>\t\t\t\t<\/div>\n\t\t\t\t<\/div>\n\t\t\t\t\t<\/div>\n\t\t\t\t<\/div>\n\t\t<div class=\"elementor-element elementor-element-7b48be5 e-flex e-con-boxed e-con e-parent\" data-id=\"7b48be5\" data-element_type=\"container\" data-e-type=\"container\">\n\t\t\t\t\t<div class=\"e-con-inner\">\n\t\t\t\t<div class=\"elementor-element elementor-element-a8cf61b elementor-widget elementor-widget-heading\" data-id=\"a8cf61b\" data-element_type=\"widget\" data-e-type=\"widget\" data-widget_type=\"heading.default\">\n\t\t\t\t<div class=\"elementor-widget-container\">\n\t\t\t\t\t<h2 class=\"elementor-heading-title elementor-size-default\">Xem nhanh nh\u00e0 m\u00e1y c\u1ee7a ch\u00fang t\u00f4i<\/h2>\t\t\t\t<\/div>\n\t\t\t\t<\/div>\n\t\t<div class=\"elementor-element elementor-element-49d43b5 e-flex e-con-boxed e-con e-child\" data-id=\"49d43b5\" data-element_type=\"container\" data-e-type=\"container\">\n\t\t\t\t\t<div class=\"e-con-inner\">\n\t\t<div class=\"elementor-element elementor-element-6da5638 e-flex e-con-boxed e-con e-child\" data-id=\"6da5638\" data-element_type=\"container\" data-e-type=\"container\">\n\t\t\t\t\t<div class=\"e-con-inner\">\n\t\t\t\t<div class=\"elementor-element elementor-element-855eb5e elementor-widget elementor-widget-image\" data-id=\"855eb5e\" data-element_type=\"widget\" data-e-type=\"widget\" data-widget_type=\"image.default\">\n\t\t\t\t<div class=\"elementor-widget-container\">\n\t\t\t\t\t\t\t\t\t\t\t\t\t\t\t<img fetchpriority=\"high\" decoding=\"async\" width=\"768\" height=\"495\" src=\"https:\/\/www.lidercare.com\/wp-content\/uploads\/toothpaste-Mixing-Workshop-768x495-1.webp\" class=\"attachment-large size-large wp-image-35771\" alt=\"\" srcset=\"https:\/\/www.lidercare.com\/wp-content\/uploads\/toothpaste-Mixing-Workshop-768x495-1.webp 768w, https:\/\/www.lidercare.com\/wp-content\/uploads\/toothpaste-Mixing-Workshop-768x495-1-600x387.webp 600w\" sizes=\"(max-width: 768px) 100vw, 768px\">\t\t\t\t\t\t\t\t\t\t\t\t\t\t\t<\/div>\n\t\t\t\t<\/div>\n\t\t\t\t<div class=\"elementor-element elementor-element-dcc335c elementor-widget elementor-widget-heading\" data-id=\"dcc335c\" data-element_type=\"widget\" data-e-type=\"widget\" data-widget_type=\"heading.default\">\n\t\t\t\t<div class=\"elementor-widget-container\">\n\t\t\t\t\t<h3 class=\"elementor-heading-title elementor-size-default\">X\u01b0\u1edfng tr\u1ed9n<\/h3>\t\t\t\t<\/div>\n\t\t\t\t<\/div>\n\t\t\t\t\t<\/div>\n\t\t\t\t<\/div>\n\t\t<div class=\"elementor-element elementor-element-eeaf1cd e-flex e-con-boxed e-con e-child\" data-id=\"eeaf1cd\" data-element_type=\"container\" data-e-type=\"container\">\n\t\t\t\t\t<div class=\"e-con-inner\">\n\t\t\t\t<div class=\"elementor-element elementor-element-4522ec5 elementor-widget elementor-widget-image\" data-id=\"4522ec5\" data-element_type=\"widget\" data-e-type=\"widget\" data-widget_type=\"image.default\">\n\t\t\t\t<div class=\"elementor-widget-container\">\n\t\t\t\t\t\t\t\t\t\t\t\t\t\t\t<img decoding=\"async\" width=\"768\" height=\"495\" src=\"https:\/\/www.lidercare.com\/wp-content\/uploads\/Active-Ingredient-Addition-Workshop-768x495-1.webp\" class=\"attachment-large size-large wp-image-35767\" alt=\"\" srcset=\"https:\/\/www.lidercare.com\/wp-content\/uploads\/Active-Ingredient-Addition-Workshop-768x495-1.webp 768w, https:\/\/www.lidercare.com\/wp-content\/uploads\/Active-Ingredient-Addition-Workshop-768x495-1-600x387.webp 600w\" sizes=\"(max-width: 768px) 100vw, 768px\">\t\t\t\t\t\t\t\t\t\t\t\t\t\t\t<\/div>\n\t\t\t\t<\/div>\n\t\t\t\t<div class=\"elementor-element elementor-element-edf5708 elementor-widget elementor-widget-heading\" data-id=\"edf5708\" data-element_type=\"widget\" data-e-type=\"widget\" data-widget_type=\"heading.default\">\n\t\t\t\t<div class=\"elementor-widget-container\">\n\t\t\t\t\t<h3 class=\"elementor-heading-title elementor-size-default\">H\u1ed9i th\u1ea3o b\u1ed5 sung ho\u1ea1t ch\u1ea5t<\/h3>\t\t\t\t<\/div>\n\t\t\t\t<\/div>\n\t\t\t\t\t<\/div>\n\t\t\t\t<\/div>\n\t\t<div class=\"elementor-element elementor-element-30f9ee1 e-flex e-con-boxed e-con e-child\" data-id=\"30f9ee1\" data-element_type=\"container\" data-e-type=\"container\">\n\t\t\t\t\t<div class=\"e-con-inner\">\n\t\t\t\t<div class=\"elementor-element elementor-element-250a946 elementor-widget elementor-widget-image\" data-id=\"250a946\" data-element_type=\"widget\" data-e-type=\"widget\" data-widget_type=\"image.default\">\n\t\t\t\t<div class=\"elementor-widget-container\">\n\t\t\t\t\t\t\t\t\t\t\t\t\t\t\t<img decoding=\"async\" width=\"768\" height=\"495\" src=\"https:\/\/www.lidercare.com\/wp-content\/uploads\/Flavoring-and-Coloring-Workshop-768x495-1.webp\" class=\"attachment-large size-large wp-image-35769\" alt=\"\" srcset=\"https:\/\/www.lidercare.com\/wp-content\/uploads\/Flavoring-and-Coloring-Workshop-768x495-1.webp 768w, https:\/\/www.lidercare.com\/wp-content\/uploads\/Flavoring-and-Coloring-Workshop-768x495-1-600x387.webp 600w\" sizes=\"(max-width: 768px) 100vw, 768px\">\t\t\t\t\t\t\t\t\t\t\t\t\t\t\t<\/div>\n\t\t\t\t<\/div>\n\t\t\t\t<div class=\"elementor-element elementor-element-446118a elementor-widget elementor-widget-heading\" data-id=\"446118a\" data-element_type=\"widget\" data-e-type=\"widget\" data-widget_type=\"heading.default\">\n\t\t\t\t<div class=\"elementor-widget-container\">\n\t\t\t\t\t<h3 class=\"elementor-heading-title elementor-size-default\">H\u1ed9i th\u1ea3o h\u01b0\u01a1ng li\u1ec7u v\u00e0 t\u00f4 m\u00e0u<\/h3>\t\t\t\t<\/div>\n\t\t\t\t<\/div>\n\t\t\t\t\t<\/div>\n\t\t\t\t<\/div>\n\t\t\t\t\t<\/div>\n\t\t\t\t<\/div>\n\t\t<div class=\"elementor-element elementor-element-6a30bd3 e-flex e-con-boxed e-con e-child\" data-id=\"6a30bd3\" data-element_type=\"container\" data-e-type=\"container\">\n\t\t\t\t\t<div class=\"e-con-inner\">\n\t\t<div class=\"elementor-element elementor-element-4b56f25 e-flex e-con-boxed e-con e-child\" data-id=\"4b56f25\" data-element_type=\"container\" data-e-type=\"container\">\n\t\t\t\t\t<div class=\"e-con-inner\">\n\t\t\t\t<div class=\"elementor-element elementor-element-ce705dd elementor-widget elementor-widget-image\" data-id=\"ce705dd\" data-element_type=\"widget\" data-e-type=\"widget\" data-widget_type=\"image.default\">\n\t\t\t\t<div class=\"elementor-widget-container\">\n\t\t\t\t\t\t\t\t\t\t\t\t\t\t\t<img loading=\"lazy\" decoding=\"async\" width=\"768\" height=\"495\" src=\"https:\/\/www.lidercare.com\/wp-content\/uploads\/Filling-and-Packaging-Workshop-768x495-1.webp\" class=\"attachment-large size-large wp-image-35768\" alt=\"\" srcset=\"https:\/\/www.lidercare.com\/wp-content\/uploads\/Filling-and-Packaging-Workshop-768x495-1.webp 768w, https:\/\/www.lidercare.com\/wp-content\/uploads\/Filling-and-Packaging-Workshop-768x495-1-600x387.webp 600w\" sizes=\"(max-width: 768px) 100vw, 768px\">\t\t\t\t\t\t\t\t\t\t\t\t\t\t\t<\/div>\n\t\t\t\t<\/div>\n\t\t\t\t<div class=\"elementor-element elementor-element-ba929a7 elementor-widget elementor-widget-heading\" data-id=\"ba929a7\" data-element_type=\"widget\" data-e-type=\"widget\" data-widget_type=\"heading.default\">\n\t\t\t\t<div class=\"elementor-widget-container\">\n\t\t\t\t\t<h3 class=\"elementor-heading-title elementor-size-default\">X\u01b0\u1edfng chi\u1ebft r\u00f3t v\u00e0 \u0111\u00f3ng g\u00f3i<\/h3>\t\t\t\t<\/div>\n\t\t\t\t<\/div>\n\t\t\t\t\t<\/div>\n\t\t\t\t<\/div>\n\t\t<div class=\"elementor-element elementor-element-5fb3245 e-flex e-con-boxed e-con e-child\" data-id=\"5fb3245\" data-element_type=\"container\" data-e-type=\"container\">\n\t\t\t\t\t<div class=\"e-con-inner\">\n\t\t\t\t<div class=\"elementor-element elementor-element-50da2d6 elementor-widget elementor-widget-image\" data-id=\"50da2d6\" data-element_type=\"widget\" data-e-type=\"widget\" data-widget_type=\"image.default\">\n\t\t\t\t<div class=\"elementor-widget-container\">\n\t\t\t\t\t\t\t\t\t\t\t\t\t\t\t<img loading=\"lazy\" decoding=\"async\" width=\"768\" height=\"495\" src=\"https:\/\/www.lidercare.com\/wp-content\/uploads\/Quality-Control-Workshop-768x495-1.webp\" class=\"attachment-large size-large wp-image-35770\" alt=\"\" srcset=\"https:\/\/www.lidercare.com\/wp-content\/uploads\/Quality-Control-Workshop-768x495-1.webp 768w, https:\/\/www.lidercare.com\/wp-content\/uploads\/Quality-Control-Workshop-768x495-1-600x387.webp 600w\" sizes=\"(max-width: 768px) 100vw, 768px\">\t\t\t\t\t\t\t\t\t\t\t\t\t\t\t<\/div>\n\t\t\t\t<\/div>\n\t\t\t\t<div class=\"elementor-element elementor-element-1d17942 elementor-widget elementor-widget-heading\" data-id=\"1d17942\" data-element_type=\"widget\" data-e-type=\"widget\" data-widget_type=\"heading.default\">\n\t\t\t\t<div class=\"elementor-widget-container\">\n\t\t\t\t\t<h3 class=\"elementor-heading-title elementor-size-default\">X\u01b0\u1edfng ki\u1ec3m so\u00e1t ch\u1ea5t l\u01b0\u1ee3ng<\/h3>\t\t\t\t<\/div>\n\t\t\t\t<\/div>\n\t\t\t\t\t<\/div>\n\t\t\t\t<\/div>\n\t\t<div class=\"elementor-element elementor-element-b6cdfdf e-flex e-con-boxed e-con e-child\" data-id=\"b6cdfdf\" data-element_type=\"container\" data-e-type=\"container\">\n\t\t\t\t\t<div class=\"e-con-inner\">\n\t\t\t\t<div class=\"elementor-element elementor-element-474effd elementor-widget elementor-widget-image\" data-id=\"474effd\" data-element_type=\"widget\" data-e-type=\"widget\" data-widget_type=\"image.default\">\n\t\t\t\t<div class=\"elementor-widget-container\">\n\t\t\t\t\t\t\t\t\t\t\t\t\t\t\t<img loading=\"lazy\" decoding=\"async\" width=\"768\" height=\"495\" src=\"https:\/\/www.lidercare.com\/wp-content\/uploads\/Warehouse-and-Logistics-Workshop-768x495-1.webp\" class=\"attachment-large size-large wp-image-35772\" alt=\"\" srcset=\"https:\/\/www.lidercare.com\/wp-content\/uploads\/Warehouse-and-Logistics-Workshop-768x495-1.webp 768w, https:\/\/www.lidercare.com\/wp-content\/uploads\/Warehouse-and-Logistics-Workshop-768x495-1-600x387.webp 600w\" sizes=\"(max-width: 768px) 100vw, 768px\">\t\t\t\t\t\t\t\t\t\t\t\t\t\t\t<\/div>\n\t\t\t\t<\/div>\n\t\t\t\t<div class=\"elementor-element elementor-element-52befb4 elementor-widget elementor-widget-heading\" data-id=\"52befb4\" data-element_type=\"widget\" data-e-type=\"widget\" data-widget_type=\"heading.default\">\n\t\t\t\t<div class=\"elementor-widget-container\">\n\t\t\t\t\t<h3 class=\"elementor-heading-title elementor-size-default\">X\u01b0\u1edfng kho b\u00e3i v\u00e0 h\u1eadu c\u1ea7n<\/h3>\t\t\t\t<\/div>\n\t\t\t\t<\/div>\n\t\t\t\t\t<\/div>\n\t\t\t\t<\/div>\n\t\t\t\t\t<\/div>\n\t\t\t\t<\/div>\n\t\t\t\t\t<\/div>\n\t\t\t\t<\/div>\n\t\t<div class=\"elementor-element elementor-element-7fc4994 e-flex e-con-boxed e-con e-parent\" data-id=\"7fc4994\" data-element_type=\"container\" data-e-type=\"container\" data-settings=\"{&quot;background_background&quot;:&quot;classic&quot;}\">\n\t\t\t\t\t<div class=\"e-con-inner\">\n\t\t<div class=\"elementor-element elementor-element-48376c7 e-flex e-con-boxed e-con e-child\" data-id=\"48376c7\" data-element_type=\"container\" data-e-type=\"container\">\n\t\t\t\t\t<div class=\"e-con-inner\">\n\t\t\t\t<div class=\"elementor-element elementor-element-8fed564 elementor-widget elementor-widget-heading\" data-id=\"8fed564\" data-element_type=\"widget\" data-e-type=\"widget\" data-widget_type=\"heading.default\">\n\t\t\t\t<div class=\"elementor-widget-container\">\n\t\t\t\t\t<h2 class=\"elementor-heading-title elementor-size-default\">\u25c9 G\u1eb7p g\u1ee1 nh\u00e0 m\u00e1y c\u1ee7a ch\u00fang t\u00f4i qua video<\/h2>\t\t\t\t<\/div>\n\t\t\t\t<\/div>\n\t\t\t\t<div class=\"elementor-element elementor-element-b7f0dd3 elementor-widget elementor-widget-text-editor\" data-id=\"b7f0dd3\" data-element_type=\"widget\" data-e-type=\"widget\" data-widget_type=\"text-editor.default\">\n\t\t\t\t<div class=\"elementor-widget-container\">\n\t\t\t\t\t\t\t\t\t<p>Lidercare c\u00f3 c\u01a1 s\u1edf v\u1eadt ch\u1ea5t v\u1edbi c\u00f4ng ngh\u1ec7 ti\u00ean ti\u1ebfn nh\u1ea5t t\u1ea1i Trung Qu\u1ed1c v\u1edbi n\u0103ng l\u1ef1c s\u1ea3n xu\u1ea5t khi\u1ebfn ch\u00fang t\u00f4i tr\u1edf th\u00e0nh m\u1ed9t trong nh\u1eefng <a href=\"https:\/\/www.lidercare.com\/product-category\/whitening-toothpaste\/\">nh\u00e0 s\u1ea3n xu\u1ea5t kem \u0111\u00e1nh r\u0103ng h\u00e0ng \u0111\u1ea7u<\/a>. C\u01a1 s\u1edf v\u1eadt ch\u1ea5t c\u1ee7a ch\u00fang t\u00f4i c\u00f3 v\u1ecb tr\u00ed chi\u1ebfn l\u01b0\u1ee3c \u0111\u1ec3 cung c\u1ea5p d\u1ecbch v\u1ee5 tuy\u1ec7t v\u1eddi cho kh\u00e1ch h\u00e0ng b\u1eb1ng \u0111\u01b0\u1eddng bi\u1ec3n v\u00e0 \u0111\u01b0\u1eddng b\u1ed9 tr\u00ean th\u1ecb tr\u01b0\u1eddng qu\u1ed1c t\u1ebf. <\/p><p>Xem quy tr\u00ecnh s\u1ea3n xu\u1ea5t c\u1ee7a ch\u00fang t\u00f4i \u0111\u1ec3 cung c\u1ea5p cho b\u1ea1n c\u00e1c s\u1ea3n ph\u1ea9m c\u00f3 thi\u1ebft k\u1ebf, ch\u1ea5t l\u01b0\u1ee3ng v\u00e0 d\u1ecbch v\u1ee5 t\u1ed1t nh\u1ea5t tr\u00ean th\u1ecb tr\u01b0\u1eddng.<\/p>\t\t\t\t\t\t\t\t<\/div>\n\t\t\t\t<\/div>\n\t\t\t\t\t<\/div>\n\t\t\t\t<\/div>\n\t\t<div class=\"elementor-element elementor-element-aad3928 e-flex e-con-boxed e-con e-child\" data-id=\"aad3928\" data-element_type=\"container\" data-e-type=\"container\">\n\t\t\t\t\t<div class=\"e-con-inner\">\n\t\t\t\t<div class=\"elementor-element elementor-element-b0f2915 elementor-widget elementor-widget-video\" data-id=\"b0f2915\" data-element_type=\"widget\" data-e-type=\"widget\" data-settings=\"{&quot;youtube_url&quot;:&quot;https:\\\/\\\/youtu.be\\\/TgzVhhJG2Ug&quot;,&quot;video_type&quot;:&quot;youtube&quot;,&quot;controls&quot;:&quot;yes&quot;}\" data-widget_type=\"video.default\">\n\t\t\t\t<div class=\"elementor-widget-container\">\n\t\t\t\t\t\t\t<div class=\"elementor-wrapper elementor-open-inline\">\n\t\t\t<div class=\"elementor-video\"><\/div>\t\t<\/div>\n\t\t\t\t\t\t<\/div>\n\t\t\t\t<\/div>\n\t\t\t\t\t<\/div>\n\t\t\t\t<\/div>\n\t\t\t\t\t<\/div>\n\t\t\t\t<\/div>\n\t\t<div class=\"elementor-element elementor-element-57acc23 e-flex e-con-boxed e-con e-parent\" data-id=\"57acc23\" data-element_type=\"container\" data-e-type=\"container\">\n\t\t\t\t\t<div class=\"e-con-inner\">\n\t\t<div class=\"elementor-element elementor-element-a47e50e e-con-full e-flex e-con e-child\" data-id=\"a47e50e\" data-element_type=\"container\" data-e-type=\"container\">\n\t\t\t\t<div class=\"elementor-element elementor-element-81336fe elementor-widget elementor-widget-image\" data-id=\"81336fe\" data-element_type=\"widget\" data-e-type=\"widget\" data-widget_type=\"image.default\">\n\t\t\t\t<div class=\"elementor-widget-container\">\n\t\t\t\t\t\t\t\t\t\t\t\t\t\t\t<img loading=\"lazy\" decoding=\"async\" width=\"800\" height=\"533\" src=\"https:\/\/www.lidercare.com\/wp-content\/uploads\/Guardians-of-Quality.webp\" class=\"attachment-large size-large wp-image-32865\" alt=\"\" srcset=\"https:\/\/www.lidercare.com\/wp-content\/uploads\/Guardians-of-Quality.webp 800w, https:\/\/www.lidercare.com\/wp-content\/uploads\/Guardians-of-Quality-600x400.webp 600w, https:\/\/www.lidercare.com\/wp-content\/uploads\/Guardians-of-Quality-768x512.webp 768w\" sizes=\"(max-width: 800px) 100vw, 800px\">\t\t\t\t\t\t\t\t\t\t\t\t\t\t\t<\/div>\n\t\t\t\t<\/div>\n\t\t\t\t<\/div>\n\t\t<div class=\"elementor-element elementor-element-3485754 e-con-full e-flex e-con e-child\" data-id=\"3485754\" data-element_type=\"container\" data-e-type=\"container\">\n\t\t\t\t<div class=\"elementor-element elementor-element-8fb5127 elementor-widget elementor-widget-heading\" data-id=\"8fb5127\" data-element_type=\"widget\" data-e-type=\"widget\" data-widget_type=\"heading.default\">\n\t\t\t\t<div class=\"elementor-widget-container\">\n\t\t\t\t\t<h2 class=\"elementor-heading-title elementor-size-default\">Ki\u1ec3m so\u00e1t ch\u1ea5t l\u01b0\u1ee3ng nghi\u00eam ng\u1eb7t<\/h2>\t\t\t\t<\/div>\n\t\t\t\t<\/div>\n\t\t\t\t<div class=\"elementor-element elementor-element-86a789d elementor-widget elementor-widget-text-editor\" data-id=\"86a789d\" data-element_type=\"widget\" data-e-type=\"widget\" data-widget_type=\"text-editor.default\">\n\t\t\t\t<div class=\"elementor-widget-container\">\n\t\t\t\t\t\t\t\t\t<p>\u0110\u1ec3 cung c\u1ea5p s\u1ea3n ph\u1ea9m c\u1ee7a ch\u00fang t\u00f4i m\u1ed9t c\u00e1ch hi\u1ec7u qu\u1ea3, ch\u00fang t\u00f4i tu\u00e2n th\u1ee7 c\u00e1c quy t\u1eafc ki\u1ec3m so\u00e1t ch\u1ea5t l\u01b0\u1ee3ng nghi\u00eam ng\u1eb7t.<br><br>Nh\u1eefng kh\u00e1ch h\u00e0ng coi tr\u1ecdng ch\u1ea5t l\u01b0\u1ee3ng v\u1eadt li\u1ec7u v\u00e0 hi\u1ec7u qu\u1ea3 ch\u1ecdn ch\u00fang t\u00f4i l\u00e0 nh\u00e0 cung c\u1ea5p nha khoa duy nh\u1ea5t c\u1ee7a h\u1ecd. Ch\u00fang t\u00f4i ph\u1ea3i t\u1ef1 tin \u0111\u1ec3 cung c\u1ea5p 100% trao \u0111\u1ed5i c\u00e1c m\u1eb7t h\u00e0ng b\u1ecb l\u1ed7i. <\/p>\t\t\t\t\t\t\t\t<\/div>\n\t\t\t\t<\/div>\n\t\t\t\t<\/div>\n\t\t\t\t\t<\/div>\n\t\t\t\t<\/div>\n\t\t\t\t<\/div>\n\t\t","protected":false},"excerpt":{"rendered":"<p>Nh\u00e0 m\u00e1y \u0111\u01b0\u1ee3c ch\u1ee9ng nh\u1eadn ISO &amp; GMP Gi\u1ea3m chi ph\u00ed, t\u0103ng t\u1ed1c \u0111\u1ed9 s\u1ea3n ph\u1ea9m c\u1ee7a b\u1ea1n ra th\u1ecb tr\u01b0\u1eddng v\u00e0 gi\u00fap b\u1ea1n \u0111\u1ea1t \u0111\u01b0\u1ee3c l\u1ee3i th\u1ebf c\u1ea1nh tranh. Home Xem nhanh nh\u00e0 m\u00e1y c\u1ee7a ch\u00fang t\u00f4i X\u01b0\u1edfng tr\u1ed9n H\u1ed9i th\u1ea3o b\u1ed5 sung ho\u1ea1t ch\u1ea5t H\u1ed9i th\u1ea3o h\u01b0\u01a1ng li\u1ec7u v\u00e0 t\u00f4 m\u00e0u X\u01b0\u1edfng chi\u1ebft [&hellip;]<\/p>\n","protected":false},"author":1,"featured_media":33355,"parent":0,"menu_order":0,"comment_status":"closed","ping_status":"closed","template":"","meta":{"_acf_changed":false,"footnotes":""},"class_list":["post-35766","page","type-page","status-publish","has-post-thumbnail","hentry"],"acf":[],"_links":{"self":[{"href":"https:\/\/www.lidercare.com\/vi\/wp-json\/wp\/v2\/pages\/35766","targetHints":{"allow":["GET"]}}],"collection":[{"href":"https:\/\/www.lidercare.com\/vi\/wp-json\/wp\/v2\/pages"}],"about":[{"href":"https:\/\/www.lidercare.com\/vi\/wp-json\/wp\/v2\/types\/page"}],"author":[{"embeddable":true,"href":"https:\/\/www.lidercare.com\/vi\/wp-json\/wp\/v2\/users\/1"}],"replies":[{"embeddable":true,"href":"https:\/\/www.lidercare.com\/vi\/wp-json\/wp\/v2\/comments?post=35766"}],"version-history":[{"count":8,"href":"https:\/\/www.lidercare.com\/vi\/wp-json\/wp\/v2\/pages\/35766\/revisions"}],"predecessor-version":[{"id":95792,"href":"https:\/\/www.lidercare.com\/vi\/wp-json\/wp\/v2\/pages\/35766\/revisions\/95792"}],"wp:featuredmedia":[{"embeddable":true,"href":"https:\/\/www.lidercare.com\/vi\/wp-json\/wp\/v2\/media\/33355"}],"wp:attachment":[{"href":"https:\/\/www.lidercare.com\/vi\/wp-json\/wp\/v2\/media?parent=35766"}],"curies":[{"name":"wp","href":"https:\/\/api.w.org\/{rel}","templated":true}]}}