{"id":35719,"date":"2023-06-15T16:56:24","date_gmt":"2023-06-15T08:56:24","guid":{"rendered":"https:\/\/www.lidercare.com\/su-tiep-xuc\/"},"modified":"2026-04-28T10:02:43","modified_gmt":"2026-04-28T02:02:43","slug":"su-tiep-xuc","status":"publish","type":"page","link":"https:\/\/www.lidercare.com\/vi\/su-tiep-xuc\/","title":{"rendered":"Li\u00ean h\u1ec7"},"content":{"rendered":"\t\t<div data-elementor-type=\"wp-page\" data-elementor-id=\"35719\" class=\"elementor elementor-35719 elementor-62\" data-elementor-post-type=\"page\">\n\t\t\t\t<div class=\"elementor-element elementor-element-52efc841 e-flex e-con-boxed e-con e-parent\" data-id=\"52efc841\" data-element_type=\"container\" data-e-type=\"container\" data-settings=\"{&quot;background_background&quot;:&quot;gradient&quot;}\">\n\t\t\t\t\t<div class=\"e-con-inner\">\n\t\t\t\t<div class=\"elementor-element elementor-element-284e7629 elementor-widget elementor-widget-heading\" data-id=\"284e7629\" data-element_type=\"widget\" data-e-type=\"widget\" data-widget_type=\"heading.default\">\n\t\t\t\t<div class=\"elementor-widget-container\">\n\t\t\t\t\t<h1 class=\"elementor-heading-title elementor-size-default\">Li\u00ean h\u1ec7 v\u1edbi Lidercare<\/h1>\t\t\t\t<\/div>\n\t\t\t\t<\/div>\n\t\t\t\t<div class=\"elementor-element elementor-element-3d5c0ed elementor-widget elementor-widget-text-editor\" data-id=\"3d5c0ed\" data-element_type=\"widget\" data-e-type=\"widget\" data-widget_type=\"text-editor.default\">\n\t\t\t\t<div class=\"elementor-widget-container\">\n\t\t\t\t\t\t\t\t\t<p>Vui l\u00f2ng li\u00ean h\u1ec7 v\u1edbi ch\u00fang t\u00f4i \u0111\u1ec3 bi\u1ebft danh m\u1ee5c s\u1ea3n ph\u1ea9m, tham quan nh\u00e0 m\u00e1y, d\u1ecbch v\u1ee5 nh\u00e3n hi\u1ec7u ri\u00eang v\u00e0 b\u1ea5t c\u1ee9 \u0111i\u1ec1u g\u00ec!<\/p>\t\t\t\t\t\t\t\t<\/div>\n\t\t\t\t<\/div>\n\t\t\t\t<div class=\"elementor-element elementor-element-6945565 elementor-widget elementor-widget-breadcrumbs\" data-id=\"6945565\" data-element_type=\"widget\" data-e-type=\"widget\" data-widget_type=\"breadcrumbs.default\">\n\t\t\t\t<div class=\"elementor-widget-container\">\n\t\t\t\t\t<nav><span class=\"last\">Trang ch\u1ee7<\/span><\/nav>\t\t\t\t<\/div>\n\t\t\t\t<\/div>\n\t\t\t\t\t<\/div>\n\t\t\t\t<\/div>\n\t\t<div class=\"elementor-element elementor-element-e5c12f4 e-flex e-con-boxed e-con e-parent\" data-id=\"e5c12f4\" data-element_type=\"container\" data-e-type=\"container\">\n\t\t\t\t\t<div class=\"e-con-inner\">\n\t\t<div class=\"elementor-element elementor-element-f0f1915 e-con-full e-flex e-con e-child\" data-id=\"f0f1915\" data-element_type=\"container\" data-e-type=\"container\">\n\t\t\t\t<div class=\"elementor-element elementor-element-edbfd87 elementor-widget elementor-widget-heading\" data-id=\"edbfd87\" data-element_type=\"widget\" data-e-type=\"widget\" data-widget_type=\"heading.default\">\n\t\t\t\t<div class=\"elementor-widget-container\">\n\t\t\t\t\t<h2 class=\"elementor-heading-title elementor-size-default\">L\u00e0m cho vi\u1ec7c kinh doanh kem \u0111\u00e1nh r\u0103ng nh\u00e3n hi\u1ec7u ri\u00eang d\u1ec5 d\u00e0ng h\u01a1n<\/h2>\t\t\t\t<\/div>\n\t\t\t\t<\/div>\n\t\t\t\t<div class=\"elementor-element elementor-element-e96ab9a elementor-widget elementor-widget-text-editor\" data-id=\"e96ab9a\" data-element_type=\"widget\" data-e-type=\"widget\" data-widget_type=\"text-editor.default\">\n\t\t\t\t<div class=\"elementor-widget-container\">\n\t\t\t\t\t\t\t\t\t<p>Ch\u00fang t\u00f4i c\u00f3 \u0111\u1ed9i ng\u0169 k\u1ef9 s\u01b0 tay ngh\u1ec1 cao s\u1eb5n s\u00e0ng h\u1ed7 tr\u1ee3 b\u1ea1n tr\u00ean h\u00e0nh tr\u00ecnh ph\u00e1t tri\u1ec3n s\u1ea3n ph\u1ea9m t\u1eeb c\u00f4ng th\u1ee9c v\u00e0 thi\u1ebft k\u1ebf bao b\u00ec \u0111\u1ebfn s\u1ea3n xu\u1ea5t.<br><br>Khi b\u1ea1n \u0111\u00e3 s\u1eb5n s\u00e0ng b\u1eaft \u0111\u1ea7u d\u1ef1 \u00e1n ti\u1ebfp theo c\u1ee7a m\u00ecnh, ch\u1ec9 c\u1ea7n cho ch\u00fang t\u00f4i bi\u1ebft nhu c\u1ea7u c\u1ee7a b\u1ea1n, c\u00e1c k\u1ef9 s\u01b0 c\u1ee7a ch\u00fang t\u00f4i s\u1ebd li\u00ean h\u1ec7 l\u1ea1i v\u1edbi b\u1ea1n v\u1edbi b\u00e1o gi\u00e1 trong th\u1eddi gian s\u1edbm nh\u1ea5t.<\/p>\t\t\t\t\t\t\t\t<\/div>\n\t\t\t\t<\/div>\n\t\t\t\t<div class=\"elementor-element elementor-element-aa9aef7 elementor-icon-list--layout-traditional elementor-list-item-link-full_width elementor-widget elementor-widget-icon-list\" data-id=\"aa9aef7\" data-element_type=\"widget\" data-e-type=\"widget\" data-widget_type=\"icon-list.default\">\n\t\t\t\t<div class=\"elementor-widget-container\">\n\t\t\t\t\t\t\t<ul class=\"elementor-icon-list-items\">\n\t\t\t\t\t\t\t<li class=\"elementor-icon-list-item\">\n\t\t\t\t\t\t\t\t\t\t\t<span class=\"elementor-icon-list-icon\">\n\t\t\t\t\t\t\t<svg aria-hidden=\"true\" class=\"e-font-icon-svg e-fas-dot-circle\" viewBox=\"0 0 512 512\" xmlns=\"http:\/\/www.w3.org\/2000\/svg\"><path d=\"M256 8C119.033 8 8 119.033 8 256s111.033 248 248 248 248-111.033 248-248S392.967 8 256 8zm80 248c0 44.112-35.888 80-80 80s-80-35.888-80-80 35.888-80 80-80 80 35.888 80 80z\"><\/path><\/svg>\t\t\t\t\t\t<\/span>\n\t\t\t\t\t\t\t\t\t\t<span class=\"elementor-icon-list-text\">17+ N\u0103m<\/span>\n\t\t\t\t\t\t\t\t\t<\/li>\n\t\t\t\t\t\t\t\t<li class=\"elementor-icon-list-item\">\n\t\t\t\t\t\t\t\t\t\t\t<span class=\"elementor-icon-list-icon\">\n\t\t\t\t\t\t\t<svg aria-hidden=\"true\" class=\"e-font-icon-svg e-fas-dot-circle\" viewBox=\"0 0 512 512\" xmlns=\"http:\/\/www.w3.org\/2000\/svg\"><path d=\"M256 8C119.033 8 8 119.033 8 256s111.033 248 248 248 248-111.033 248-248S392.967 8 256 8zm80 248c0 44.112-35.888 80-80 80s-80-35.888-80-80 35.888-80 80-80 80 35.888 80 80z\"><\/path><\/svg>\t\t\t\t\t\t<\/span>\n\t\t\t\t\t\t\t\t\t\t<span class=\"elementor-icon-list-text\">600000+ S\u1ea3n l\u01b0\u1ee3ng h\u00e0ng ng\u00e0y<\/span>\n\t\t\t\t\t\t\t\t\t<\/li>\n\t\t\t\t\t\t\t\t<li class=\"elementor-icon-list-item\">\n\t\t\t\t\t\t\t\t\t\t\t<span class=\"elementor-icon-list-icon\">\n\t\t\t\t\t\t\t<svg aria-hidden=\"true\" class=\"e-font-icon-svg e-fas-dot-circle\" viewBox=\"0 0 512 512\" xmlns=\"http:\/\/www.w3.org\/2000\/svg\"><path d=\"M256 8C119.033 8 8 119.033 8 256s111.033 248 248 248 248-111.033 248-248S392.967 8 256 8zm80 248c0 44.112-35.888 80-80 80s-80-35.888-80-80 35.888-80 80-80 80 35.888 80 80z\"><\/path><\/svg>\t\t\t\t\t\t<\/span>\n\t\t\t\t\t\t\t\t\t\t<span class=\"elementor-icon-list-text\">500000+ l\u00f4 h\u00e0ng h\u00e0ng ng\u00e0y<\/span>\n\t\t\t\t\t\t\t\t\t<\/li>\n\t\t\t\t\t\t\t\t<li class=\"elementor-icon-list-item\">\n\t\t\t\t\t\t\t\t\t\t\t<span class=\"elementor-icon-list-icon\">\n\t\t\t\t\t\t\t<svg aria-hidden=\"true\" class=\"e-font-icon-svg e-fas-dot-circle\" viewBox=\"0 0 512 512\" xmlns=\"http:\/\/www.w3.org\/2000\/svg\"><path d=\"M256 8C119.033 8 8 119.033 8 256s111.033 248 248 248 248-111.033 248-248S392.967 8 256 8zm80 248c0 44.112-35.888 80-80 80s-80-35.888-80-80 35.888-80 80-80 80 35.888 80 80z\"><\/path><\/svg>\t\t\t\t\t\t<\/span>\n\t\t\t\t\t\t\t\t\t\t<span class=\"elementor-icon-list-text\">D\u00e2y chuy\u1ec1n s\u1ea3n xu\u1ea5t GMP c\u1ea5p 100000<\/span>\n\t\t\t\t\t\t\t\t\t<\/li>\n\t\t\t\t\t\t<\/ul>\n\t\t\t\t\t\t<\/div>\n\t\t\t\t<\/div>\n\t\t\t\t<div class=\"elementor-element elementor-element-3a8f5d1 elementor-widget elementor-widget-text-editor\" data-id=\"3a8f5d1\" data-element_type=\"widget\" data-e-type=\"widget\" data-widget_type=\"text-editor.default\">\n\t\t\t\t<div class=\"elementor-widget-container\">\n\t\t\t\t\t\t\t\t\t<p><strong>Chi ti\u1ebft li\u00ean l\u1ea1c<br><br><\/strong><strong>V\u0103n ph\u00f2ng Qu\u1ea3ng Ch\u00e2u:<\/strong><br>Ph\u00f2ng 221, T\u00f2a nh\u00e0 B, 22 \u0110\u01b0\u1eddng Jianpeng, Ph\u1ed1 H\u00e0 Long, Qu\u1ea3ng Ch\u00e2u, Qu\u1ea3ng \u0110\u00f4ng, Trung Qu\u1ed1c<br><br><strong>Th\u01b0 \u0111i\u1ec7n t\u1eed:<\/strong> lidercare@hotmail.com<br><br><strong>\u0110i\u1ec7n tho\u1ea1i:<\/strong> +86-15986432834<\/p>\t\t\t\t\t\t\t\t<\/div>\n\t\t\t\t<\/div>\n\t\t\t\t<\/div>\n\t\t<div class=\"elementor-element elementor-element-400d67f e-con-full e-flex e-con e-child\" data-id=\"400d67f\" data-element_type=\"container\" data-e-type=\"container\">\n\t\t\t\t<div class=\"elementor-element elementor-element-d799b44 elementor-widget elementor-widget-shortcode\" data-id=\"d799b44\" data-element_type=\"widget\" data-e-type=\"widget\" data-widget_type=\"shortcode.default\">\n\t\t\t\t<div class=\"elementor-widget-container\">\n\t\t\t\t\t\t\t<div class=\"elementor-shortcode\">\t\t<div data-elementor-type=\"container\" data-elementor-id=\"74134\" class=\"elementor elementor-74134 elementor-5224 elementor-5224\" data-elementor-post-type=\"elementor_library\">\n\t\t\t\t<div class=\"elementor-element elementor-element-20350a29 e-flex e-con-boxed e-con e-parent\" data-id=\"20350a29\" data-element_type=\"container\" data-e-type=\"container\" data-settings=\"{&quot;background_background&quot;:&quot;classic&quot;}\">\n\t\t\t\t\t<div class=\"e-con-inner\">\n\t\t\t\t<div class=\"elementor-element elementor-element-2c617bb9 elementor-widget elementor-widget-heading\" data-id=\"2c617bb9\" data-element_type=\"widget\" data-e-type=\"widget\" data-widget_type=\"heading.default\">\n\t\t\t\t<div class=\"elementor-widget-container\">\n\t\t\t\t\t<h3 class=\"elementor-heading-title elementor-size-default\">H\u00e3y li\u00ean l\u1ea1c v\u1edbi ch\u00fang t\u00f4i<\/h3>\t\t\t\t<\/div>\n\t\t\t\t<\/div>\n\t\t\t\t<div class=\"elementor-element elementor-element-66366406 elementor-button-align-stretch elementor-widget elementor-widget-form\" data-id=\"66366406\" data-element_type=\"widget\" data-e-type=\"widget\" data-settings=\"{&quot;step_next_label&quot;:&quot;Sau&quot;,&quot;step_previous_label&quot;:&quot;Tr\\u01b0\\u1edbc&quot;,&quot;button_width&quot;:&quot;100&quot;,&quot;step_type&quot;:&quot;number_text&quot;,&quot;step_icon_shape&quot;:&quot;circle&quot;}\" data-widget_type=\"form.default\">\n\t\t\t\t<div class=\"elementor-widget-container\">\n\t\t\t\t\t\t\t<form class=\"elementor-form\" method=\"post\" name=\"G\u1eedi y\u00eau c\u1ea7u c\u1ee7a b\u1ea1n\" aria-label=\"G\u1eedi y\u00eau c\u1ea7u c\u1ee7a b\u1ea1n\">\n\t\t\t<input type=\"hidden\" name=\"post_id\" value=\"74134\"\/>\n\t\t\t<input type=\"hidden\" name=\"form_id\" value=\"66366406\"\/>\n\t\t\t<input type=\"hidden\" name=\"referer_title\" value=\"Page Not Found - Lidercare\" \/>\n\n\t\t\t\n\t\t\t<div class=\"elementor-form-fields-wrapper elementor-labels-above\">\n\t\t\t\t\t\t\t\t<div class=\"elementor-field-type-text elementor-field-group elementor-column elementor-field-group-name elementor-col-100 elementor-field-required elementor-mark-required\">\n\t\t\t\t\t\t\t\t\t\t\t\t<label for=\"form-field-name\" class=\"elementor-field-label\">\n\t\t\t\t\t\t\t\tT\u00ean\t\t\t\t\t\t\t<\/label>\n\t\t\t\t\t\t\t\t\t\t\t\t\t\t<input size=\"1\" type=\"text\" name=\"form_fields[name]\" id=\"form-field-name\" class=\"elementor-field elementor-size-sm  elementor-field-textual\" required=\"required\">\n\t\t\t\t\t\t\t\t\t\t\t<\/div>\n\t\t\t\t\t\t\t\t<div class=\"elementor-field-type-email elementor-field-group elementor-column elementor-field-group-email elementor-col-100 elementor-field-required elementor-mark-required\">\n\t\t\t\t\t\t\t\t\t\t\t\t<label for=\"form-field-email\" class=\"elementor-field-label\">\n\t\t\t\t\t\t\t\tEmail\t\t\t\t\t\t\t<\/label>\n\t\t\t\t\t\t\t\t\t\t\t\t\t\t<input size=\"1\" type=\"email\" name=\"form_fields[email]\" id=\"form-field-email\" class=\"elementor-field elementor-size-sm  elementor-field-textual\" required=\"required\">\n\t\t\t\t\t\t\t\t\t\t\t<\/div>\n\t\t\t\t\t\t\t\t<div class=\"elementor-field-type-tel elementor-field-group elementor-column elementor-field-group-Phone elementor-col-100\">\n\t\t\t\t\t\t\t\t\t\t\t\t<label for=\"form-field-Phone\" class=\"elementor-field-label\">\n\t\t\t\t\t\t\t\tWhatsApp\t\t\t\t\t\t\t<\/label>\n\t\t\t\t\t\t\t\t<input size=\"1\" type=\"tel\" name=\"form_fields[Phone]\" id=\"form-field-Phone\" class=\"elementor-field elementor-size-sm  elementor-field-textual\" pattern=\"[0-9()#&amp;+*-=.]+\" title=\"Only numbers and phone characters (#, -, *, etc) are accepted.\">\n\n\t\t\t\t\t\t<\/div>\n\t\t\t\t\t\t\t\t<div class=\"elementor-field-type-text elementor-field-group elementor-column elementor-field-group-field_3eacb0c elementor-col-100\">\n\t\t\t\t\t\t\t\t\t\t\t\t<label for=\"form-field-field_3eacb0c\" class=\"elementor-field-label\">\n\t\t\t\t\t\t\t\tLo\u1ea1i h\u00ecnh c\u00f4ng ty\t\t\t\t\t\t\t<\/label>\n\t\t\t\t\t\t\t\t\t\t\t\t\t\t<input size=\"1\" type=\"text\" name=\"form_fields[field_3eacb0c]\" id=\"form-field-field_3eacb0c\" class=\"elementor-field elementor-size-sm  elementor-field-textual\" placeholder=\"Th\u01b0\u01a1ng hi\u1ec7u \/ Nh\u00e0 b\u00e1n bu\u00f4n \/ Ng\u01b0\u1eddi c\u00f3 \u1ea3nh h\u01b0\u1edfng \/ Hi\u1ec7u thu\u1ed1c\">\n\t\t\t\t\t\t\t\t\t\t\t<\/div>\n\t\t\t\t\t\t\t\t<div class=\"elementor-field-type-text elementor-field-group elementor-column elementor-field-group-field_5b2c923 elementor-col-100\">\n\t\t\t\t\t\t\t\t\t\t\t\t<label for=\"form-field-field_5b2c923\" class=\"elementor-field-label\">\n\t\t\t\t\t\t\t\tNg\u00e2n s\u00e1ch (USD)\t\t\t\t\t\t\t<\/label>\n\t\t\t\t\t\t\t\t\t\t\t\t\t\t<input size=\"1\" type=\"text\" name=\"form_fields[field_5b2c923]\" id=\"form-field-field_5b2c923\" class=\"elementor-field elementor-size-sm  elementor-field-textual\" placeholder=\"&lt;10k \/ 10\u201330k \/ 30\u2013100k \/ 100k+\">\n\t\t\t\t\t\t\t\t\t\t\t<\/div>\n\t\t\t\t\t\t\t\t<div class=\"elementor-field-type-textarea elementor-field-group elementor-column elementor-field-group-message elementor-col-100 elementor-field-required elementor-mark-required\">\n\t\t\t\t\t\t\t\t\t\t\t\t<label for=\"form-field-message\" class=\"elementor-field-label\">\n\t\t\t\t\t\t\t\tTh\u00f4ng \u0111i\u1ec7p\t\t\t\t\t\t\t<\/label>\n\t\t\t\t\t\t<textarea class=\"elementor-field-textual elementor-field  elementor-size-sm\" name=\"form_fields[message]\" id=\"form-field-message\" rows=\"4\" placeholder=\"Chi ti\u1ebft s\u1ea3n ph\u1ea9m, bao b\u00ec, s\u1ed1 l\u01b0\u1ee3ng, th\u1ecb tr\u01b0\u1eddng m\u1ee5c ti\u00eau v\u00e0 k\u00eanh b\u00e1n h\u00e0ng b\u1eaft bu\u1ed9c\" required=\"required\"><\/textarea>\t\t\t\t<\/div>\n\t\t\t\t\t\t\t\t<div class=\"elementor-field-type-upload elementor-field-group elementor-column elementor-field-group-File elementor-col-100\">\n\t\t\t\t\t\t\t\t\t\t\t\t<label for=\"form-field-File\" class=\"elementor-field-label\">\n\t\t\t\t\t\t\t\t*Vui l\u00f2ng ch\u1ec9 t\u1ea3i l\u00ean h\u00ecnh \u1ea3nh, video, t\u1ec7p t\u00e0i li\u1ec7u. Gi\u1edbi h\u1ea1n k\u00edch th\u01b0\u1edbc l\u00e0 80MB. \t\t\t\t\t\t\t<\/label>\n\t\t\t\t\t\t\t\t<input type=\"file\" name=\"form_fields[File][]\" id=\"form-field-File\" class=\"elementor-field elementor-size-sm  elementor-upload-field\" multiple=\"multiple\" data-maxsize=\"80\" data-maxsize-message=\"T\u1ec7p n\u00e0y v\u01b0\u1ee3t qu\u00e1 k\u00edch th\u01b0\u1edbc t\u1ed1i \u0111a cho ph\u00e9p.\">\n\n\t\t\t\t\t\t<\/div>\n\t\t\t\t\t\t\t\t<div class=\"elementor-field-type-recaptcha_v3 elementor-field-group elementor-column elementor-field-group-field_116745c elementor-col-100 recaptcha_v3-bottomright\">\n\t\t\t\t\t<div class=\"elementor-field\" id=\"form-field-field_116745c\"><div class=\"elementor-g-recaptcha\" data-sitekey=\"6LfCF-sqAAAAAKnQhun4V5Ygl84MihWevFgz-Hm4\" data-type=\"v3\" data-action=\"Form\" data-badge=\"bottomright\" data-size=\"invisible\"><\/div><\/div>\t\t\t\t<\/div>\n\t\t\t\t\t\t\t\t<div class=\"elementor-field-type-text elementor-field-group elementor-column elementor-field-group-field_a269e58 elementor-col-100\">\n\t\t\t\t\t\t\t\t\t\t\t\t<label for=\"form-field-field_a269e58\" class=\"elementor-field-label\">\n\t\t\t\t\t\t\t\tT\u1eadp tin\t\t\t\t\t\t\t<\/label>\n\t\t\t\t\t\t\t\t\t\t\t\t\t\t<input size=\"1\" type=\"text\" name=\"form_fields[field_a269e58]\" id=\"form-field-field_a269e58\" class=\"elementor-field elementor-size-sm  elementor-field-textual\">\n\t\t\t\t\t\t\t\t\t\t\t<\/div>\n\t\t\t\t\t\t\t\t<div class=\"elementor-field-group elementor-column elementor-field-type-submit elementor-col-100 e-form__buttons\">\n\t\t\t\t\t<button class=\"elementor-button elementor-size-md\" type=\"submit\">\n\t\t\t\t\t\t<span class=\"elementor-button-content-wrapper\">\n\t\t\t\t\t\t\t\t\t\t\t\t\t\t\t\t\t\t\t\t\t\t<span class=\"elementor-button-text\">G\u1eedi<\/span>\n\t\t\t\t\t\t\t\t\t\t\t\t\t<\/span>\n\t\t\t\t\t<\/button>\n\t\t\t\t<\/div>\n\t\t\t<\/div>\n\t\t<\/form>\n\t\t\t\t\t\t<\/div>\n\t\t\t\t<\/div>\n\t\t\t\t\t<\/div>\n\t\t\t\t<\/div>\n\t\t\t\t<\/div>\n\t\t<\/div>\n\t\t\t\t\t\t<\/div>\n\t\t\t\t<\/div>\n\t\t\t\t<\/div>\n\t\t\t\t\t<\/div>\n\t\t\t\t<\/div>\n\t\t\t\t<\/div>\n\t\t","protected":false},"excerpt":{"rendered":"<p>Li\u00ean h\u1ec7 v\u1edbi Lidercare Vui l\u00f2ng li\u00ean h\u1ec7 v\u1edbi ch\u00fang t\u00f4i \u0111\u1ec3 bi\u1ebft danh m\u1ee5c s\u1ea3n ph\u1ea9m, tham quan nh\u00e0 m\u00e1y, d\u1ecbch v\u1ee5 nh\u00e3n hi\u1ec7u ri\u00eang v\u00e0 b\u1ea5t c\u1ee9 \u0111i\u1ec1u g\u00ec! Home L\u00e0m cho vi\u1ec7c kinh doanh kem \u0111\u00e1nh r\u0103ng nh\u00e3n hi\u1ec7u ri\u00eang d\u1ec5 d\u00e0ng h\u01a1n Ch\u00fang t\u00f4i c\u00f3 \u0111\u1ed9i ng\u0169 k\u1ef9 s\u01b0 tay ngh\u1ec1 [&hellip;]<\/p>\n","protected":false},"author":1,"featured_media":32829,"parent":0,"menu_order":0,"comment_status":"closed","ping_status":"closed","template":"elementor_theme","meta":{"_acf_changed":false,"footnotes":""},"class_list":["post-35719","page","type-page","status-publish","has-post-thumbnail","hentry"],"acf":[],"_links":{"self":[{"href":"https:\/\/www.lidercare.com\/vi\/wp-json\/wp\/v2\/pages\/35719","targetHints":{"allow":["GET"]}}],"collection":[{"href":"https:\/\/www.lidercare.com\/vi\/wp-json\/wp\/v2\/pages"}],"about":[{"href":"https:\/\/www.lidercare.com\/vi\/wp-json\/wp\/v2\/types\/page"}],"author":[{"embeddable":true,"href":"https:\/\/www.lidercare.com\/vi\/wp-json\/wp\/v2\/users\/1"}],"replies":[{"embeddable":true,"href":"https:\/\/www.lidercare.com\/vi\/wp-json\/wp\/v2\/comments?post=35719"}],"version-history":[{"count":14,"href":"https:\/\/www.lidercare.com\/vi\/wp-json\/wp\/v2\/pages\/35719\/revisions"}],"predecessor-version":[{"id":91199,"href":"https:\/\/www.lidercare.com\/vi\/wp-json\/wp\/v2\/pages\/35719\/revisions\/91199"}],"wp:featuredmedia":[{"embeddable":true,"href":"https:\/\/www.lidercare.com\/vi\/wp-json\/wp\/v2\/media\/32829"}],"wp:attachment":[{"href":"https:\/\/www.lidercare.com\/vi\/wp-json\/wp\/v2\/media?parent=35719"}],"curies":[{"name":"wp","href":"https:\/\/api.w.org\/{rel}","templated":true}]}}