{"id":35238,"date":"2023-06-27T09:21:27","date_gmt":"2023-06-27T01:21:27","guid":{"rendered":"https:\/\/www.lidercare.com\/nha-may-duoc-chung-nhan\/"},"modified":"2026-03-31T15:49:06","modified_gmt":"2026-03-31T07:49:06","slug":"nha-may-duoc-chung-nhan","status":"publish","type":"page","link":"https:\/\/www.lidercare.com\/vi\/nha-may-duoc-chung-nhan\/","title":{"rendered":"Nh\u00e0 m\u00e1y \u0111\u01b0\u1ee3c ch\u1ee9ng nh\u1eadn"},"content":{"rendered":"\t\t<div data-elementor-type=\"wp-page\" data-elementor-id=\"35238\" class=\"elementor elementor-35238 elementor-1037\" data-elementor-post-type=\"page\">\n\t\t\t\t<div class=\"elementor-element elementor-element-5ee96bfa e-flex e-con-boxed e-con e-parent\" data-id=\"5ee96bfa\" data-element_type=\"container\" data-e-type=\"container\" data-settings=\"{&quot;background_background&quot;:&quot;gradient&quot;}\">\n\t\t\t\t\t<div class=\"e-con-inner\">\n\t\t\t\t<div class=\"elementor-element elementor-element-9021f00 elementor-widget elementor-widget-heading\" data-id=\"9021f00\" data-element_type=\"widget\" data-e-type=\"widget\" data-widget_type=\"heading.default\">\n\t\t\t\t<div class=\"elementor-widget-container\">\n\t\t\t\t\t<h1 class=\"elementor-heading-title elementor-size-default\">Ch\u1ee9ng nh\u1eadn Lidercare<\/h1>\t\t\t\t<\/div>\n\t\t\t\t<\/div>\n\t\t\t\t<div class=\"elementor-element elementor-element-77c0284 elementor-widget elementor-widget-text-editor\" data-id=\"77c0284\" data-element_type=\"widget\" data-e-type=\"widget\" data-widget_type=\"text-editor.default\">\n\t\t\t\t<div class=\"elementor-widget-container\">\n\t\t\t\t\t\t\t\t\t<p>Cam k\u1ebft an to\u00e0n v\u00e0 ti\u00eau chu\u1ea9n ch\u1ea5t l\u01b0\u1ee3ng cao nh\u1ea5t.<\/p>\t\t\t\t\t\t\t\t<\/div>\n\t\t\t\t<\/div>\n\t\t\t\t<div class=\"elementor-element elementor-element-24bfef3 elementor-widget elementor-widget-breadcrumbs\" data-id=\"24bfef3\" data-element_type=\"widget\" data-e-type=\"widget\" data-widget_type=\"breadcrumbs.default\">\n\t\t\t\t<div class=\"elementor-widget-container\">\n\t\t\t\t\t<nav><span class=\"last\">Trang ch\u1ee7<\/span><\/nav>\t\t\t\t<\/div>\n\t\t\t\t<\/div>\n\t\t\t\t\t<\/div>\n\t\t\t\t<\/div>\n\t\t<div class=\"elementor-element elementor-element-ce32426 e-flex e-con-boxed e-con e-parent\" data-id=\"ce32426\" data-element_type=\"container\" data-e-type=\"container\">\n\t\t\t\t\t<div class=\"e-con-inner\">\n\t\t\t\t<div class=\"elementor-element elementor-element-1663d40 elementor-widget elementor-widget-heading\" data-id=\"1663d40\" data-element_type=\"widget\" data-e-type=\"widget\" data-widget_type=\"heading.default\">\n\t\t\t\t<div class=\"elementor-widget-container\">\n\t\t\t\t\t<h2 class=\"elementor-heading-title elementor-size-default\">B\u1eb1ng s\u00e1ng ch\u1ebf, ch\u1ee9ng nh\u1eadn, gi\u1ea3i th\u01b0\u1edfng<\/h2>\t\t\t\t<\/div>\n\t\t\t\t<\/div>\n\t\t\t\t<div class=\"elementor-element elementor-element-5407e83 elementor-widget elementor-widget-text-editor\" data-id=\"5407e83\" data-element_type=\"widget\" data-e-type=\"widget\" data-widget_type=\"text-editor.default\">\n\t\t\t\t<div class=\"elementor-widget-container\">\n\t\t\t\t\t\t\t\t\t<p>C\u00e1c s\u1ea3n ph\u1ea9m ch\u0103m s\u00f3c r\u0103ng mi\u1ec7ng v\u00e0 l\u00e0m tr\u1eafng r\u0103ng th\u01b0\u1eddng \u0111\u01b0\u1ee3c coi l\u00e0 an to\u00e0n v\u00e0 \u0111\u01b0\u1ee3c ph\u00e2n lo\u1ea1i l\u00e0 s\u1ea3n ph\u1ea9m m\u1ef9 ph\u1ea9m tr\u00ean th\u1ebf gi\u1edbi.<\/p><p>Nh\u01b0 v\u1edbi t\u1ea5t c\u1ea3 c\u00e1c s\u1ea3n ph\u1ea9m ti\u1ebfp x\u00fac v\u1edbi c\u01a1 th\u1ec3 con ng\u01b0\u1eddi v\u00e0 c\u00f3 th\u1ec3 \u0103n ph\u1ea3i, \u0111\u1ed9 an to\u00e0n ph\u1ee5 thu\u1ed9c v\u00e0o \u0111\u1ed9 tin c\u1eady c\u1ee7a ngu\u1ed3n s\u1ea3n ph\u1ea9m. Lidercare t\u1ef1 h\u00e0o s\u1ea3n xu\u1ea5t t\u1ea5t c\u1ea3 c\u00e1c s\u1ea3n ph\u1ea9m l\u00e0m tr\u1eafng r\u0103ng c\u1ee7a ch\u00fang t\u00f4i t\u1ea1i Trung Qu\u1ed1c, d\u01b0\u1edbi c\u00e1c quy tr\u00ecnh gi\u00e1m s\u00e1t v\u00e0 th\u1eed nghi\u1ec7m nghi\u00eam ng\u1eb7t \u0111\u1ec3 \u0111\u1ea3m b\u1ea3o an to\u00e0n v\u00e0 hi\u1ec7u qu\u1ea3 s\u1ea3n ph\u1ea9m t\u1ed1i \u0111a. <br><br>C\u00e1c s\u1ea3n ph\u1ea9m l\u00e0m tr\u1eafng r\u0103ng v\u00e0 ch\u0103m s\u00f3c r\u0103ng mi\u1ec7ng c\u00f3 th\u1ec3 tu\u00e2n theo c\u00e1c quy \u0111\u1ecbnh c\u1ee7a ch\u00ednh ph\u1ee7 \u1edf m\u1ed9t s\u1ed1 khu v\u1ef1c nh\u1ea5t \u0111\u1ecbnh tr\u00ean to\u00e0n th\u1ebf gi\u1edbi. Nh\u00e0 m\u00e1y c\u1ee7a ch\u00fang t\u00f4i \u0111\u01b0\u1ee3c ch\u1ee9ng nh\u1eadn ti\u00eau chu\u1ea9n ISO 22716 \/ cGMP; ch\u00fang t\u00f4i cung c\u1ea5p t\u00e0i li\u1ec7u tu\u00e2n th\u1ee7 nh\u01b0 SDS, COA v\u00e0 b\u00e1o c\u00e1o \u0111\u1ed9 \u1ed5n \u0111\u1ecbnh. <\/p>\t\t\t\t\t\t\t\t<\/div>\n\t\t\t\t<\/div>\n\t\t<div class=\"elementor-element elementor-element-3357bd9 e-flex e-con-boxed e-con e-child\" data-id=\"3357bd9\" data-element_type=\"container\" data-e-type=\"container\">\n\t\t\t\t\t<div class=\"e-con-inner\">\n\t\t<div class=\"elementor-element elementor-element-e12062e e-con-full e-flex e-con e-child\" data-id=\"e12062e\" data-element_type=\"container\" data-e-type=\"container\">\n\t\t\t\t<div class=\"elementor-element elementor-element-740edc5 elementor-widget elementor-widget-image\" data-id=\"740edc5\" data-element_type=\"widget\" data-e-type=\"widget\" data-widget_type=\"image.default\">\n\t\t\t\t<div class=\"elementor-widget-container\">\n\t\t\t\t\t\t\t\t\t\t\t\t\t\t\t<img fetchpriority=\"high\" decoding=\"async\" width=\"280\" height=\"396\" src=\"https:\/\/www.lidercare.com\/wp-content\/uploads\/FDA.webp\" class=\"attachment-large size-large wp-image-35245\" alt=\"\">\t\t\t\t\t\t\t\t\t\t\t\t\t\t\t<\/div>\n\t\t\t\t<\/div>\n\t\t\t\t<div class=\"elementor-element elementor-element-3fd9201 elementor-widget elementor-widget-heading\" data-id=\"3fd9201\" data-element_type=\"widget\" data-e-type=\"widget\" data-widget_type=\"heading.default\">\n\t\t\t\t<div class=\"elementor-widget-container\">\n\t\t\t\t\t<h6 class=\"elementor-heading-title elementor-size-default\">FDA<\/h6>\t\t\t\t<\/div>\n\t\t\t\t<\/div>\n\t\t\t\t<\/div>\n\t\t<div class=\"elementor-element elementor-element-4e666dc e-con-full e-flex e-con e-child\" data-id=\"4e666dc\" data-element_type=\"container\" data-e-type=\"container\">\n\t\t\t\t<div class=\"elementor-element elementor-element-ccf046b elementor-widget elementor-widget-image\" data-id=\"ccf046b\" data-element_type=\"widget\" data-e-type=\"widget\" data-widget_type=\"image.default\">\n\t\t\t\t<div class=\"elementor-widget-container\">\n\t\t\t\t\t\t\t\t\t\t\t\t\t\t\t<img decoding=\"async\" width=\"280\" height=\"396\" src=\"https:\/\/www.lidercare.com\/wp-content\/uploads\/CE-certification-mouthguard.webp\" class=\"attachment-large size-large wp-image-35240\" alt=\"\">\t\t\t\t\t\t\t\t\t\t\t\t\t\t\t<\/div>\n\t\t\t\t<\/div>\n\t\t\t\t<div class=\"elementor-element elementor-element-37b73f6 elementor-widget elementor-widget-heading\" data-id=\"37b73f6\" data-element_type=\"widget\" data-e-type=\"widget\" data-widget_type=\"heading.default\">\n\t\t\t\t<div class=\"elementor-widget-container\">\n\t\t\t\t\t<h6 class=\"elementor-heading-title elementor-size-default\">B\u1ea3o v\u1ec7 mi\u1ec7ng ch\u1ee9ng nh\u1eadn CE<\/h6>\t\t\t\t<\/div>\n\t\t\t\t<\/div>\n\t\t\t\t<\/div>\n\t\t<div class=\"elementor-element elementor-element-c7e0910 e-con-full e-flex e-con e-child\" data-id=\"c7e0910\" data-element_type=\"container\" data-e-type=\"container\">\n\t\t\t\t<div class=\"elementor-element elementor-element-684ce64 elementor-widget elementor-widget-image\" data-id=\"684ce64\" data-element_type=\"widget\" data-e-type=\"widget\" data-widget_type=\"image.default\">\n\t\t\t\t<div class=\"elementor-widget-container\">\n\t\t\t\t\t\t\t\t\t\t\t\t\t\t\t<img decoding=\"async\" width=\"280\" height=\"396\" src=\"https:\/\/www.lidercare.com\/wp-content\/uploads\/PPE-certification-sports-mouthguard.webp\" class=\"attachment-large size-large wp-image-35247\" alt=\"\">\t\t\t\t\t\t\t\t\t\t\t\t\t\t\t<\/div>\n\t\t\t\t<\/div>\n\t\t\t\t<div class=\"elementor-element elementor-element-e25f589 elementor-widget elementor-widget-heading\" data-id=\"e25f589\" data-element_type=\"widget\" data-e-type=\"widget\" data-widget_type=\"heading.default\">\n\t\t\t\t<div class=\"elementor-widget-container\">\n\t\t\t\t\t<h6 class=\"elementor-heading-title elementor-size-default\">B\u1ea3o v\u1ec7 mi\u1ec7ng th\u1ec3 thao ch\u1ee9ng nh\u1eadn PPE<\/h6>\t\t\t\t<\/div>\n\t\t\t\t<\/div>\n\t\t\t\t<\/div>\n\t\t<div class=\"elementor-element elementor-element-45ddbc8 e-con-full e-flex e-con e-child\" data-id=\"45ddbc8\" data-element_type=\"container\" data-e-type=\"container\">\n\t\t\t\t<div class=\"elementor-element elementor-element-9de8084 elementor-widget elementor-widget-image\" data-id=\"9de8084\" data-element_type=\"widget\" data-e-type=\"widget\" data-widget_type=\"image.default\">\n\t\t\t\t<div class=\"elementor-widget-container\">\n\t\t\t\t\t\t\t\t\t\t\t\t\t\t\t<img loading=\"lazy\" decoding=\"async\" width=\"280\" height=\"396\" src=\"https:\/\/www.lidercare.com\/wp-content\/uploads\/CE.ATEX-BCT12JC-1921S.webp\" class=\"attachment-large size-large wp-image-35239\" alt=\"\">\t\t\t\t\t\t\t\t\t\t\t\t\t\t\t<\/div>\n\t\t\t\t<\/div>\n\t\t\t\t<div class=\"elementor-element elementor-element-a518e8f elementor-widget elementor-widget-heading\" data-id=\"a518e8f\" data-element_type=\"widget\" data-e-type=\"widget\" data-widget_type=\"heading.default\">\n\t\t\t\t<div class=\"elementor-widget-container\">\n\t\t\t\t\t<h6 class=\"elementor-heading-title elementor-size-default\">CE ATEX BCT12JC 1921S<\/h6>\t\t\t\t<\/div>\n\t\t\t\t<\/div>\n\t\t\t\t<\/div>\n\t\t\t\t\t<\/div>\n\t\t\t\t<\/div>\n\t\t<div class=\"elementor-element elementor-element-e07d780 e-flex e-con-boxed e-con e-child\" data-id=\"e07d780\" data-element_type=\"container\" data-e-type=\"container\">\n\t\t\t\t\t<div class=\"e-con-inner\">\n\t\t<div class=\"elementor-element elementor-element-329469d e-con-full e-flex e-con e-child\" data-id=\"329469d\" data-element_type=\"container\" data-e-type=\"container\">\n\t\t\t\t<div class=\"elementor-element elementor-element-4ccdbf3 elementor-widget elementor-widget-image\" data-id=\"4ccdbf3\" data-element_type=\"widget\" data-e-type=\"widget\" data-widget_type=\"image.default\">\n\t\t\t\t<div class=\"elementor-widget-container\">\n\t\t\t\t\t\t\t\t\t\t\t\t\t\t\t<img loading=\"lazy\" decoding=\"async\" width=\"280\" height=\"396\" src=\"https:\/\/www.lidercare.com\/wp-content\/uploads\/CE-Medical.webp\" class=\"attachment-large size-large wp-image-35241\" alt=\"\">\t\t\t\t\t\t\t\t\t\t\t\t\t\t\t<\/div>\n\t\t\t\t<\/div>\n\t\t\t\t<div class=\"elementor-element elementor-element-24dbbcb elementor-widget elementor-widget-heading\" data-id=\"24dbbcb\" data-element_type=\"widget\" data-e-type=\"widget\" data-widget_type=\"heading.default\">\n\t\t\t\t<div class=\"elementor-widget-container\">\n\t\t\t\t\t<h6 class=\"elementor-heading-title elementor-size-default\">CE Y t\u1ebf<\/h6>\t\t\t\t<\/div>\n\t\t\t\t<\/div>\n\t\t\t\t<\/div>\n\t\t<div class=\"elementor-element elementor-element-7604303 e-con-full e-flex e-con e-child\" data-id=\"7604303\" data-element_type=\"container\" data-e-type=\"container\">\n\t\t\t\t<div class=\"elementor-element elementor-element-aa8dcff elementor-widget elementor-widget-image\" data-id=\"aa8dcff\" data-element_type=\"widget\" data-e-type=\"widget\" data-widget_type=\"image.default\">\n\t\t\t\t<div class=\"elementor-widget-container\">\n\t\t\t\t\t\t\t\t\t\t\t\t\t\t\t<img loading=\"lazy\" decoding=\"async\" width=\"280\" height=\"396\" src=\"https:\/\/www.lidercare.com\/wp-content\/uploads\/CHINA-Patent-teeth-whitening-light.webp\" class=\"attachment-large size-large wp-image-35242\" alt=\"\">\t\t\t\t\t\t\t\t\t\t\t\t\t\t\t<\/div>\n\t\t\t\t<\/div>\n\t\t\t\t<div class=\"elementor-element elementor-element-71d0ad5 elementor-widget elementor-widget-heading\" data-id=\"71d0ad5\" data-element_type=\"widget\" data-e-type=\"widget\" data-widget_type=\"heading.default\">\n\t\t\t\t<div class=\"elementor-widget-container\">\n\t\t\t\t\t<h6 class=\"elementor-heading-title elementor-size-default\">\u0110\u00e8n l\u00e0m tr\u1eafng r\u0103ng b\u1eb1ng s\u00e1ng ch\u1ebf TRUNG QU\u1ed0C<\/h6>\t\t\t\t<\/div>\n\t\t\t\t<\/div>\n\t\t\t\t<\/div>\n\t\t<div class=\"elementor-element elementor-element-e7e28a7 e-con-full e-flex e-con e-child\" data-id=\"e7e28a7\" data-element_type=\"container\" data-e-type=\"container\">\n\t\t\t\t<div class=\"elementor-element elementor-element-9cbfc41 elementor-widget elementor-widget-image\" data-id=\"9cbfc41\" data-element_type=\"widget\" data-e-type=\"widget\" data-widget_type=\"image.default\">\n\t\t\t\t<div class=\"elementor-widget-container\">\n\t\t\t\t\t\t\t\t\t\t\t\t\t\t\t<img loading=\"lazy\" decoding=\"async\" width=\"280\" height=\"396\" src=\"https:\/\/www.lidercare.com\/wp-content\/uploads\/patent-1.webp\" class=\"attachment-large size-large wp-image-35246\" alt=\"\">\t\t\t\t\t\t\t\t\t\t\t\t\t\t\t<\/div>\n\t\t\t\t<\/div>\n\t\t\t\t<div class=\"elementor-element elementor-element-cd7f9f6 elementor-widget elementor-widget-heading\" data-id=\"cd7f9f6\" data-element_type=\"widget\" data-e-type=\"widget\" data-widget_type=\"heading.default\">\n\t\t\t\t<div class=\"elementor-widget-container\">\n\t\t\t\t\t<h6 class=\"elementor-heading-title elementor-size-default\">B\u1eb1ng s\u00e1ng ch\u1ebf<\/h6>\t\t\t\t<\/div>\n\t\t\t\t<\/div>\n\t\t\t\t<\/div>\n\t\t<div class=\"elementor-element elementor-element-7ad8ae5 e-con-full e-flex e-con e-child\" data-id=\"7ad8ae5\" data-element_type=\"container\" data-e-type=\"container\">\n\t\t\t\t<div class=\"elementor-element elementor-element-7d46f39 elementor-widget elementor-widget-image\" data-id=\"7d46f39\" data-element_type=\"widget\" data-e-type=\"widget\" data-widget_type=\"image.default\">\n\t\t\t\t<div class=\"elementor-widget-container\">\n\t\t\t\t\t\t\t\t\t\t\t\t\t\t\t<img loading=\"lazy\" decoding=\"async\" width=\"280\" height=\"396\" src=\"https:\/\/www.lidercare.com\/wp-content\/uploads\/teeth-whitening-gel-MSDS.webp\" class=\"attachment-large size-large wp-image-35248\" alt=\"\">\t\t\t\t\t\t\t\t\t\t\t\t\t\t\t<\/div>\n\t\t\t\t<\/div>\n\t\t\t\t<div class=\"elementor-element elementor-element-09dd401 elementor-widget elementor-widget-heading\" data-id=\"09dd401\" data-element_type=\"widget\" data-e-type=\"widget\" data-widget_type=\"heading.default\">\n\t\t\t\t<div class=\"elementor-widget-container\">\n\t\t\t\t\t<h6 class=\"elementor-heading-title elementor-size-default\">Gel l\u00e0m tr\u1eafng r\u0103ng MSDS<\/h6>\t\t\t\t<\/div>\n\t\t\t\t<\/div>\n\t\t\t\t<\/div>\n\t\t\t\t\t<\/div>\n\t\t\t\t<\/div>\n\t\t\t\t\t<\/div>\n\t\t\t\t<\/div>\n\t\t<div class=\"elementor-element elementor-element-a31e144 e-flex e-con-boxed e-con e-parent\" data-id=\"a31e144\" data-element_type=\"container\" data-e-type=\"container\">\n\t\t\t\t\t<div class=\"e-con-inner\">\n\t\t\t\t<div class=\"elementor-element elementor-element-bf66aea elementor-widget elementor-widget-heading\" data-id=\"bf66aea\" data-element_type=\"widget\" data-e-type=\"widget\" data-widget_type=\"heading.default\">\n\t\t\t\t<div class=\"elementor-widget-container\">\n\t\t\t\t\t<h2 class=\"elementor-heading-title elementor-size-default\">B\u00e1o c\u00e1o v\u1ec1 PAP+ Teeth Whitening Gel<\/h2>\t\t\t\t<\/div>\n\t\t\t\t<\/div>\n\t\t<div class=\"elementor-element elementor-element-855fe92 e-flex e-con-boxed e-con e-child\" data-id=\"855fe92\" data-element_type=\"container\" data-e-type=\"container\">\n\t\t\t\t\t<div class=\"e-con-inner\">\n\t\t<div class=\"elementor-element elementor-element-c7322e8 e-con-full e-flex e-con e-child\" data-id=\"c7322e8\" data-element_type=\"container\" data-e-type=\"container\">\n\t\t\t\t<div class=\"elementor-element elementor-element-bfcf25f elementor-widget elementor-widget-image\" data-id=\"bfcf25f\" data-element_type=\"widget\" data-e-type=\"widget\" data-widget_type=\"image.default\">\n\t\t\t\t<div class=\"elementor-widget-container\">\n\t\t\t\t\t\t\t\t\t\t\t\t\t\t\t<img loading=\"lazy\" decoding=\"async\" width=\"280\" height=\"396\" src=\"https:\/\/www.lidercare.com\/wp-content\/uploads\/TRA-of-Australia-1.webp\" class=\"attachment-large size-large wp-image-35249\" alt=\"\">\t\t\t\t\t\t\t\t\t\t\t\t\t\t\t<\/div>\n\t\t\t\t<\/div>\n\t\t\t\t<div class=\"elementor-element elementor-element-e622bb3 elementor-widget elementor-widget-heading\" data-id=\"e622bb3\" data-element_type=\"widget\" data-e-type=\"widget\" data-widget_type=\"heading.default\">\n\t\t\t\t<div class=\"elementor-widget-container\">\n\t\t\t\t\t<h6 class=\"elementor-heading-title elementor-size-default\">TRA c\u1ee7a \u00dac<\/h6>\t\t\t\t<\/div>\n\t\t\t\t<\/div>\n\t\t\t\t<\/div>\n\t\t<div class=\"elementor-element elementor-element-7817e84 e-con-full e-flex e-con e-child\" data-id=\"7817e84\" data-element_type=\"container\" data-e-type=\"container\">\n\t\t\t\t<div class=\"elementor-element elementor-element-5623299 elementor-widget elementor-widget-image\" data-id=\"5623299\" data-element_type=\"widget\" data-e-type=\"widget\" data-widget_type=\"image.default\">\n\t\t\t\t<div class=\"elementor-widget-container\">\n\t\t\t\t\t\t\t\t\t\t\t\t\t\t\t<img loading=\"lazy\" decoding=\"async\" width=\"280\" height=\"396\" src=\"https:\/\/www.lidercare.com\/wp-content\/uploads\/TRA-of-US-1.webp\" class=\"attachment-large size-large wp-image-35250\" alt=\"\">\t\t\t\t\t\t\t\t\t\t\t\t\t\t\t<\/div>\n\t\t\t\t<\/div>\n\t\t\t\t<div class=\"elementor-element elementor-element-8e1d2b4 elementor-widget elementor-widget-heading\" data-id=\"8e1d2b4\" data-element_type=\"widget\" data-e-type=\"widget\" data-widget_type=\"heading.default\">\n\t\t\t\t<div class=\"elementor-widget-container\">\n\t\t\t\t\t<h6 class=\"elementor-heading-title elementor-size-default\">TRA c\u1ee7a Hoa K\u1ef3<\/h6>\t\t\t\t<\/div>\n\t\t\t\t<\/div>\n\t\t\t\t<\/div>\n\t\t<div class=\"elementor-element elementor-element-b8eb78c e-con-full e-flex e-con e-child\" data-id=\"b8eb78c\" data-element_type=\"container\" data-e-type=\"container\">\n\t\t\t\t<div class=\"elementor-element elementor-element-94f5b94 elementor-widget elementor-widget-image\" data-id=\"94f5b94\" data-element_type=\"widget\" data-e-type=\"widget\" data-widget_type=\"image.default\">\n\t\t\t\t<div class=\"elementor-widget-container\">\n\t\t\t\t\t\t\t\t\t\t\t\t\t\t\t<img loading=\"lazy\" decoding=\"async\" width=\"280\" height=\"396\" src=\"https:\/\/www.lidercare.com\/wp-content\/uploads\/CPSR-of-EU-1.webp\" class=\"attachment-large size-large wp-image-35243\" alt=\"\">\t\t\t\t\t\t\t\t\t\t\t\t\t\t\t<\/div>\n\t\t\t\t<\/div>\n\t\t\t\t<div class=\"elementor-element elementor-element-4e0f6cc elementor-widget elementor-widget-heading\" data-id=\"4e0f6cc\" data-element_type=\"widget\" data-e-type=\"widget\" data-widget_type=\"heading.default\">\n\t\t\t\t<div class=\"elementor-widget-container\">\n\t\t\t\t\t<h6 class=\"elementor-heading-title elementor-size-default\">CPSR c\u1ee7a EU<\/h6>\t\t\t\t<\/div>\n\t\t\t\t<\/div>\n\t\t\t\t<\/div>\n\t\t<div class=\"elementor-element elementor-element-c33e643 e-con-full e-flex e-con e-child\" data-id=\"c33e643\" data-element_type=\"container\" data-e-type=\"container\">\n\t\t\t\t<div class=\"elementor-element elementor-element-c2f2b29 elementor-widget elementor-widget-image\" data-id=\"c2f2b29\" data-element_type=\"widget\" data-e-type=\"widget\" data-widget_type=\"image.default\">\n\t\t\t\t<div class=\"elementor-widget-container\">\n\t\t\t\t\t\t\t\t\t\t\t\t\t\t\t<img loading=\"lazy\" decoding=\"async\" width=\"280\" height=\"396\" src=\"https:\/\/www.lidercare.com\/wp-content\/uploads\/CPSR-of-UK-1.webp\" class=\"attachment-large size-large wp-image-35244\" alt=\"\">\t\t\t\t\t\t\t\t\t\t\t\t\t\t\t<\/div>\n\t\t\t\t<\/div>\n\t\t\t\t<div class=\"elementor-element elementor-element-40f9fe8 elementor-widget elementor-widget-heading\" data-id=\"40f9fe8\" data-element_type=\"widget\" data-e-type=\"widget\" data-widget_type=\"heading.default\">\n\t\t\t\t<div class=\"elementor-widget-container\">\n\t\t\t\t\t<h6 class=\"elementor-heading-title elementor-size-default\">CPSR c\u1ee7a V\u01b0\u01a1ng qu\u1ed1c Anh<\/h6>\t\t\t\t<\/div>\n\t\t\t\t<\/div>\n\t\t\t\t<\/div>\n\t\t\t\t\t<\/div>\n\t\t\t\t<\/div>\n\t\t\t\t\t<\/div>\n\t\t\t\t<\/div>\n\t\t<div class=\"elementor-element elementor-element-6701719a e-flex e-con-boxed e-con e-parent\" data-id=\"6701719a\" data-element_type=\"container\" data-e-type=\"container\">\n\t\t\t\t\t<div class=\"e-con-inner\">\n\t\t<div class=\"elementor-element elementor-element-e001b98 e-con-full e-flex e-con e-child\" data-id=\"e001b98\" data-element_type=\"container\" data-e-type=\"container\">\n\t\t\t\t<div class=\"elementor-element elementor-element-44292eec elementor-widget elementor-widget-heading\" data-id=\"44292eec\" data-element_type=\"widget\" data-e-type=\"widget\" data-widget_type=\"heading.default\">\n\t\t\t\t<div class=\"elementor-widget-container\">\n\t\t\t\t\t<h2 class=\"elementor-heading-title elementor-size-default\">M\u1eabu tr\u01b0\u1edbc khi \u0111\u1eb7t h\u00e0ng s\u1ed1 l\u01b0\u1ee3ng l\u1edbn<\/h2>\t\t\t\t<\/div>\n\t\t\t\t<\/div>\n\t\t\t\t<div class=\"elementor-element elementor-element-c712d3f elementor-widget elementor-widget-text-editor\" data-id=\"c712d3f\" data-element_type=\"widget\" data-e-type=\"widget\" data-widget_type=\"text-editor.default\">\n\t\t\t\t<div class=\"elementor-widget-container\">\n\t\t\t\t\t\t\t\t\t<p>Ch\u00fang t\u00f4i c\u00f3 nhi\u1ec1u l\u1ef1a ch\u1ecdn m\u1eabu s\u1ea3n ph\u1ea9m u\u1ed1ng \u0111\u1ec3 gi\u00fap c\u1ee7ng c\u1ed1 l\u1ee3i \u00edch c\u1ee7a vi\u1ec7c h\u1ee3p t\u00e1c v\u1edbi Lidercare \u2013 ch\u00fang t\u00f4i m\u1eddi b\u1ea1n y\u00eau c\u1ea7u c\u00e1c m\u1eabu c\u1ee7a ch\u00fang t\u00f4i \u0111\u1ec3 gi\u00fap b\u1ea1n ch\u1ee9ng minh trong th\u1ef1c t\u1ebf.<br><br>Li\u00ean h\u1ec7 tr\u1ef1c ti\u1ebfp v\u1edbi nh\u00f3m b\u00e1n h\u00e0ng c\u1ee7a ch\u00fang t\u00f4i v\u00e0 ch\u00fang t\u00f4i s\u1ebd li\u00ean h\u1ec7 l\u1ea1i v\u1edbi b\u1ea1n sau v\u00e0i ph\u00fat!<\/p>\t\t\t\t\t\t\t\t<\/div>\n\t\t\t\t<\/div>\n\t\t\t\t<div class=\"elementor-element elementor-element-4806b3d0 elementor-widget elementor-widget-button\" data-id=\"4806b3d0\" data-element_type=\"widget\" data-e-type=\"widget\" data-widget_type=\"button.default\">\n\t\t\t\t<div class=\"elementor-widget-container\">\n\t\t\t\t\t\t\t\t\t<div class=\"elementor-button-wrapper\">\n\t\t\t\t\t<a class=\"elementor-button elementor-button-link elementor-size-sm\" href=\"#elementor-action%3Aaction%3Dpopup%3Aopen%26settings%3DeyJpZCI6NzQwNDksInRvZ2dsZSI6ZmFsc2V9\">\n\t\t\t\t\t\t<span class=\"elementor-button-content-wrapper\">\n\t\t\t\t\t\t\t\t\t<span class=\"elementor-button-text\">Y\u00eau c\u1ea7u m\u1eabu<\/span>\n\t\t\t\t\t<\/span>\n\t\t\t\t\t<\/a>\n\t\t\t\t<\/div>\n\t\t\t\t\t\t\t\t<\/div>\n\t\t\t\t<\/div>\n\t\t\t\t<\/div>\n\t\t<div class=\"elementor-element elementor-element-1aa15798 e-con-full e-flex e-con e-child\" data-id=\"1aa15798\" data-element_type=\"container\" data-e-type=\"container\">\n\t\t\t\t<div class=\"elementor-element elementor-element-2ef26f64 elementor-widget elementor-widget-image\" data-id=\"2ef26f64\" data-element_type=\"widget\" data-e-type=\"widget\" data-widget_type=\"image.default\">\n\t\t\t\t<div class=\"elementor-widget-container\">\n\t\t\t\t\t\t\t\t\t\t\t\t\t\t\t<img loading=\"lazy\" decoding=\"async\" width=\"800\" height=\"800\" src=\"https:\/\/www.lidercare.com\/wp-content\/uploads\/Multifunctional-Toothpaste-Set-1.webp\" class=\"attachment-large size-large wp-image-30074\" alt=\"\" srcset=\"https:\/\/www.lidercare.com\/wp-content\/uploads\/Multifunctional-Toothpaste-Set-1.webp 800w, https:\/\/www.lidercare.com\/wp-content\/uploads\/Multifunctional-Toothpaste-Set-1-300x300.webp 300w, https:\/\/www.lidercare.com\/wp-content\/uploads\/Multifunctional-Toothpaste-Set-1-100x100.webp 100w, https:\/\/www.lidercare.com\/wp-content\/uploads\/Multifunctional-Toothpaste-Set-1-600x600.webp 600w, https:\/\/www.lidercare.com\/wp-content\/uploads\/Multifunctional-Toothpaste-Set-1-500x500.webp 500w, https:\/\/www.lidercare.com\/wp-content\/uploads\/Multifunctional-Toothpaste-Set-1-768x768.webp 768w\" sizes=\"(max-width: 800px) 100vw, 800px\">\t\t\t\t\t\t\t\t\t\t\t\t\t\t\t<\/div>\n\t\t\t\t<\/div>\n\t\t\t\t<\/div>\n\t\t\t\t\t<\/div>\n\t\t\t\t<\/div>\n\t\t\t\t<\/div>\n\t\t","protected":false},"excerpt":{"rendered":"<p>Ch\u1ee9ng nh\u1eadn Lidercare Cam k\u1ebft an to\u00e0n v\u00e0 ti\u00eau chu\u1ea9n ch\u1ea5t l\u01b0\u1ee3ng cao nh\u1ea5t. Home B\u1eb1ng s\u00e1ng ch\u1ebf, ch\u1ee9ng nh\u1eadn, gi\u1ea3i th\u01b0\u1edfng C\u00e1c s\u1ea3n ph\u1ea9m ch\u0103m s\u00f3c r\u0103ng mi\u1ec7ng v\u00e0 l\u00e0m tr\u1eafng r\u0103ng th\u01b0\u1eddng \u0111\u01b0\u1ee3c coi l\u00e0 an to\u00e0n v\u00e0 \u0111\u01b0\u1ee3c ph\u00e2n lo\u1ea1i l\u00e0 s\u1ea3n ph\u1ea9m m\u1ef9 ph\u1ea9m tr\u00ean th\u1ebf gi\u1edbi. Nh\u01b0 v\u1edbi t\u1ea5t c\u1ea3 [&hellip;]<\/p>\n","protected":false},"author":1,"featured_media":33353,"parent":0,"menu_order":0,"comment_status":"closed","ping_status":"closed","template":"","meta":{"_acf_changed":false,"footnotes":""},"class_list":["post-35238","page","type-page","status-publish","has-post-thumbnail","hentry"],"acf":[],"_links":{"self":[{"href":"https:\/\/www.lidercare.com\/vi\/wp-json\/wp\/v2\/pages\/35238","targetHints":{"allow":["GET"]}}],"collection":[{"href":"https:\/\/www.lidercare.com\/vi\/wp-json\/wp\/v2\/pages"}],"about":[{"href":"https:\/\/www.lidercare.com\/vi\/wp-json\/wp\/v2\/types\/page"}],"author":[{"embeddable":true,"href":"https:\/\/www.lidercare.com\/vi\/wp-json\/wp\/v2\/users\/1"}],"replies":[{"embeddable":true,"href":"https:\/\/www.lidercare.com\/vi\/wp-json\/wp\/v2\/comments?post=35238"}],"version-history":[{"count":13,"href":"https:\/\/www.lidercare.com\/vi\/wp-json\/wp\/v2\/pages\/35238\/revisions"}],"predecessor-version":[{"id":91668,"href":"https:\/\/www.lidercare.com\/vi\/wp-json\/wp\/v2\/pages\/35238\/revisions\/91668"}],"wp:featuredmedia":[{"embeddable":true,"href":"https:\/\/www.lidercare.com\/vi\/wp-json\/wp\/v2\/media\/33353"}],"wp:attachment":[{"href":"https:\/\/www.lidercare.com\/vi\/wp-json\/wp\/v2\/media?parent=35238"}],"curies":[{"name":"wp","href":"https:\/\/api.w.org\/{rel}","templated":true}]}}