{"id":33360,"date":"2023-08-14T16:14:40","date_gmt":"2023-08-14T08:14:40","guid":{"rendered":"https:\/\/www.lidercare.com\/spa-lam-trang-rang-supplies\/"},"modified":"2026-03-31T17:37:06","modified_gmt":"2026-03-31T09:37:06","slug":"spa-lam-trang-rang-supplies","status":"publish","type":"page","link":"https:\/\/www.lidercare.com\/vi\/spa-lam-trang-rang-supplies\/","title":{"rendered":"V\u1eadt t\u01b0 l\u00e0m tr\u1eafng r\u0103ng Spa"},"content":{"rendered":"\t\t<div data-elementor-type=\"wp-page\" data-elementor-id=\"33360\" class=\"elementor elementor-33360 elementor-4011\" data-elementor-post-type=\"page\">\n\t\t\t\t<div class=\"elementor-element elementor-element-14b309dd e-flex e-con-boxed e-con e-parent\" data-id=\"14b309dd\" data-element_type=\"container\" data-e-type=\"container\" data-settings=\"{&quot;background_background&quot;:&quot;gradient&quot;}\">\n\t\t\t\t\t<div class=\"e-con-inner\">\n\t\t\t\t<div class=\"elementor-element elementor-element-51c742fe elementor-widget elementor-widget-heading\" data-id=\"51c742fe\" data-element_type=\"widget\" data-e-type=\"widget\" data-widget_type=\"heading.default\">\n\t\t\t\t<div class=\"elementor-widget-container\">\n\t\t\t\t\t<h1 class=\"elementor-heading-title elementor-size-default\">V\u1eadt t\u01b0 l\u00e0m tr\u1eafng r\u0103ng Spa<\/h1>\t\t\t\t<\/div>\n\t\t\t\t<\/div>\n\t\t\t\t<div class=\"elementor-element elementor-element-c0fbb34 elementor-widget elementor-widget-text-editor\" data-id=\"c0fbb34\" data-element_type=\"widget\" data-e-type=\"widget\" data-widget_type=\"text-editor.default\">\n\t\t\t\t<div class=\"elementor-widget-container\">\n\t\t\t\t\t\t\t\t\t<p>Nh\u1eadn ngu\u1ed3n cung c\u1ea5p l\u00e0m tr\u1eafng r\u0103ng s\u1ed1 l\u01b0\u1ee3ng l\u1edbn t\u1eeb nh\u00e0 m\u00e1y l\u00e0m tr\u1eafng r\u0103ng c\u1ee7a ch\u00fang t\u00f4i ngay h\u00f4m nay!<\/p>\t\t\t\t\t\t\t\t<\/div>\n\t\t\t\t<\/div>\n\t\t\t\t<div class=\"elementor-element elementor-element-38960b1 elementor-widget elementor-widget-breadcrumbs\" data-id=\"38960b1\" data-element_type=\"widget\" data-e-type=\"widget\" data-widget_type=\"breadcrumbs.default\">\n\t\t\t\t<div class=\"elementor-widget-container\">\n\t\t\t\t\t<nav><span class=\"last\">Trang ch\u1ee7<\/span><\/nav>\t\t\t\t<\/div>\n\t\t\t\t<\/div>\n\t\t\t\t\t<\/div>\n\t\t\t\t<\/div>\n\t\t<div class=\"elementor-element elementor-element-49752b4 e-flex e-con-boxed e-con e-parent\" data-id=\"49752b4\" data-element_type=\"container\" data-e-type=\"container\" data-settings=\"{&quot;background_background&quot;:&quot;classic&quot;}\">\n\t\t\t\t\t<div class=\"e-con-inner\">\n\t\t<div class=\"elementor-element elementor-element-e183fbe e-flex e-con-boxed e-con e-child\" data-id=\"e183fbe\" data-element_type=\"container\" data-e-type=\"container\">\n\t\t\t\t\t<div class=\"e-con-inner\">\n\t\t\t\t<div class=\"elementor-element elementor-element-a1d0154 elementor-widget elementor-widget-heading\" data-id=\"a1d0154\" data-element_type=\"widget\" data-e-type=\"widget\" data-widget_type=\"heading.default\">\n\t\t\t\t<div class=\"elementor-widget-container\">\n\t\t\t\t\t<h2 class=\"elementor-heading-title elementor-size-default\">\u1ed0ng ti\u00eam v\u00e0 b\u00fat gel l\u00e0m tr\u1eafng r\u0103ng cho th\u1ea9m m\u1ef9 vi\u1ec7n, spa v\u00e0 tr\u01b0\u1eddng \u0111\u00e0o t\u1ea1o.<\/h2>\t\t\t\t<\/div>\n\t\t\t\t<\/div>\n\t\t\t\t<div class=\"elementor-element elementor-element-511a5da elementor-widget elementor-widget-text-editor\" data-id=\"511a5da\" data-element_type=\"widget\" data-e-type=\"widget\" data-widget_type=\"text-editor.default\">\n\t\t\t\t<div class=\"elementor-widget-container\">\n\t\t\t\t\t\t\t\t\t<p>Bao b\u00ec t\u00f9y ch\u1ec9nh v\u1edbi logo ph\u00f2ng kh\u00e1m ho\u1eb7c th\u1ea9m m\u1ef9 vi\u1ec7n. Bao b\u00ec t\u00fai r\u1ea5t ph\u1ed5 bi\u1ebfn ho\u1eb7c b\u1ea1n c\u00f3 th\u1ec3 t\u00f9y ch\u1ec9nh h\u1ed9p c\u1eeda h\u00e0ng \u0111\u1ec3 c\u1ea3i thi\u1ec7n c\u1ea3m gi\u00e1c tinh t\u1ebf. <\/p><ul><li>Bao b\u00ec t\u00f9y ch\u1ec9nh<\/li><li>S\u1ed1 l\u01b0\u1ee3ng <a class=\"link-whisper\" title=\"Gel l\u00e0m tr\u1eafng cho th\u00fa c\u01b0ng\" href=\"https:\/\/www.lidercare.com\/vi\/product\/gel-lam-trang-da-thu-cung\/\" target=\"_blank\" rel=\"noopener\" data-wpil-monitor-id=\"1398\">gel l\u00e0m tr\u1eafng theo<\/a> y\u00eau c\u1ea7u<\/li><li>Th\u1eddi gian giao h\u00e0ng ng\u1eafn trong 7 ng\u00e0y<\/li><li>MOQ th\u1ea5p cho \u0111\u01a1n \u0111\u1eb7t h\u00e0ng linh ho\u1ea1t<\/li><\/ul>\t\t\t\t\t\t\t\t<\/div>\n\t\t\t\t<\/div>\n\t\t\t\t<div class=\"elementor-element elementor-element-846fb7f elementor-widget elementor-widget-button\" data-id=\"846fb7f\" data-element_type=\"widget\" data-e-type=\"widget\" data-widget_type=\"button.default\">\n\t\t\t\t<div class=\"elementor-widget-container\">\n\t\t\t\t\t\t\t\t\t<div class=\"elementor-button-wrapper\">\n\t\t\t\t\t<a class=\"elementor-button elementor-button-link elementor-size-sm\" href=\"#elementor-action%3Aaction%3Dpopup%3Aopen%26settings%3DeyJpZCI6NzQwNDksInRvZ2dsZSI6ZmFsc2V9\">\n\t\t\t\t\t\t<span class=\"elementor-button-content-wrapper\">\n\t\t\t\t\t\t\t\t\t<span class=\"elementor-button-text\">Y\u00eau c\u1ea7u m\u1eabu mi\u1ec5n ph\u00ed<\/span>\n\t\t\t\t\t<\/span>\n\t\t\t\t\t<\/a>\n\t\t\t\t<\/div>\n\t\t\t\t\t\t\t\t<\/div>\n\t\t\t\t<\/div>\n\t\t\t\t\t<\/div>\n\t\t\t\t<\/div>\n\t\t<div class=\"elementor-element elementor-element-ec201d4 e-flex e-con-boxed e-con e-child\" data-id=\"ec201d4\" data-element_type=\"container\" data-e-type=\"container\">\n\t\t\t\t\t<div class=\"e-con-inner\">\n\t\t\t\t<div class=\"elementor-element elementor-element-c883843 elementor-widget elementor-widget-image\" data-id=\"c883843\" data-element_type=\"widget\" data-e-type=\"widget\" data-widget_type=\"image.default\">\n\t\t\t\t<div class=\"elementor-widget-container\">\n\t\t\t\t\t\t\t\t\t\t\t\t\t\t\t<img fetchpriority=\"high\" decoding=\"async\" width=\"1506\" height=\"1063\" src=\"https:\/\/www.lidercare.com\/wp-content\/uploads\/Teeth-Whitening-Kit-Manufacturers.webp\" class=\"attachment-large size-large wp-image-32560\" alt=\"\" srcset=\"https:\/\/www.lidercare.com\/wp-content\/uploads\/Teeth-Whitening-Kit-Manufacturers.webp 1506w, https:\/\/www.lidercare.com\/wp-content\/uploads\/Teeth-Whitening-Kit-Manufacturers-600x424.webp 600w, https:\/\/www.lidercare.com\/wp-content\/uploads\/Teeth-Whitening-Kit-Manufacturers-768x542.webp 768w\" sizes=\"(max-width: 1506px) 100vw, 1506px\">\t\t\t\t\t\t\t\t\t\t\t\t\t\t\t<\/div>\n\t\t\t\t<\/div>\n\t\t\t\t\t<\/div>\n\t\t\t\t<\/div>\n\t\t\t\t\t<\/div>\n\t\t\t\t<\/div>\n\t\t<div class=\"elementor-element elementor-element-68db04c e-flex e-con-boxed e-con e-parent\" data-id=\"68db04c\" data-element_type=\"container\" data-e-type=\"container\">\n\t\t\t\t\t<div class=\"e-con-inner\">\n\t\t\t\t<div class=\"elementor-element elementor-element-99f3cb3 elementor-widget elementor-widget-heading\" data-id=\"99f3cb3\" data-element_type=\"widget\" data-e-type=\"widget\" data-widget_type=\"heading.default\">\n\t\t\t\t<div class=\"elementor-widget-container\">\n\t\t\t\t\t<h2 class=\"elementor-heading-title elementor-size-default\">Lidercare h\u1ed7 tr\u1ee3 doanh nghi\u1ec7p c\u1ee7a b\u1ea1n nh\u01b0 th\u1ebf n\u00e0o?<\/h2>\t\t\t\t<\/div>\n\t\t\t\t<\/div>\n\t\t\t\t<div class=\"elementor-element elementor-element-5bd1acd elementor-widget elementor-widget-text-editor\" data-id=\"5bd1acd\" data-element_type=\"widget\" data-e-type=\"widget\" data-widget_type=\"text-editor.default\">\n\t\t\t\t<div class=\"elementor-widget-container\">\n\t\t\t\t\t\t\t\t\t<p>V\u1eadt t\u01b0 l\u00e0m tr\u1eafng r\u0103ng c\u1ea5p th\u1ea9m m\u1ef9 vi\u1ec7n t\u1eeb nh\u00e0 s\u1ea3n xu\u1ea5t \u0111\u01b0\u1ee3c ch\u1ee9ng nh\u1eadn. Ch\u00fang t\u00f4i \u0111\u01b0\u1ee3c m\u1ed9t s\u1ed1 th\u01b0\u01a1ng hi\u1ec7u l\u00e0m tr\u1eafng r\u0103ng h\u00e0ng \u0111\u1ea7u tin t\u01b0\u1edfng v\u00e0 ch\u00fang t\u00f4i c\u0169ng s\u1eb5n s\u00e0ng h\u1ee3p t\u00e1c v\u1edbi b\u1ea1n.<\/p>\t\t\t\t\t\t\t\t<\/div>\n\t\t\t\t<\/div>\n\t\t<div class=\"elementor-element elementor-element-bba843e e-flex e-con-boxed e-con e-child\" data-id=\"bba843e\" data-element_type=\"container\" data-e-type=\"container\">\n\t\t\t\t\t<div class=\"e-con-inner\">\n\t\t<div class=\"elementor-element elementor-element-4d37975 e-flex e-con-boxed e-con e-child\" data-id=\"4d37975\" data-element_type=\"container\" data-e-type=\"container\" data-settings=\"{&quot;background_background&quot;:&quot;classic&quot;}\">\n\t\t\t\t\t<div class=\"e-con-inner\">\n\t\t\t\t<div class=\"elementor-element elementor-element-3151b96 elementor-widget elementor-widget-heading\" data-id=\"3151b96\" data-element_type=\"widget\" data-e-type=\"widget\" data-widget_type=\"heading.default\">\n\t\t\t\t<div class=\"elementor-widget-container\">\n\t\t\t\t\t<h3 class=\"elementor-heading-title elementor-size-default\">\u0110\u1ed1i v\u1edbi Spa &amp; Salon<\/h3>\t\t\t\t<\/div>\n\t\t\t\t<\/div>\n\t\t\t\t<div class=\"elementor-element elementor-element-dea25b7 elementor-icon-list--layout-traditional elementor-list-item-link-full_width elementor-widget elementor-widget-icon-list\" data-id=\"dea25b7\" data-element_type=\"widget\" data-e-type=\"widget\" data-widget_type=\"icon-list.default\">\n\t\t\t\t<div class=\"elementor-widget-container\">\n\t\t\t\t\t\t\t<ul class=\"elementor-icon-list-items\">\n\t\t\t\t\t\t\t<li class=\"elementor-icon-list-item\">\n\t\t\t\t\t\t\t\t\t\t\t<span class=\"elementor-icon-list-icon\">\n\t\t\t\t\t\t\t<svg aria-hidden=\"true\" class=\"e-font-icon-svg e-fas-check-circle\" viewBox=\"0 0 512 512\" xmlns=\"http:\/\/www.w3.org\/2000\/svg\"><path d=\"M504 256c0 136.967-111.033 248-248 248S8 392.967 8 256 119.033 8 256 8s248 111.033 248 248zM227.314 387.314l184-184c6.248-6.248 6.248-16.379 0-22.627l-22.627-22.627c-6.248-6.249-16.379-6.249-22.628 0L216 308.118l-70.059-70.059c-6.248-6.248-16.379-6.248-22.628 0l-22.627 22.627c-6.248 6.248-6.248 16.379 0 22.627l104 104c6.249 6.249 16.379 6.249 22.628.001z\"><\/path><\/svg>\t\t\t\t\t\t<\/span>\n\t\t\t\t\t\t\t\t\t\t<span class=\"elementor-icon-list-text\">Ngu\u1ed3n cung c\u1ea5p <\/br> <strong>tr\u1ef1c ti\u1ebfp t\u1ea1i nh\u00e0 m\u00e1y<\/strong>Kh\u00f4ng c\u1ea7n \u0111\u1eb7t h\u00e0ng c\u00e1c s\u1ea3n ph\u1ea9m \u0111\u1eaft ti\u1ec1n t\u1eeb c\u00e1c nh\u00e0 b\u00e1n bu\u00f4n ho\u1eb7c \u0111\u1ea1i l\u00fd. Nh\u1eadn v\u1eadt t\u01b0 l\u00e0m tr\u1eafng nh\u00e3n hi\u1ec7u ri\u00eang v\u1edbi gi\u00e1 xu\u1ea5t x\u01b0\u1edfng. <\/span>\n\t\t\t\t\t\t\t\t\t<\/li>\n\t\t\t\t\t\t\t\t<li class=\"elementor-icon-list-item\">\n\t\t\t\t\t\t\t\t\t\t\t<span class=\"elementor-icon-list-icon\">\n\t\t\t\t\t\t\t<svg aria-hidden=\"true\" class=\"e-font-icon-svg e-fas-check-circle\" viewBox=\"0 0 512 512\" xmlns=\"http:\/\/www.w3.org\/2000\/svg\"><path d=\"M504 256c0 136.967-111.033 248-248 248S8 392.967 8 256 119.033 8 256 8s248 111.033 248 248zM227.314 387.314l184-184c6.248-6.248 6.248-16.379 0-22.627l-22.627-22.627c-6.248-6.249-16.379-6.249-22.628 0L216 308.118l-70.059-70.059c-6.248-6.248-16.379-6.248-22.628 0l-22.627 22.627c-6.248 6.248-6.248 16.379 0 22.627l104 104c6.249 6.249 16.379 6.249 22.628.001z\"><\/path><\/svg>\t\t\t\t\t\t<\/span>\n\t\t\t\t\t\t\t\t\t\t<span class=\"elementor-icon-list-text\">X\u00e2y <strong>d\u1ef1ng th\u01b0\u01a1ng hi\u1ec7u<\/strong><\/br> t\u00f9y ch\u1ec9nhBao b\u00ec t\u00f9y ch\u1ec9nh trong logo c\u1ee7a b\u1ea1n, m\u00e0u s\u1eafc th\u01b0\u01a1ng hi\u1ec7u, h\u1ed9p bao b\u00ec \u0111\u1eb7t tr\u01b0\u1edbc, c\u00e1c ph\u1ee5 ki\u1ec7n nh\u01b0 thi\u1ec7p c\u1ea3m \u01a1n.<\/span>\n\t\t\t\t\t\t\t\t\t<\/li>\n\t\t\t\t\t\t\t\t<li class=\"elementor-icon-list-item\">\n\t\t\t\t\t\t\t\t\t\t\t<span class=\"elementor-icon-list-icon\">\n\t\t\t\t\t\t\t<svg aria-hidden=\"true\" class=\"e-font-icon-svg e-fas-check-circle\" viewBox=\"0 0 512 512\" xmlns=\"http:\/\/www.w3.org\/2000\/svg\"><path d=\"M504 256c0 136.967-111.033 248-248 248S8 392.967 8 256 119.033 8 256 8s248 111.033 248 248zM227.314 387.314l184-184c6.248-6.248 6.248-16.379 0-22.627l-22.627-22.627c-6.248-6.249-16.379-6.249-22.628 0L216 308.118l-70.059-70.059c-6.248-6.248-16.379-6.248-22.628 0l-22.627 22.627c-6.248 6.248-6.248 16.379 0 22.627l104 104c6.249 6.249 16.379 6.249 22.628.001z\"><\/path><\/svg>\t\t\t\t\t\t<\/span>\n\t\t\t\t\t\t\t\t\t\t<span class=\"elementor-icon-list-text\"> <strong> MOQ th\u1ea5p \u0111\u1ec3 b\u1eaft \u0111\u1ea7u<\/strong><\/br>\u0110\u1ed1i v\u1edbi c\u00e1c ti\u1ec7m, c\u00e1c s\u1ea3n ph\u1ea9m l\u00e0m tr\u1eafng r\u0103ng s\u1eed d\u1ee5ng t\u1ea1i nh\u00e0 l\u00e0 th\u1ee9 y\u1ebfu so v\u1edbi d\u1ecbch v\u1ee5 th\u1ea9m m\u1ef9 vi\u1ec7n c\u1ee7a b\u1ea1n, t\u1ea1i sao kh\u00f4ng b\u1eaft \u0111\u1ea7u t\u1eeb kh\u1ed1i l\u01b0\u1ee3ng th\u1ea5p \u0111\u1ec3 ki\u1ec3m tra kh\u00e1ch h\u00e0ng c\u1ee7a b\u1ea1n?<\/span>\n\t\t\t\t\t\t\t\t\t<\/li>\n\t\t\t\t\t\t\t\t<li class=\"elementor-icon-list-item\">\n\t\t\t\t\t\t\t\t\t\t\t<span class=\"elementor-icon-list-icon\">\n\t\t\t\t\t\t\t<svg aria-hidden=\"true\" class=\"e-font-icon-svg e-fas-check-circle\" viewBox=\"0 0 512 512\" xmlns=\"http:\/\/www.w3.org\/2000\/svg\"><path d=\"M504 256c0 136.967-111.033 248-248 248S8 392.967 8 256 119.033 8 256 8s248 111.033 248 248zM227.314 387.314l184-184c6.248-6.248 6.248-16.379 0-22.627l-22.627-22.627c-6.248-6.249-16.379-6.249-22.628 0L216 308.118l-70.059-70.059c-6.248-6.248-16.379-6.248-22.628 0l-22.627 22.627c-6.248 6.248-6.248 16.379 0 22.627l104 104c6.249 6.249 16.379 6.249 22.628.001z\"><\/path><\/svg>\t\t\t\t\t\t<\/span>\n\t\t\t\t\t\t\t\t\t\t<span class=\"elementor-icon-list-text\">T\u00f9y ch\u1ecdn <\/br> <strong>phong c\u00e1ch kh\u00e1c nhau<\/strong>L\u00e0 m\u1ed9t nh\u00e0 s\u1ea3n xu\u1ea5t, ch\u00fang t\u00f4i kh\u00f4ng ch\u1ec9 s\u1edf h\u1eefu nhi\u1ec1u ki\u1ec3u d\u00e1ng s\u1ea3n ph\u1ea9m ph\u1ed5 bi\u1ebfn m\u00e0 c\u00f2n c\u00f3 kh\u1ea3 n\u0103ng t\u1ea1o ra c\u00e1c \u0111\u01b0\u1eddng g\u1edd ri\u00eang.<\/span>\n\t\t\t\t\t\t\t\t\t<\/li>\n\t\t\t\t\t\t<\/ul>\n\t\t\t\t\t\t<\/div>\n\t\t\t\t<\/div>\n\t\t\t\t\t<\/div>\n\t\t\t\t<\/div>\n\t\t<div class=\"elementor-element elementor-element-b2ed9e6 e-flex e-con-boxed e-con e-child\" data-id=\"b2ed9e6\" data-element_type=\"container\" data-e-type=\"container\" data-settings=\"{&quot;background_background&quot;:&quot;classic&quot;}\">\n\t\t\t\t\t<div class=\"e-con-inner\">\n\t\t\t\t<div class=\"elementor-element elementor-element-8921164 elementor-widget elementor-widget-heading\" data-id=\"8921164\" data-element_type=\"widget\" data-e-type=\"widget\" data-widget_type=\"heading.default\">\n\t\t\t\t<div class=\"elementor-widget-container\">\n\t\t\t\t\t<h3 class=\"elementor-heading-title elementor-size-default\">\u0110\u1ed1i v\u1edbi \u0111\u00e0o t\u1ea1o l\u00e0m tr\u1eafng r\u0103ng<\/h3>\t\t\t\t<\/div>\n\t\t\t\t<\/div>\n\t\t\t\t<div class=\"elementor-element elementor-element-9ea5dd2 elementor-icon-list--layout-traditional elementor-list-item-link-full_width elementor-widget elementor-widget-icon-list\" data-id=\"9ea5dd2\" data-element_type=\"widget\" data-e-type=\"widget\" data-widget_type=\"icon-list.default\">\n\t\t\t\t<div class=\"elementor-widget-container\">\n\t\t\t\t\t\t\t<ul class=\"elementor-icon-list-items\">\n\t\t\t\t\t\t\t<li class=\"elementor-icon-list-item\">\n\t\t\t\t\t\t\t\t\t\t\t<span class=\"elementor-icon-list-icon\">\n\t\t\t\t\t\t\t<svg aria-hidden=\"true\" class=\"e-font-icon-svg e-fas-check-circle\" viewBox=\"0 0 512 512\" xmlns=\"http:\/\/www.w3.org\/2000\/svg\"><path d=\"M504 256c0 136.967-111.033 248-248 248S8 392.967 8 256 119.033 8 256 8s248 111.033 248 248zM227.314 387.314l184-184c6.248-6.248 6.248-16.379 0-22.627l-22.627-22.627c-6.248-6.249-16.379-6.249-22.628 0L216 308.118l-70.059-70.059c-6.248-6.248-16.379-6.248-22.628 0l-22.627 22.627c-6.248 6.248-6.248 16.379 0 22.627l104 104c6.249 6.249 16.379 6.249 22.628.001z\"><\/path><\/svg>\t\t\t\t\t\t<\/span>\n\t\t\t\t\t\t\t\t\t\t<span class=\"elementor-icon-list-text\">Gi\u1ea3m gi\u00e1 <\/br> <strong>kh\u1ed1i l\u01b0\u1ee3ng l\u1edbn<\/strong>\u0110\u1ec3 gi\u00fap b\u1ea1n d\u1ef1 tr\u1eef c\u00e1c s\u1ea3n ph\u1ea9m l\u00e0m tr\u1eafng r\u0103ng v\u00e0 ti\u1ebft ki\u1ec7m h\u01a1n, gi\u1ea3m gi\u00e1 s\u1ed1 l\u01b0\u1ee3ng l\u1edbn \u0111\u01b0\u1ee3c cung c\u1ea5p \u0111\u1ec3 cung c\u1ea5p cho b\u1ea1n m\u1ee9c gi\u00e1 t\u1ed1t h\u01a1n.<\/span>\n\t\t\t\t\t\t\t\t\t<\/li>\n\t\t\t\t\t\t\t\t<li class=\"elementor-icon-list-item\">\n\t\t\t\t\t\t\t\t\t\t\t<span class=\"elementor-icon-list-icon\">\n\t\t\t\t\t\t\t<svg aria-hidden=\"true\" class=\"e-font-icon-svg e-fas-check-circle\" viewBox=\"0 0 512 512\" xmlns=\"http:\/\/www.w3.org\/2000\/svg\"><path d=\"M504 256c0 136.967-111.033 248-248 248S8 392.967 8 256 119.033 8 256 8s248 111.033 248 248zM227.314 387.314l184-184c6.248-6.248 6.248-16.379 0-22.627l-22.627-22.627c-6.248-6.249-16.379-6.249-22.628 0L216 308.118l-70.059-70.059c-6.248-6.248-16.379-6.248-22.628 0l-22.627 22.627c-6.248 6.248-6.248 16.379 0 22.627l104 104c6.249 6.249 16.379 6.249 22.628.001z\"><\/path><\/svg>\t\t\t\t\t\t<\/span>\n\t\t\t\t\t\t\t\t\t\t<span class=\"elementor-icon-list-text\">S\u1ea3n ph\u1ea9m <\/br> <strong>s\u1eb5n s\u00e0ng b\u00e1n l\u1ebb<\/strong>T\u1ea5t c\u1ea3 c\u00e1c s\u1ea3n ph\u1ea9m \u0111\u1ec1u s\u1eb5n s\u00e0ng b\u00e1n l\u1ebb \u0111\u1ec3 h\u1ed7 tr\u1ee3 c\u00e1c gi\u1ea3ng vi\u00ean v\u00e0 sinh vi\u00ean tr\u01b0\u1eddng h\u1ecdc c\u1ee7a b\u1ea1n. Ti\u1ebft ki\u1ec7m th\u1eddi gian v\u00e0 c\u00f4ng s\u1ee9c c\u1ee7a b\u1ea1n b\u1eb1ng c\u00e1ch \u0111\u1eb7t h\u00e0ng t\u1eeb ch\u00fang t\u00f4i. <\/span>\n\t\t\t\t\t\t\t\t\t<\/li>\n\t\t\t\t\t\t\t\t<li class=\"elementor-icon-list-item\">\n\t\t\t\t\t\t\t\t\t\t\t<span class=\"elementor-icon-list-icon\">\n\t\t\t\t\t\t\t<svg aria-hidden=\"true\" class=\"e-font-icon-svg e-fas-check-circle\" viewBox=\"0 0 512 512\" xmlns=\"http:\/\/www.w3.org\/2000\/svg\"><path d=\"M504 256c0 136.967-111.033 248-248 248S8 392.967 8 256 119.033 8 256 8s248 111.033 248 248zM227.314 387.314l184-184c6.248-6.248 6.248-16.379 0-22.627l-22.627-22.627c-6.248-6.249-16.379-6.249-22.628 0L216 308.118l-70.059-70.059c-6.248-6.248-16.379-6.248-22.628 0l-22.627 22.627c-6.248 6.248-6.248 16.379 0 22.627l104 104c6.249 6.249 16.379 6.249 22.628.001z\"><\/path><\/svg>\t\t\t\t\t\t<\/span>\n\t\t\t\t\t\t\t\t\t\t<span class=\"elementor-icon-list-text\">K\u1ebft qu\u1ea3 <\/br> <strong>\u0111\u00e3 \u0111\u01b0\u1ee3c th\u1eed nghi\u1ec7m l\u00e2m s\u00e0ng v\u00e0 ch\u1ee9ng minh<\/strong>V\u1edbi c\u00e1c b\u00e1o c\u00e1o MSDS v\u00e0 b\u00e1o c\u00e1o \u0111\u00e3 \u0111\u01b0\u1ee3c th\u1eed nghi\u1ec7m trong ph\u00f2ng th\u00ed nghi\u1ec7m, c\u00e1c s\u1ea3n ph\u1ea9m c\u1ee7a ch\u00fang t\u00f4i s\u1ebd gi\u00fap x\u00e2y d\u1ef1ng danh ti\u1ebfng c\u1ee7a b\u1ea1n v\u00e0 \u0111\u1ea3m b\u1ea3o k\u1ebft qu\u1ea3 l\u00e0m tr\u1eafng.<\/span>\n\t\t\t\t\t\t\t\t\t<\/li>\n\t\t\t\t\t\t\t\t<li class=\"elementor-icon-list-item\">\n\t\t\t\t\t\t\t\t\t\t\t<span class=\"elementor-icon-list-icon\">\n\t\t\t\t\t\t\t<svg aria-hidden=\"true\" class=\"e-font-icon-svg e-fas-check-circle\" viewBox=\"0 0 512 512\" xmlns=\"http:\/\/www.w3.org\/2000\/svg\"><path d=\"M504 256c0 136.967-111.033 248-248 248S8 392.967 8 256 119.033 8 256 8s248 111.033 248 248zM227.314 387.314l184-184c6.248-6.248 6.248-16.379 0-22.627l-22.627-22.627c-6.248-6.249-16.379-6.249-22.628 0L216 308.118l-70.059-70.059c-6.248-6.248-16.379-6.248-22.628 0l-22.627 22.627c-6.248 6.248-6.248 16.379 0 22.627l104 104c6.249 6.249 16.379 6.249 22.628.001z\"><\/path><\/svg>\t\t\t\t\t\t<\/span>\n\t\t\t\t\t\t\t\t\t\t<span class=\"elementor-icon-list-text\"><strong>Nh\u00e3n tr\u1eafng \/ Nh\u00e3n<\/strong><\/br> hi\u1ec7u ri\u00eangCho d\u00f9 tr\u01b0\u1eddng h\u1ecdc c\u1ee7a b\u1ea1n c\u1ea7n nh\u00e3n hi\u1ec7u ri\u00eang \u0111\u1ec3 qu\u1ea3ng b\u00e1 th\u01b0\u01a1ng hi\u1ec7u c\u1ee7a b\u1ea1n hay c\u00e1c s\u1ea3n ph\u1ea9m nh\u00e3n tr\u1eafng \u0111\u01b0\u1ee3c s\u1eed d\u1ee5ng trong l\u1edbp \u0111\u00e0o t\u1ea1o, ch\u00fang t\u00f4i \u0111\u1ec1u c\u00f3 th\u1ec3 \u0111\u00e1p \u1ee9ng \u0111\u01b0\u1ee3c nhu c\u1ea7u c\u1ee7a b\u1ea1n!<\/span>\n\t\t\t\t\t\t\t\t\t<\/li>\n\t\t\t\t\t\t<\/ul>\n\t\t\t\t\t\t<\/div>\n\t\t\t\t<\/div>\n\t\t\t\t\t<\/div>\n\t\t\t\t<\/div>\n\t\t\t\t\t<\/div>\n\t\t\t\t<\/div>\n\t\t\t\t\t<\/div>\n\t\t\t\t<\/div>\n\t\t\t\t<\/div>\n\t\t","protected":false},"excerpt":{"rendered":"<p>V\u1eadt t\u01b0 l\u00e0m tr\u1eafng r\u0103ng Spa Nh\u1eadn ngu\u1ed3n cung c\u1ea5p l\u00e0m tr\u1eafng r\u0103ng s\u1ed1 l\u01b0\u1ee3ng l\u1edbn t\u1eeb nh\u00e0 m\u00e1y l\u00e0m tr\u1eafng r\u0103ng c\u1ee7a ch\u00fang t\u00f4i ngay h\u00f4m nay! Home \u1ed0ng ti\u00eam v\u00e0 b\u00fat gel l\u00e0m tr\u1eafng r\u0103ng cho th\u1ea9m m\u1ef9 vi\u1ec7n, spa v\u00e0 tr\u01b0\u1eddng \u0111\u00e0o t\u1ea1o. Bao b\u00ec t\u00f9y ch\u1ec9nh v\u1edbi logo ph\u00f2ng kh\u00e1m ho\u1eb7c [&hellip;]<\/p>\n","protected":false},"author":1,"featured_media":32560,"parent":0,"menu_order":0,"comment_status":"closed","ping_status":"closed","template":"elementor_theme","meta":{"_acf_changed":false,"footnotes":""},"class_list":["post-33360","page","type-page","status-publish","has-post-thumbnail","hentry"],"acf":[],"_links":{"self":[{"href":"https:\/\/www.lidercare.com\/vi\/wp-json\/wp\/v2\/pages\/33360","targetHints":{"allow":["GET"]}}],"collection":[{"href":"https:\/\/www.lidercare.com\/vi\/wp-json\/wp\/v2\/pages"}],"about":[{"href":"https:\/\/www.lidercare.com\/vi\/wp-json\/wp\/v2\/types\/page"}],"author":[{"embeddable":true,"href":"https:\/\/www.lidercare.com\/vi\/wp-json\/wp\/v2\/users\/1"}],"replies":[{"embeddable":true,"href":"https:\/\/www.lidercare.com\/vi\/wp-json\/wp\/v2\/comments?post=33360"}],"version-history":[{"count":10,"href":"https:\/\/www.lidercare.com\/vi\/wp-json\/wp\/v2\/pages\/33360\/revisions"}],"predecessor-version":[{"id":95706,"href":"https:\/\/www.lidercare.com\/vi\/wp-json\/wp\/v2\/pages\/33360\/revisions\/95706"}],"wp:featuredmedia":[{"embeddable":true,"href":"https:\/\/www.lidercare.com\/vi\/wp-json\/wp\/v2\/media\/32560"}],"wp:attachment":[{"href":"https:\/\/www.lidercare.com\/vi\/wp-json\/wp\/v2\/media?parent=33360"}],"curies":[{"name":"wp","href":"https:\/\/api.w.org\/{rel}","templated":true}]}}