{"id":33033,"date":"2023-09-05T16:57:02","date_gmt":"2023-09-05T08:57:02","guid":{"rendered":"https:\/\/www.lidercare.com\/tinh-ben-vung\/"},"modified":"2026-03-31T17:41:04","modified_gmt":"2026-03-31T09:41:04","slug":"tinh-ben-vung","status":"publish","type":"page","link":"https:\/\/www.lidercare.com\/vi\/tinh-ben-vung\/","title":{"rendered":"T\u00ednh b\u1ec1n v\u1eefng"},"content":{"rendered":"\t\t<div data-elementor-type=\"wp-page\" data-elementor-id=\"33033\" class=\"elementor elementor-33033 elementor-4860\" data-elementor-post-type=\"page\">\n\t\t\t\t<div class=\"elementor-element elementor-element-3ec8080c e-flex e-con-boxed e-con e-parent\" data-id=\"3ec8080c\" data-element_type=\"container\" data-e-type=\"container\" data-settings=\"{&quot;background_background&quot;:&quot;gradient&quot;}\">\n\t\t\t\t\t<div class=\"e-con-inner\">\n\t\t\t\t<div class=\"elementor-element elementor-element-3ba6b50e elementor-widget elementor-widget-heading\" data-id=\"3ba6b50e\" data-element_type=\"widget\" data-e-type=\"widget\" data-widget_type=\"heading.default\">\n\t\t\t\t<div class=\"elementor-widget-container\">\n\t\t\t\t\t<h1 class=\"elementor-heading-title elementor-size-default\">T\u00ednh b\u1ec1n v\u1eefng xuy\u00ean su\u1ed1t<\/h1>\t\t\t\t<\/div>\n\t\t\t\t<\/div>\n\t\t\t\t<div class=\"elementor-element elementor-element-4b2f41c elementor-widget elementor-widget-text-editor\" data-id=\"4b2f41c\" data-element_type=\"widget\" data-e-type=\"widget\" data-widget_type=\"text-editor.default\">\n\t\t\t\t<div class=\"elementor-widget-container\">\n\t\t\t\t\t\t\t\t\t<p>L\u00e0m vi\u1ec7c c\u00f9ng nhau \u0111\u1ec3 l\u00e0m nhi\u1ec1u h\u01a1n cho m\u00f4i tr\u01b0\u1eddng!<\/p>\t\t\t\t\t\t\t\t<\/div>\n\t\t\t\t<\/div>\n\t\t\t\t<div class=\"elementor-element elementor-element-1b8010a elementor-mobile-align-left elementor-widget elementor-widget-breadcrumbs\" data-id=\"1b8010a\" data-element_type=\"widget\" data-e-type=\"widget\" data-widget_type=\"breadcrumbs.default\">\n\t\t\t\t<div class=\"elementor-widget-container\">\n\t\t\t\t\t<nav><span class=\"last\">Trang ch\u1ee7<\/span><\/nav>\t\t\t\t<\/div>\n\t\t\t\t<\/div>\n\t\t\t\t\t<\/div>\n\t\t\t\t<\/div>\n\t\t<div class=\"elementor-element elementor-element-23d9256 e-flex e-con-boxed e-con e-parent\" data-id=\"23d9256\" data-element_type=\"container\" data-e-type=\"container\">\n\t\t\t\t\t<div class=\"e-con-inner\">\n\t\t<div class=\"elementor-element elementor-element-8979832 e-flex e-con-boxed e-con e-child\" data-id=\"8979832\" data-element_type=\"container\" data-e-type=\"container\">\n\t\t\t\t\t<div class=\"e-con-inner\">\n\t\t<div class=\"elementor-element elementor-element-8df8778 e-flex e-con-boxed e-con e-child\" data-id=\"8df8778\" data-element_type=\"container\" data-e-type=\"container\">\n\t\t\t\t\t<div class=\"e-con-inner\">\n\t\t\t\t<div class=\"elementor-element elementor-element-6559394 elementor-view-default elementor-widget elementor-widget-icon\" data-id=\"6559394\" data-element_type=\"widget\" data-e-type=\"widget\" data-widget_type=\"icon.default\">\n\t\t\t\t<div class=\"elementor-widget-container\">\n\t\t\t\t\t\t\t<div class=\"elementor-icon-wrapper\">\n\t\t\t<div class=\"elementor-icon\">\n\t\t\t<svg aria-hidden=\"true\" class=\"e-font-icon-svg e-fas-quote-left\" viewBox=\"0 0 512 512\" xmlns=\"http:\/\/www.w3.org\/2000\/svg\"><path d=\"M464 256h-80v-64c0-35.3 28.7-64 64-64h8c13.3 0 24-10.7 24-24V56c0-13.3-10.7-24-24-24h-8c-88.4 0-160 71.6-160 160v240c0 26.5 21.5 48 48 48h128c26.5 0 48-21.5 48-48V304c0-26.5-21.5-48-48-48zm-288 0H96v-64c0-35.3 28.7-64 64-64h8c13.3 0 24-10.7 24-24V56c0-13.3-10.7-24-24-24h-8C71.6 32 0 103.6 0 192v240c0 26.5 21.5 48 48 48h128c26.5 0 48-21.5 48-48V304c0-26.5-21.5-48-48-48z\"><\/path><\/svg>\t\t\t<\/div>\n\t\t<\/div>\n\t\t\t\t\t\t<\/div>\n\t\t\t\t<\/div>\n\t\t\t\t<div class=\"elementor-element elementor-element-c26fb40 elementor-widget elementor-widget-text-editor\" data-id=\"c26fb40\" data-element_type=\"widget\" data-e-type=\"widget\" data-widget_type=\"text-editor.default\">\n\t\t\t\t<div class=\"elementor-widget-container\">\n\t\t\t\t\t\t\t\t\t<p>Lidercare cam k\u1ebft tu\u00e2n th\u1ee7 t\u1ea5t c\u1ea3 c\u00e1c quy t\u1eafc v\u00e0 quy \u0111\u1ecbnh hi\u1ec7n h\u00e0nh v\u1ec1 m\u00f4i tr\u01b0\u1eddng trong s\u1ea3n xu\u1ea5t, ti\u1ebfp th\u1ecb s\u1ea3n ph\u1ea9m v\u00e0 v\u1eadn h\u00e0nh c\u00e1c c\u01a1 s\u1edf c\u1ee7a ch\u00fang t\u00f4i. Ch\u00fang t\u00f4i kh\u00f4ng ch\u1ec9 tu\u00e2n th\u1ee7 c\u00e1c ti\u00eau chu\u1ea9n t\u1ed1i thi\u1ec3u, ch\u00fang t\u00f4i c\u00f2n c\u1ed1 g\u1eafng v\u01b0\u1ee3t qua ch\u00fang. Lidercare c\u00f3 c\u00e1c ti\u00eau chu\u1ea9n nghi\u00eam ng\u1eb7t v\u1ec1 hi\u1ec7u su\u1ea5t m\u00f4i tr\u01b0\u1eddng v\u00e0 t\u1ea5t c\u1ea3 c\u00e1c c\u01a1 s\u1edf c\u1ee7a ch\u00fang t\u00f4i \u0111\u00e3 th\u1ef1c hi\u1ec7n \u0111\u1ea7y \u0111\u1ee7 c\u00e1c h\u1ec7 th\u1ed1ng qu\u1ea3n l\u00fd m\u00f4i tr\u01b0\u1eddng bao g\u1ed3m nhi\u1ec1u h\u1ea1ng m\u1ee5c nh\u01b0 hi\u1ec7u qu\u1ea3 n\u0103ng l\u01b0\u1ee3ng, kh\u00ed h\u1eadu, qu\u1ea3n l\u00fd n\u01b0\u1edbc v\u00e0 qu\u1ea3n l\u00fd ch\u1ea5t th\u1ea3i. <\/p>\t\t\t\t\t\t\t\t<\/div>\n\t\t\t\t<\/div>\n\t\t\t\t<div class=\"elementor-element elementor-element-52505c4 elementor-view-default elementor-widget elementor-widget-icon\" data-id=\"52505c4\" data-element_type=\"widget\" data-e-type=\"widget\" data-widget_type=\"icon.default\">\n\t\t\t\t<div class=\"elementor-widget-container\">\n\t\t\t\t\t\t\t<div class=\"elementor-icon-wrapper\">\n\t\t\t<div class=\"elementor-icon\">\n\t\t\t<svg aria-hidden=\"true\" class=\"e-font-icon-svg e-fas-quote-right\" viewBox=\"0 0 512 512\" xmlns=\"http:\/\/www.w3.org\/2000\/svg\"><path d=\"M464 32H336c-26.5 0-48 21.5-48 48v128c0 26.5 21.5 48 48 48h80v64c0 35.3-28.7 64-64 64h-8c-13.3 0-24 10.7-24 24v48c0 13.3 10.7 24 24 24h8c88.4 0 160-71.6 160-160V80c0-26.5-21.5-48-48-48zm-288 0H48C21.5 32 0 53.5 0 80v128c0 26.5 21.5 48 48 48h80v64c0 35.3-28.7 64-64 64h-8c-13.3 0-24 10.7-24 24v48c0 13.3 10.7 24 24 24h8c88.4 0 160-71.6 160-160V80c0-26.5-21.5-48-48-48z\"><\/path><\/svg>\t\t\t<\/div>\n\t\t<\/div>\n\t\t\t\t\t\t<\/div>\n\t\t\t\t<\/div>\n\t\t\t\t\t<\/div>\n\t\t\t\t<\/div>\n\t\t<div class=\"elementor-element elementor-element-c33f9a6 e-flex e-con-boxed e-con e-child\" data-id=\"c33f9a6\" data-element_type=\"container\" data-e-type=\"container\">\n\t\t\t\t\t<div class=\"e-con-inner\">\n\t\t\t\t<div class=\"elementor-element elementor-element-959fa38 elementor-widget elementor-widget-image\" data-id=\"959fa38\" data-element_type=\"widget\" data-e-type=\"widget\" data-widget_type=\"image.default\">\n\t\t\t\t<div class=\"elementor-widget-container\">\n\t\t\t\t\t\t\t\t\t\t\t\t\t\t\t<img fetchpriority=\"high\" decoding=\"async\" width=\"768\" height=\"512\" src=\"https:\/\/www.lidercare.com\/wp-content\/uploads\/Sustainability-768x512.webp\" class=\"attachment-medium_large size-medium_large wp-image-33045\" alt=\"\" srcset=\"https:\/\/www.lidercare.com\/wp-content\/uploads\/Sustainability-768x512.webp 768w, https:\/\/www.lidercare.com\/wp-content\/uploads\/Sustainability-600x400.webp 600w, https:\/\/www.lidercare.com\/wp-content\/uploads\/Sustainability.webp 800w\" sizes=\"(max-width: 768px) 100vw, 768px\">\t\t\t\t\t\t\t\t\t\t\t\t\t\t\t<\/div>\n\t\t\t\t<\/div>\n\t\t\t\t\t<\/div>\n\t\t\t\t<\/div>\n\t\t\t\t\t<\/div>\n\t\t\t\t<\/div>\n\t\t\t\t\t<\/div>\n\t\t\t\t<\/div>\n\t\t<div class=\"elementor-element elementor-element-655c600 e-flex e-con-boxed e-con e-parent\" data-id=\"655c600\" data-element_type=\"container\" data-e-type=\"container\">\n\t\t\t\t\t<div class=\"e-con-inner\">\n\t\t\t\t<div class=\"elementor-element elementor-element-22ad5bf elementor-widget elementor-widget-heading\" data-id=\"22ad5bf\" data-element_type=\"widget\" data-e-type=\"widget\" data-widget_type=\"heading.default\">\n\t\t\t\t<div class=\"elementor-widget-container\">\n\t\t\t\t\t<h2 class=\"elementor-heading-title elementor-size-default\">Gi\u1ea3m t\u00e1c \u0111\u1ed9ng \u0111\u1ebfn m\u00f4i tr\u01b0\u1eddng<\/h2>\t\t\t\t<\/div>\n\t\t\t\t<\/div>\n\t\t\t\t<div class=\"elementor-element elementor-element-ba506b2 elementor-widget elementor-widget-text-editor\" data-id=\"ba506b2\" data-element_type=\"widget\" data-e-type=\"widget\" data-widget_type=\"text-editor.default\">\n\t\t\t\t<div class=\"elementor-widget-container\">\n\t\t\t\t\t\t\t\t\t<p>Ch\u00fang t\u00f4i nh\u1eadn ra t\u00e1c \u0111\u1ed9ng c\u1ee7a m\u00ecnh \u0111\u1ed1i v\u1edbi m\u00f4i tr\u01b0\u1eddng v\u00e0 hi\u1ec3u s\u1ef1 c\u1ea7n thi\u1ebft ph\u1ea3i b\u1ea3o v\u1ec7 n\u00f3. Ch\u00fang t\u00f4i cam k\u1ebft l\u00e0m vi\u1ec7c \u0111\u1ec3 l\u00e0m cho h\u00e0nh tinh tr\u1edf th\u00e0nh m\u1ed9t n\u01a1i h\u1ea1nh ph\u00fac h\u01a1n v\u00e0 l\u00e0m ph\u1ea7n vi\u1ec7c c\u1ee7a m\u00ecnh \u0111\u1ec3 l\u00e0m \u0111i\u1ec1u \u0111\u00f3. <\/p>\t\t\t\t\t\t\t\t<\/div>\n\t\t\t\t<\/div>\n\t\t<div class=\"elementor-element elementor-element-05ea64e e-grid e-con-full e-con e-child\" data-id=\"05ea64e\" data-element_type=\"container\" data-e-type=\"container\">\n\t\t<div class=\"elementor-element elementor-element-ec4c003 e-con-full e-flex e-con e-child\" data-id=\"ec4c003\" data-element_type=\"container\" data-e-type=\"container\">\n\t\t\t\t<div class=\"elementor-element elementor-element-bc91deb elementor-widget elementor-widget-image\" data-id=\"bc91deb\" data-element_type=\"widget\" data-e-type=\"widget\" data-widget_type=\"image.default\">\n\t\t\t\t<div class=\"elementor-widget-container\">\n\t\t\t\t\t\t\t\t\t\t\t\t\t\t\t<img decoding=\"async\" src=\"https:\/\/www.lidercare.com\/wp-content\/uploads\/elementor\/thumbs\/organic-icon-qfo1yn24sbu3r0fsi7v8jllyqhmxqx1kb33072zluk.webp\" title=\"organic icon\" alt=\"organic icon\" loading=\"lazy\" \/>\t\t\t\t\t\t\t\t\t\t\t\t\t\t\t<\/div>\n\t\t\t\t<\/div>\n\t\t\t\t<div class=\"elementor-element elementor-element-182ce62 elementor-widget elementor-widget-heading\" data-id=\"182ce62\" data-element_type=\"widget\" data-e-type=\"widget\" data-widget_type=\"heading.default\">\n\t\t\t\t<div class=\"elementor-widget-container\">\n\t\t\t\t\t<h3 class=\"elementor-heading-title elementor-size-default\">thu\u1ea7n chay<\/h3>\t\t\t\t<\/div>\n\t\t\t\t<\/div>\n\t\t\t\t<div class=\"elementor-element elementor-element-7ef6024 elementor-widget elementor-widget-text-editor\" data-id=\"7ef6024\" data-element_type=\"widget\" data-e-type=\"widget\" data-widget_type=\"text-editor.default\">\n\t\t\t\t<div class=\"elementor-widget-container\">\n\t\t\t\t\t\t\t\t\t<p>Nhi\u1ec1u s\u1ea3n ph\u1ea9m c\u1ee7a ch\u00fang t\u00f4i l\u00e0 thu\u1ea7n chay v\u00e0 kh\u00f4ng ch\u1ee9a th\u00e0nh ph\u1ea7n t\u1eeb \u0111\u1ed9ng v\u1eadt, ph\u1ee5 ph\u1ea9m \u0111\u1ed9ng v\u1eadt ho\u1eb7c ph\u1ee5 gia.<\/p>\t\t\t\t\t\t\t\t<\/div>\n\t\t\t\t<\/div>\n\t\t\t\t<\/div>\n\t\t<div class=\"elementor-element elementor-element-32cf705 e-con-full e-flex e-con e-child\" data-id=\"32cf705\" data-element_type=\"container\" data-e-type=\"container\">\n\t\t\t\t<div class=\"elementor-element elementor-element-769bf4a elementor-widget elementor-widget-image\" data-id=\"769bf4a\" data-element_type=\"widget\" data-e-type=\"widget\" data-widget_type=\"image.default\">\n\t\t\t\t<div class=\"elementor-widget-container\">\n\t\t\t\t\t\t\t\t\t\t\t\t\t\t\t<img decoding=\"async\" src=\"https:\/\/www.lidercare.com\/wp-content\/uploads\/elementor\/thumbs\/Gluten-free-qfo1yk8m7tq8s6jvyoncu4bkyc0u3tqdap4jr93sd8.webp\" title=\"Gluten-free\" alt=\"Gluten-free\" loading=\"lazy\" \/>\t\t\t\t\t\t\t\t\t\t\t\t\t\t\t<\/div>\n\t\t\t\t<\/div>\n\t\t\t\t<div class=\"elementor-element elementor-element-b63db3e elementor-widget elementor-widget-heading\" data-id=\"b63db3e\" data-element_type=\"widget\" data-e-type=\"widget\" data-widget_type=\"heading.default\">\n\t\t\t\t<div class=\"elementor-widget-container\">\n\t\t\t\t\t<h3 class=\"elementor-heading-title elementor-size-default\">Kh\u00f4ng ch\u1ee9a gluten<\/h3>\t\t\t\t<\/div>\n\t\t\t\t<\/div>\n\t\t\t\t<div class=\"elementor-element elementor-element-58444e4 elementor-widget elementor-widget-text-editor\" data-id=\"58444e4\" data-element_type=\"widget\" data-e-type=\"widget\" data-widget_type=\"text-editor.default\">\n\t\t\t\t<div class=\"elementor-widget-container\">\n\t\t\t\t\t\t\t\t\t<p>S\u1ea3n ph\u1ea9m c\u1ee7a ch\u00fang t\u00f4i kh\u00f4ng ch\u1ee9a gluten c\u00f3 trong l\u00faa m\u00ec, l\u00faa m\u1ea1ch \u0111en v\u00e0 l\u00faa m\u1ea1ch.<\/p>\t\t\t\t\t\t\t\t<\/div>\n\t\t\t\t<\/div>\n\t\t\t\t<\/div>\n\t\t<div class=\"elementor-element elementor-element-b4c9086 e-con-full e-flex e-con e-child\" data-id=\"b4c9086\" data-element_type=\"container\" data-e-type=\"container\">\n\t\t\t\t<div class=\"elementor-element elementor-element-6309bf3 elementor-widget elementor-widget-image\" data-id=\"6309bf3\" data-element_type=\"widget\" data-e-type=\"widget\" data-widget_type=\"image.default\">\n\t\t\t\t<div class=\"elementor-widget-container\">\n\t\t\t\t\t\t\t\t\t\t\t\t\t\t\t<img decoding=\"async\" src=\"https:\/\/www.lidercare.com\/wp-content\/uploads\/elementor\/thumbs\/Sugar-free-qfo1ynzyz5ve2mefcq9v43dfbviaym5an7qhocy7oc.webp\" title=\"Sugar free\" alt=\"Sugar free\" loading=\"lazy\" \/>\t\t\t\t\t\t\t\t\t\t\t\t\t\t\t<\/div>\n\t\t\t\t<\/div>\n\t\t\t\t<div class=\"elementor-element elementor-element-08297bb elementor-widget elementor-widget-heading\" data-id=\"08297bb\" data-element_type=\"widget\" data-e-type=\"widget\" data-widget_type=\"heading.default\">\n\t\t\t\t<div class=\"elementor-widget-container\">\n\t\t\t\t\t<h3 class=\"elementor-heading-title elementor-size-default\">Kh\u00f4ng \u0111\u01b0\u1eddng<\/h3>\t\t\t\t<\/div>\n\t\t\t\t<\/div>\n\t\t\t\t<div class=\"elementor-element elementor-element-07114c9 elementor-widget elementor-widget-text-editor\" data-id=\"07114c9\" data-element_type=\"widget\" data-e-type=\"widget\" data-widget_type=\"text-editor.default\">\n\t\t\t\t<div class=\"elementor-widget-container\">\n\t\t\t\t\t\t\t\t\t<p>Ch\u00fang t\u00f4i kh\u00f4ng th\u00eam \u0111\u01b0\u1eddng v\u00e0o s\u1ea3n ph\u1ea9m c\u1ee7a m\u00ecnh. Ch\u00fang t\u00f4i s\u1eed d\u1ee5ng ch\u1ea5t thay th\u1ebf \u0111\u01b0\u1eddng ho\u1eb7c ch\u1ea5t l\u00e0m ng\u1ecdt nh\u00e2n t\u1ea1o v\u00e0 t\u1ef1 nhi\u00ean \u0111\u1ec3 c\u1ea3i thi\u1ec7n h\u01b0\u01a1ng v\u1ecb.<\/p>\t\t\t\t\t\t\t\t<\/div>\n\t\t\t\t<\/div>\n\t\t\t\t<\/div>\n\t\t<div class=\"elementor-element elementor-element-d4859b6 e-con-full e-flex e-con e-child\" data-id=\"d4859b6\" data-element_type=\"container\" data-e-type=\"container\">\n\t\t\t\t<div class=\"elementor-element elementor-element-28d1075 elementor-widget elementor-widget-image\" data-id=\"28d1075\" data-element_type=\"widget\" data-e-type=\"widget\" data-widget_type=\"image.default\">\n\t\t\t\t<div class=\"elementor-widget-container\">\n\t\t\t\t\t\t\t\t\t\t\t\t\t\t\t<img decoding=\"async\" width=\"128\" height=\"96\" src=\"https:\/\/www.lidercare.com\/wp-content\/uploads\/CrueltyFreeLogo_jpg.webp\" class=\"attachment-thumbnail size-thumbnail wp-image-33040\" alt=\"\">\t\t\t\t\t\t\t\t\t\t\t\t\t\t\t<\/div>\n\t\t\t\t<\/div>\n\t\t\t\t<div class=\"elementor-element elementor-element-6989552 elementor-widget elementor-widget-heading\" data-id=\"6989552\" data-element_type=\"widget\" data-e-type=\"widget\" data-widget_type=\"heading.default\">\n\t\t\t\t<div class=\"elementor-widget-container\">\n\t\t\t\t\t<h3 class=\"elementor-heading-title elementor-size-default\">Kh\u00f4ng th\u1eed nghi\u1ec7m tr\u00ean \u0111\u1ed9ng v\u1eadt<\/h3>\t\t\t\t<\/div>\n\t\t\t\t<\/div>\n\t\t\t\t<div class=\"elementor-element elementor-element-4f3fbec elementor-widget elementor-widget-text-editor\" data-id=\"4f3fbec\" data-element_type=\"widget\" data-e-type=\"widget\" data-widget_type=\"text-editor.default\">\n\t\t\t\t<div class=\"elementor-widget-container\">\n\t\t\t\t\t\t\t\t\t<p>Ch\u00fang t\u00f4i t\u00edch c\u1ef1c h\u1ed7 tr\u1ee3 v\u00e0 tu\u00e2n th\u1ee7 c\u00e1c quy \u0111\u1ecbnh v\u00e0 h\u01b0\u1edbng d\u1eabn th\u1eed nghi\u1ec7m qu\u1ed1c t\u1ebf kh\u00f4ng c\u00f3 \u0111\u1ed9ng v\u1eadt \u0111\u1ec3 \u0111\u1ea3m b\u1ea3o r\u1eb1ng c\u00e1c s\u1ea3n ph\u1ea9m c\u1ee7a ch\u00fang t\u00f4i kh\u00f4ng c\u00f3 s\u1ef1 t\u00e0n \u00e1c tr\u00ean to\u00e0n th\u1ebf gi\u1edbi!<\/p>\t\t\t\t\t\t\t\t<\/div>\n\t\t\t\t<\/div>\n\t\t\t\t<\/div>\n\t\t\t\t<\/div>\n\t\t\t\t\t<\/div>\n\t\t\t\t<\/div>\n\t\t<div class=\"elementor-element elementor-element-7c29da6 e-flex e-con-boxed e-con e-parent\" data-id=\"7c29da6\" data-element_type=\"container\" data-e-type=\"container\">\n\t\t\t\t\t<div class=\"e-con-inner\">\n\t\t\t\t<div class=\"elementor-element elementor-element-4a4369b elementor-widget elementor-widget-heading\" data-id=\"4a4369b\" data-element_type=\"widget\" data-e-type=\"widget\" data-widget_type=\"heading.default\">\n\t\t\t\t<div class=\"elementor-widget-container\">\n\t\t\t\t\t<h2 class=\"elementor-heading-title elementor-size-default\">Ch\u00fang t\u00f4i s\u1ea3n xu\u1ea5t c\u00f3 tr\u00e1ch nhi\u1ec7m<\/h2>\t\t\t\t<\/div>\n\t\t\t\t<\/div>\n\t\t\t\t<div class=\"elementor-element elementor-element-b6a591a elementor-widget elementor-widget-text-editor\" data-id=\"b6a591a\" data-element_type=\"widget\" data-e-type=\"widget\" data-widget_type=\"text-editor.default\">\n\t\t\t\t<div class=\"elementor-widget-container\">\n\t\t\t\t\t\t\t\t\t<p>C\u00e1c c\u01a1 s\u1edf s\u1ea3n xu\u1ea5t c\u1ee7a ch\u00fang t\u00f4i l\u00e0 m\u00f4i tr\u01b0\u1eddng l\u00e0m vi\u1ec7c an to\u00e0n cho c\u00e1c nh\u00f3m c\u1ee7a ch\u00fang t\u00f4i. Ch\u00fang t\u00f4i \u0111\u00e3 \u0111\u1ea1t \u0111\u01b0\u1ee3c nh\u1eefng ti\u1ebfn b\u1ed9 \u0111\u00e1ng k\u1ec3 v\u1ec1 hi\u1ec7u qu\u1ea3 n\u0103ng l\u01b0\u1ee3ng v\u00e0 n\u01b0\u1edbc tr\u00ean con \u0111\u01b0\u1eddng h\u01b0\u1edbng t\u1edbi m\u1ee5c ti\u00eau tr\u1edf th\u00e0nh m\u1ed9t c\u00f4ng ty kh\u00f4ng ch\u1ea5t th\u1ea3i. <\/p>\t\t\t\t\t\t\t\t<\/div>\n\t\t\t\t<\/div>\n\t\t<div class=\"elementor-element elementor-element-0eb82df e-grid e-con-full e-con e-child\" data-id=\"0eb82df\" data-element_type=\"container\" data-e-type=\"container\">\n\t\t<div class=\"elementor-element elementor-element-4f14b4f e-con-full e-flex e-con e-child\" data-id=\"4f14b4f\" data-element_type=\"container\" data-e-type=\"container\">\n\t\t\t\t<div class=\"elementor-element elementor-element-fbf861f elementor-widget elementor-widget-image\" data-id=\"fbf861f\" data-element_type=\"widget\" data-e-type=\"widget\" data-widget_type=\"image.default\">\n\t\t\t\t<div class=\"elementor-widget-container\">\n\t\t\t\t\t\t\t\t\t\t\t\t\t\t\t<img decoding=\"async\" width=\"150\" height=\"150\" src=\"https:\/\/www.lidercare.com\/wp-content\/uploads\/New-Recyclable-Tubes.webp\" class=\"attachment-large size-large wp-image-33042\" alt=\"\" srcset=\"https:\/\/www.lidercare.com\/wp-content\/uploads\/New-Recyclable-Tubes.webp 150w, https:\/\/www.lidercare.com\/wp-content\/uploads\/New-Recyclable-Tubes-100x100.webp 100w\" sizes=\"(max-width: 150px) 100vw, 150px\">\t\t\t\t\t\t\t\t\t\t\t\t\t\t\t<\/div>\n\t\t\t\t<\/div>\n\t\t\t\t<div class=\"elementor-element elementor-element-9171da4 elementor-widget elementor-widget-heading\" data-id=\"9171da4\" data-element_type=\"widget\" data-e-type=\"widget\" data-widget_type=\"heading.default\">\n\t\t\t\t<div class=\"elementor-widget-container\">\n\t\t\t\t\t<h3 class=\"elementor-heading-title elementor-size-default\">\u1ed0ng c\u00f3 th\u1ec3 t\u00e1i ch\u1ebf m\u1edbi<\/h3>\t\t\t\t<\/div>\n\t\t\t\t<\/div>\n\t\t\t\t<div class=\"elementor-element elementor-element-9fa0f87 elementor-widget elementor-widget-text-editor\" data-id=\"9fa0f87\" data-element_type=\"widget\" data-e-type=\"widget\" data-widget_type=\"text-editor.default\">\n\t\t\t\t<div class=\"elementor-widget-container\">\n\t\t\t\t\t\t\t\t\t<p>\u1ed0ng ch\u1ee7 y\u1ebfu \u0111\u01b0\u1ee3c l\u00e0m b\u1eb1ng HDPE (Polyethylene m\u1eadt \u0111\u1ed9 cao), m\u1ed9t lo\u1ea1i nh\u1ef1a c\u00f3 th\u1ec3 t\u00e1i ch\u1ebf # 2 v\u00e0 n\u1eafp \u0111\u01b0\u1ee3c l\u00e0m b\u1eb1ng PP (Polypropylene), m\u1ed9t lo\u1ea1i nh\u1ef1a c\u00f3 th\u1ec3 t\u00e1i ch\u1ebf # 5. Sau khi t\u00e1i ch\u1ebf, c\u00e1c \u1ed1ng \u0111\u01b0\u1ee3c g\u1eedi \u0111\u1ebfn m\u1ed9t nh\u00e0 t\u00e1i ch\u1ebf ch\u1ea5t th\u1ea3i \u0111\u1ec3 ph\u00e2n lo\u1ea1i v\u00e0 sau \u0111\u00f3 \u0111\u1ebfn m\u1ed9t nh\u00e0 m\u00e1y x\u1eed l\u00fd, n\u01a1i c\u00e1c v\u1eadt li\u1ec7u HDPE nh\u01b0 chai nh\u1ef1a \u0111\u01b0\u1ee3c chuy\u1ec3n \u0111\u1ed5i th\u00e0nh nguy\u00ean li\u1ec7u th\u00f4 d\u1ea1ng vi\u00ean nh\u1ecf \u0111\u1ec3 l\u00e0m th\u00e0nh c\u00e1c s\u1ea3n ph\u1ea9m v\u00e0 bao b\u00ec m\u1edbi. <\/p>\t\t\t\t\t\t\t\t<\/div>\n\t\t\t\t<\/div>\n\t\t\t\t<\/div>\n\t\t<div class=\"elementor-element elementor-element-9459aeb e-con-full e-flex e-con e-child\" data-id=\"9459aeb\" data-element_type=\"container\" data-e-type=\"container\">\n\t\t\t\t<div class=\"elementor-element elementor-element-238307d elementor-widget elementor-widget-image\" data-id=\"238307d\" data-element_type=\"widget\" data-e-type=\"widget\" data-widget_type=\"image.default\">\n\t\t\t\t<div class=\"elementor-widget-container\">\n\t\t\t\t\t\t\t\t\t\t\t\t\t\t\t<img loading=\"lazy\" decoding=\"async\" width=\"254\" height=\"150\" src=\"https:\/\/www.lidercare.com\/wp-content\/uploads\/Water-conservation.webp\" class=\"attachment-large size-large wp-image-33047\" alt=\"\">\t\t\t\t\t\t\t\t\t\t\t\t\t\t\t<\/div>\n\t\t\t\t<\/div>\n\t\t\t\t<div class=\"elementor-element elementor-element-1cd6ad5 elementor-widget elementor-widget-heading\" data-id=\"1cd6ad5\" data-element_type=\"widget\" data-e-type=\"widget\" data-widget_type=\"heading.default\">\n\t\t\t\t<div class=\"elementor-widget-container\">\n\t\t\t\t\t<h3 class=\"elementor-heading-title elementor-size-default\">B\u1ea3o t\u1ed3n n\u01b0\u1edbc<\/h3>\t\t\t\t<\/div>\n\t\t\t\t<\/div>\n\t\t\t\t<div class=\"elementor-element elementor-element-4ad300d elementor-widget elementor-widget-text-editor\" data-id=\"4ad300d\" data-element_type=\"widget\" data-e-type=\"widget\" data-widget_type=\"text-editor.default\">\n\t\t\t\t<div class=\"elementor-widget-container\">\n\t\t\t\t\t\t\t\t\t<p>Ch\u00fang t\u00f4i s\u1ebd ti\u1ebfp t\u1ee5c c\u1ea3i ti\u1ebfn quy tr\u00ecnh s\u1ea3n xu\u1ea5t c\u1ee7a m\u00ecnh \u0111\u1ec3 t\u0103ng hi\u1ec7u qu\u1ea3 s\u1eed d\u1ee5ng n\u01b0\u1edbc l\u00ean 35% v\u00e0o n\u0103m 2030. Tuy nhi\u00ean, b\u1eb1ng c\u00e1ch l\u00e0m vi\u1ec7c c\u00f9ng nhau, ch\u00fang ta c\u00f3 th\u1ec3 c\u00f3 t\u00e1c \u0111\u1ed9ng m\u1ea1nh m\u1ebd h\u01a1n \u0111\u1ebfn vi\u1ec7c ti\u00eau th\u1ee5 n\u01b0\u1edbc. Ch\u1ec9 c\u1ea7n t\u1eaft v\u00f2i trong khi \u0111\u00e1nh r\u0103ng c\u00f3 th\u1ec3 ti\u1ebft ki\u1ec7m t\u1edbi t\u00e1m gallon n\u01b0\u1edbc m\u1ed7i ng\u00e0y!  <\/p>\t\t\t\t\t\t\t\t<\/div>\n\t\t\t\t<\/div>\n\t\t\t\t<\/div>\n\t\t<div class=\"elementor-element elementor-element-27d06b4 e-con-full e-flex e-con e-child\" data-id=\"27d06b4\" data-element_type=\"container\" data-e-type=\"container\">\n\t\t\t\t<div class=\"elementor-element elementor-element-0995756 elementor-widget elementor-widget-image\" data-id=\"0995756\" data-element_type=\"widget\" data-e-type=\"widget\" data-widget_type=\"image.default\">\n\t\t\t\t<div class=\"elementor-widget-container\">\n\t\t\t\t\t\t\t\t\t\t\t\t\t\t\t<img loading=\"lazy\" decoding=\"async\" width=\"264\" height=\"150\" src=\"https:\/\/www.lidercare.com\/wp-content\/uploads\/Use-of-clean-energy.webp\" class=\"attachment-large size-large wp-image-33046\" alt=\"\">\t\t\t\t\t\t\t\t\t\t\t\t\t\t\t<\/div>\n\t\t\t\t<\/div>\n\t\t\t\t<div class=\"elementor-element elementor-element-7d9720a elementor-widget elementor-widget-heading\" data-id=\"7d9720a\" data-element_type=\"widget\" data-e-type=\"widget\" data-widget_type=\"heading.default\">\n\t\t\t\t<div class=\"elementor-widget-container\">\n\t\t\t\t\t<h3 class=\"elementor-heading-title elementor-size-default\">S\u1eed d\u1ee5ng n\u0103ng l\u01b0\u1ee3ng s\u1ea1ch<\/h3>\t\t\t\t<\/div>\n\t\t\t\t<\/div>\n\t\t\t\t<div class=\"elementor-element elementor-element-a7e83c5 elementor-widget elementor-widget-text-editor\" data-id=\"a7e83c5\" data-element_type=\"widget\" data-e-type=\"widget\" data-widget_type=\"text-editor.default\">\n\t\t\t\t<div class=\"elementor-widget-container\">\n\t\t\t\t\t\t\t\t\t<p>C\u00e1c c\u01a1 s\u1edf s\u1ea3n xu\u1ea5t c\u1ee7a ch\u00fang t\u00f4i \u0111\u01b0\u1ee3c cung c\u1ea5p b\u1edfi 100% n\u0103ng l\u01b0\u1ee3ng t\u00e1i t\u1ea1o \u0111\u1ec3 s\u1ea3n xu\u1ea5t kem \u0111\u00e1nh r\u0103ng v\u00e0 b\u00e0n ch\u1ea3i \u0111\u00e1nh r\u0103ng, gi\u00fap gi\u1ea3m l\u01b0\u1ee3ng kh\u00ed th\u1ea3i nh\u00e0 k\u00ednh t\u01b0\u01a1ng \u0111\u01b0\u01a1ng v\u1edbi l\u01b0\u1ee3ng kh\u00ed nh\u00e0 k\u00ednh do 10.000 \u00f4 t\u00f4 ph\u00e1t th\u1ea3i tr\u00ean \u0111\u01b0\u1eddng trong su\u1ed1t c\u1ea3 n\u0103m!<\/p>\t\t\t\t\t\t\t\t<\/div>\n\t\t\t\t<\/div>\n\t\t\t\t<\/div>\n\t\t\t\t<\/div>\n\t\t\t\t\t<\/div>\n\t\t\t\t<\/div>\n\t\t\t\t<\/div>\n\t\t","protected":false},"excerpt":{"rendered":"<p>T\u00ednh b\u1ec1n v\u1eefng xuy\u00ean su\u1ed1t L\u00e0m vi\u1ec7c c\u00f9ng nhau \u0111\u1ec3 l\u00e0m nhi\u1ec1u h\u01a1n cho m\u00f4i tr\u01b0\u1eddng! Home Lidercare cam k\u1ebft tu\u00e2n th\u1ee7 t\u1ea5t c\u1ea3 c\u00e1c quy t\u1eafc v\u00e0 quy \u0111\u1ecbnh hi\u1ec7n h\u00e0nh v\u1ec1 m\u00f4i tr\u01b0\u1eddng trong s\u1ea3n xu\u1ea5t, ti\u1ebfp th\u1ecb s\u1ea3n ph\u1ea9m v\u00e0 v\u1eadn h\u00e0nh c\u00e1c c\u01a1 s\u1edf c\u1ee7a ch\u00fang t\u00f4i. Ch\u00fang t\u00f4i kh\u00f4ng ch\u1ec9 [&hellip;]<\/p>\n","protected":false},"author":1,"featured_media":33045,"parent":0,"menu_order":0,"comment_status":"closed","ping_status":"closed","template":"elementor_theme","meta":{"_acf_changed":false,"footnotes":""},"class_list":["post-33033","page","type-page","status-publish","has-post-thumbnail","hentry"],"acf":[],"_links":{"self":[{"href":"https:\/\/www.lidercare.com\/vi\/wp-json\/wp\/v2\/pages\/33033","targetHints":{"allow":["GET"]}}],"collection":[{"href":"https:\/\/www.lidercare.com\/vi\/wp-json\/wp\/v2\/pages"}],"about":[{"href":"https:\/\/www.lidercare.com\/vi\/wp-json\/wp\/v2\/types\/page"}],"author":[{"embeddable":true,"href":"https:\/\/www.lidercare.com\/vi\/wp-json\/wp\/v2\/users\/1"}],"replies":[{"embeddable":true,"href":"https:\/\/www.lidercare.com\/vi\/wp-json\/wp\/v2\/comments?post=33033"}],"version-history":[{"count":4,"href":"https:\/\/www.lidercare.com\/vi\/wp-json\/wp\/v2\/pages\/33033\/revisions"}],"predecessor-version":[{"id":95721,"href":"https:\/\/www.lidercare.com\/vi\/wp-json\/wp\/v2\/pages\/33033\/revisions\/95721"}],"wp:featuredmedia":[{"embeddable":true,"href":"https:\/\/www.lidercare.com\/vi\/wp-json\/wp\/v2\/media\/33045"}],"wp:attachment":[{"href":"https:\/\/www.lidercare.com\/vi\/wp-json\/wp\/v2\/media?parent=33033"}],"curies":[{"name":"wp","href":"https:\/\/api.w.org\/{rel}","templated":true}]}}