{"id":33001,"date":"2023-09-11T17:40:41","date_gmt":"2023-09-11T09:40:41","guid":{"rendered":"https:\/\/www.lidercare.com\/kho-bai-va-logistics\/"},"modified":"2026-03-31T18:07:20","modified_gmt":"2026-03-31T10:07:20","slug":"kho-bai-va-logistics","status":"publish","type":"page","link":"https:\/\/www.lidercare.com\/vi\/kho-bai-va-logistics\/","title":{"rendered":"Kho b\u00e3i v\u00e0 Logistics"},"content":{"rendered":"\t\t<div data-elementor-type=\"wp-page\" data-elementor-id=\"33001\" class=\"elementor elementor-33001 elementor-5414\" data-elementor-post-type=\"page\">\n\t\t\t\t<div class=\"elementor-element elementor-element-75bf564b e-flex e-con-boxed e-con e-parent\" data-id=\"75bf564b\" data-element_type=\"container\" data-e-type=\"container\" data-settings=\"{&quot;background_background&quot;:&quot;gradient&quot;}\">\n\t\t\t\t\t<div class=\"e-con-inner\">\n\t\t\t\t<div class=\"elementor-element elementor-element-7f428034 elementor-widget elementor-widget-heading\" data-id=\"7f428034\" data-element_type=\"widget\" data-e-type=\"widget\" data-widget_type=\"heading.default\">\n\t\t\t\t<div class=\"elementor-widget-container\">\n\t\t\t\t\t<h1 class=\"elementor-heading-title elementor-size-default\">Kho b\u00e3i v\u00e0 Logistics<\/h1>\t\t\t\t<\/div>\n\t\t\t\t<\/div>\n\t\t\t\t<div class=\"elementor-element elementor-element-243e92a elementor-widget elementor-widget-text-editor\" data-id=\"243e92a\" data-element_type=\"widget\" data-e-type=\"widget\" data-widget_type=\"text-editor.default\">\n\t\t\t\t<div class=\"elementor-widget-container\">\n\t\t\t\t\t\t\t\t\t<p>B\u1ed9 ph\u1eadn v\u1eadn t\u1ea3i ch\u0103m s\u00f3c t\u1ea5t c\u1ea3 c\u00e1c nhu c\u1ea7u kho b\u00e3i v\u00e0 h\u1eadu c\u1ea7n c\u1ee7a b\u1ea1n.<\/p>\t\t\t\t\t\t\t\t<\/div>\n\t\t\t\t<\/div>\n\t\t\t\t<div class=\"elementor-element elementor-element-7b9ae52 elementor-widget elementor-widget-breadcrumbs\" data-id=\"7b9ae52\" data-element_type=\"widget\" data-e-type=\"widget\" data-widget_type=\"breadcrumbs.default\">\n\t\t\t\t<div class=\"elementor-widget-container\">\n\t\t\t\t\t<nav><span class=\"last\">Trang ch\u1ee7<\/span><\/nav>\t\t\t\t<\/div>\n\t\t\t\t<\/div>\n\t\t\t\t\t<\/div>\n\t\t\t\t<\/div>\n\t\t<div class=\"elementor-element elementor-element-220f1d4 e-flex e-con-boxed e-con e-parent\" data-id=\"220f1d4\" data-element_type=\"container\" data-e-type=\"container\">\n\t\t\t\t\t<div class=\"e-con-inner\">\n\t\t<div class=\"elementor-element elementor-element-b8ffaa5 e-con-full e-flex e-con e-child\" data-id=\"b8ffaa5\" data-element_type=\"container\" data-e-type=\"container\">\n\t\t\t\t<div class=\"elementor-element elementor-element-4a75722 elementor-widget elementor-widget-image\" data-id=\"4a75722\" data-element_type=\"widget\" data-e-type=\"widget\" data-widget_type=\"image.default\">\n\t\t\t\t<div class=\"elementor-widget-container\">\n\t\t\t\t\t\t\t\t\t\t\t\t\t\t\t<img fetchpriority=\"high\" decoding=\"async\" width=\"800\" height=\"517\" src=\"https:\/\/www.lidercare.com\/wp-content\/uploads\/Warehousing-and-Logistics.webp\" class=\"attachment-large size-large wp-image-33006\" alt=\"\" srcset=\"https:\/\/www.lidercare.com\/wp-content\/uploads\/Warehousing-and-Logistics.webp 800w, https:\/\/www.lidercare.com\/wp-content\/uploads\/Warehousing-and-Logistics-600x388.webp 600w, https:\/\/www.lidercare.com\/wp-content\/uploads\/Warehousing-and-Logistics-768x496.webp 768w\" sizes=\"(max-width: 800px) 100vw, 800px\">\t\t\t\t\t\t\t\t\t\t\t\t\t\t\t<\/div>\n\t\t\t\t<\/div>\n\t\t\t\t<\/div>\n\t\t<div class=\"elementor-element elementor-element-81d7283 e-con-full e-flex e-con e-child\" data-id=\"81d7283\" data-element_type=\"container\" data-e-type=\"container\">\n\t\t\t\t<div class=\"elementor-element elementor-element-0d23385 elementor-widget elementor-widget-heading\" data-id=\"0d23385\" data-element_type=\"widget\" data-e-type=\"widget\" data-widget_type=\"heading.default\">\n\t\t\t\t<div class=\"elementor-widget-container\">\n\t\t\t\t\t<h2 class=\"elementor-heading-title elementor-size-default\">T\u1ed1i \u0111a h\u00f3a hi\u1ec7u qu\u1ea3 trong kho b\u00e3i v\u00e0 h\u1eadu c\u1ea7n<\/h2>\t\t\t\t<\/div>\n\t\t\t\t<\/div>\n\t\t\t\t<div class=\"elementor-element elementor-element-3e0466c elementor-widget elementor-widget-text-editor\" data-id=\"3e0466c\" data-element_type=\"widget\" data-e-type=\"widget\" data-widget_type=\"text-editor.default\">\n\t\t\t\t<div class=\"elementor-widget-container\">\n\t\t\t\t\t\t\t\t\t<p>C\u00e1c kho h\u00e0ng chi\u1ebfn l\u01b0\u1ee3c c\u1ee7a Lidercare t\u1ea1i Trung Qu\u1ed1c c\u00f3 v\u1ecb tr\u00ed thu\u1eadn l\u1ee3i \u0111\u1ec3 ph\u1ee5c v\u1ee5 kh\u00e1ch h\u00e0ng to\u00e0n c\u1ea7u c\u1ee7a ch\u00fang t\u00f4i. V\u1edbi h\u01a1n 3 tri\u1ec7u feet vu\u00f4ng kh\u00f4ng gian, ch\u00fang t\u00f4i c\u00f3 th\u1ec3 l\u01b0u tr\u1eef nhi\u1ec1u lo\u1ea1i s\u1ea3n ph\u1ea9m, bao g\u1ed3m h\u01a1n 3,000+ m\u1eb7t h\u00e0ng. Nh\u00e0 kho c\u1ee7a ch\u00fang t\u00f4i c\u0169ng c\u00f3 nhi\u1ec1u kh\u00f4ng gian cho t\u00e0i s\u1ea3n c\u1ee7a kh\u00e1ch h\u00e0ng, gi\u00fap ch\u00fang t\u00f4i d\u1ec5 d\u00e0ng qu\u1ea3n l\u00fd h\u00e0ng t\u1ed3n kho v\u00e0 nhu c\u1ea7u v\u1eadn chuy\u1ec3n c\u1ee7a b\u1ea1n.  <br><br>Lidercare hi\u1ec3u r\u1eb1ng qu\u1ea3n l\u00fd h\u00e0ng t\u1ed3n kho c\u00f3 th\u1ec3 l\u00e0 m\u1ed9t th\u00e1ch th\u1ee9c \u0111\u1ed1i v\u1edbi c\u00e1c doanh nghi\u1ec7p thu\u1ed9c m\u1ecdi quy m\u00f4. C\u00e1c ch\u01b0\u01a1ng tr\u00ecnh JIT (Just In Time) c\u1ee7a ch\u00fang t\u00f4i c\u00f3 th\u1ec3 gi\u00fap b\u1ea1n gi\u1ea3m chi ph\u00ed h\u00e0ng t\u1ed3n kho v\u00e0 gi\u1ea3i ph\u00f3ng kh\u00f4ng gian qu\u00fd gi\u00e1. Ch\u00fang t\u00f4i l\u00e0m vi\u1ec7c v\u1edbi b\u1ea1n \u0111\u1ec3 ph\u00e1t tri\u1ec3n m\u1ed9t ch\u01b0\u01a1ng tr\u00ecnh t\u00f9y ch\u1ec9nh \u0111\u00e1p \u1ee9ng nhu c\u1ea7u c\u1ee5 th\u1ec3 c\u1ee7a b\u1ea1n.  <\/p>\t\t\t\t\t\t\t\t<\/div>\n\t\t\t\t<\/div>\n\t\t\t\t<\/div>\n\t\t\t\t\t<\/div>\n\t\t\t\t<\/div>\n\t\t<div class=\"elementor-element elementor-element-fd8543d e-flex e-con-boxed e-con e-parent\" data-id=\"fd8543d\" data-element_type=\"container\" data-e-type=\"container\">\n\t\t\t\t\t<div class=\"e-con-inner\">\n\t\t\t\t<div class=\"elementor-element elementor-element-606ad02 elementor-widget elementor-widget-heading\" data-id=\"606ad02\" data-element_type=\"widget\" data-e-type=\"widget\" data-widget_type=\"heading.default\">\n\t\t\t\t<div class=\"elementor-widget-container\">\n\t\t\t\t\t<h3 class=\"elementor-heading-title elementor-size-default\">L\u1ee3i th\u1ebf c\u1ea1nh tranh c\u1ee7a b\u1ea1n.<\/h3>\t\t\t\t<\/div>\n\t\t\t\t<\/div>\n\t\t<div class=\"elementor-element elementor-element-202f730 e-grid e-con-full e-con e-child\" data-id=\"202f730\" data-element_type=\"container\" data-e-type=\"container\">\n\t\t<div class=\"elementor-element elementor-element-4809ce3 e-con-full e-flex e-con e-child\" data-id=\"4809ce3\" data-element_type=\"container\" data-e-type=\"container\">\n\t\t\t\t<div class=\"elementor-element elementor-element-8866f42 elementor-view-default elementor-widget elementor-widget-icon\" data-id=\"8866f42\" data-element_type=\"widget\" data-e-type=\"widget\" data-widget_type=\"icon.default\">\n\t\t\t\t<div class=\"elementor-widget-container\">\n\t\t\t\t\t\t\t<div class=\"elementor-icon-wrapper\">\n\t\t\t<div class=\"elementor-icon\">\n\t\t\t<svg aria-hidden=\"true\" class=\"e-font-icon-svg e-far-clock\" viewBox=\"0 0 512 512\" xmlns=\"http:\/\/www.w3.org\/2000\/svg\"><path d=\"M256 8C119 8 8 119 8 256s111 248 248 248 248-111 248-248S393 8 256 8zm0 448c-110.5 0-200-89.5-200-200S145.5 56 256 56s200 89.5 200 200-89.5 200-200 200zm61.8-104.4l-84.9-61.7c-3.1-2.3-4.9-5.9-4.9-9.7V116c0-6.6 5.4-12 12-12h32c6.6 0 12 5.4 12 12v141.7l66.8 48.6c5.4 3.9 6.5 11.4 2.6 16.8L334.6 349c-3.9 5.3-11.4 6.5-16.8 2.6z\"><\/path><\/svg>\t\t\t<\/div>\n\t\t<\/div>\n\t\t\t\t\t\t<\/div>\n\t\t\t\t<\/div>\n\t\t\t\t<div class=\"elementor-element elementor-element-c33c248 elementor-widget elementor-widget-heading\" data-id=\"c33c248\" data-element_type=\"widget\" data-e-type=\"widget\" data-widget_type=\"heading.default\">\n\t\t\t\t<div class=\"elementor-widget-container\">\n\t\t\t\t\t<h4 class=\"elementor-heading-title elementor-size-default\">Giao h\u00e0ng k\u1ecbp th\u1eddi<\/h4>\t\t\t\t<\/div>\n\t\t\t\t<\/div>\n\t\t\t\t<div class=\"elementor-element elementor-element-0219788 elementor-widget elementor-widget-text-editor\" data-id=\"0219788\" data-element_type=\"widget\" data-e-type=\"widget\" data-widget_type=\"text-editor.default\">\n\t\t\t\t<div class=\"elementor-widget-container\">\n\t\t\t\t\t\t\t\t\t<p>B\u1eb1ng c\u00e1ch l\u1eadp k\u1ebf ho\u1ea1ch ch\u00ednh x\u00e1c v\u00e0 \u0111\u1ecbnh v\u1ecb trong n\u01b0\u1edbc, ch\u00fang t\u00f4i c\u00f3 th\u1ec3 \u0111\u1ea3m b\u1ea3o r\u1eb1ng ch\u00fang t\u00f4i c\u00f3 \u0111\u1ee7 h\u00e0ng t\u1ed3n kho \u0111\u1ec3 \u0111\u00e1p \u1ee9ng nhu c\u1ea7u v\u00e0 cung c\u1ea5p s\u1ea3n ph\u1ea9m trong th\u1eddi gian giao h\u00e0ng \u0111\u01b0\u1ee3c ki\u1ec3m so\u00e1t.<\/p>\t\t\t\t\t\t\t\t<\/div>\n\t\t\t\t<\/div>\n\t\t\t\t<\/div>\n\t\t<div class=\"elementor-element elementor-element-971ba26 e-con-full e-flex e-con e-child\" data-id=\"971ba26\" data-element_type=\"container\" data-e-type=\"container\">\n\t\t\t\t<div class=\"elementor-element elementor-element-290d7f3 elementor-view-default elementor-widget elementor-widget-icon\" data-id=\"290d7f3\" data-element_type=\"widget\" data-e-type=\"widget\" data-widget_type=\"icon.default\">\n\t\t\t\t<div class=\"elementor-widget-container\">\n\t\t\t\t\t\t\t<div class=\"elementor-icon-wrapper\">\n\t\t\t<div class=\"elementor-icon\">\n\t\t\t<svg aria-hidden=\"true\" class=\"e-font-icon-svg e-fas-warehouse\" viewBox=\"0 0 640 512\" xmlns=\"http:\/\/www.w3.org\/2000\/svg\"><path d=\"M504 352H136.4c-4.4 0-8 3.6-8 8l-.1 48c0 4.4 3.6 8 8 8H504c4.4 0 8-3.6 8-8v-48c0-4.4-3.6-8-8-8zm0 96H136.1c-4.4 0-8 3.6-8 8l-.1 48c0 4.4 3.6 8 8 8h368c4.4 0 8-3.6 8-8v-48c0-4.4-3.6-8-8-8zm0-192H136.6c-4.4 0-8 3.6-8 8l-.1 48c0 4.4 3.6 8 8 8H504c4.4 0 8-3.6 8-8v-48c0-4.4-3.6-8-8-8zm106.5-139L338.4 3.7a48.15 48.15 0 0 0-36.9 0L29.5 117C11.7 124.5 0 141.9 0 161.3V504c0 4.4 3.6 8 8 8h80c4.4 0 8-3.6 8-8V256c0-17.6 14.6-32 32.6-32h382.8c18 0 32.6 14.4 32.6 32v248c0 4.4 3.6 8 8 8h80c4.4 0 8-3.6 8-8V161.3c0-19.4-11.7-36.8-29.5-44.3z\"><\/path><\/svg>\t\t\t<\/div>\n\t\t<\/div>\n\t\t\t\t\t\t<\/div>\n\t\t\t\t<\/div>\n\t\t\t\t<div class=\"elementor-element elementor-element-66c689b elementor-widget elementor-widget-heading\" data-id=\"66c689b\" data-element_type=\"widget\" data-e-type=\"widget\" data-widget_type=\"heading.default\">\n\t\t\t\t<div class=\"elementor-widget-container\">\n\t\t\t\t\t<h4 class=\"elementor-heading-title elementor-size-default\">\u0110\u1ec7m h\u00e0ng t\u1ed3n kho<\/h4>\t\t\t\t<\/div>\n\t\t\t\t<\/div>\n\t\t\t\t<div class=\"elementor-element elementor-element-58c8375 elementor-widget elementor-widget-text-editor\" data-id=\"58c8375\" data-element_type=\"widget\" data-e-type=\"widget\" data-widget_type=\"text-editor.default\">\n\t\t\t\t<div class=\"elementor-widget-container\">\n\t\t\t\t\t\t\t\t\t<p>Quy tr\u00ecnh t\u1ed3n kho 24\/7 v\u00e0 gi\u00e1m s\u00e1t tr\u1ef1c ti\u1ebfp c\u1ee7a ch\u00fang t\u00f4i, c\u00f9ng v\u1edbi c\u1ea5u tr\u00fac m\u00f4-\u0111un \u0111\u01b0\u1ee3c l\u00ean k\u1ebf ho\u1ea1ch t\u1ed1t c\u1ee7a ch\u00fang t\u00f4i, mang l\u1ea1i s\u1ef1 an t\u00e2m ho\u00e0n to\u00e0n r\u1eb1ng s\u1ea3n ph\u1ea9m c\u1ee7a b\u1ea1n \u0111\u01b0\u1ee3c an to\u00e0n v\u00e0 b\u1ea3o m\u1eadt.<\/p>\t\t\t\t\t\t\t\t<\/div>\n\t\t\t\t<\/div>\n\t\t\t\t<\/div>\n\t\t<div class=\"elementor-element elementor-element-d137b21 e-con-full e-flex e-con e-child\" data-id=\"d137b21\" data-element_type=\"container\" data-e-type=\"container\">\n\t\t\t\t<div class=\"elementor-element elementor-element-3f30858 elementor-view-default elementor-widget elementor-widget-icon\" data-id=\"3f30858\" data-element_type=\"widget\" data-e-type=\"widget\" data-widget_type=\"icon.default\">\n\t\t\t\t<div class=\"elementor-widget-container\">\n\t\t\t\t\t\t\t<div class=\"elementor-icon-wrapper\">\n\t\t\t<div class=\"elementor-icon\">\n\t\t\t<svg aria-hidden=\"true\" class=\"e-font-icon-svg e-fas-truck\" viewBox=\"0 0 640 512\" xmlns=\"http:\/\/www.w3.org\/2000\/svg\"><path d=\"M624 352h-16V243.9c0-12.7-5.1-24.9-14.1-33.9L494 110.1c-9-9-21.2-14.1-33.9-14.1H416V48c0-26.5-21.5-48-48-48H48C21.5 0 0 21.5 0 48v320c0 26.5 21.5 48 48 48h16c0 53 43 96 96 96s96-43 96-96h128c0 53 43 96 96 96s96-43 96-96h48c8.8 0 16-7.2 16-16v-32c0-8.8-7.2-16-16-16zM160 464c-26.5 0-48-21.5-48-48s21.5-48 48-48 48 21.5 48 48-21.5 48-48 48zm320 0c-26.5 0-48-21.5-48-48s21.5-48 48-48 48 21.5 48 48-21.5 48-48 48zm80-208H416V144h44.1l99.9 99.9V256z\"><\/path><\/svg>\t\t\t<\/div>\n\t\t<\/div>\n\t\t\t\t\t\t<\/div>\n\t\t\t\t<\/div>\n\t\t\t\t<div class=\"elementor-element elementor-element-3808c5a elementor-widget elementor-widget-heading\" data-id=\"3808c5a\" data-element_type=\"widget\" data-e-type=\"widget\" data-widget_type=\"heading.default\">\n\t\t\t\t<div class=\"elementor-widget-container\">\n\t\t\t\t\t<h4 class=\"elementor-heading-title elementor-size-default\">Th\u1eddi gian chu k\u1ef3 \u0111\u1eb7t h\u00e0ng<\/h4>\t\t\t\t<\/div>\n\t\t\t\t<\/div>\n\t\t\t\t<div class=\"elementor-element elementor-element-c8476ff elementor-widget elementor-widget-text-editor\" data-id=\"c8476ff\" data-element_type=\"widget\" data-e-type=\"widget\" data-widget_type=\"text-editor.default\">\n\t\t\t\t<div class=\"elementor-widget-container\">\n\t\t\t\t\t\t\t\t\t<p>V\u1edbi h\u1ec7 th\u1ed1ng s\u1ea3n ph\u1ea9m trong kho \u0111\u1ed3 s\u1ed9, ch\u00fang t\u00f4i lu\u00f4n s\u1eb5n s\u00e0ng cung c\u1ea5p gi\u1ea3i ph\u00e1p to\u00e0n di\u1ec7n cho m\u1ecdi nhu c\u1ea7u l\u01b0u tr\u1eef quy m\u00f4 l\u1edbn.<\/p>\t\t\t\t\t\t\t\t<\/div>\n\t\t\t\t<\/div>\n\t\t\t\t<\/div>\n\t\t<div class=\"elementor-element elementor-element-20e45aa e-con-full e-flex e-con e-child\" data-id=\"20e45aa\" data-element_type=\"container\" data-e-type=\"container\">\n\t\t\t\t<div class=\"elementor-element elementor-element-1318aff elementor-view-default elementor-widget elementor-widget-icon\" data-id=\"1318aff\" data-element_type=\"widget\" data-e-type=\"widget\" data-widget_type=\"icon.default\">\n\t\t\t\t<div class=\"elementor-widget-container\">\n\t\t\t\t\t\t\t<div class=\"elementor-icon-wrapper\">\n\t\t\t<div class=\"elementor-icon\">\n\t\t\t<svg aria-hidden=\"true\" class=\"e-font-icon-svg e-fas-funnel-dollar\" viewBox=\"0 0 640 512\" xmlns=\"http:\/\/www.w3.org\/2000\/svg\"><path d=\"M433.46 165.94l101.2-111.87C554.61 34.12 540.48 0 512.26 0H31.74C3.52 0-10.61 34.12 9.34 54.07L192 256v155.92c0 12.59 5.93 24.44 16 32l79.99 60c20.86 15.64 48.47 6.97 59.22-13.57C310.8 455.38 288 406.35 288 352c0-89.79 62.05-165.17 145.46-186.06zM480 192c-88.37 0-160 71.63-160 160s71.63 160 160 160 160-71.63 160-160-71.63-160-160-160zm16 239.88V448c0 4.42-3.58 8-8 8h-16c-4.42 0-8-3.58-8-8v-16.29c-11.29-.58-22.27-4.52-31.37-11.35-3.9-2.93-4.1-8.77-.57-12.14l11.75-11.21c2.77-2.64 6.89-2.76 10.13-.73 3.87 2.42 8.26 3.72 12.82 3.72h28.11c6.5 0 11.8-5.92 11.8-13.19 0-5.95-3.61-11.19-8.77-12.73l-45-13.5c-18.59-5.58-31.58-23.42-31.58-43.39 0-24.52 19.05-44.44 42.67-45.07V256c0-4.42 3.58-8 8-8h16c4.42 0 8 3.58 8 8v16.29c11.29.58 22.27 4.51 31.37 11.35 3.9 2.93 4.1 8.77.57 12.14l-11.75 11.21c-2.77 2.64-6.89 2.76-10.13.73-3.87-2.43-8.26-3.72-12.82-3.72h-28.11c-6.5 0-11.8 5.92-11.8 13.19 0 5.95 3.61 11.19 8.77 12.73l45 13.5c18.59 5.58 31.58 23.42 31.58 43.39 0 24.53-19.04 44.44-42.67 45.07z\"><\/path><\/svg>\t\t\t<\/div>\n\t\t<\/div>\n\t\t\t\t\t\t<\/div>\n\t\t\t\t<\/div>\n\t\t\t\t<div class=\"elementor-element elementor-element-b99e391 elementor-widget elementor-widget-heading\" data-id=\"b99e391\" data-element_type=\"widget\" data-e-type=\"widget\" data-widget_type=\"heading.default\">\n\t\t\t\t<div class=\"elementor-widget-container\">\n\t\t\t\t\t<h4 class=\"elementor-heading-title elementor-size-default\">C\u1eaft gi\u1ea3m chi ph\u00ed<\/h4>\t\t\t\t<\/div>\n\t\t\t\t<\/div>\n\t\t\t\t<div class=\"elementor-element elementor-element-8b3ea9d elementor-widget elementor-widget-text-editor\" data-id=\"8b3ea9d\" data-element_type=\"widget\" data-e-type=\"widget\" data-widget_type=\"text-editor.default\">\n\t\t\t\t<div class=\"elementor-widget-container\">\n\t\t\t\t\t\t\t\t\t<p>C\u00e1c gi\u1ea3i ph\u00e1p qu\u1ea3n l\u00fd h\u00e0ng t\u1ed3n kho c\u1ee7a Lidercare gi\u00fap b\u1ea1n gi\u1ea3m thi\u1ec3u \u0111\u1ea7u t\u01b0 v\u00e0 gi\u1ea3i ph\u00f3ng th\u1eddi gian \u0111\u1ec3 t\u1eadp trung v\u00e0o \u0111i\u1ec1u quan tr\u1ecdng nh\u1ea5t: c\u00f4ng vi\u1ec7c kinh doanh c\u1ee7a b\u1ea1n.<\/p>\t\t\t\t\t\t\t\t<\/div>\n\t\t\t\t<\/div>\n\t\t\t\t<\/div>\n\t\t\t\t<\/div>\n\t\t\t\t\t<\/div>\n\t\t\t\t<\/div>\n\t\t\t\t<\/div>\n\t\t","protected":false},"excerpt":{"rendered":"<p>Kho b\u00e3i v\u00e0 Logistics B\u1ed9 ph\u1eadn v\u1eadn t\u1ea3i ch\u0103m s\u00f3c t\u1ea5t c\u1ea3 c\u00e1c nhu c\u1ea7u kho b\u00e3i v\u00e0 h\u1eadu c\u1ea7n c\u1ee7a b\u1ea1n. Home T\u1ed1i \u0111a h\u00f3a hi\u1ec7u qu\u1ea3 trong kho b\u00e3i v\u00e0 h\u1eadu c\u1ea7n C\u00e1c kho h\u00e0ng chi\u1ebfn l\u01b0\u1ee3c c\u1ee7a Lidercare t\u1ea1i Trung Qu\u1ed1c c\u00f3 v\u1ecb tr\u00ed thu\u1eadn l\u1ee3i \u0111\u1ec3 ph\u1ee5c v\u1ee5 kh\u00e1ch h\u00e0ng to\u00e0n [&hellip;]<\/p>\n","protected":false},"author":1,"featured_media":33006,"parent":0,"menu_order":0,"comment_status":"closed","ping_status":"closed","template":"elementor_theme","meta":{"_acf_changed":false,"footnotes":""},"class_list":["post-33001","page","type-page","status-publish","has-post-thumbnail","hentry"],"acf":[],"_links":{"self":[{"href":"https:\/\/www.lidercare.com\/vi\/wp-json\/wp\/v2\/pages\/33001","targetHints":{"allow":["GET"]}}],"collection":[{"href":"https:\/\/www.lidercare.com\/vi\/wp-json\/wp\/v2\/pages"}],"about":[{"href":"https:\/\/www.lidercare.com\/vi\/wp-json\/wp\/v2\/types\/page"}],"author":[{"embeddable":true,"href":"https:\/\/www.lidercare.com\/vi\/wp-json\/wp\/v2\/users\/1"}],"replies":[{"embeddable":true,"href":"https:\/\/www.lidercare.com\/vi\/wp-json\/wp\/v2\/comments?post=33001"}],"version-history":[{"count":4,"href":"https:\/\/www.lidercare.com\/vi\/wp-json\/wp\/v2\/pages\/33001\/revisions"}],"predecessor-version":[{"id":95777,"href":"https:\/\/www.lidercare.com\/vi\/wp-json\/wp\/v2\/pages\/33001\/revisions\/95777"}],"wp:featuredmedia":[{"embeddable":true,"href":"https:\/\/www.lidercare.com\/vi\/wp-json\/wp\/v2\/media\/33006"}],"wp:attachment":[{"href":"https:\/\/www.lidercare.com\/vi\/wp-json\/wp\/v2\/media?parent=33001"}],"curies":[{"name":"wp","href":"https:\/\/api.w.org\/{rel}","templated":true}]}}