{"id":32863,"date":"2023-09-06T15:01:29","date_gmt":"2023-09-06T07:01:29","guid":{"rendered":"https:\/\/www.lidercare.com\/quan-ly-chat-luong\/"},"modified":"2026-03-31T17:30:20","modified_gmt":"2026-03-31T09:30:20","slug":"quan-ly-chat-luong","status":"publish","type":"page","link":"https:\/\/www.lidercare.com\/vi\/quan-ly-chat-luong\/","title":{"rendered":"Qu\u1ea3n l\u00fd ch\u1ea5t l\u01b0\u1ee3ng"},"content":{"rendered":"\t\t<div data-elementor-type=\"wp-page\" data-elementor-id=\"32863\" class=\"elementor elementor-32863 elementor-4983\" data-elementor-post-type=\"page\">\n\t\t\t\t<div class=\"elementor-element elementor-element-3827361f e-flex e-con-boxed e-con e-parent\" data-id=\"3827361f\" data-element_type=\"container\" data-e-type=\"container\" data-settings=\"{&quot;background_background&quot;:&quot;gradient&quot;}\">\n\t\t\t\t\t<div class=\"e-con-inner\">\n\t\t\t\t<div class=\"elementor-element elementor-element-84469c0 elementor-widget elementor-widget-heading\" data-id=\"84469c0\" data-element_type=\"widget\" data-e-type=\"widget\" data-widget_type=\"heading.default\">\n\t\t\t\t<div class=\"elementor-widget-container\">\n\t\t\t\t\t<h1 class=\"elementor-heading-title elementor-size-default\">Qu\u1ea3n l\u00fd ch\u1ea5t l\u01b0\u1ee3ng trong s\u1ea3n xu\u1ea5t kem \u0111\u00e1nh r\u0103ng<\/h1>\t\t\t\t<\/div>\n\t\t\t\t<\/div>\n\t\t\t\t<div class=\"elementor-element elementor-element-2af4f6de elementor-widget elementor-widget-heading\" data-id=\"2af4f6de\" data-element_type=\"widget\" data-e-type=\"widget\" data-widget_type=\"heading.default\">\n\t\t\t\t<div class=\"elementor-widget-container\">\n\t\t\t\t\t<p class=\"elementor-heading-title elementor-size-default\">Cung c\u1ea5p c\u00e1c s\u1ea3n ph\u1ea9m ch\u1ea5t l\u01b0\u1ee3ng kh\u00f4ng ch\u1ec9 \u0111\u1ea3m b\u1ea3o s\u1ef1 h\u00e0i l\u00f2ng c\u1ee7a kh\u00e1ch h\u00e0ng m\u00e0 c\u00f2n th\u00fac \u0111\u1ea9y t\u0103ng tr\u01b0\u1edfng kinh doanh c\u1ee7a ch\u00fang t\u00f4i!<\/p>\t\t\t\t<\/div>\n\t\t\t\t<\/div>\n\t\t\t\t<div class=\"elementor-element elementor-element-53c2ca5 elementor-widget elementor-widget-breadcrumbs\" data-id=\"53c2ca5\" data-element_type=\"widget\" data-e-type=\"widget\" data-widget_type=\"breadcrumbs.default\">\n\t\t\t\t<div class=\"elementor-widget-container\">\n\t\t\t\t\t<nav><span class=\"last\">Trang ch\u1ee7<\/span><\/nav>\t\t\t\t<\/div>\n\t\t\t\t<\/div>\n\t\t\t\t\t<\/div>\n\t\t\t\t<\/div>\n\t\t<div class=\"elementor-element elementor-element-27b9db8 e-flex e-con-boxed e-con e-parent\" data-id=\"27b9db8\" data-element_type=\"container\" data-e-type=\"container\">\n\t\t\t\t\t<div class=\"e-con-inner\">\n\t\t\t\t<div class=\"elementor-element elementor-element-d22205c elementor-widget elementor-widget-heading\" data-id=\"d22205c\" data-element_type=\"widget\" data-e-type=\"widget\" data-widget_type=\"heading.default\">\n\t\t\t\t<div class=\"elementor-widget-container\">\n\t\t\t\t\t<h2 class=\"elementor-heading-title elementor-size-default\">B\u1ed9 ph\u1eadn ki\u1ec3m so\u00e1t ch\u1ea5t l\u01b0\u1ee3ng (QC)<\/h2>\t\t\t\t<\/div>\n\t\t\t\t<\/div>\n\t\t\t\t<div class=\"elementor-element elementor-element-d4778d6 elementor-widget elementor-widget-text-editor\" data-id=\"d4778d6\" data-element_type=\"widget\" data-e-type=\"widget\" data-widget_type=\"text-editor.default\">\n\t\t\t\t<div class=\"elementor-widget-container\">\n\t\t\t\t\t\t\t\t\t<p>B\u1ed9 ph\u1eadn QC l\u00e0 ng\u01b0\u1eddi b\u1ea3o v\u1ec7 c\u1ea3nh gi\u00e1c c\u00e1c ti\u00eau chu\u1ea9n c\u1ee7a ch\u00fang t\u00f4i. Th\u00f4ng qua ki\u1ec3m tra t\u1ec9 m\u1ec9 v\u00e0 ki\u1ec3m tra nghi\u00eam ng\u1eb7t, h\u1ecd \u0111\u1ea3m b\u1ea3o r\u1eb1ng m\u1ed7i s\u1ea3n ph\u1ea9m kem \u0111\u00e1nh r\u0103ng \u0111\u1ec1u tu\u00e2n th\u1ee7 c\u00e1c ti\u00eau chu\u1ea9n ch\u1ea5t l\u01b0\u1ee3ng cao nh\u1ea5t. <\/p>\t\t\t\t\t\t\t\t<\/div>\n\t\t\t\t<\/div>\n\t\t<div class=\"elementor-element elementor-element-78871cf e-flex e-con-boxed e-con e-child\" data-id=\"78871cf\" data-element_type=\"container\" data-e-type=\"container\">\n\t\t\t\t\t<div class=\"e-con-inner\">\n\t\t<div class=\"elementor-element elementor-element-2130ee7 e-flex e-con-boxed e-con e-child\" data-id=\"2130ee7\" data-element_type=\"container\" data-e-type=\"container\">\n\t\t\t\t\t<div class=\"e-con-inner\">\n\t\t\t\t<div class=\"elementor-element elementor-element-7479582 elementor-widget elementor-widget-heading\" data-id=\"7479582\" data-element_type=\"widget\" data-e-type=\"widget\" data-widget_type=\"heading.default\">\n\t\t\t\t<div class=\"elementor-widget-container\">\n\t\t\t\t\t<h3 class=\"elementor-heading-title elementor-size-default\">Ng\u01b0\u1eddi b\u1ea3o v\u1ec7 ch\u1ea5t l\u01b0\u1ee3ng<\/h3>\t\t\t\t<\/div>\n\t\t\t\t<\/div>\n\t\t\t\t<div class=\"elementor-element elementor-element-e5f7825 elementor-widget elementor-widget-text-editor\" data-id=\"e5f7825\" data-element_type=\"widget\" data-e-type=\"widget\" data-widget_type=\"text-editor.default\">\n\t\t\t\t<div class=\"elementor-widget-container\">\n\t\t\t\t\t\t\t\t\t<p>B\u1ed9 ph\u1eadn QC c\u1ee7a ch\u00fang t\u00f4i l\u00e0 ng\u01b0\u1eddi b\u1ea3o v\u1ec7 ch\u1ea5t l\u01b0\u1ee3ng \u1edf m\u1ecdi giai \u0111o\u1ea1n c\u1ee7a qu\u00e1 tr\u00ecnh s\u1ea3n xu\u1ea5t. C\u00e1c chuy\u00ean gia QC \u0111\u01b0\u1ee3c \u0111\u00e0o t\u1ea1o t\u1ec9 m\u1ec9 ki\u1ec3m tra nghi\u00eam ng\u1eb7t nguy\u00ean li\u1ec7u th\u00f4, gi\u00e1m s\u00e1t quy tr\u00ecnh s\u1ea3n xu\u1ea5t v\u00e0 \u0111\u00e1nh gi\u00e1 th\u00e0nh ph\u1ea9m. M\u1ee5c ti\u00eau c\u1ee7a h\u1ecd l\u00e0 x\u00e1c \u0111\u1ecbnh v\u00e0 s\u1eeda ch\u1eefa b\u1ea5t k\u1ef3 sai l\u1ec7ch n\u00e0o so v\u1edbi c\u00e1c ti\u00eau chu\u1ea9n ch\u1ea5t l\u01b0\u1ee3ng nghi\u00eam ng\u1eb7t c\u1ee7a ch\u00fang t\u00f4i, \u0111\u1ea3m b\u1ea3o r\u1eb1ng ch\u1ec9 c\u00f3 kem \u0111\u00e1nh r\u0103ng t\u1ed1t nh\u1ea5t m\u1edbi \u0111\u1ebfn tay kh\u00e1ch h\u00e0ng c\u1ee7a ch\u00fang t\u00f4i.  <\/p>\t\t\t\t\t\t\t\t<\/div>\n\t\t\t\t<\/div>\n\t\t\t\t\t<\/div>\n\t\t\t\t<\/div>\n\t\t<div class=\"elementor-element elementor-element-af6ec10 e-flex e-con-boxed e-con e-child\" data-id=\"af6ec10\" data-element_type=\"container\" data-e-type=\"container\">\n\t\t\t\t\t<div class=\"e-con-inner\">\n\t\t\t\t<div class=\"elementor-element elementor-element-7576123 elementor-widget elementor-widget-image\" data-id=\"7576123\" data-element_type=\"widget\" data-e-type=\"widget\" data-widget_type=\"image.default\">\n\t\t\t\t<div class=\"elementor-widget-container\">\n\t\t\t\t\t\t\t\t\t\t\t\t\t\t\t<img fetchpriority=\"high\" decoding=\"async\" width=\"800\" height=\"533\" src=\"https:\/\/www.lidercare.com\/wp-content\/uploads\/Guardians-of-Quality.webp\" class=\"attachment-large size-large wp-image-32865\" alt=\"\" srcset=\"https:\/\/www.lidercare.com\/wp-content\/uploads\/Guardians-of-Quality.webp 800w, https:\/\/www.lidercare.com\/wp-content\/uploads\/Guardians-of-Quality-600x400.webp 600w, https:\/\/www.lidercare.com\/wp-content\/uploads\/Guardians-of-Quality-768x512.webp 768w\" sizes=\"(max-width: 800px) 100vw, 800px\">\t\t\t\t\t\t\t\t\t\t\t\t\t\t\t<\/div>\n\t\t\t\t<\/div>\n\t\t\t\t\t<\/div>\n\t\t\t\t<\/div>\n\t\t\t\t\t<\/div>\n\t\t\t\t<\/div>\n\t\t<div class=\"elementor-element elementor-element-b2b608d e-flex e-con-boxed e-con e-child\" data-id=\"b2b608d\" data-element_type=\"container\" data-e-type=\"container\">\n\t\t\t\t\t<div class=\"e-con-inner\">\n\t\t<div class=\"elementor-element elementor-element-39371ca e-flex e-con-boxed e-con e-child\" data-id=\"39371ca\" data-element_type=\"container\" data-e-type=\"container\">\n\t\t\t\t\t<div class=\"e-con-inner\">\n\t\t\t\t<div class=\"elementor-element elementor-element-3ef319a elementor-widget elementor-widget-image\" data-id=\"3ef319a\" data-element_type=\"widget\" data-e-type=\"widget\" data-widget_type=\"image.default\">\n\t\t\t\t<div class=\"elementor-widget-container\">\n\t\t\t\t\t\t\t\t\t\t\t\t\t\t\t<img decoding=\"async\" width=\"1024\" height=\"576\" src=\"https:\/\/www.lidercare.com\/wp-content\/uploads\/Advanced-Testing-Facilities.jpg\" class=\"attachment-large size-large wp-image-32869\" alt=\"Advanced Testing Facilities\" srcset=\"https:\/\/www.lidercare.com\/wp-content\/uploads\/Advanced-Testing-Facilities.jpg 1024w, https:\/\/www.lidercare.com\/wp-content\/uploads\/Advanced-Testing-Facilities-600x338.jpg 600w, https:\/\/www.lidercare.com\/wp-content\/uploads\/Advanced-Testing-Facilities-768x432.jpg 768w\" sizes=\"(max-width: 1024px) 100vw, 1024px\" \/>\t\t\t\t\t\t\t\t\t\t\t\t\t\t\t<\/div>\n\t\t\t\t<\/div>\n\t\t\t\t\t<\/div>\n\t\t\t\t<\/div>\n\t\t<div class=\"elementor-element elementor-element-5b622e4 e-flex e-con-boxed e-con e-child\" data-id=\"5b622e4\" data-element_type=\"container\" data-e-type=\"container\">\n\t\t\t\t\t<div class=\"e-con-inner\">\n\t\t\t\t<div class=\"elementor-element elementor-element-bcd994a elementor-widget elementor-widget-heading\" data-id=\"bcd994a\" data-element_type=\"widget\" data-e-type=\"widget\" data-widget_type=\"heading.default\">\n\t\t\t\t<div class=\"elementor-widget-container\">\n\t\t\t\t\t<h3 class=\"elementor-heading-title elementor-size-default\">C\u01a1 s\u1edf th\u1eed nghi\u1ec7m ti\u00ean ti\u1ebfn<\/h3>\t\t\t\t<\/div>\n\t\t\t\t<\/div>\n\t\t\t\t<div class=\"elementor-element elementor-element-d747099 elementor-widget elementor-widget-text-editor\" data-id=\"d747099\" data-element_type=\"widget\" data-e-type=\"widget\" data-widget_type=\"text-editor.default\">\n\t\t\t\t<div class=\"elementor-widget-container\">\n\t\t\t\t\t\t\t\t\t<p>\u0110\u1ec3 duy tr\u00ec danh ti\u1ebfng c\u1ee7a ch\u00fang t\u00f4i v\u1ec1 s\u1ef1 xu\u1ea5t s\u1eafc, B\u1ed9 ph\u1eadn QC c\u1ee7a ch\u00fang t\u00f4i s\u1eed d\u1ee5ng thi\u1ebft b\u1ecb ki\u1ec3m tra ti\u00ean ti\u1ebfn. \u0110i\u1ec1u n\u00e0y bao g\u1ed3m m\u00e1y quang ph\u1ed5, s\u1eafc k\u00fd k\u1ebf v\u00e0 c\u00e1c c\u00f4ng c\u1ee5 ph\u00e2n t\u00edch vi sinh hi\u1ec7n \u0111\u1ea1i. Nh\u1eefng c\u00f4ng ngh\u1ec7 ti\u00ean ti\u1ebfn n\u00e0y cho ph\u00e9p ch\u00fang t\u00f4i ti\u1ebfn h\u00e0nh c\u00e1c th\u1eed nghi\u1ec7m to\u00e0n di\u1ec7n, t\u1eeb ph\u00e2n t\u00edch th\u00e0nh ph\u1ea7n h\u00f3a h\u1ecdc \u0111\u1ebfn \u0111\u00e1nh gi\u00e1 an to\u00e0n vi sinh.  <\/p>\t\t\t\t\t\t\t\t<\/div>\n\t\t\t\t<\/div>\n\t\t\t\t\t<\/div>\n\t\t\t\t<\/div>\n\t\t\t\t\t<\/div>\n\t\t\t\t<\/div>\n\t\t\t\t\t<\/div>\n\t\t\t\t<\/div>\n\t\t<div class=\"elementor-element elementor-element-e986a6c e-flex e-con-boxed e-con e-parent\" data-id=\"e986a6c\" data-element_type=\"container\" data-e-type=\"container\" data-settings=\"{&quot;background_background&quot;:&quot;classic&quot;}\">\n\t\t\t\t\t<div class=\"e-con-inner\">\n\t\t\t\t<div class=\"elementor-element elementor-element-be8a12f elementor-widget elementor-widget-heading\" data-id=\"be8a12f\" data-element_type=\"widget\" data-e-type=\"widget\" data-widget_type=\"heading.default\">\n\t\t\t\t<div class=\"elementor-widget-container\">\n\t\t\t\t\t<h2 class=\"elementor-heading-title elementor-size-default\">L\u1edbp 100,000 C\u01a1 s\u1edf v\u1eadt ch\u1ea5t ph\u00f2ng s\u1ea1ch<\/h2>\t\t\t\t<\/div>\n\t\t\t\t<\/div>\n\t\t\t\t<div class=\"elementor-element elementor-element-72dfc44 elementor-widget elementor-widget-text-editor\" data-id=\"72dfc44\" data-element_type=\"widget\" data-e-type=\"widget\" data-widget_type=\"text-editor.default\">\n\t\t\t\t<div class=\"elementor-widget-container\">\n\t\t\t\t\t\t\t\t\t<p>C\u01a1 s\u1edf ph\u00f2ng s\u1ea1ch c\u1ea5p m\u01b0\u1eddi ngh\u00ecn c\u1ee7a ch\u00fang t\u00f4i l\u00e0 m\u1ed9t k\u1ef3 quan k\u1ef9 thu\u1eadt, \u0111\u01b0\u1ee3c thi\u1ebft k\u1ebf t\u1ec9 m\u1ec9 \u0111\u1ec3 t\u1ea1o ra m\u1ed9t m\u00f4i tr\u01b0\u1eddng kh\u00f4ng c\u00f3 ch\u1ea5t g\u00e2y \u00f4 nhi\u1ec5m.<\/p>\t\t\t\t\t\t\t\t<\/div>\n\t\t\t\t<\/div>\n\t\t<div class=\"elementor-element elementor-element-f68fab6 e-flex e-con-boxed e-con e-child\" data-id=\"f68fab6\" data-element_type=\"container\" data-e-type=\"container\">\n\t\t\t\t\t<div class=\"e-con-inner\">\n\t\t<div class=\"elementor-element elementor-element-dcb987a e-flex e-con-boxed e-con e-child\" data-id=\"dcb987a\" data-element_type=\"container\" data-e-type=\"container\">\n\t\t\t\t\t<div class=\"e-con-inner\">\n\t\t\t\t<div class=\"elementor-element elementor-element-02e1025 elementor-widget elementor-widget-heading\" data-id=\"02e1025\" data-element_type=\"widget\" data-e-type=\"widget\" data-widget_type=\"heading.default\">\n\t\t\t\t<div class=\"elementor-widget-container\">\n\t\t\t\t\t<h3 class=\"elementor-heading-title elementor-size-default\">Thi\u1ebft l\u1eadp c\u00e1c ti\u00eau chu\u1ea9n m\u1edbi<\/h3>\t\t\t\t<\/div>\n\t\t\t\t<\/div>\n\t\t\t\t<div class=\"elementor-element elementor-element-122c37f elementor-widget elementor-widget-text-editor\" data-id=\"122c37f\" data-element_type=\"widget\" data-e-type=\"widget\" data-widget_type=\"text-editor.default\">\n\t\t\t\t<div class=\"elementor-widget-container\">\n\t\t\t\t\t\t\t\t\t<p>Cam k\u1ebft c\u1ee7a ch\u00fang t\u00f4i v\u1ec1 ch\u1ea5t l\u01b0\u1ee3ng c\u00e0ng \u0111\u01b0\u1ee3c th\u1ec3 hi\u1ec7n r\u00f5 r\u00e0ng trong C\u01a1 s\u1edf Ph\u00f2ng s\u1ea1ch M\u01b0\u1eddi ngh\u00ecn c\u1ea5p c\u1ee7a ch\u00fang t\u00f4i. C\u01a1 s\u1edf n\u00e0y \u0111\u01b0\u1ee3c x\u00e2y d\u1ef1ng nh\u1eb1m m\u1ee5c \u0111\u00edch duy tr\u00ec m\u00f4i tr\u01b0\u1eddng v\u00f4 tr\u00f9ng v\u00e0 \u0111\u01b0\u1ee3c ki\u1ec3m so\u00e1t trong su\u1ed1t <a href=\"https:\/\/www.lidercare.com\/vi\/toothpaste-manufacturing-process-2\/\">qu\u00e1 tr\u00ecnh s\u1ea3n xu\u1ea5t kem \u0111\u00e1nh r\u0103ng<\/a>. B\u1eb1ng c\u00e1ch gi\u1ea3m thi\u1ec3u nguy c\u01a1 nhi\u1ec5m b\u1ea9n, ch\u00fang t\u00f4i \u0111\u1ea3m b\u1ea3o r\u1eb1ng c\u00e1c s\u1ea3n ph\u1ea9m c\u1ee7a ch\u00fang t\u00f4i \u0111\u00e1p \u1ee9ng c\u00e1c ti\u00eau chu\u1ea9n an to\u00e0n v\u00e0 \u0111\u1ed9 tinh khi\u1ebft cao nh\u1ea5t.  <\/p>\t\t\t\t\t\t\t\t<\/div>\n\t\t\t\t<\/div>\n\t\t\t\t\t<\/div>\n\t\t\t\t<\/div>\n\t\t<div class=\"elementor-element elementor-element-4ce9b4a e-flex e-con-boxed e-con e-child\" data-id=\"4ce9b4a\" data-element_type=\"container\" data-e-type=\"container\">\n\t\t\t\t\t<div class=\"e-con-inner\">\n\t\t\t\t<div class=\"elementor-element elementor-element-343daec elementor-widget elementor-widget-image\" data-id=\"343daec\" data-element_type=\"widget\" data-e-type=\"widget\" data-widget_type=\"image.default\">\n\t\t\t\t<div class=\"elementor-widget-container\">\n\t\t\t\t\t\t\t\t\t\t\t\t\t\t\t<img decoding=\"async\" width=\"774\" height=\"499\" src=\"https:\/\/www.lidercare.com\/wp-content\/uploads\/Setting-New-Standards.webp\" class=\"attachment-large size-large wp-image-32867\" alt=\"\" srcset=\"https:\/\/www.lidercare.com\/wp-content\/uploads\/Setting-New-Standards.webp 774w, https:\/\/www.lidercare.com\/wp-content\/uploads\/Setting-New-Standards-600x387.webp 600w, https:\/\/www.lidercare.com\/wp-content\/uploads\/Setting-New-Standards-768x495.webp 768w\" sizes=\"(max-width: 774px) 100vw, 774px\">\t\t\t\t\t\t\t\t\t\t\t\t\t\t\t<\/div>\n\t\t\t\t<\/div>\n\t\t\t\t\t<\/div>\n\t\t\t\t<\/div>\n\t\t\t\t\t<\/div>\n\t\t\t\t<\/div>\n\t\t<div class=\"elementor-element elementor-element-07559af e-flex e-con-boxed e-con e-child\" data-id=\"07559af\" data-element_type=\"container\" data-e-type=\"container\">\n\t\t\t\t\t<div class=\"e-con-inner\">\n\t\t<div class=\"elementor-element elementor-element-8d96ad7 e-flex e-con-boxed e-con e-child\" data-id=\"8d96ad7\" data-element_type=\"container\" data-e-type=\"container\">\n\t\t\t\t\t<div class=\"e-con-inner\">\n\t\t\t\t<div class=\"elementor-element elementor-element-3a1eab6 elementor-widget elementor-widget-image\" data-id=\"3a1eab6\" data-element_type=\"widget\" data-e-type=\"widget\" data-widget_type=\"image.default\">\n\t\t\t\t<div class=\"elementor-widget-container\">\n\t\t\t\t\t\t\t\t\t\t\t\t\t\t\t<img loading=\"lazy\" decoding=\"async\" width=\"612\" height=\"408\" src=\"https:\/\/www.lidercare.com\/wp-content\/uploads\/Stringent-Cleanroom-Protocols.jpg\" class=\"attachment-large size-large wp-image-32868\" alt=\"\" srcset=\"https:\/\/www.lidercare.com\/wp-content\/uploads\/Stringent-Cleanroom-Protocols.jpg 612w, https:\/\/www.lidercare.com\/wp-content\/uploads\/Stringent-Cleanroom-Protocols-600x400.jpg 600w\" sizes=\"(max-width: 612px) 100vw, 612px\">\t\t\t\t\t\t\t\t\t\t\t\t\t\t\t<\/div>\n\t\t\t\t<\/div>\n\t\t\t\t\t<\/div>\n\t\t\t\t<\/div>\n\t\t<div class=\"elementor-element elementor-element-9e40e45 e-flex e-con-boxed e-con e-child\" data-id=\"9e40e45\" data-element_type=\"container\" data-e-type=\"container\">\n\t\t\t\t\t<div class=\"e-con-inner\">\n\t\t\t\t<div class=\"elementor-element elementor-element-38c26f3 elementor-widget elementor-widget-heading\" data-id=\"38c26f3\" data-element_type=\"widget\" data-e-type=\"widget\" data-widget_type=\"heading.default\">\n\t\t\t\t<div class=\"elementor-widget-container\">\n\t\t\t\t\t<h3 class=\"elementor-heading-title elementor-size-default\">C\u00e1c giao th\u1ee9c ph\u00f2ng s\u1ea1ch nghi\u00eam ng\u1eb7t<\/h3>\t\t\t\t<\/div>\n\t\t\t\t<\/div>\n\t\t\t\t<div class=\"elementor-element elementor-element-8e48e6f elementor-widget elementor-widget-text-editor\" data-id=\"8e48e6f\" data-element_type=\"widget\" data-e-type=\"widget\" data-widget_type=\"text-editor.default\">\n\t\t\t\t<div class=\"elementor-widget-container\">\n\t\t\t\t\t\t\t\t\t<p>Ph\u00f2ng s\u1ea1ch c\u1ee7a ch\u00fang t\u00f4i tu\u00e2n th\u1ee7 c\u00e1c quy tr\u00ecnh nghi\u00eam ng\u1eb7t, bao g\u1ed3m ki\u1ec3m tra ch\u1ea5t l\u01b0\u1ee3ng kh\u00f4ng kh\u00ed th\u01b0\u1eddng xuy\u00ean, quy tr\u00ecnh m\u1eb7c \u00e1o cho\u00e0ng cho nh\u00e2n vi\u00ean v\u00e0 kh\u1eed tr\u00f9ng thi\u1ebft b\u1ecb \u0111\u1ecbnh k\u1ef3. Nh\u1eefng bi\u1ec7n ph\u00e1p n\u00e0y, k\u1ebft h\u1ee3p v\u1edbi \u0111\u1ed9i ng\u0169 nh\u00e2n vi\u00ean \u0111\u01b0\u1ee3c \u0111\u00e0o t\u1ea1o chuy\u00ean s\u00e2u, gi\u00fap ch\u00fang t\u00f4i duy tr\u00ec v\u1ec7 sinh v\u00e0 t\u00ednh nh\u1ea5t qu\u00e1n t\u1ed1i \u0111a trong c\u00e1c s\u1ea3n ph\u1ea9m c\u1ee7a m\u00ecnh. <\/p>\t\t\t\t\t\t\t\t<\/div>\n\t\t\t\t<\/div>\n\t\t\t\t\t<\/div>\n\t\t\t\t<\/div>\n\t\t\t\t\t<\/div>\n\t\t\t\t<\/div>\n\t\t\t\t\t<\/div>\n\t\t\t\t<\/div>\n\t\t\t\t<\/div>\n\t\t","protected":false},"excerpt":{"rendered":"<p>Qu\u1ea3n l\u00fd ch\u1ea5t l\u01b0\u1ee3ng trong s\u1ea3n xu\u1ea5t kem \u0111\u00e1nh r\u0103ng Cung c\u1ea5p c\u00e1c s\u1ea3n ph\u1ea9m ch\u1ea5t l\u01b0\u1ee3ng kh\u00f4ng ch\u1ec9 \u0111\u1ea3m b\u1ea3o s\u1ef1 h\u00e0i l\u00f2ng c\u1ee7a kh\u00e1ch h\u00e0ng m\u00e0 c\u00f2n th\u00fac \u0111\u1ea9y t\u0103ng tr\u01b0\u1edfng kinh doanh c\u1ee7a ch\u00fang t\u00f4i! Home B\u1ed9 ph\u1eadn ki\u1ec3m so\u00e1t ch\u1ea5t l\u01b0\u1ee3ng (QC) B\u1ed9 ph\u1eadn QC l\u00e0 ng\u01b0\u1eddi b\u1ea3o v\u1ec7 c\u1ea3nh gi\u00e1c [&hellip;]<\/p>\n","protected":false},"author":1,"featured_media":32865,"parent":0,"menu_order":0,"comment_status":"closed","ping_status":"closed","template":"elementor_theme","meta":{"_acf_changed":false,"footnotes":""},"class_list":["post-32863","page","type-page","status-publish","has-post-thumbnail","hentry"],"acf":[],"_links":{"self":[{"href":"https:\/\/www.lidercare.com\/vi\/wp-json\/wp\/v2\/pages\/32863","targetHints":{"allow":["GET"]}}],"collection":[{"href":"https:\/\/www.lidercare.com\/vi\/wp-json\/wp\/v2\/pages"}],"about":[{"href":"https:\/\/www.lidercare.com\/vi\/wp-json\/wp\/v2\/types\/page"}],"author":[{"embeddable":true,"href":"https:\/\/www.lidercare.com\/vi\/wp-json\/wp\/v2\/users\/1"}],"replies":[{"embeddable":true,"href":"https:\/\/www.lidercare.com\/vi\/wp-json\/wp\/v2\/comments?post=32863"}],"version-history":[{"count":5,"href":"https:\/\/www.lidercare.com\/vi\/wp-json\/wp\/v2\/pages\/32863\/revisions"}],"predecessor-version":[{"id":95676,"href":"https:\/\/www.lidercare.com\/vi\/wp-json\/wp\/v2\/pages\/32863\/revisions\/95676"}],"wp:featuredmedia":[{"embeddable":true,"href":"https:\/\/www.lidercare.com\/vi\/wp-json\/wp\/v2\/media\/32865"}],"wp:attachment":[{"href":"https:\/\/www.lidercare.com\/vi\/wp-json\/wp\/v2\/media?parent=32863"}],"curies":[{"name":"wp","href":"https:\/\/api.w.org\/{rel}","templated":true}]}}