{"id":88150,"date":"2026-03-11T11:37:16","date_gmt":"2026-03-11T03:37:16","guid":{"rendered":"https:\/\/www.lidercare.com\/product\/po-dental-para-animais-de-estimacao\/"},"modified":"2026-04-16T11:30:18","modified_gmt":"2026-04-16T03:30:18","slug":"po-dental-para-animais-de-estimacao","status":"publish","type":"product","link":"https:\/\/www.lidercare.com\/pt-pt\/produto\/po-dental-para-animais-de-estimacao\/","title":{"rendered":"P\u00f3 dental para animais de estima\u00e7\u00e3o"},"featured_media":45634,"template":"","meta":{"_acf_changed":false},"product-category":[397],"class_list":["post-88150","product","type-product","status-publish","has-post-thumbnail","hentry","product-category-cuidado-bucal-para-pets"],"acf":[],"_links":{"self":[{"href":"https:\/\/www.lidercare.com\/pt-pt\/wp-json\/wp\/v2\/product\/88150","targetHints":{"allow":["GET"]}}],"collection":[{"href":"https:\/\/www.lidercare.com\/pt-pt\/wp-json\/wp\/v2\/product"}],"about":[{"href":"https:\/\/www.lidercare.com\/pt-pt\/wp-json\/wp\/v2\/types\/product"}],"wp:featuredmedia":[{"embeddable":true,"href":"https:\/\/www.lidercare.com\/pt-pt\/wp-json\/wp\/v2\/media\/45634"}],"wp:attachment":[{"href":"https:\/\/www.lidercare.com\/pt-pt\/wp-json\/wp\/v2\/media?parent=88150"}],"wp:term":[{"taxonomy":"product-category","embeddable":true,"href":"https:\/\/www.lidercare.com\/pt-pt\/wp-json\/wp\/v2\/product-category?post=88150"}],"curies":[{"name":"wp","href":"https:\/\/api.w.org\/{rel}","templated":true}]}}