{"id":88138,"date":"2026-03-11T11:36:10","date_gmt":"2026-03-11T03:36:10","guid":{"rendered":"https:\/\/www.lidercare.com\/product\/ambientador-de-halito-para-animais-de-estimacao\/"},"modified":"2026-04-16T09:20:52","modified_gmt":"2026-04-16T01:20:52","slug":"ambientador-de-halito-para-animais-de-estimacao","status":"publish","type":"product","link":"https:\/\/www.lidercare.com\/pt-pt\/produto\/ambientador-de-halito-para-animais-de-estimacao\/","title":{"rendered":"Ambientador de h\u00e1lito para animais de estima\u00e7\u00e3o"},"featured_media":45551,"template":"","meta":{"_acf_changed":false},"product-category":[397],"class_list":["post-88138","product","type-product","status-publish","has-post-thumbnail","hentry","product-category-cuidado-bucal-para-pets"],"acf":[],"_links":{"self":[{"href":"https:\/\/www.lidercare.com\/pt-pt\/wp-json\/wp\/v2\/product\/88138","targetHints":{"allow":["GET"]}}],"collection":[{"href":"https:\/\/www.lidercare.com\/pt-pt\/wp-json\/wp\/v2\/product"}],"about":[{"href":"https:\/\/www.lidercare.com\/pt-pt\/wp-json\/wp\/v2\/types\/product"}],"wp:featuredmedia":[{"embeddable":true,"href":"https:\/\/www.lidercare.com\/pt-pt\/wp-json\/wp\/v2\/media\/45551"}],"wp:attachment":[{"href":"https:\/\/www.lidercare.com\/pt-pt\/wp-json\/wp\/v2\/media?parent=88138"}],"wp:term":[{"taxonomy":"product-category","embeddable":true,"href":"https:\/\/www.lidercare.com\/pt-pt\/wp-json\/wp\/v2\/product-category?post=88138"}],"curies":[{"name":"wp","href":"https:\/\/api.w.org\/{rel}","templated":true}]}}