{"id":38715,"date":"2023-06-27T09:21:27","date_gmt":"2023-06-27T01:21:27","guid":{"rendered":"https:\/\/www.lidercare.com\/fabrica-certificada\/"},"modified":"2026-03-31T15:49:07","modified_gmt":"2026-03-31T07:49:07","slug":"fabrica-certificada","status":"publish","type":"page","link":"https:\/\/www.lidercare.com\/pt-pt\/fabrica-certificada\/","title":{"rendered":"F\u00e1brica certificada"},"content":{"rendered":"\t\t<div data-elementor-type=\"wp-page\" data-elementor-id=\"38715\" class=\"elementor elementor-38715 elementor-1037\" data-elementor-post-type=\"page\">\n\t\t\t\t<div class=\"elementor-element elementor-element-5ee96bfa e-flex e-con-boxed e-con e-parent\" data-id=\"5ee96bfa\" data-element_type=\"container\" data-e-type=\"container\" data-settings=\"{&quot;background_background&quot;:&quot;gradient&quot;}\">\n\t\t\t\t\t<div class=\"e-con-inner\">\n\t\t\t\t<div class=\"elementor-element elementor-element-9021f00 elementor-widget elementor-widget-heading\" data-id=\"9021f00\" data-element_type=\"widget\" data-e-type=\"widget\" data-widget_type=\"heading.default\">\n\t\t\t\t<div class=\"elementor-widget-container\">\n\t\t\t\t\t<h1 class=\"elementor-heading-title elementor-size-default\">Certifica\u00e7\u00f5es Lidercare<\/h1>\t\t\t\t<\/div>\n\t\t\t\t<\/div>\n\t\t\t\t<div class=\"elementor-element elementor-element-77c0284 elementor-widget elementor-widget-text-editor\" data-id=\"77c0284\" data-element_type=\"widget\" data-e-type=\"widget\" data-widget_type=\"text-editor.default\">\n\t\t\t\t<div class=\"elementor-widget-container\">\n\t\t\t\t\t\t\t\t\t<p>Compromete-se com a seguran\u00e7a e com o mais alto n\u00edvel de qualidade.<\/p>\t\t\t\t\t\t\t\t<\/div>\n\t\t\t\t<\/div>\n\t\t\t\t<div class=\"elementor-element elementor-element-24bfef3 elementor-widget elementor-widget-breadcrumbs\" data-id=\"24bfef3\" data-element_type=\"widget\" data-e-type=\"widget\" data-widget_type=\"breadcrumbs.default\">\n\t\t\t\t<div class=\"elementor-widget-container\">\n\t\t\t\t\t<nav><span class=\"last\">Casa<\/span><\/nav>\t\t\t\t<\/div>\n\t\t\t\t<\/div>\n\t\t\t\t\t<\/div>\n\t\t\t\t<\/div>\n\t\t<div class=\"elementor-element elementor-element-ce32426 e-flex e-con-boxed e-con e-parent\" data-id=\"ce32426\" data-element_type=\"container\" data-e-type=\"container\">\n\t\t\t\t\t<div class=\"e-con-inner\">\n\t\t\t\t<div class=\"elementor-element elementor-element-1663d40 elementor-widget elementor-widget-heading\" data-id=\"1663d40\" data-element_type=\"widget\" data-e-type=\"widget\" data-widget_type=\"heading.default\">\n\t\t\t\t<div class=\"elementor-widget-container\">\n\t\t\t\t\t<h2 class=\"elementor-heading-title elementor-size-default\">Patentes, certifica\u00e7\u00f5es, pr\u00e9mios<\/h2>\t\t\t\t<\/div>\n\t\t\t\t<\/div>\n\t\t\t\t<div class=\"elementor-element elementor-element-5407e83 elementor-widget elementor-widget-text-editor\" data-id=\"5407e83\" data-element_type=\"widget\" data-e-type=\"widget\" data-widget_type=\"text-editor.default\">\n\t\t\t\t<div class=\"elementor-widget-container\">\n\t\t\t\t\t\t\t\t\t<p>Os produtos de higiene oral e de branqueamento dos dentes s\u00e3o geralmente considerados seguros e classificados como produtos cosm\u00e9ticos em todo o mundo.<\/p><p>Tal como acontece com todos os produtos que entram em contacto com o corpo humano e que podem ser ingeridos, a seguran\u00e7a depende da fiabilidade da fonte do produto. A Lidercare orgulha-se de fabricar todos os seus produtos de branqueamento dent\u00e1rio na China, sob uma supervis\u00e3o rigorosa e protocolos de teste para garantir a m\u00e1xima seguran\u00e7a e efic\u00e1cia do produto. <br><br>Os produtos de branqueamento dent\u00e1rio e de higiene oral podem estar sujeitos a regulamentos governamentais em determinadas regi\u00f5es do mundo. A nossa f\u00e1brica est\u00e1 certificada de acordo com as normas ISO 22716\/cGMP; fornecemos documenta\u00e7\u00e3o de conformidade, como SDS, COA e relat\u00f3rios de estabilidade. <\/p>\t\t\t\t\t\t\t\t<\/div>\n\t\t\t\t<\/div>\n\t\t<div class=\"elementor-element elementor-element-3357bd9 e-flex e-con-boxed e-con e-child\" data-id=\"3357bd9\" data-element_type=\"container\" data-e-type=\"container\">\n\t\t\t\t\t<div class=\"e-con-inner\">\n\t\t<div class=\"elementor-element elementor-element-e12062e e-con-full e-flex e-con e-child\" data-id=\"e12062e\" data-element_type=\"container\" data-e-type=\"container\">\n\t\t\t\t<div class=\"elementor-element elementor-element-740edc5 elementor-widget elementor-widget-image\" data-id=\"740edc5\" data-element_type=\"widget\" data-e-type=\"widget\" data-widget_type=\"image.default\">\n\t\t\t\t<div class=\"elementor-widget-container\">\n\t\t\t\t\t\t\t\t\t\t\t\t\t\t\t<img fetchpriority=\"high\" decoding=\"async\" width=\"280\" height=\"396\" src=\"https:\/\/www.lidercare.com\/wp-content\/uploads\/FDA.webp\" class=\"attachment-large size-large wp-image-38723\" alt=\"\">\t\t\t\t\t\t\t\t\t\t\t\t\t\t\t<\/div>\n\t\t\t\t<\/div>\n\t\t\t\t<div class=\"elementor-element elementor-element-3fd9201 elementor-widget elementor-widget-heading\" data-id=\"3fd9201\" data-element_type=\"widget\" data-e-type=\"widget\" data-widget_type=\"heading.default\">\n\t\t\t\t<div class=\"elementor-widget-container\">\n\t\t\t\t\t<h6 class=\"elementor-heading-title elementor-size-default\">FDA<\/h6>\t\t\t\t<\/div>\n\t\t\t\t<\/div>\n\t\t\t\t<\/div>\n\t\t<div class=\"elementor-element elementor-element-4e666dc e-con-full e-flex e-con e-child\" data-id=\"4e666dc\" data-element_type=\"container\" data-e-type=\"container\">\n\t\t\t\t<div class=\"elementor-element elementor-element-ccf046b elementor-widget elementor-widget-image\" data-id=\"ccf046b\" data-element_type=\"widget\" data-e-type=\"widget\" data-widget_type=\"image.default\">\n\t\t\t\t<div class=\"elementor-widget-container\">\n\t\t\t\t\t\t\t\t\t\t\t\t\t\t\t<img decoding=\"async\" width=\"280\" height=\"396\" src=\"https:\/\/www.lidercare.com\/wp-content\/uploads\/CE-certification-mouthguard.webp\" class=\"attachment-large size-large wp-image-38717\" alt=\"\">\t\t\t\t\t\t\t\t\t\t\t\t\t\t\t<\/div>\n\t\t\t\t<\/div>\n\t\t\t\t<div class=\"elementor-element elementor-element-37b73f6 elementor-widget elementor-widget-heading\" data-id=\"37b73f6\" data-element_type=\"widget\" data-e-type=\"widget\" data-widget_type=\"heading.default\">\n\t\t\t\t<div class=\"elementor-widget-container\">\n\t\t\t\t\t<h6 class=\"elementor-heading-title elementor-size-default\">Protetor bucal com certifica\u00e7\u00e3o CE<\/h6>\t\t\t\t<\/div>\n\t\t\t\t<\/div>\n\t\t\t\t<\/div>\n\t\t<div class=\"elementor-element elementor-element-c7e0910 e-con-full e-flex e-con e-child\" data-id=\"c7e0910\" data-element_type=\"container\" data-e-type=\"container\">\n\t\t\t\t<div class=\"elementor-element elementor-element-684ce64 elementor-widget elementor-widget-image\" data-id=\"684ce64\" data-element_type=\"widget\" data-e-type=\"widget\" data-widget_type=\"image.default\">\n\t\t\t\t<div class=\"elementor-widget-container\">\n\t\t\t\t\t\t\t\t\t\t\t\t\t\t\t<img decoding=\"async\" width=\"280\" height=\"396\" src=\"https:\/\/www.lidercare.com\/wp-content\/uploads\/PPE-certification-sports-mouthguard.webp\" class=\"attachment-large size-large wp-image-38725\" alt=\"\">\t\t\t\t\t\t\t\t\t\t\t\t\t\t\t<\/div>\n\t\t\t\t<\/div>\n\t\t\t\t<div class=\"elementor-element elementor-element-e25f589 elementor-widget elementor-widget-heading\" data-id=\"e25f589\" data-element_type=\"widget\" data-e-type=\"widget\" data-widget_type=\"heading.default\">\n\t\t\t\t<div class=\"elementor-widget-container\">\n\t\t\t\t\t<h6 class=\"elementor-heading-title elementor-size-default\">Prote\u00e7\u00e3o bucal desportiva com certifica\u00e7\u00e3o EPI<\/h6>\t\t\t\t<\/div>\n\t\t\t\t<\/div>\n\t\t\t\t<\/div>\n\t\t<div class=\"elementor-element elementor-element-45ddbc8 e-con-full e-flex e-con e-child\" data-id=\"45ddbc8\" data-element_type=\"container\" data-e-type=\"container\">\n\t\t\t\t<div class=\"elementor-element elementor-element-9de8084 elementor-widget elementor-widget-image\" data-id=\"9de8084\" data-element_type=\"widget\" data-e-type=\"widget\" data-widget_type=\"image.default\">\n\t\t\t\t<div class=\"elementor-widget-container\">\n\t\t\t\t\t\t\t\t\t\t\t\t\t\t\t<img loading=\"lazy\" decoding=\"async\" width=\"280\" height=\"396\" src=\"https:\/\/www.lidercare.com\/wp-content\/uploads\/CE.ATEX-BCT12JC-1921S.webp\" class=\"attachment-large size-large wp-image-38716\" alt=\"\">\t\t\t\t\t\t\t\t\t\t\t\t\t\t\t<\/div>\n\t\t\t\t<\/div>\n\t\t\t\t<div class=\"elementor-element elementor-element-a518e8f elementor-widget elementor-widget-heading\" data-id=\"a518e8f\" data-element_type=\"widget\" data-e-type=\"widget\" data-widget_type=\"heading.default\">\n\t\t\t\t<div class=\"elementor-widget-container\">\n\t\t\t\t\t<h6 class=\"elementor-heading-title elementor-size-default\">CE ATEX BCT12JC 1921S<\/h6>\t\t\t\t<\/div>\n\t\t\t\t<\/div>\n\t\t\t\t<\/div>\n\t\t\t\t\t<\/div>\n\t\t\t\t<\/div>\n\t\t<div class=\"elementor-element elementor-element-e07d780 e-flex e-con-boxed e-con e-child\" data-id=\"e07d780\" data-element_type=\"container\" data-e-type=\"container\">\n\t\t\t\t\t<div class=\"e-con-inner\">\n\t\t<div class=\"elementor-element elementor-element-329469d e-con-full e-flex e-con e-child\" data-id=\"329469d\" data-element_type=\"container\" data-e-type=\"container\">\n\t\t\t\t<div class=\"elementor-element elementor-element-4ccdbf3 elementor-widget elementor-widget-image\" data-id=\"4ccdbf3\" data-element_type=\"widget\" data-e-type=\"widget\" data-widget_type=\"image.default\">\n\t\t\t\t<div class=\"elementor-widget-container\">\n\t\t\t\t\t\t\t\t\t\t\t\t\t\t\t<img loading=\"lazy\" decoding=\"async\" width=\"280\" height=\"396\" src=\"https:\/\/www.lidercare.com\/wp-content\/uploads\/CE-Medical.webp\" class=\"attachment-large size-large wp-image-38718\" alt=\"\">\t\t\t\t\t\t\t\t\t\t\t\t\t\t\t<\/div>\n\t\t\t\t<\/div>\n\t\t\t\t<div class=\"elementor-element elementor-element-24dbbcb elementor-widget elementor-widget-heading\" data-id=\"24dbbcb\" data-element_type=\"widget\" data-e-type=\"widget\" data-widget_type=\"heading.default\">\n\t\t\t\t<div class=\"elementor-widget-container\">\n\t\t\t\t\t<h6 class=\"elementor-heading-title elementor-size-default\">CE Medical<\/h6>\t\t\t\t<\/div>\n\t\t\t\t<\/div>\n\t\t\t\t<\/div>\n\t\t<div class=\"elementor-element elementor-element-7604303 e-con-full e-flex e-con e-child\" data-id=\"7604303\" data-element_type=\"container\" data-e-type=\"container\">\n\t\t\t\t<div class=\"elementor-element elementor-element-aa8dcff elementor-widget elementor-widget-image\" data-id=\"aa8dcff\" data-element_type=\"widget\" data-e-type=\"widget\" data-widget_type=\"image.default\">\n\t\t\t\t<div class=\"elementor-widget-container\">\n\t\t\t\t\t\t\t\t\t\t\t\t\t\t\t<img loading=\"lazy\" decoding=\"async\" width=\"280\" height=\"396\" src=\"https:\/\/www.lidercare.com\/wp-content\/uploads\/CHINA-Patent-teeth-whitening-light.webp\" class=\"attachment-large size-large wp-image-38719\" alt=\"\">\t\t\t\t\t\t\t\t\t\t\t\t\t\t\t<\/div>\n\t\t\t\t<\/div>\n\t\t\t\t<div class=\"elementor-element elementor-element-71d0ad5 elementor-widget elementor-widget-heading\" data-id=\"71d0ad5\" data-element_type=\"widget\" data-e-type=\"widget\" data-widget_type=\"heading.default\">\n\t\t\t\t<div class=\"elementor-widget-container\">\n\t\t\t\t\t<h6 class=\"elementor-heading-title elementor-size-default\">Luz de branqueamento dos dentes com patente CHINA<\/h6>\t\t\t\t<\/div>\n\t\t\t\t<\/div>\n\t\t\t\t<\/div>\n\t\t<div class=\"elementor-element elementor-element-e7e28a7 e-con-full e-flex e-con e-child\" data-id=\"e7e28a7\" data-element_type=\"container\" data-e-type=\"container\">\n\t\t\t\t<div class=\"elementor-element elementor-element-9cbfc41 elementor-widget elementor-widget-image\" data-id=\"9cbfc41\" data-element_type=\"widget\" data-e-type=\"widget\" data-widget_type=\"image.default\">\n\t\t\t\t<div class=\"elementor-widget-container\">\n\t\t\t\t\t\t\t\t\t\t\t\t\t\t\t<img loading=\"lazy\" decoding=\"async\" width=\"280\" height=\"396\" src=\"https:\/\/www.lidercare.com\/wp-content\/uploads\/patent-1.webp\" class=\"attachment-large size-large wp-image-38724\" alt=\"\">\t\t\t\t\t\t\t\t\t\t\t\t\t\t\t<\/div>\n\t\t\t\t<\/div>\n\t\t\t\t<div class=\"elementor-element elementor-element-cd7f9f6 elementor-widget elementor-widget-heading\" data-id=\"cd7f9f6\" data-element_type=\"widget\" data-e-type=\"widget\" data-widget_type=\"heading.default\">\n\t\t\t\t<div class=\"elementor-widget-container\">\n\t\t\t\t\t<h6 class=\"elementor-heading-title elementor-size-default\">Patente<\/h6>\t\t\t\t<\/div>\n\t\t\t\t<\/div>\n\t\t\t\t<\/div>\n\t\t<div class=\"elementor-element elementor-element-7ad8ae5 e-con-full e-flex e-con e-child\" data-id=\"7ad8ae5\" data-element_type=\"container\" data-e-type=\"container\">\n\t\t\t\t<div class=\"elementor-element elementor-element-7d46f39 elementor-widget elementor-widget-image\" data-id=\"7d46f39\" data-element_type=\"widget\" data-e-type=\"widget\" data-widget_type=\"image.default\">\n\t\t\t\t<div class=\"elementor-widget-container\">\n\t\t\t\t\t\t\t\t\t\t\t\t\t\t\t<img loading=\"lazy\" decoding=\"async\" width=\"280\" height=\"396\" src=\"https:\/\/www.lidercare.com\/wp-content\/uploads\/teeth-whitening-gel-MSDS.webp\" class=\"attachment-large size-large wp-image-38726\" alt=\"\">\t\t\t\t\t\t\t\t\t\t\t\t\t\t\t<\/div>\n\t\t\t\t<\/div>\n\t\t\t\t<div class=\"elementor-element elementor-element-09dd401 elementor-widget elementor-widget-heading\" data-id=\"09dd401\" data-element_type=\"widget\" data-e-type=\"widget\" data-widget_type=\"heading.default\">\n\t\t\t\t<div class=\"elementor-widget-container\">\n\t\t\t\t\t<h6 class=\"elementor-heading-title elementor-size-default\">MSDS do gel de branqueamento dent\u00e1rio<\/h6>\t\t\t\t<\/div>\n\t\t\t\t<\/div>\n\t\t\t\t<\/div>\n\t\t\t\t\t<\/div>\n\t\t\t\t<\/div>\n\t\t\t\t\t<\/div>\n\t\t\t\t<\/div>\n\t\t<div class=\"elementor-element elementor-element-a31e144 e-flex e-con-boxed e-con e-parent\" data-id=\"a31e144\" data-element_type=\"container\" data-e-type=\"container\">\n\t\t\t\t\t<div class=\"e-con-inner\">\n\t\t\t\t<div class=\"elementor-element elementor-element-bf66aea elementor-widget elementor-widget-heading\" data-id=\"bf66aea\" data-element_type=\"widget\" data-e-type=\"widget\" data-widget_type=\"heading.default\">\n\t\t\t\t<div class=\"elementor-widget-container\">\n\t\t\t\t\t<h2 class=\"elementor-heading-title elementor-size-default\">Relatos de PAP+ Gel Branqueador de Dentes<\/h2>\t\t\t\t<\/div>\n\t\t\t\t<\/div>\n\t\t<div class=\"elementor-element elementor-element-855fe92 e-flex e-con-boxed e-con e-child\" data-id=\"855fe92\" data-element_type=\"container\" data-e-type=\"container\">\n\t\t\t\t\t<div class=\"e-con-inner\">\n\t\t<div class=\"elementor-element elementor-element-c7322e8 e-con-full e-flex e-con e-child\" data-id=\"c7322e8\" data-element_type=\"container\" data-e-type=\"container\">\n\t\t\t\t<div class=\"elementor-element elementor-element-bfcf25f elementor-widget elementor-widget-image\" data-id=\"bfcf25f\" data-element_type=\"widget\" data-e-type=\"widget\" data-widget_type=\"image.default\">\n\t\t\t\t<div class=\"elementor-widget-container\">\n\t\t\t\t\t\t\t\t\t\t\t\t\t\t\t<img loading=\"lazy\" decoding=\"async\" width=\"280\" height=\"396\" src=\"https:\/\/www.lidercare.com\/wp-content\/uploads\/TRA-of-Australia-1.webp\" class=\"attachment-large size-large wp-image-38727\" alt=\"\">\t\t\t\t\t\t\t\t\t\t\t\t\t\t\t<\/div>\n\t\t\t\t<\/div>\n\t\t\t\t<div class=\"elementor-element elementor-element-e622bb3 elementor-widget elementor-widget-heading\" data-id=\"e622bb3\" data-element_type=\"widget\" data-e-type=\"widget\" data-widget_type=\"heading.default\">\n\t\t\t\t<div class=\"elementor-widget-container\">\n\t\t\t\t\t<h6 class=\"elementor-heading-title elementor-size-default\">TRA da Austr\u00e1lia<\/h6>\t\t\t\t<\/div>\n\t\t\t\t<\/div>\n\t\t\t\t<\/div>\n\t\t<div class=\"elementor-element elementor-element-7817e84 e-con-full e-flex e-con e-child\" data-id=\"7817e84\" data-element_type=\"container\" data-e-type=\"container\">\n\t\t\t\t<div class=\"elementor-element elementor-element-5623299 elementor-widget elementor-widget-image\" data-id=\"5623299\" data-element_type=\"widget\" data-e-type=\"widget\" data-widget_type=\"image.default\">\n\t\t\t\t<div class=\"elementor-widget-container\">\n\t\t\t\t\t\t\t\t\t\t\t\t\t\t\t<img loading=\"lazy\" decoding=\"async\" width=\"280\" height=\"396\" src=\"https:\/\/www.lidercare.com\/wp-content\/uploads\/TRA-of-US-1.webp\" class=\"attachment-large size-large wp-image-38728\" alt=\"\">\t\t\t\t\t\t\t\t\t\t\t\t\t\t\t<\/div>\n\t\t\t\t<\/div>\n\t\t\t\t<div class=\"elementor-element elementor-element-8e1d2b4 elementor-widget elementor-widget-heading\" data-id=\"8e1d2b4\" data-element_type=\"widget\" data-e-type=\"widget\" data-widget_type=\"heading.default\">\n\t\t\t\t<div class=\"elementor-widget-container\">\n\t\t\t\t\t<h6 class=\"elementor-heading-title elementor-size-default\">TRA dos EUA<\/h6>\t\t\t\t<\/div>\n\t\t\t\t<\/div>\n\t\t\t\t<\/div>\n\t\t<div class=\"elementor-element elementor-element-b8eb78c e-con-full e-flex e-con e-child\" data-id=\"b8eb78c\" data-element_type=\"container\" data-e-type=\"container\">\n\t\t\t\t<div class=\"elementor-element elementor-element-94f5b94 elementor-widget elementor-widget-image\" data-id=\"94f5b94\" data-element_type=\"widget\" data-e-type=\"widget\" data-widget_type=\"image.default\">\n\t\t\t\t<div class=\"elementor-widget-container\">\n\t\t\t\t\t\t\t\t\t\t\t\t\t\t\t<img loading=\"lazy\" decoding=\"async\" width=\"280\" height=\"396\" src=\"https:\/\/www.lidercare.com\/wp-content\/uploads\/CPSR-of-EU-1.webp\" class=\"attachment-large size-large wp-image-38720\" alt=\"\">\t\t\t\t\t\t\t\t\t\t\t\t\t\t\t<\/div>\n\t\t\t\t<\/div>\n\t\t\t\t<div class=\"elementor-element elementor-element-4e0f6cc elementor-widget elementor-widget-heading\" data-id=\"4e0f6cc\" data-element_type=\"widget\" data-e-type=\"widget\" data-widget_type=\"heading.default\">\n\t\t\t\t<div class=\"elementor-widget-container\">\n\t\t\t\t\t<h6 class=\"elementor-heading-title elementor-size-default\">CPSR da UE<\/h6>\t\t\t\t<\/div>\n\t\t\t\t<\/div>\n\t\t\t\t<\/div>\n\t\t<div class=\"elementor-element elementor-element-c33e643 e-con-full e-flex e-con e-child\" data-id=\"c33e643\" data-element_type=\"container\" data-e-type=\"container\">\n\t\t\t\t<div class=\"elementor-element elementor-element-c2f2b29 elementor-widget elementor-widget-image\" data-id=\"c2f2b29\" data-element_type=\"widget\" data-e-type=\"widget\" data-widget_type=\"image.default\">\n\t\t\t\t<div class=\"elementor-widget-container\">\n\t\t\t\t\t\t\t\t\t\t\t\t\t\t\t<img loading=\"lazy\" decoding=\"async\" width=\"280\" height=\"396\" src=\"https:\/\/www.lidercare.com\/wp-content\/uploads\/CPSR-of-UK-1.webp\" class=\"attachment-large size-large wp-image-38721\" alt=\"\">\t\t\t\t\t\t\t\t\t\t\t\t\t\t\t<\/div>\n\t\t\t\t<\/div>\n\t\t\t\t<div class=\"elementor-element elementor-element-40f9fe8 elementor-widget elementor-widget-heading\" data-id=\"40f9fe8\" data-element_type=\"widget\" data-e-type=\"widget\" data-widget_type=\"heading.default\">\n\t\t\t\t<div class=\"elementor-widget-container\">\n\t\t\t\t\t<h6 class=\"elementor-heading-title elementor-size-default\">CPSR do Reino Unido<\/h6>\t\t\t\t<\/div>\n\t\t\t\t<\/div>\n\t\t\t\t<\/div>\n\t\t\t\t\t<\/div>\n\t\t\t\t<\/div>\n\t\t\t\t\t<\/div>\n\t\t\t\t<\/div>\n\t\t<div class=\"elementor-element elementor-element-6701719a e-flex e-con-boxed e-con e-parent\" data-id=\"6701719a\" data-element_type=\"container\" data-e-type=\"container\">\n\t\t\t\t\t<div class=\"e-con-inner\">\n\t\t<div class=\"elementor-element elementor-element-e001b98 e-con-full e-flex e-con e-child\" data-id=\"e001b98\" data-element_type=\"container\" data-e-type=\"container\">\n\t\t\t\t<div class=\"elementor-element elementor-element-44292eec elementor-widget elementor-widget-heading\" data-id=\"44292eec\" data-element_type=\"widget\" data-e-type=\"widget\" data-widget_type=\"heading.default\">\n\t\t\t\t<div class=\"elementor-widget-container\">\n\t\t\t\t\t<h2 class=\"elementor-heading-title elementor-size-default\">Amostras antes da encomenda a granel<\/h2>\t\t\t\t<\/div>\n\t\t\t\t<\/div>\n\t\t\t\t<div class=\"elementor-element elementor-element-c712d3f elementor-widget elementor-widget-text-editor\" data-id=\"c712d3f\" data-element_type=\"widget\" data-e-type=\"widget\" data-widget_type=\"text-editor.default\">\n\t\t\t\t<div class=\"elementor-widget-container\">\n\t\t\t\t\t\t\t\t\t<p>Temos uma vasta sele\u00e7\u00e3o de amostras de produtos orais para ajudar a refor\u00e7ar os benef\u00edcios da parceria com a Lidercare - convidamo-lo a solicitar as nossas amostras para o ajudar a demonstrar na pr\u00e1tica.<br><br>Contacte diretamente a nossa equipa comercial e entraremos em contacto consigo em minutos!<\/p>\t\t\t\t\t\t\t\t<\/div>\n\t\t\t\t<\/div>\n\t\t\t\t<div class=\"elementor-element elementor-element-4806b3d0 elementor-widget elementor-widget-button\" data-id=\"4806b3d0\" data-element_type=\"widget\" data-e-type=\"widget\" data-widget_type=\"button.default\">\n\t\t\t\t<div class=\"elementor-widget-container\">\n\t\t\t\t\t\t\t\t\t<div class=\"elementor-button-wrapper\">\n\t\t\t\t\t<a class=\"elementor-button elementor-button-link elementor-size-sm\" href=\"#elementor-action%3Aaction%3Dpopup%3Aopen%26settings%3DeyJpZCI6NzQxNTIsInRvZ2dsZSI6ZmFsc2V9\">\n\t\t\t\t\t\t<span class=\"elementor-button-content-wrapper\">\n\t\t\t\t\t\t\t\t\t<span class=\"elementor-button-text\">Solicitar amostras<\/span>\n\t\t\t\t\t<\/span>\n\t\t\t\t\t<\/a>\n\t\t\t\t<\/div>\n\t\t\t\t\t\t\t\t<\/div>\n\t\t\t\t<\/div>\n\t\t\t\t<\/div>\n\t\t<div class=\"elementor-element elementor-element-1aa15798 e-con-full e-flex e-con e-child\" data-id=\"1aa15798\" data-element_type=\"container\" data-e-type=\"container\">\n\t\t\t\t<div class=\"elementor-element elementor-element-2ef26f64 elementor-widget elementor-widget-image\" data-id=\"2ef26f64\" data-element_type=\"widget\" data-e-type=\"widget\" data-widget_type=\"image.default\">\n\t\t\t\t<div class=\"elementor-widget-container\">\n\t\t\t\t\t\t\t\t\t\t\t\t\t\t\t<img loading=\"lazy\" decoding=\"async\" width=\"800\" height=\"800\" src=\"https:\/\/www.lidercare.com\/wp-content\/uploads\/Multifunctional-Toothpaste-Set-1.webp\" class=\"attachment-large size-large wp-image-38022\" alt=\"\" srcset=\"https:\/\/www.lidercare.com\/wp-content\/uploads\/Multifunctional-Toothpaste-Set-1.webp 800w, https:\/\/www.lidercare.com\/wp-content\/uploads\/Multifunctional-Toothpaste-Set-1-300x300.webp 300w, https:\/\/www.lidercare.com\/wp-content\/uploads\/Multifunctional-Toothpaste-Set-1-100x100.webp 100w, https:\/\/www.lidercare.com\/wp-content\/uploads\/Multifunctional-Toothpaste-Set-1-600x600.webp 600w, https:\/\/www.lidercare.com\/wp-content\/uploads\/Multifunctional-Toothpaste-Set-1-500x500.webp 500w, https:\/\/www.lidercare.com\/wp-content\/uploads\/Multifunctional-Toothpaste-Set-1-768x768.webp 768w\" sizes=\"(max-width: 800px) 100vw, 800px\">\t\t\t\t\t\t\t\t\t\t\t\t\t\t\t<\/div>\n\t\t\t\t<\/div>\n\t\t\t\t<\/div>\n\t\t\t\t\t<\/div>\n\t\t\t\t<\/div>\n\t\t\t\t<\/div>\n\t\t","protected":false},"excerpt":{"rendered":"<p>Certifica\u00e7\u00f5es Lidercare Compromete-se com a seguran\u00e7a e com o mais alto n\u00edvel de qualidade. Home Patentes, certifica\u00e7\u00f5es, pr\u00e9mios Os produtos de higiene oral e de branqueamento dos dentes s\u00e3o geralmente considerados seguros e classificados como produtos cosm\u00e9ticos em todo o mundo. Tal como acontece com todos os produtos que entram em contacto com o corpo [&hellip;]<\/p>\n","protected":false},"author":1,"featured_media":38394,"parent":0,"menu_order":0,"comment_status":"closed","ping_status":"closed","template":"","meta":{"_acf_changed":false,"footnotes":""},"class_list":["post-38715","page","type-page","status-publish","has-post-thumbnail","hentry"],"acf":[],"_links":{"self":[{"href":"https:\/\/www.lidercare.com\/pt-pt\/wp-json\/wp\/v2\/pages\/38715","targetHints":{"allow":["GET"]}}],"collection":[{"href":"https:\/\/www.lidercare.com\/pt-pt\/wp-json\/wp\/v2\/pages"}],"about":[{"href":"https:\/\/www.lidercare.com\/pt-pt\/wp-json\/wp\/v2\/types\/page"}],"author":[{"embeddable":true,"href":"https:\/\/www.lidercare.com\/pt-pt\/wp-json\/wp\/v2\/users\/1"}],"replies":[{"embeddable":true,"href":"https:\/\/www.lidercare.com\/pt-pt\/wp-json\/wp\/v2\/comments?post=38715"}],"version-history":[{"count":12,"href":"https:\/\/www.lidercare.com\/pt-pt\/wp-json\/wp\/v2\/pages\/38715\/revisions"}],"predecessor-version":[{"id":91621,"href":"https:\/\/www.lidercare.com\/pt-pt\/wp-json\/wp\/v2\/pages\/38715\/revisions\/91621"}],"wp:featuredmedia":[{"embeddable":true,"href":"https:\/\/www.lidercare.com\/pt-pt\/wp-json\/wp\/v2\/media\/38394"}],"wp:attachment":[{"href":"https:\/\/www.lidercare.com\/pt-pt\/wp-json\/wp\/v2\/media?parent=38715"}],"curies":[{"name":"wp","href":"https:\/\/api.w.org\/{rel}","templated":true}]}}