{"id":38699,"date":"2023-06-28T13:34:24","date_gmt":"2023-06-28T05:34:24","guid":{"rendered":"https:\/\/www.lidercare.com\/lideranca\/"},"modified":"2026-03-31T17:12:13","modified_gmt":"2026-03-31T09:12:13","slug":"lideranca","status":"publish","type":"page","link":"https:\/\/www.lidercare.com\/pt-pt\/lideranca\/","title":{"rendered":"Lideran\u00e7a"},"content":{"rendered":"\t\t<div data-elementor-type=\"wp-page\" data-elementor-id=\"38699\" class=\"elementor elementor-38699 elementor-1181\" data-elementor-post-type=\"page\">\n\t\t\t\t<div class=\"elementor-element elementor-element-281ed5c6 e-flex e-con-boxed e-con e-parent\" data-id=\"281ed5c6\" data-element_type=\"container\" data-e-type=\"container\" data-settings=\"{&quot;background_background&quot;:&quot;gradient&quot;}\">\n\t\t\t\t\t<div class=\"e-con-inner\">\n\t\t\t\t<div class=\"elementor-element elementor-element-47d54f5a elementor-widget elementor-widget-heading\" data-id=\"47d54f5a\" data-element_type=\"widget\" data-e-type=\"widget\" data-widget_type=\"heading.default\">\n\t\t\t\t<div class=\"elementor-widget-container\">\n\t\t\t\t\t<h1 class=\"elementor-heading-title elementor-size-default\">Lideran\u00e7a Lidercare<\/h1>\t\t\t\t<\/div>\n\t\t\t\t<\/div>\n\t\t\t\t<div class=\"elementor-element elementor-element-42ad5da elementor-widget elementor-widget-text-editor\" data-id=\"42ad5da\" data-element_type=\"widget\" data-e-type=\"widget\" data-widget_type=\"text-editor.default\">\n\t\t\t\t<div class=\"elementor-widget-container\">\n\t\t\t\t\t\t\t\t\t<p>Os l\u00edderes da Lidercare d\u00e3o o exemplo, modelando a integridade, a compet\u00eancia e o compromisso de servi\u00e7o para os seus empregados.<\/p>\t\t\t\t\t\t\t\t<\/div>\n\t\t\t\t<\/div>\n\t\t\t\t<div class=\"elementor-element elementor-element-1950c57 elementor-widget elementor-widget-breadcrumbs\" data-id=\"1950c57\" data-element_type=\"widget\" data-e-type=\"widget\" data-widget_type=\"breadcrumbs.default\">\n\t\t\t\t<div class=\"elementor-widget-container\">\n\t\t\t\t\t<nav><span class=\"last\">Casa<\/span><\/nav>\t\t\t\t<\/div>\n\t\t\t\t<\/div>\n\t\t\t\t\t<\/div>\n\t\t\t\t<\/div>\n\t\t<div class=\"elementor-element elementor-element-e798203 e-flex e-con-boxed e-con e-parent\" data-id=\"e798203\" data-element_type=\"container\" data-e-type=\"container\">\n\t\t\t\t\t<div class=\"e-con-inner\">\n\t\t<div class=\"elementor-element elementor-element-7b49e09 e-con-full e-flex e-con e-child\" data-id=\"7b49e09\" data-element_type=\"container\" data-e-type=\"container\">\n\t\t\t\t<div class=\"elementor-element elementor-element-394e761 elementor-widget elementor-widget-image\" data-id=\"394e761\" data-element_type=\"widget\" data-e-type=\"widget\" data-widget_type=\"image.default\">\n\t\t\t\t<div class=\"elementor-widget-container\">\n\t\t\t\t\t\t\t\t\t\t\t\t\t\t\t<img fetchpriority=\"high\" decoding=\"async\" width=\"800\" height=\"800\" src=\"https:\/\/www.lidercare.com\/wp-content\/uploads\/sophia-li.webp\" class=\"attachment-large size-large wp-image-38703\" alt=\"\" srcset=\"https:\/\/www.lidercare.com\/wp-content\/uploads\/sophia-li.webp 800w, https:\/\/www.lidercare.com\/wp-content\/uploads\/sophia-li-300x300.webp 300w, https:\/\/www.lidercare.com\/wp-content\/uploads\/sophia-li-100x100.webp 100w, https:\/\/www.lidercare.com\/wp-content\/uploads\/sophia-li-600x600.webp 600w, https:\/\/www.lidercare.com\/wp-content\/uploads\/sophia-li-500x500.webp 500w, https:\/\/www.lidercare.com\/wp-content\/uploads\/sophia-li-768x768.webp 768w\" sizes=\"(max-width: 800px) 100vw, 800px\">\t\t\t\t\t\t\t\t\t\t\t\t\t\t\t<\/div>\n\t\t\t\t<\/div>\n\t\t\t\t<\/div>\n\t\t<div class=\"elementor-element elementor-element-08adc52 e-con-full e-flex e-con e-child\" data-id=\"08adc52\" data-element_type=\"container\" data-e-type=\"container\">\n\t\t\t\t<div class=\"elementor-element elementor-element-9f113d9 elementor-widget elementor-widget-heading\" data-id=\"9f113d9\" data-element_type=\"widget\" data-e-type=\"widget\" data-widget_type=\"heading.default\">\n\t\t\t\t<div class=\"elementor-widget-container\">\n\t\t\t\t\t<h2 class=\"elementor-heading-title elementor-size-default\">Sophia Li<\/h2>\t\t\t\t<\/div>\n\t\t\t\t<\/div>\n\t\t\t\t<div class=\"elementor-element elementor-element-ff0a844 elementor-widget elementor-widget-heading\" data-id=\"ff0a844\" data-element_type=\"widget\" data-e-type=\"widget\" data-widget_type=\"heading.default\">\n\t\t\t\t<div class=\"elementor-widget-container\">\n\t\t\t\t\t<h3 class=\"elementor-heading-title elementor-size-default\">Presidente<\/h3>\t\t\t\t<\/div>\n\t\t\t\t<\/div>\n\t\t\t\t<div class=\"elementor-element elementor-element-60fce70 elementor-view-default elementor-widget elementor-widget-icon\" data-id=\"60fce70\" data-element_type=\"widget\" data-e-type=\"widget\" data-widget_type=\"icon.default\">\n\t\t\t\t<div class=\"elementor-widget-container\">\n\t\t\t\t\t\t\t<div class=\"elementor-icon-wrapper\">\n\t\t\t<div class=\"elementor-icon\">\n\t\t\t<svg aria-hidden=\"true\" class=\"e-font-icon-svg e-fas-quote-left\" viewBox=\"0 0 512 512\" xmlns=\"http:\/\/www.w3.org\/2000\/svg\"><path d=\"M464 256h-80v-64c0-35.3 28.7-64 64-64h8c13.3 0 24-10.7 24-24V56c0-13.3-10.7-24-24-24h-8c-88.4 0-160 71.6-160 160v240c0 26.5 21.5 48 48 48h128c26.5 0 48-21.5 48-48V304c0-26.5-21.5-48-48-48zm-288 0H96v-64c0-35.3 28.7-64 64-64h8c13.3 0 24-10.7 24-24V56c0-13.3-10.7-24-24-24h-8C71.6 32 0 103.6 0 192v240c0 26.5 21.5 48 48 48h128c26.5 0 48-21.5 48-48V304c0-26.5-21.5-48-48-48z\"><\/path><\/svg>\t\t\t<\/div>\n\t\t<\/div>\n\t\t\t\t\t\t<\/div>\n\t\t\t\t<\/div>\n\t\t\t\t<div class=\"elementor-element elementor-element-62c42d3 elementor-widget elementor-widget-heading\" data-id=\"62c42d3\" data-element_type=\"widget\" data-e-type=\"widget\" data-widget_type=\"heading.default\">\n\t\t\t\t<div class=\"elementor-widget-container\">\n\t\t\t\t\t<h3 class=\"elementor-heading-title elementor-size-default\">O papel mais importante de uma grande equipa \u00e9 que os seus jogadores normais produzam resultados extraordin\u00e1rios.<\/h3>\t\t\t\t<\/div>\n\t\t\t\t<\/div>\n\t\t\t\t<div class=\"elementor-element elementor-element-980d3fd elementor-widget elementor-widget-text-editor\" data-id=\"980d3fd\" data-element_type=\"widget\" data-e-type=\"widget\" data-widget_type=\"text-editor.default\">\n\t\t\t\t<div class=\"elementor-widget-container\">\n\t\t\t\t\t\t\t\t\t<p>Como CEO, a principal miss\u00e3o de Sophia \u00e9 melhorar o desempenho do neg\u00f3cio de pastas dent\u00edfricas personalizadas para alcan\u00e7ar uma situa\u00e7\u00e3o vantajosa para os clientes, os funcion\u00e1rios e a comunidade. Acredita firmemente na sustentabilidade da produ\u00e7\u00e3o de pasta de dentes e est\u00e1 empenhada em melhorar as embalagens. Desde que assumiu o cargo de COO em 2013, tem desempenhado um papel de lideran\u00e7a no neg\u00f3cio de pastas dent\u00edfricas de marca pr\u00f3pria da Lidercare em Guangzhou, Guangdong, China.  <br><br>Tem sido uma l\u00edder empenhada e mentora de todos os funcion\u00e1rios da Lidercare. Atualmente, \u00e9 respons\u00e1vel pela cria\u00e7\u00e3o de novas possibilidades de design e embalagem de pastas dent\u00edfricas, pela constru\u00e7\u00e3o da cadeia de fornecimento para melhor servir os clientes e por conduzir a economia local a um crescimento org\u00e2nico e de fus\u00f5es e aquisi\u00e7\u00f5es significativo. <\/p>\t\t\t\t\t\t\t\t<\/div>\n\t\t\t\t<\/div>\n\t\t\t\t<\/div>\n\t\t\t\t\t<\/div>\n\t\t\t\t<\/div>\n\t\t<div class=\"elementor-element elementor-element-9924ed7 e-flex e-con-boxed e-con e-parent\" data-id=\"9924ed7\" data-element_type=\"container\" data-e-type=\"container\">\n\t\t\t\t\t<div class=\"e-con-inner\">\n\t\t<div class=\"elementor-element elementor-element-0d3ace8 e-con-full e-flex e-con e-child\" data-id=\"0d3ace8\" data-element_type=\"container\" data-e-type=\"container\">\n\t\t\t\t<div class=\"elementor-element elementor-element-6b7f07f elementor-widget elementor-widget-image\" data-id=\"6b7f07f\" data-element_type=\"widget\" data-e-type=\"widget\" data-widget_type=\"image.default\">\n\t\t\t\t<div class=\"elementor-widget-container\">\n\t\t\t\t\t\t\t\t\t\t\t\t\t\t\t<img decoding=\"async\" width=\"800\" height=\"800\" src=\"https:\/\/www.lidercare.com\/wp-content\/uploads\/David-Shi.webp\" class=\"attachment-large size-large wp-image-38702\" alt=\"\" srcset=\"https:\/\/www.lidercare.com\/wp-content\/uploads\/David-Shi.webp 800w, https:\/\/www.lidercare.com\/wp-content\/uploads\/David-Shi-300x300.webp 300w, https:\/\/www.lidercare.com\/wp-content\/uploads\/David-Shi-100x100.webp 100w, https:\/\/www.lidercare.com\/wp-content\/uploads\/David-Shi-600x600.webp 600w, https:\/\/www.lidercare.com\/wp-content\/uploads\/David-Shi-500x500.webp 500w, https:\/\/www.lidercare.com\/wp-content\/uploads\/David-Shi-768x768.webp 768w\" sizes=\"(max-width: 800px) 100vw, 800px\">\t\t\t\t\t\t\t\t\t\t\t\t\t\t\t<\/div>\n\t\t\t\t<\/div>\n\t\t\t\t<\/div>\n\t\t<div class=\"elementor-element elementor-element-5543026 e-con-full e-flex e-con e-child\" data-id=\"5543026\" data-element_type=\"container\" data-e-type=\"container\">\n\t\t\t\t<div class=\"elementor-element elementor-element-3027881 elementor-widget elementor-widget-heading\" data-id=\"3027881\" data-element_type=\"widget\" data-e-type=\"widget\" data-widget_type=\"heading.default\">\n\t\t\t\t<div class=\"elementor-widget-container\">\n\t\t\t\t\t<h2 class=\"elementor-heading-title elementor-size-default\">David Shi<\/h2>\t\t\t\t<\/div>\n\t\t\t\t<\/div>\n\t\t\t\t<div class=\"elementor-element elementor-element-5923527 elementor-widget elementor-widget-heading\" data-id=\"5923527\" data-element_type=\"widget\" data-e-type=\"widget\" data-widget_type=\"heading.default\">\n\t\t\t\t<div class=\"elementor-widget-container\">\n\t\t\t\t\t<h3 class=\"elementor-heading-title elementor-size-default\">Diretor Geral<\/h3>\t\t\t\t<\/div>\n\t\t\t\t<\/div>\n\t\t\t\t<div class=\"elementor-element elementor-element-3f8680a elementor-view-default elementor-widget elementor-widget-icon\" data-id=\"3f8680a\" data-element_type=\"widget\" data-e-type=\"widget\" data-widget_type=\"icon.default\">\n\t\t\t\t<div class=\"elementor-widget-container\">\n\t\t\t\t\t\t\t<div class=\"elementor-icon-wrapper\">\n\t\t\t<div class=\"elementor-icon\">\n\t\t\t<svg aria-hidden=\"true\" class=\"e-font-icon-svg e-fas-quote-left\" viewBox=\"0 0 512 512\" xmlns=\"http:\/\/www.w3.org\/2000\/svg\"><path d=\"M464 256h-80v-64c0-35.3 28.7-64 64-64h8c13.3 0 24-10.7 24-24V56c0-13.3-10.7-24-24-24h-8c-88.4 0-160 71.6-160 160v240c0 26.5 21.5 48 48 48h128c26.5 0 48-21.5 48-48V304c0-26.5-21.5-48-48-48zm-288 0H96v-64c0-35.3 28.7-64 64-64h8c13.3 0 24-10.7 24-24V56c0-13.3-10.7-24-24-24h-8C71.6 32 0 103.6 0 192v240c0 26.5 21.5 48 48 48h128c26.5 0 48-21.5 48-48V304c0-26.5-21.5-48-48-48z\"><\/path><\/svg>\t\t\t<\/div>\n\t\t<\/div>\n\t\t\t\t\t\t<\/div>\n\t\t\t\t<\/div>\n\t\t\t\t<div class=\"elementor-element elementor-element-cbc4975 elementor-widget elementor-widget-heading\" data-id=\"cbc4975\" data-element_type=\"widget\" data-e-type=\"widget\" data-widget_type=\"heading.default\">\n\t\t\t\t<div class=\"elementor-widget-container\">\n\t\t\t\t\t<h3 class=\"elementor-heading-title elementor-size-default\">Se te limitares a compreender a situa\u00e7\u00e3o na empresa, o operador pode facilmente cair num estado de tranquilidade cega.<\/h3>\t\t\t\t<\/div>\n\t\t\t\t<\/div>\n\t\t\t\t<div class=\"elementor-element elementor-element-8503ac2 elementor-widget elementor-widget-text-editor\" data-id=\"8503ac2\" data-element_type=\"widget\" data-e-type=\"widget\" data-widget_type=\"text-editor.default\">\n\t\t\t\t<div class=\"elementor-widget-container\">\n\t\t\t\t\t\t\t\t\t<p>David Shi juntou-se \u00e0 Lidercare como Diretor Executivo em 2018. Traz consigo mais de 10 anos de experi\u00eancia na cadeia de fornecimento na ind\u00fastria de cuidados orais. Como l\u00edder de empresas de produ\u00e7\u00e3o em v\u00e1rios sectores, David Shi prev\u00ea o futuro da embalagem e da marca, especialmente as necessidades em r\u00e1pida mudan\u00e7a dos nossos clientes.  <br><br>Desde que se juntou \u00e0 Lidercare, David Shi construiu uma cadeia completa de fornecimento de pastas dent\u00edfricas, implementando fortes pr\u00e1ticas de gest\u00e3o centradas na disponibilidade mais r\u00e1pida do produto. Enfatiza a nossa miss\u00e3o de fornecer \u00e0s marcas globais produtos de higiene oral da mais alta qualidade, n\u00e3o deixando pedra sobre pedra para aumentar o valor da sua marca. <\/p>\t\t\t\t\t\t\t\t<\/div>\n\t\t\t\t<\/div>\n\t\t\t\t<\/div>\n\t\t\t\t\t<\/div>\n\t\t\t\t<\/div>\n\t\t<div class=\"elementor-element elementor-element-950e4b0 e-flex e-con-boxed e-con e-parent\" data-id=\"950e4b0\" data-element_type=\"container\" data-e-type=\"container\">\n\t\t\t\t\t<div class=\"e-con-inner\">\n\t\t<div class=\"elementor-element elementor-element-df07afa e-con-full e-flex e-con e-child\" data-id=\"df07afa\" data-element_type=\"container\" data-e-type=\"container\">\n\t\t\t\t<div class=\"elementor-element elementor-element-d56d8d3 elementor-widget elementor-widget-image\" data-id=\"d56d8d3\" data-element_type=\"widget\" data-e-type=\"widget\" data-widget_type=\"image.default\">\n\t\t\t\t<div class=\"elementor-widget-container\">\n\t\t\t\t\t\t\t\t\t\t\t\t\t\t\t<img decoding=\"async\" width=\"800\" height=\"800\" src=\"https:\/\/www.lidercare.com\/wp-content\/uploads\/Cindy-Chen.webp\" class=\"attachment-large size-large wp-image-38701\" alt=\"\" srcset=\"https:\/\/www.lidercare.com\/wp-content\/uploads\/Cindy-Chen.webp 800w, https:\/\/www.lidercare.com\/wp-content\/uploads\/Cindy-Chen-300x300.webp 300w, https:\/\/www.lidercare.com\/wp-content\/uploads\/Cindy-Chen-100x100.webp 100w, https:\/\/www.lidercare.com\/wp-content\/uploads\/Cindy-Chen-600x600.webp 600w, https:\/\/www.lidercare.com\/wp-content\/uploads\/Cindy-Chen-500x500.webp 500w, https:\/\/www.lidercare.com\/wp-content\/uploads\/Cindy-Chen-768x768.webp 768w\" sizes=\"(max-width: 800px) 100vw, 800px\">\t\t\t\t\t\t\t\t\t\t\t\t\t\t\t<\/div>\n\t\t\t\t<\/div>\n\t\t\t\t<\/div>\n\t\t<div class=\"elementor-element elementor-element-598480a e-con-full e-flex e-con e-child\" data-id=\"598480a\" data-element_type=\"container\" data-e-type=\"container\">\n\t\t\t\t<div class=\"elementor-element elementor-element-ca080e8 elementor-widget elementor-widget-heading\" data-id=\"ca080e8\" data-element_type=\"widget\" data-e-type=\"widget\" data-widget_type=\"heading.default\">\n\t\t\t\t<div class=\"elementor-widget-container\">\n\t\t\t\t\t<h2 class=\"elementor-heading-title elementor-size-default\">Cindy Chen<\/h2>\t\t\t\t<\/div>\n\t\t\t\t<\/div>\n\t\t\t\t<div class=\"elementor-element elementor-element-6c7453f elementor-widget elementor-widget-heading\" data-id=\"6c7453f\" data-element_type=\"widget\" data-e-type=\"widget\" data-widget_type=\"heading.default\">\n\t\t\t\t<div class=\"elementor-widget-container\">\n\t\t\t\t\t<h3 class=\"elementor-heading-title elementor-size-default\">Diretor Geral<\/h3>\t\t\t\t<\/div>\n\t\t\t\t<\/div>\n\t\t\t\t<div class=\"elementor-element elementor-element-fcaa00b elementor-view-default elementor-widget elementor-widget-icon\" data-id=\"fcaa00b\" data-element_type=\"widget\" data-e-type=\"widget\" data-widget_type=\"icon.default\">\n\t\t\t\t<div class=\"elementor-widget-container\">\n\t\t\t\t\t\t\t<div class=\"elementor-icon-wrapper\">\n\t\t\t<div class=\"elementor-icon\">\n\t\t\t<svg aria-hidden=\"true\" class=\"e-font-icon-svg e-fas-quote-left\" viewBox=\"0 0 512 512\" xmlns=\"http:\/\/www.w3.org\/2000\/svg\"><path d=\"M464 256h-80v-64c0-35.3 28.7-64 64-64h8c13.3 0 24-10.7 24-24V56c0-13.3-10.7-24-24-24h-8c-88.4 0-160 71.6-160 160v240c0 26.5 21.5 48 48 48h128c26.5 0 48-21.5 48-48V304c0-26.5-21.5-48-48-48zm-288 0H96v-64c0-35.3 28.7-64 64-64h8c13.3 0 24-10.7 24-24V56c0-13.3-10.7-24-24-24h-8C71.6 32 0 103.6 0 192v240c0 26.5 21.5 48 48 48h128c26.5 0 48-21.5 48-48V304c0-26.5-21.5-48-48-48z\"><\/path><\/svg>\t\t\t<\/div>\n\t\t<\/div>\n\t\t\t\t\t\t<\/div>\n\t\t\t\t<\/div>\n\t\t\t\t<div class=\"elementor-element elementor-element-383b875 elementor-widget elementor-widget-heading\" data-id=\"383b875\" data-element_type=\"widget\" data-e-type=\"widget\" data-widget_type=\"heading.default\">\n\t\t\t\t<div class=\"elementor-widget-container\">\n\t\t\t\t\t<h3 class=\"elementor-heading-title elementor-size-default\">Um cliente satisfeito \u00e9 a melhor estrat\u00e9gia comercial de todas.<\/h3>\t\t\t\t<\/div>\n\t\t\t\t<\/div>\n\t\t\t\t<div class=\"elementor-element elementor-element-9ce1819 elementor-widget elementor-widget-text-editor\" data-id=\"9ce1819\" data-element_type=\"widget\" data-e-type=\"widget\" data-widget_type=\"text-editor.default\">\n\t\t\t\t<div class=\"elementor-widget-container\">\n\t\t\t\t\t\t\t\t\t<p>Cindy \u00e9 Diretora Geral da Lidercare desde 2019 e \u00e9 respons\u00e1vel pelas opera\u00e7\u00f5es gerais da empresa, incluindo a melhoria da efici\u00eancia e o aumento dos lucros. \u00c9 tamb\u00e9m respons\u00e1vel pelas vendas globais. <\/p><p>A Cindy \u00e9 uma veterana da ind\u00fastria dos cuidados orais e levou a sua equipa a alcan\u00e7ar um crescimento sustent\u00e1vel e escal\u00e1vel das receitas. Promove a colabora\u00e7\u00e3o e o alinhamento da equipa da Lidercare, utilizando o pensamento estrat\u00e9gico e uma estrutura de venda de valor. Com um enfoque no servi\u00e7o, a sua equipa atrai consistentemente novos clientes e presta um servi\u00e7o excecional.  <\/p>\t\t\t\t\t\t\t\t<\/div>\n\t\t\t\t<\/div>\n\t\t\t\t<\/div>\n\t\t\t\t\t<\/div>\n\t\t\t\t<\/div>\n\t\t\t\t<\/div>\n\t\t","protected":false},"excerpt":{"rendered":"<p>Lideran\u00e7a Lidercare Os l\u00edderes da Lidercare d\u00e3o o exemplo, modelando a integridade, a compet\u00eancia e o compromisso de servi\u00e7o para os seus empregados. Home Sophia Li Presidente O papel mais importante de uma grande equipa \u00e9 que os seus jogadores normais produzam resultados extraordin\u00e1rios. Como CEO, a principal miss\u00e3o de Sophia \u00e9 melhorar o desempenho [&hellip;]<\/p>\n","protected":false},"author":1,"featured_media":38703,"parent":0,"menu_order":0,"comment_status":"closed","ping_status":"closed","template":"","meta":{"_acf_changed":false,"footnotes":""},"class_list":["post-38699","page","type-page","status-publish","has-post-thumbnail","hentry"],"acf":[],"_links":{"self":[{"href":"https:\/\/www.lidercare.com\/pt-pt\/wp-json\/wp\/v2\/pages\/38699","targetHints":{"allow":["GET"]}}],"collection":[{"href":"https:\/\/www.lidercare.com\/pt-pt\/wp-json\/wp\/v2\/pages"}],"about":[{"href":"https:\/\/www.lidercare.com\/pt-pt\/wp-json\/wp\/v2\/types\/page"}],"author":[{"embeddable":true,"href":"https:\/\/www.lidercare.com\/pt-pt\/wp-json\/wp\/v2\/users\/1"}],"replies":[{"embeddable":true,"href":"https:\/\/www.lidercare.com\/pt-pt\/wp-json\/wp\/v2\/comments?post=38699"}],"version-history":[{"count":4,"href":"https:\/\/www.lidercare.com\/pt-pt\/wp-json\/wp\/v2\/pages\/38699\/revisions"}],"predecessor-version":[{"id":95597,"href":"https:\/\/www.lidercare.com\/pt-pt\/wp-json\/wp\/v2\/pages\/38699\/revisions\/95597"}],"wp:featuredmedia":[{"embeddable":true,"href":"https:\/\/www.lidercare.com\/pt-pt\/wp-json\/wp\/v2\/media\/38703"}],"wp:attachment":[{"href":"https:\/\/www.lidercare.com\/pt-pt\/wp-json\/wp\/v2\/media?parent=38699"}],"curies":[{"name":"wp","href":"https:\/\/api.w.org\/{rel}","templated":true}]}}