{"id":38381,"date":"2023-09-11T17:40:41","date_gmt":"2023-09-11T09:40:41","guid":{"rendered":"https:\/\/www.lidercare.com\/armazenagem-e-logistica\/"},"modified":"2026-03-31T18:07:19","modified_gmt":"2026-03-31T10:07:19","slug":"armazenagem-e-logistica","status":"publish","type":"page","link":"https:\/\/www.lidercare.com\/pt-pt\/armazenagem-e-logistica\/","title":{"rendered":"Armazenagem e log\u00edstica"},"content":{"rendered":"\t\t<div data-elementor-type=\"wp-page\" data-elementor-id=\"38381\" class=\"elementor elementor-38381 elementor-5414\" data-elementor-post-type=\"page\">\n\t\t\t\t<div class=\"elementor-element elementor-element-75bf564b e-flex e-con-boxed e-con e-parent\" data-id=\"75bf564b\" data-element_type=\"container\" data-e-type=\"container\" data-settings=\"{&quot;background_background&quot;:&quot;gradient&quot;}\">\n\t\t\t\t\t<div class=\"e-con-inner\">\n\t\t\t\t<div class=\"elementor-element elementor-element-7f428034 elementor-widget elementor-widget-heading\" data-id=\"7f428034\" data-element_type=\"widget\" data-e-type=\"widget\" data-widget_type=\"heading.default\">\n\t\t\t\t<div class=\"elementor-widget-container\">\n\t\t\t\t\t<h1 class=\"elementor-heading-title elementor-size-default\">Armazenagem e log\u00edstica<\/h1>\t\t\t\t<\/div>\n\t\t\t\t<\/div>\n\t\t\t\t<div class=\"elementor-element elementor-element-243e92a elementor-widget elementor-widget-text-editor\" data-id=\"243e92a\" data-element_type=\"widget\" data-e-type=\"widget\" data-widget_type=\"text-editor.default\">\n\t\t\t\t<div class=\"elementor-widget-container\">\n\t\t\t\t\t\t\t\t\t<p>O departamento de transportes ocupa-se de todas as tuas necessidades de armazenamento e log\u00edstica.<\/p>\t\t\t\t\t\t\t\t<\/div>\n\t\t\t\t<\/div>\n\t\t\t\t<div class=\"elementor-element elementor-element-7b9ae52 elementor-widget elementor-widget-breadcrumbs\" data-id=\"7b9ae52\" data-element_type=\"widget\" data-e-type=\"widget\" data-widget_type=\"breadcrumbs.default\">\n\t\t\t\t<div class=\"elementor-widget-container\">\n\t\t\t\t\t<nav><span class=\"last\">Casa<\/span><\/nav>\t\t\t\t<\/div>\n\t\t\t\t<\/div>\n\t\t\t\t\t<\/div>\n\t\t\t\t<\/div>\n\t\t<div class=\"elementor-element elementor-element-220f1d4 e-flex e-con-boxed e-con e-parent\" data-id=\"220f1d4\" data-element_type=\"container\" data-e-type=\"container\">\n\t\t\t\t\t<div class=\"e-con-inner\">\n\t\t<div class=\"elementor-element elementor-element-b8ffaa5 e-con-full e-flex e-con e-child\" data-id=\"b8ffaa5\" data-element_type=\"container\" data-e-type=\"container\">\n\t\t\t\t<div class=\"elementor-element elementor-element-4a75722 elementor-widget elementor-widget-image\" data-id=\"4a75722\" data-element_type=\"widget\" data-e-type=\"widget\" data-widget_type=\"image.default\">\n\t\t\t\t<div class=\"elementor-widget-container\">\n\t\t\t\t\t\t\t\t\t\t\t\t\t\t\t<img fetchpriority=\"high\" decoding=\"async\" width=\"800\" height=\"517\" src=\"https:\/\/www.lidercare.com\/wp-content\/uploads\/Warehousing-and-Logistics.webp\" class=\"attachment-large size-large wp-image-38382\" alt=\"\" srcset=\"https:\/\/www.lidercare.com\/wp-content\/uploads\/Warehousing-and-Logistics.webp 800w, https:\/\/www.lidercare.com\/wp-content\/uploads\/Warehousing-and-Logistics-600x388.webp 600w, https:\/\/www.lidercare.com\/wp-content\/uploads\/Warehousing-and-Logistics-768x496.webp 768w\" sizes=\"(max-width: 800px) 100vw, 800px\">\t\t\t\t\t\t\t\t\t\t\t\t\t\t\t<\/div>\n\t\t\t\t<\/div>\n\t\t\t\t<\/div>\n\t\t<div class=\"elementor-element elementor-element-81d7283 e-con-full e-flex e-con e-child\" data-id=\"81d7283\" data-element_type=\"container\" data-e-type=\"container\">\n\t\t\t\t<div class=\"elementor-element elementor-element-0d23385 elementor-widget elementor-widget-heading\" data-id=\"0d23385\" data-element_type=\"widget\" data-e-type=\"widget\" data-widget_type=\"heading.default\">\n\t\t\t\t<div class=\"elementor-widget-container\">\n\t\t\t\t\t<h2 class=\"elementor-heading-title elementor-size-default\">Maximizar a efici\u00eancia no armazenamento e na log\u00edstica<\/h2>\t\t\t\t<\/div>\n\t\t\t\t<\/div>\n\t\t\t\t<div class=\"elementor-element elementor-element-3e0466c elementor-widget elementor-widget-text-editor\" data-id=\"3e0466c\" data-element_type=\"widget\" data-e-type=\"widget\" data-widget_type=\"text-editor.default\">\n\t\t\t\t<div class=\"elementor-widget-container\">\n\t\t\t\t\t\t\t\t\t<p>Os armaz\u00e9ns estrat\u00e9gicos da Lidercare na China est\u00e3o bem posicionados para servir os nossos clientes globais. Com mais de 3 milh\u00f5es de p\u00e9s quadrados de espa\u00e7o, podemos armazenar uma grande variedade de produtos, incluindo mais de 3.000 itens. Os nossos armaz\u00e9ns tamb\u00e9m t\u00eam muito espa\u00e7o para a propriedade do cliente, facilitando-nos a gest\u00e3o do seu invent\u00e1rio e necessidades de envio.  <br><br>A Lidercare compreende que a gest\u00e3o de stocks pode ser um desafio para empresas de todas as dimens\u00f5es. Os nossos programas JIT (Just In Time) podem ajud\u00e1-lo a reduzir os seus custos de invent\u00e1rio e a libertar espa\u00e7o valioso. Trabalhamos consigo para desenvolver um programa personalizado que satisfa\u00e7a as suas necessidades espec\u00edficas.  <\/p>\t\t\t\t\t\t\t\t<\/div>\n\t\t\t\t<\/div>\n\t\t\t\t<\/div>\n\t\t\t\t\t<\/div>\n\t\t\t\t<\/div>\n\t\t<div class=\"elementor-element elementor-element-fd8543d e-flex e-con-boxed e-con e-parent\" data-id=\"fd8543d\" data-element_type=\"container\" data-e-type=\"container\">\n\t\t\t\t\t<div class=\"e-con-inner\">\n\t\t\t\t<div class=\"elementor-element elementor-element-606ad02 elementor-widget elementor-widget-heading\" data-id=\"606ad02\" data-element_type=\"widget\" data-e-type=\"widget\" data-widget_type=\"heading.default\">\n\t\t\t\t<div class=\"elementor-widget-container\">\n\t\t\t\t\t<h3 class=\"elementor-heading-title elementor-size-default\">A tua vantagem competitiva.<\/h3>\t\t\t\t<\/div>\n\t\t\t\t<\/div>\n\t\t<div class=\"elementor-element elementor-element-202f730 e-grid e-con-full e-con e-child\" data-id=\"202f730\" data-element_type=\"container\" data-e-type=\"container\">\n\t\t<div class=\"elementor-element elementor-element-4809ce3 e-con-full e-flex e-con e-child\" data-id=\"4809ce3\" data-element_type=\"container\" data-e-type=\"container\">\n\t\t\t\t<div class=\"elementor-element elementor-element-8866f42 elementor-view-default elementor-widget elementor-widget-icon\" data-id=\"8866f42\" data-element_type=\"widget\" data-e-type=\"widget\" data-widget_type=\"icon.default\">\n\t\t\t\t<div class=\"elementor-widget-container\">\n\t\t\t\t\t\t\t<div class=\"elementor-icon-wrapper\">\n\t\t\t<div class=\"elementor-icon\">\n\t\t\t<svg aria-hidden=\"true\" class=\"e-font-icon-svg e-far-clock\" viewBox=\"0 0 512 512\" xmlns=\"http:\/\/www.w3.org\/2000\/svg\"><path d=\"M256 8C119 8 8 119 8 256s111 248 248 248 248-111 248-248S393 8 256 8zm0 448c-110.5 0-200-89.5-200-200S145.5 56 256 56s200 89.5 200 200-89.5 200-200 200zm61.8-104.4l-84.9-61.7c-3.1-2.3-4.9-5.9-4.9-9.7V116c0-6.6 5.4-12 12-12h32c6.6 0 12 5.4 12 12v141.7l66.8 48.6c5.4 3.9 6.5 11.4 2.6 16.8L334.6 349c-3.9 5.3-11.4 6.5-16.8 2.6z\"><\/path><\/svg>\t\t\t<\/div>\n\t\t<\/div>\n\t\t\t\t\t\t<\/div>\n\t\t\t\t<\/div>\n\t\t\t\t<div class=\"elementor-element elementor-element-c33c248 elementor-widget elementor-widget-heading\" data-id=\"c33c248\" data-element_type=\"widget\" data-e-type=\"widget\" data-widget_type=\"heading.default\">\n\t\t\t\t<div class=\"elementor-widget-container\">\n\t\t\t\t\t<h4 class=\"elementor-heading-title elementor-size-default\">Entrega atempada<\/h4>\t\t\t\t<\/div>\n\t\t\t\t<\/div>\n\t\t\t\t<div class=\"elementor-element elementor-element-0219788 elementor-widget elementor-widget-text-editor\" data-id=\"0219788\" data-element_type=\"widget\" data-e-type=\"widget\" data-widget_type=\"text-editor.default\">\n\t\t\t\t<div class=\"elementor-widget-container\">\n\t\t\t\t\t\t\t\t\t<p>Atrav\u00e9s de um planeamento preciso e de uma localiza\u00e7\u00e3o a n\u00edvel nacional, podemos garantir que dispomos de um invent\u00e1rio suficiente para satisfazer a procura e entregar os produtos dentro de um prazo de entrega controlado.<\/p>\t\t\t\t\t\t\t\t<\/div>\n\t\t\t\t<\/div>\n\t\t\t\t<\/div>\n\t\t<div class=\"elementor-element elementor-element-971ba26 e-con-full e-flex e-con e-child\" data-id=\"971ba26\" data-element_type=\"container\" data-e-type=\"container\">\n\t\t\t\t<div class=\"elementor-element elementor-element-290d7f3 elementor-view-default elementor-widget elementor-widget-icon\" data-id=\"290d7f3\" data-element_type=\"widget\" data-e-type=\"widget\" data-widget_type=\"icon.default\">\n\t\t\t\t<div class=\"elementor-widget-container\">\n\t\t\t\t\t\t\t<div class=\"elementor-icon-wrapper\">\n\t\t\t<div class=\"elementor-icon\">\n\t\t\t<svg aria-hidden=\"true\" class=\"e-font-icon-svg e-fas-warehouse\" viewBox=\"0 0 640 512\" xmlns=\"http:\/\/www.w3.org\/2000\/svg\"><path d=\"M504 352H136.4c-4.4 0-8 3.6-8 8l-.1 48c0 4.4 3.6 8 8 8H504c4.4 0 8-3.6 8-8v-48c0-4.4-3.6-8-8-8zm0 96H136.1c-4.4 0-8 3.6-8 8l-.1 48c0 4.4 3.6 8 8 8h368c4.4 0 8-3.6 8-8v-48c0-4.4-3.6-8-8-8zm0-192H136.6c-4.4 0-8 3.6-8 8l-.1 48c0 4.4 3.6 8 8 8H504c4.4 0 8-3.6 8-8v-48c0-4.4-3.6-8-8-8zm106.5-139L338.4 3.7a48.15 48.15 0 0 0-36.9 0L29.5 117C11.7 124.5 0 141.9 0 161.3V504c0 4.4 3.6 8 8 8h80c4.4 0 8-3.6 8-8V256c0-17.6 14.6-32 32.6-32h382.8c18 0 32.6 14.4 32.6 32v248c0 4.4 3.6 8 8 8h80c4.4 0 8-3.6 8-8V161.3c0-19.4-11.7-36.8-29.5-44.3z\"><\/path><\/svg>\t\t\t<\/div>\n\t\t<\/div>\n\t\t\t\t\t\t<\/div>\n\t\t\t\t<\/div>\n\t\t\t\t<div class=\"elementor-element elementor-element-66c689b elementor-widget elementor-widget-heading\" data-id=\"66c689b\" data-element_type=\"widget\" data-e-type=\"widget\" data-widget_type=\"heading.default\">\n\t\t\t\t<div class=\"elementor-widget-container\">\n\t\t\t\t\t<h4 class=\"elementor-heading-title elementor-size-default\">Almofada de invent\u00e1rio<\/h4>\t\t\t\t<\/div>\n\t\t\t\t<\/div>\n\t\t\t\t<div class=\"elementor-element elementor-element-58c8375 elementor-widget elementor-widget-text-editor\" data-id=\"58c8375\" data-element_type=\"widget\" data-e-type=\"widget\" data-widget_type=\"text-editor.default\">\n\t\t\t\t<div class=\"elementor-widget-container\">\n\t\t\t\t\t\t\t\t\t<p>O nosso fluxo de invent\u00e1rio 24 horas por dia, 7 dias por semana e a monitoriza\u00e7\u00e3o em tempo real, juntamente com a nossa estrutura modular bem planeada, proporcionam uma tranquilidade total de que os teus produtos est\u00e3o seguros e protegidos.<\/p>\t\t\t\t\t\t\t\t<\/div>\n\t\t\t\t<\/div>\n\t\t\t\t<\/div>\n\t\t<div class=\"elementor-element elementor-element-d137b21 e-con-full e-flex e-con e-child\" data-id=\"d137b21\" data-element_type=\"container\" data-e-type=\"container\">\n\t\t\t\t<div class=\"elementor-element elementor-element-3f30858 elementor-view-default elementor-widget elementor-widget-icon\" data-id=\"3f30858\" data-element_type=\"widget\" data-e-type=\"widget\" data-widget_type=\"icon.default\">\n\t\t\t\t<div class=\"elementor-widget-container\">\n\t\t\t\t\t\t\t<div class=\"elementor-icon-wrapper\">\n\t\t\t<div class=\"elementor-icon\">\n\t\t\t<svg aria-hidden=\"true\" class=\"e-font-icon-svg e-fas-truck\" viewBox=\"0 0 640 512\" xmlns=\"http:\/\/www.w3.org\/2000\/svg\"><path d=\"M624 352h-16V243.9c0-12.7-5.1-24.9-14.1-33.9L494 110.1c-9-9-21.2-14.1-33.9-14.1H416V48c0-26.5-21.5-48-48-48H48C21.5 0 0 21.5 0 48v320c0 26.5 21.5 48 48 48h16c0 53 43 96 96 96s96-43 96-96h128c0 53 43 96 96 96s96-43 96-96h48c8.8 0 16-7.2 16-16v-32c0-8.8-7.2-16-16-16zM160 464c-26.5 0-48-21.5-48-48s21.5-48 48-48 48 21.5 48 48-21.5 48-48 48zm320 0c-26.5 0-48-21.5-48-48s21.5-48 48-48 48 21.5 48 48-21.5 48-48 48zm80-208H416V144h44.1l99.9 99.9V256z\"><\/path><\/svg>\t\t\t<\/div>\n\t\t<\/div>\n\t\t\t\t\t\t<\/div>\n\t\t\t\t<\/div>\n\t\t\t\t<div class=\"elementor-element elementor-element-3808c5a elementor-widget elementor-widget-heading\" data-id=\"3808c5a\" data-element_type=\"widget\" data-e-type=\"widget\" data-widget_type=\"heading.default\">\n\t\t\t\t<div class=\"elementor-widget-container\">\n\t\t\t\t\t<h4 class=\"elementor-heading-title elementor-size-default\">Tempo de ciclo da encomenda<\/h4>\t\t\t\t<\/div>\n\t\t\t\t<\/div>\n\t\t\t\t<div class=\"elementor-element elementor-element-c8476ff elementor-widget elementor-widget-text-editor\" data-id=\"c8476ff\" data-element_type=\"widget\" data-e-type=\"widget\" data-widget_type=\"text-editor.default\">\n\t\t\t\t<div class=\"elementor-widget-container\">\n\t\t\t\t\t\t\t\t\t<p>Com um enorme sistema de produtos em stock, estamos sempre preparados para fornecer uma solu\u00e7\u00e3o abrangente para qualquer necessidade de armazenamento em grande escala.<\/p>\t\t\t\t\t\t\t\t<\/div>\n\t\t\t\t<\/div>\n\t\t\t\t<\/div>\n\t\t<div class=\"elementor-element elementor-element-20e45aa e-con-full e-flex e-con e-child\" data-id=\"20e45aa\" data-element_type=\"container\" data-e-type=\"container\">\n\t\t\t\t<div class=\"elementor-element elementor-element-1318aff elementor-view-default elementor-widget elementor-widget-icon\" data-id=\"1318aff\" data-element_type=\"widget\" data-e-type=\"widget\" data-widget_type=\"icon.default\">\n\t\t\t\t<div class=\"elementor-widget-container\">\n\t\t\t\t\t\t\t<div class=\"elementor-icon-wrapper\">\n\t\t\t<div class=\"elementor-icon\">\n\t\t\t<svg aria-hidden=\"true\" class=\"e-font-icon-svg e-fas-funnel-dollar\" viewBox=\"0 0 640 512\" xmlns=\"http:\/\/www.w3.org\/2000\/svg\"><path d=\"M433.46 165.94l101.2-111.87C554.61 34.12 540.48 0 512.26 0H31.74C3.52 0-10.61 34.12 9.34 54.07L192 256v155.92c0 12.59 5.93 24.44 16 32l79.99 60c20.86 15.64 48.47 6.97 59.22-13.57C310.8 455.38 288 406.35 288 352c0-89.79 62.05-165.17 145.46-186.06zM480 192c-88.37 0-160 71.63-160 160s71.63 160 160 160 160-71.63 160-160-71.63-160-160-160zm16 239.88V448c0 4.42-3.58 8-8 8h-16c-4.42 0-8-3.58-8-8v-16.29c-11.29-.58-22.27-4.52-31.37-11.35-3.9-2.93-4.1-8.77-.57-12.14l11.75-11.21c2.77-2.64 6.89-2.76 10.13-.73 3.87 2.42 8.26 3.72 12.82 3.72h28.11c6.5 0 11.8-5.92 11.8-13.19 0-5.95-3.61-11.19-8.77-12.73l-45-13.5c-18.59-5.58-31.58-23.42-31.58-43.39 0-24.52 19.05-44.44 42.67-45.07V256c0-4.42 3.58-8 8-8h16c4.42 0 8 3.58 8 8v16.29c11.29.58 22.27 4.51 31.37 11.35 3.9 2.93 4.1 8.77.57 12.14l-11.75 11.21c-2.77 2.64-6.89 2.76-10.13.73-3.87-2.43-8.26-3.72-12.82-3.72h-28.11c-6.5 0-11.8 5.92-11.8 13.19 0 5.95 3.61 11.19 8.77 12.73l45 13.5c18.59 5.58 31.58 23.42 31.58 43.39 0 24.53-19.04 44.44-42.67 45.07z\"><\/path><\/svg>\t\t\t<\/div>\n\t\t<\/div>\n\t\t\t\t\t\t<\/div>\n\t\t\t\t<\/div>\n\t\t\t\t<div class=\"elementor-element elementor-element-b99e391 elementor-widget elementor-widget-heading\" data-id=\"b99e391\" data-element_type=\"widget\" data-e-type=\"widget\" data-widget_type=\"heading.default\">\n\t\t\t\t<div class=\"elementor-widget-container\">\n\t\t\t\t\t<h4 class=\"elementor-heading-title elementor-size-default\">Reduzir os custos<\/h4>\t\t\t\t<\/div>\n\t\t\t\t<\/div>\n\t\t\t\t<div class=\"elementor-element elementor-element-8b3ea9d elementor-widget elementor-widget-text-editor\" data-id=\"8b3ea9d\" data-element_type=\"widget\" data-e-type=\"widget\" data-widget_type=\"text-editor.default\">\n\t\t\t\t<div class=\"elementor-widget-container\">\n\t\t\t\t\t\t\t\t\t<p>As solu\u00e7\u00f5es de gest\u00e3o de invent\u00e1rio da Lidercare ajudam-no a minimizar o seu investimento e a libertar o seu tempo para se concentrar no que \u00e9 mais importante: o seu neg\u00f3cio.<\/p>\t\t\t\t\t\t\t\t<\/div>\n\t\t\t\t<\/div>\n\t\t\t\t<\/div>\n\t\t\t\t<\/div>\n\t\t\t\t\t<\/div>\n\t\t\t\t<\/div>\n\t\t\t\t<\/div>\n\t\t","protected":false},"excerpt":{"rendered":"<p>Armazenagem e log\u00edstica O departamento de transportes ocupa-se de todas as tuas necessidades de armazenamento e log\u00edstica. Home Maximizar a efici\u00eancia no armazenamento e na log\u00edstica Os armaz\u00e9ns estrat\u00e9gicos da Lidercare na China est\u00e3o bem posicionados para servir os nossos clientes globais. Com mais de 3 milh\u00f5es de p\u00e9s quadrados de espa\u00e7o, podemos armazenar uma [&hellip;]<\/p>\n","protected":false},"author":1,"featured_media":38382,"parent":0,"menu_order":0,"comment_status":"closed","ping_status":"closed","template":"elementor_theme","meta":{"_acf_changed":false,"footnotes":""},"class_list":["post-38381","page","type-page","status-publish","has-post-thumbnail","hentry"],"blocksy_meta":[],"acf":[],"_links":{"self":[{"href":"https:\/\/www.lidercare.com\/pt-pt\/wp-json\/wp\/v2\/pages\/38381","targetHints":{"allow":["GET"]}}],"collection":[{"href":"https:\/\/www.lidercare.com\/pt-pt\/wp-json\/wp\/v2\/pages"}],"about":[{"href":"https:\/\/www.lidercare.com\/pt-pt\/wp-json\/wp\/v2\/types\/page"}],"author":[{"embeddable":true,"href":"https:\/\/www.lidercare.com\/pt-pt\/wp-json\/wp\/v2\/users\/1"}],"replies":[{"embeddable":true,"href":"https:\/\/www.lidercare.com\/pt-pt\/wp-json\/wp\/v2\/comments?post=38381"}],"version-history":[{"count":4,"href":"https:\/\/www.lidercare.com\/pt-pt\/wp-json\/wp\/v2\/pages\/38381\/revisions"}],"predecessor-version":[{"id":95774,"href":"https:\/\/www.lidercare.com\/pt-pt\/wp-json\/wp\/v2\/pages\/38381\/revisions\/95774"}],"wp:featuredmedia":[{"embeddable":true,"href":"https:\/\/www.lidercare.com\/pt-pt\/wp-json\/wp\/v2\/media\/38382"}],"wp:attachment":[{"href":"https:\/\/www.lidercare.com\/pt-pt\/wp-json\/wp\/v2\/media?parent=38381"}],"curies":[{"name":"wp","href":"https:\/\/api.w.org\/{rel}","templated":true}]}}