{"id":68439,"date":"2023-06-25T11:55:23","date_gmt":"2023-06-25T03:55:23","guid":{"rendered":"https:\/\/www.lidercare.com\/informativa-sulla-privacy\/"},"modified":"2026-03-31T17:21:49","modified_gmt":"2026-03-31T09:21:49","slug":"informativa-sulla-privacy","status":"publish","type":"page","link":"https:\/\/www.lidercare.com\/it\/informativa-sulla-privacy\/","title":{"rendered":"Informativa sulla privacy"},"content":{"rendered":"\t\t<div data-elementor-type=\"wp-page\" data-elementor-id=\"68439\" class=\"elementor elementor-68439 elementor-840\" data-elementor-post-type=\"page\">\n\t\t\t\t<div class=\"elementor-element elementor-element-506b54d6 e-flex e-con-boxed e-con e-parent\" data-id=\"506b54d6\" data-element_type=\"container\" data-e-type=\"container\" data-settings=\"{&quot;background_background&quot;:&quot;gradient&quot;}\">\n\t\t\t\t\t<div class=\"e-con-inner\">\n\t\t\t\t<div class=\"elementor-element elementor-element-2a465801 elementor-widget elementor-widget-heading\" data-id=\"2a465801\" data-element_type=\"widget\" data-e-type=\"widget\" data-widget_type=\"heading.default\">\n\t\t\t\t<div class=\"elementor-widget-container\">\n\t\t\t\t\t<h1 class=\"elementor-heading-title elementor-size-default\">Informativa sulla privacy<\/h1>\t\t\t\t<\/div>\n\t\t\t\t<\/div>\n\t\t\t\t<div class=\"elementor-element elementor-element-2ab6c21 elementor-widget elementor-widget-text-editor\" data-id=\"2ab6c21\" data-element_type=\"widget\" data-e-type=\"widget\" data-widget_type=\"text-editor.default\">\n\t\t\t\t<div class=\"elementor-widget-container\">\n\t\t\t\t\t\t\t\t\t<p>Siamo consapevoli che si tratta di una grande responsabilit\u00e0 e lavoriamo duramente per proteggere le tue informazioni e darti il controllo.<\/p>\t\t\t\t\t\t\t\t<\/div>\n\t\t\t\t<\/div>\n\t\t\t\t<div class=\"elementor-element elementor-element-9415e56 elementor-widget elementor-widget-breadcrumbs\" data-id=\"9415e56\" data-element_type=\"widget\" data-e-type=\"widget\" data-widget_type=\"breadcrumbs.default\">\n\t\t\t\t<div class=\"elementor-widget-container\">\n\t\t\t\t\t<nav><span class=\"last\">Casa<\/span><\/nav>\t\t\t\t<\/div>\n\t\t\t\t<\/div>\n\t\t\t\t\t<\/div>\n\t\t\t\t<\/div>\n\t\t<div class=\"elementor-element elementor-element-bbcc8e2 e-flex e-con-boxed e-con e-parent\" data-id=\"bbcc8e2\" data-element_type=\"container\" data-e-type=\"container\">\n\t\t\t\t\t<div class=\"e-con-inner\">\n\t\t\t\t<div class=\"elementor-element elementor-element-6c08fee elementor-widget elementor-widget-heading\" data-id=\"6c08fee\" data-element_type=\"widget\" data-e-type=\"widget\" data-widget_type=\"heading.default\">\n\t\t\t\t<div class=\"elementor-widget-container\">\n\t\t\t\t\t<h2 class=\"elementor-heading-title elementor-size-default\">INTRODUZIONE<\/h2>\t\t\t\t<\/div>\n\t\t\t\t<\/div>\n\t\t\t\t<div class=\"elementor-element elementor-element-078667d elementor-widget elementor-widget-text-editor\" data-id=\"078667d\" data-element_type=\"widget\" data-e-type=\"widget\" data-widget_type=\"text-editor.default\">\n\t\t\t\t<div class=\"elementor-widget-container\">\n\t\t\t\t\t\t\t\t\t<p>Lidercare rispetta la privacy dei propri utenti. La presente Informativa sulla Privacy spiega come raccogliamo, utilizziamo, divulghiamo e salvaguardiamo i tuoi dati quando visiti il nostro sito web Lidercare.com, incluso qualsiasi altro mezzo di comunicazione, canale multimediale, sito web mobile o applicazione mobile ad esso correlato o collegato (collettivamente, il &#8220;Sito&#8221;). Ti invitiamo a leggere attentamente la presente informativa sulla privacy. Se non sei d&#8217;accordo con i termini della presente informativa sulla privacy, ti invitiamo a non accedere al sito.   <\/p><p>Ci riserviamo il diritto di apportare modifiche alla presente Informativa sulla privacy in qualsiasi momento e per qualsiasi motivo. Ti avviseremo di eventuali modifiche aggiornando la data di &#8220;Ultimo aggiornamento&#8221; della presente Informativa sulla privacy. Eventuali cambiamenti o modifiche saranno efficaci immediatamente dopo la pubblicazione dell&#8217;Informativa sulla privacy aggiornata sul Sito e l&#8217;utente rinuncia al diritto di ricevere una notifica specifica di tali cambiamenti o modifiche.  <br><br>L&#8217;utente \u00e8 invitato a rivedere periodicamente la presente Informativa sulla privacy per rimanere informato sugli aggiornamenti. Si riterr\u00e0 che l&#8217;utente sia stato messo al corrente, che sia soggetto e che abbia accettato le modifiche apportate a qualsiasi Informativa sulla privacy riveduta se continua a utilizzare il Sito dopo la data di pubblicazione di tale Informativa sulla privacy riveduta. <\/p>\t\t\t\t\t\t\t\t<\/div>\n\t\t\t\t<\/div>\n\t\t\t\t<div class=\"elementor-element elementor-element-bbf76e0 elementor-widget elementor-widget-heading\" data-id=\"bbf76e0\" data-element_type=\"widget\" data-e-type=\"widget\" data-widget_type=\"heading.default\">\n\t\t\t\t<div class=\"elementor-widget-container\">\n\t\t\t\t\t<h2 class=\"elementor-heading-title elementor-size-default\">RACCOLTA DEI TUOI DATI<\/h2>\t\t\t\t<\/div>\n\t\t\t\t<\/div>\n\t\t\t\t<div class=\"elementor-element elementor-element-e089e52 elementor-widget elementor-widget-text-editor\" data-id=\"e089e52\" data-element_type=\"widget\" data-e-type=\"widget\" data-widget_type=\"text-editor.default\">\n\t\t\t\t<div class=\"elementor-widget-container\">\n\t\t\t\t\t\t\t\t\t<p>Possiamo raccogliere informazioni sull&#8217;utente in vari modi. Le informazioni che possiamo raccogliere sul Sito includono: <\/p>\t\t\t\t\t\t\t\t<\/div>\n\t\t\t\t<\/div>\n\t\t\t\t<div class=\"elementor-element elementor-element-788db5b elementor-widget elementor-widget-heading\" data-id=\"788db5b\" data-element_type=\"widget\" data-e-type=\"widget\" data-widget_type=\"heading.default\">\n\t\t\t\t<div class=\"elementor-widget-container\">\n\t\t\t\t\t<h3 class=\"elementor-heading-title elementor-size-default\">Per legge o per tutelare i diritti<\/h3>\t\t\t\t<\/div>\n\t\t\t\t<\/div>\n\t\t\t\t<div class=\"elementor-element elementor-element-5716796 elementor-widget elementor-widget-text-editor\" data-id=\"5716796\" data-element_type=\"widget\" data-e-type=\"widget\" data-widget_type=\"text-editor.default\">\n\t\t\t\t<div class=\"elementor-widget-container\">\n\t\t\t\t\t\t\t\t\t<p>Se riteniamo che il rilascio di informazioni sull&#8217;utente sia necessario per rispondere a un procedimento legale, per indagare o porre rimedio a potenziali violazioni delle nostre politiche o per proteggere i diritti, la propriet\u00e0 e la sicurezza di altri, possiamo condividere le informazioni dell&#8217;utente come consentito o richiesto da qualsiasi legge, norma o regolamento applicabile. Ci\u00f2 include lo scambio di informazioni con altre entit\u00e0 per la protezione dalle frodi e la riduzione del rischio di credito. <\/p>\t\t\t\t\t\t\t\t<\/div>\n\t\t\t\t<\/div>\n\t\t\t\t<div class=\"elementor-element elementor-element-77f5b61 elementor-widget elementor-widget-heading\" data-id=\"77f5b61\" data-element_type=\"widget\" data-e-type=\"widget\" data-widget_type=\"heading.default\">\n\t\t\t\t<div class=\"elementor-widget-container\">\n\t\t\t\t\t<h3 class=\"elementor-heading-title elementor-size-default\">Fornitori di servizi di terze parti<\/h3>\t\t\t\t<\/div>\n\t\t\t\t<\/div>\n\t\t\t\t<div class=\"elementor-element elementor-element-0404d8f elementor-widget elementor-widget-text-editor\" data-id=\"0404d8f\" data-element_type=\"widget\" data-e-type=\"widget\" data-widget_type=\"text-editor.default\">\n\t\t\t\t<div class=\"elementor-widget-container\">\n\t\t\t\t\t\t\t\t\t<p>Possiamo condividere le tue informazioni con terze parti che svolgono servizi per noi o per nostro conto, tra cui l&#8217;analisi dei dati e il servizio di spedizione.<\/p>\t\t\t\t\t\t\t\t<\/div>\n\t\t\t\t<\/div>\n\t\t\t\t<div class=\"elementor-element elementor-element-65c1398 elementor-widget elementor-widget-heading\" data-id=\"65c1398\" data-element_type=\"widget\" data-e-type=\"widget\" data-widget_type=\"heading.default\">\n\t\t\t\t<div class=\"elementor-widget-container\">\n\t\t\t\t\t<h3 class=\"elementor-heading-title elementor-size-default\">Partner commerciali<\/h3>\t\t\t\t<\/div>\n\t\t\t\t<\/div>\n\t\t\t\t<div class=\"elementor-element elementor-element-3acac0e elementor-widget elementor-widget-text-editor\" data-id=\"3acac0e\" data-element_type=\"widget\" data-e-type=\"widget\" data-widget_type=\"text-editor.default\">\n\t\t\t\t<div class=\"elementor-widget-container\">\n\t\t\t\t\t\t\t\t\t<p>Possiamo condividere i tuoi dati con i nostri partner commerciali per offrirti determinati prodotti, servizi o promozioni.<\/p>\t\t\t\t\t\t\t\t<\/div>\n\t\t\t\t<\/div>\n\t\t\t\t<div class=\"elementor-element elementor-element-7abf94d elementor-widget elementor-widget-heading\" data-id=\"7abf94d\" data-element_type=\"widget\" data-e-type=\"widget\" data-widget_type=\"heading.default\">\n\t\t\t\t<div class=\"elementor-widget-container\">\n\t\t\t\t\t<h3 class=\"elementor-heading-title elementor-size-default\">Altre terze parti<\/h3>\t\t\t\t<\/div>\n\t\t\t\t<\/div>\n\t\t\t\t<div class=\"elementor-element elementor-element-f38b610 elementor-widget elementor-widget-text-editor\" data-id=\"f38b610\" data-element_type=\"widget\" data-e-type=\"widget\" data-widget_type=\"text-editor.default\">\n\t\t\t\t<div class=\"elementor-widget-container\">\n\t\t\t\t\t\t\t\t\t<p>Possiamo condividere le tue informazioni con inserzionisti e investitori allo scopo di condurre analisi commerciali generali. Potremmo inoltre condividere le tue informazioni con tali terze parti per scopi di marketing, come consentito dalla legge. <\/p>\t\t\t\t\t\t\t\t<\/div>\n\t\t\t\t<\/div>\n\t\t\t\t<div class=\"elementor-element elementor-element-c41dc54 elementor-widget elementor-widget-heading\" data-id=\"c41dc54\" data-element_type=\"widget\" data-e-type=\"widget\" data-widget_type=\"heading.default\">\n\t\t\t\t<div class=\"elementor-widget-container\">\n\t\t\t\t\t<h2 class=\"elementor-heading-title elementor-size-default\">TECNOLOGIE DI TRACCIAMENTO<\/h2>\t\t\t\t<\/div>\n\t\t\t\t<\/div>\n\t\t\t\t<div class=\"elementor-element elementor-element-176afb8 elementor-widget elementor-widget-heading\" data-id=\"176afb8\" data-element_type=\"widget\" data-e-type=\"widget\" data-widget_type=\"heading.default\">\n\t\t\t\t<div class=\"elementor-widget-container\">\n\t\t\t\t\t<h3 class=\"elementor-heading-title elementor-size-default\">Cookie e Web Beacon<\/h3>\t\t\t\t<\/div>\n\t\t\t\t<\/div>\n\t\t\t\t<div class=\"elementor-element elementor-element-f1b41cb elementor-widget elementor-widget-text-editor\" data-id=\"f1b41cb\" data-element_type=\"widget\" data-e-type=\"widget\" data-widget_type=\"text-editor.default\">\n\t\t\t\t<div class=\"elementor-widget-container\">\n\t\t\t\t\t\t\t\t\t<p>Possiamo utilizzare cookie e altre tecnologie di tracciamento sul Sito per personalizzare il Sito e migliorare la tua esperienza. Quando accedi al Sito, i tuoi dati personali non vengono raccolti attraverso l&#8217;uso di tecnologie di tracciamento. La maggior parte dei browser \u00e8 impostata per accettare i cookie per impostazione predefinita. Puoi rimuovere o rifiutare i cookie, ma sappi che tale azione potrebbe compromettere la disponibilit\u00e0 e la funzionalit\u00e0 del Sito. Non puoi rifiutare i web beacon. Tuttavia, \u00e8 possibile renderli inefficaci rifiutando tutti i cookie o modificando le impostazioni del browser web in modo da essere avvisati ogni volta che viene offerto un cookie, consentendo all&#8217;utente di accettare o rifiutare i cookie su base individuale.     <\/p>\t\t\t\t\t\t\t\t<\/div>\n\t\t\t\t<\/div>\n\t\t\t\t<div class=\"elementor-element elementor-element-fb52908 elementor-widget elementor-widget-heading\" data-id=\"fb52908\" data-element_type=\"widget\" data-e-type=\"widget\" data-widget_type=\"heading.default\">\n\t\t\t\t<div class=\"elementor-widget-container\">\n\t\t\t\t\t<h3 class=\"elementor-heading-title elementor-size-default\">Analisi del sito web<\/h3>\t\t\t\t<\/div>\n\t\t\t\t<\/div>\n\t\t\t\t<div class=\"elementor-element elementor-element-a802679 elementor-widget elementor-widget-text-editor\" data-id=\"a802679\" data-element_type=\"widget\" data-e-type=\"widget\" data-widget_type=\"text-editor.default\">\n\t\t\t\t<div class=\"elementor-widget-container\">\n\t\t\t\t\t\t\t\t\t<p>Possiamo anche collaborare con fornitori terzi selezionati, come Google Analytics, per consentire tecnologie di tracciamento e servizi di remarketing sul Sito attraverso l&#8217;uso di cookie di prima parte e cookie di terze parti, al fine, tra l&#8217;altro, di analizzare e tracciare l&#8217;uso del Sito da parte degli utenti, determinare la popolarit\u00e0 di determinati contenuti e comprendere meglio l&#8217;attivit\u00e0 online. Accedendo al Sito, acconsenti alla raccolta e all&#8217;utilizzo dei tuoi dati da parte di questi fornitori terzi. Ti invitiamo a prendere visione della loro politica sulla privacy. Non trasferiamo le informazioni personali a questi fornitori terzi.   <br><br>Devi sapere che l&#8217;acquisto di un nuovo computer, l&#8217;installazione di un nuovo browser, l&#8217;aggiornamento di un browser esistente, la cancellazione o l&#8217;alterazione dei file di cookie del tuo browser possono cancellare anche alcuni cookie, plug-in o impostazioni di opt-out.<\/p>\t\t\t\t\t\t\t\t<\/div>\n\t\t\t\t<\/div>\n\t\t\t\t<div class=\"elementor-element elementor-element-cfa8c11 elementor-widget elementor-widget-heading\" data-id=\"cfa8c11\" data-element_type=\"widget\" data-e-type=\"widget\" data-widget_type=\"heading.default\">\n\t\t\t\t<div class=\"elementor-widget-container\">\n\t\t\t\t\t<h2 class=\"elementor-heading-title elementor-size-default\">SITI WEB DI TERZI<\/h2>\t\t\t\t<\/div>\n\t\t\t\t<\/div>\n\t\t\t\t<div class=\"elementor-element elementor-element-ca1e1d7 elementor-widget elementor-widget-text-editor\" data-id=\"ca1e1d7\" data-element_type=\"widget\" data-e-type=\"widget\" data-widget_type=\"text-editor.default\">\n\t\t\t\t<div class=\"elementor-widget-container\">\n\t\t\t\t\t\t\t\t\t<p>Il Sito pu\u00f2 contenere link a siti web e applicazioni di interesse di terzi, inclusi annunci pubblicitari e servizi esterni, che non sono affiliati a noi. Una volta che l&#8217;utente ha utilizzato questi link per lasciare il Sito, le informazioni fornite a queste terze parti non sono coperte dalla presente Informativa sulla privacy e non possiamo garantire la sicurezza e la privacy delle informazioni dell&#8217;utente. Prima di visitare e fornire informazioni a siti web di terze parti, l&#8217;utente deve informarsi sulle politiche e sulle pratiche in materia di privacy (se esistenti) della terza parte responsabile di tale sito web e deve adottare le misure necessarie per proteggere, a sua discrezione, la privacy delle sue informazioni. Non siamo responsabili del contenuto o delle pratiche e delle politiche sulla privacy e sulla sicurezza di terzi, compresi altri siti, servizi o applicazioni che possono essere collegati al Sito o da esso.   <\/p>\t\t\t\t\t\t\t\t<\/div>\n\t\t\t\t<\/div>\n\t\t\t\t<div class=\"elementor-element elementor-element-221811c elementor-widget elementor-widget-heading\" data-id=\"221811c\" data-element_type=\"widget\" data-e-type=\"widget\" data-widget_type=\"heading.default\">\n\t\t\t\t<div class=\"elementor-widget-container\">\n\t\t\t\t\t<h2 class=\"elementor-heading-title elementor-size-default\">SICUREZZA DELLE TUE INFORMAZIONI<\/h2>\t\t\t\t<\/div>\n\t\t\t\t<\/div>\n\t\t\t\t<div class=\"elementor-element elementor-element-e480f2d elementor-widget elementor-widget-text-editor\" data-id=\"e480f2d\" data-element_type=\"widget\" data-e-type=\"widget\" data-widget_type=\"text-editor.default\">\n\t\t\t\t<div class=\"elementor-widget-container\">\n\t\t\t\t\t\t\t\t\t<p>Utilizziamo misure di sicurezza amministrative, tecniche e fisiche per proteggere i tuoi dati personali. Sebbene abbiamo adottato misure ragionevoli per proteggere le informazioni personali che ci fornisci, ti preghiamo di tenere presente che, nonostante i nostri sforzi, nessuna misura di sicurezza \u00e8 perfetta o impenetrabile e nessun metodo di trasmissione dei dati pu\u00f2 essere garantito contro qualsiasi intercettazione o altro tipo di abuso. Qualsiasi informazione divulgata online \u00e8 vulnerabile all&#8217;intercettazione e all&#8217;uso improprio da parte di soggetti non autorizzati. Pertanto, non possiamo garantire la completa sicurezza dei dati personali forniti dall&#8217;utente.   <\/p>\t\t\t\t\t\t\t\t<\/div>\n\t\t\t\t<\/div>\n\t\t\t\t<div class=\"elementor-element elementor-element-df7934b elementor-widget elementor-widget-heading\" data-id=\"df7934b\" data-element_type=\"widget\" data-e-type=\"widget\" data-widget_type=\"heading.default\">\n\t\t\t\t<div class=\"elementor-widget-container\">\n\t\t\t\t\t<h3 class=\"elementor-heading-title elementor-size-default\">POLITICA PER I BAMBINI<\/h3>\t\t\t\t<\/div>\n\t\t\t\t<\/div>\n\t\t\t\t<div class=\"elementor-element elementor-element-f1e1e5d elementor-widget elementor-widget-text-editor\" data-id=\"f1e1e5d\" data-element_type=\"widget\" data-e-type=\"widget\" data-widget_type=\"text-editor.default\">\n\t\t\t\t<div class=\"elementor-widget-container\">\n\t\t\t\t\t\t\t\t\t<p>Non sollecitiamo consapevolmente informazioni da bambini di et\u00e0 inferiore ai 13 anni n\u00e9 ci rivolgiamo a loro. Se vieni a conoscenza di dati raccolti da bambini di et\u00e0 inferiore ai 13 anni, contattaci utilizzando le informazioni di contatto fornite di seguito. <\/p>\t\t\t\t\t\t\t\t<\/div>\n\t\t\t\t<\/div>\n\t\t\t\t<div class=\"elementor-element elementor-element-7c6f72a elementor-widget elementor-widget-heading\" data-id=\"7c6f72a\" data-element_type=\"widget\" data-e-type=\"widget\" data-widget_type=\"heading.default\">\n\t\t\t\t<div class=\"elementor-widget-container\">\n\t\t\t\t\t<h2 class=\"elementor-heading-title elementor-size-default\">CONTROLLI PER LE FUNZIONI \"NON TRACCIARE<\/h2>\t\t\t\t<\/div>\n\t\t\t\t<\/div>\n\t\t\t\t<div class=\"elementor-element elementor-element-88f44a5 elementor-widget elementor-widget-text-editor\" data-id=\"88f44a5\" data-element_type=\"widget\" data-e-type=\"widget\" data-widget_type=\"text-editor.default\">\n\t\t\t\t<div class=\"elementor-widget-container\">\n\t\t\t\t\t\t\t\t\t<p>La maggior parte dei browser web e alcuni sistemi operativi mobili includono una funzione o un&#8217;impostazione &#8220;Do-Not-Track&#8221; (&#8220;DNT&#8221;) che puoi attivare per segnalare la tua preferenza in materia di privacy e per evitare che i dati relativi alle tue attivit\u00e0 di navigazione online vengano monitorati e raccolti. Non \u00e8 stato definito uno standard tecnologico uniforme per il riconoscimento e l&#8217;implementazione dei segnali DNT. Pertanto, attualmente non rispondiamo ai segnali DNT del browser o a qualsiasi altro meccanismo che comunichi automaticamente la tua scelta di non essere tracciato online. Se in futuro verr\u00e0 adottato uno standard per il tracciamento online a cui dovremo attenerci, ti informeremo di tale prassi in una versione aggiornata della presente Informativa sulla privacy. La maggior parte dei browser web e alcuni sistemi operativi mobili includono una funzione o un&#8217;impostazione Do-Not-Track (&#8220;DNT&#8221;) che puoi attivare per segnalare la tua preferenza in materia di privacy a non far monitorare e raccogliere dati sulle tue attivit\u00e0 di navigazione online. Se l&#8217;utente ha impostato il segnale DNT sul proprio browser, risponderemo a tali segnali DNT del browser.     <\/p>\t\t\t\t\t\t\t\t<\/div>\n\t\t\t\t<\/div>\n\t\t\t\t<div class=\"elementor-element elementor-element-8f29d37 elementor-widget elementor-widget-heading\" data-id=\"8f29d37\" data-element_type=\"widget\" data-e-type=\"widget\" data-widget_type=\"heading.default\">\n\t\t\t\t<div class=\"elementor-widget-container\">\n\t\t\t\t\t<h2 class=\"elementor-heading-title elementor-size-default\">OPZIONI RELATIVE ALLE TUE INFORMAZIONI<\/h2>\t\t\t\t<\/div>\n\t\t\t\t<\/div>\n\t\t\t\t<div class=\"elementor-element elementor-element-53b4952 elementor-widget elementor-widget-heading\" data-id=\"53b4952\" data-element_type=\"widget\" data-e-type=\"widget\" data-widget_type=\"heading.default\">\n\t\t\t\t<div class=\"elementor-widget-container\">\n\t\t\t\t\t<h3 class=\"elementor-heading-title elementor-size-default\">Email e comunicazioni<\/h3>\t\t\t\t<\/div>\n\t\t\t\t<\/div>\n\t\t\t\t<div class=\"elementor-element elementor-element-25026ab elementor-widget elementor-widget-text-editor\" data-id=\"25026ab\" data-element_type=\"widget\" data-e-type=\"widget\" data-widget_type=\"text-editor.default\">\n\t\t\t\t<div class=\"elementor-widget-container\">\n\t\t\t\t\t\t\t\t\t<p>Se non desideri pi\u00f9 ricevere corrispondenza, e-mail o altre comunicazioni da parte nostra, puoi rinunciare a farlo:<\/p><ul><li>Annotando le tue preferenze al momento della registrazione del tuo account sul Sito<\/li><li>Contattaci utilizzando le informazioni di contatto<\/li><\/ul>\t\t\t\t\t\t\t\t<\/div>\n\t\t\t\t<\/div>\n\t\t\t\t<div class=\"elementor-element elementor-element-660e4ab elementor-widget elementor-widget-heading\" data-id=\"660e4ab\" data-element_type=\"widget\" data-e-type=\"widget\" data-widget_type=\"heading.default\">\n\t\t\t\t<div class=\"elementor-widget-container\">\n\t\t\t\t\t<h2 class=\"elementor-heading-title elementor-size-default\">CONTATTI<\/h2>\t\t\t\t<\/div>\n\t\t\t\t<\/div>\n\t\t\t\t<div class=\"elementor-element elementor-element-ea1d9b2 elementor-widget elementor-widget-text-editor\" data-id=\"ea1d9b2\" data-element_type=\"widget\" data-e-type=\"widget\" data-widget_type=\"text-editor.default\">\n\t\t\t\t<div class=\"elementor-widget-container\">\n\t\t\t\t\t\t\t\t\t<p>Tel:+86 15986432834<\/p><p>ADD: Stanza 221 No. 22, Jianpengroad, Helong Street, Guangzhou, Guangdong, Cina<\/p><p>lidercare@hotmail.com<\/p>\t\t\t\t\t\t\t\t<\/div>\n\t\t\t\t<\/div>\n\t\t\t\t\t<\/div>\n\t\t\t\t<\/div>\n\t\t\t\t<\/div>\n\t\t","protected":false},"excerpt":{"rendered":"<p>Informativa sulla privacy Siamo consapevoli che si tratta di una grande responsabilit\u00e0 e lavoriamo duramente per proteggere le tue informazioni e darti il controllo. Home INTRODUZIONE Lidercare rispetta la privacy dei propri utenti. La presente Informativa sulla Privacy spiega come raccogliamo, utilizziamo, divulghiamo e salvaguardiamo i tuoi dati quando visiti il nostro sito web Lidercare.com, [&hellip;]<\/p>\n","protected":false},"author":1,"featured_media":0,"parent":0,"menu_order":0,"comment_status":"closed","ping_status":"closed","template":"","meta":{"_acf_changed":false,"footnotes":""},"class_list":["post-68439","page","type-page","status-publish","hentry"],"acf":[],"_links":{"self":[{"href":"https:\/\/www.lidercare.com\/it\/wp-json\/wp\/v2\/pages\/68439","targetHints":{"allow":["GET"]}}],"collection":[{"href":"https:\/\/www.lidercare.com\/it\/wp-json\/wp\/v2\/pages"}],"about":[{"href":"https:\/\/www.lidercare.com\/it\/wp-json\/wp\/v2\/types\/page"}],"author":[{"embeddable":true,"href":"https:\/\/www.lidercare.com\/it\/wp-json\/wp\/v2\/users\/1"}],"replies":[{"embeddable":true,"href":"https:\/\/www.lidercare.com\/it\/wp-json\/wp\/v2\/comments?post=68439"}],"version-history":[{"count":6,"href":"https:\/\/www.lidercare.com\/it\/wp-json\/wp\/v2\/pages\/68439\/revisions"}],"predecessor-version":[{"id":95641,"href":"https:\/\/www.lidercare.com\/it\/wp-json\/wp\/v2\/pages\/68439\/revisions\/95641"}],"wp:attachment":[{"href":"https:\/\/www.lidercare.com\/it\/wp-json\/wp\/v2\/media?parent=68439"}],"curies":[{"name":"wp","href":"https:\/\/api.w.org\/{rel}","templated":true}]}}