{"id":35497,"date":"2023-06-28T13:34:24","date_gmt":"2023-06-28T05:34:24","guid":{"rendered":"https:\/\/www.lidercare.com\/leadership\/"},"modified":"2026-03-31T17:12:12","modified_gmt":"2026-03-31T09:12:12","slug":"leadership","status":"publish","type":"page","link":"https:\/\/www.lidercare.com\/it\/leadership\/","title":{"rendered":"Leadership"},"content":{"rendered":"\t\t<div data-elementor-type=\"wp-page\" data-elementor-id=\"35497\" class=\"elementor elementor-35497 elementor-1181\" data-elementor-post-type=\"page\">\n\t\t\t\t<div class=\"elementor-element elementor-element-281ed5c6 e-flex e-con-boxed e-con e-parent\" data-id=\"281ed5c6\" data-element_type=\"container\" data-e-type=\"container\" data-settings=\"{&quot;background_background&quot;:&quot;gradient&quot;}\">\n\t\t\t\t\t<div class=\"e-con-inner\">\n\t\t\t\t<div class=\"elementor-element elementor-element-47d54f5a elementor-widget elementor-widget-heading\" data-id=\"47d54f5a\" data-element_type=\"widget\" data-e-type=\"widget\" data-widget_type=\"heading.default\">\n\t\t\t\t<div class=\"elementor-widget-container\">\n\t\t\t\t\t<h1 class=\"elementor-heading-title elementor-size-default\">Leadership Lidercare<\/h1>\t\t\t\t<\/div>\n\t\t\t\t<\/div>\n\t\t\t\t<div class=\"elementor-element elementor-element-42ad5da elementor-widget elementor-widget-text-editor\" data-id=\"42ad5da\" data-element_type=\"widget\" data-e-type=\"widget\" data-widget_type=\"text-editor.default\">\n\t\t\t\t<div class=\"elementor-widget-container\">\n\t\t\t\t\t\t\t\t\t<p>I leader di Lidercare danno l&#8217;esempio, modellando l&#8217;integrit\u00e0, la competenza e l&#8217;impegno al servizio dei propri dipendenti.<\/p>\t\t\t\t\t\t\t\t<\/div>\n\t\t\t\t<\/div>\n\t\t\t\t<div class=\"elementor-element elementor-element-1950c57 elementor-widget elementor-widget-breadcrumbs\" data-id=\"1950c57\" data-element_type=\"widget\" data-e-type=\"widget\" data-widget_type=\"breadcrumbs.default\">\n\t\t\t\t<div class=\"elementor-widget-container\">\n\t\t\t\t\t<nav><span class=\"last\">Casa<\/span><\/nav>\t\t\t\t<\/div>\n\t\t\t\t<\/div>\n\t\t\t\t\t<\/div>\n\t\t\t\t<\/div>\n\t\t<div class=\"elementor-element elementor-element-e798203 e-flex e-con-boxed e-con e-parent\" data-id=\"e798203\" data-element_type=\"container\" data-e-type=\"container\">\n\t\t\t\t\t<div class=\"e-con-inner\">\n\t\t<div class=\"elementor-element elementor-element-7b49e09 e-con-full e-flex e-con e-child\" data-id=\"7b49e09\" data-element_type=\"container\" data-e-type=\"container\">\n\t\t\t\t<div class=\"elementor-element elementor-element-394e761 elementor-widget elementor-widget-image\" data-id=\"394e761\" data-element_type=\"widget\" data-e-type=\"widget\" data-widget_type=\"image.default\">\n\t\t\t\t<div class=\"elementor-widget-container\">\n\t\t\t\t\t\t\t\t\t\t\t\t\t\t\t<img fetchpriority=\"high\" decoding=\"async\" width=\"800\" height=\"800\" src=\"https:\/\/www.lidercare.com\/wp-content\/uploads\/sophia-li.webp\" class=\"attachment-large size-large wp-image-35500\" alt=\"\" srcset=\"https:\/\/www.lidercare.com\/wp-content\/uploads\/sophia-li.webp 800w, https:\/\/www.lidercare.com\/wp-content\/uploads\/sophia-li-300x300.webp 300w, https:\/\/www.lidercare.com\/wp-content\/uploads\/sophia-li-100x100.webp 100w, https:\/\/www.lidercare.com\/wp-content\/uploads\/sophia-li-600x600.webp 600w, https:\/\/www.lidercare.com\/wp-content\/uploads\/sophia-li-500x500.webp 500w, https:\/\/www.lidercare.com\/wp-content\/uploads\/sophia-li-768x768.webp 768w\" sizes=\"(max-width: 800px) 100vw, 800px\">\t\t\t\t\t\t\t\t\t\t\t\t\t\t\t<\/div>\n\t\t\t\t<\/div>\n\t\t\t\t<\/div>\n\t\t<div class=\"elementor-element elementor-element-08adc52 e-con-full e-flex e-con e-child\" data-id=\"08adc52\" data-element_type=\"container\" data-e-type=\"container\">\n\t\t\t\t<div class=\"elementor-element elementor-element-9f113d9 elementor-widget elementor-widget-heading\" data-id=\"9f113d9\" data-element_type=\"widget\" data-e-type=\"widget\" data-widget_type=\"heading.default\">\n\t\t\t\t<div class=\"elementor-widget-container\">\n\t\t\t\t\t<h2 class=\"elementor-heading-title elementor-size-default\">Sophia Li<\/h2>\t\t\t\t<\/div>\n\t\t\t\t<\/div>\n\t\t\t\t<div class=\"elementor-element elementor-element-ff0a844 elementor-widget elementor-widget-heading\" data-id=\"ff0a844\" data-element_type=\"widget\" data-e-type=\"widget\" data-widget_type=\"heading.default\">\n\t\t\t\t<div class=\"elementor-widget-container\">\n\t\t\t\t\t<h3 class=\"elementor-heading-title elementor-size-default\">Presidente<\/h3>\t\t\t\t<\/div>\n\t\t\t\t<\/div>\n\t\t\t\t<div class=\"elementor-element elementor-element-60fce70 elementor-view-default elementor-widget elementor-widget-icon\" data-id=\"60fce70\" data-element_type=\"widget\" data-e-type=\"widget\" data-widget_type=\"icon.default\">\n\t\t\t\t<div class=\"elementor-widget-container\">\n\t\t\t\t\t\t\t<div class=\"elementor-icon-wrapper\">\n\t\t\t<div class=\"elementor-icon\">\n\t\t\t<svg aria-hidden=\"true\" class=\"e-font-icon-svg e-fas-quote-left\" viewBox=\"0 0 512 512\" xmlns=\"http:\/\/www.w3.org\/2000\/svg\"><path d=\"M464 256h-80v-64c0-35.3 28.7-64 64-64h8c13.3 0 24-10.7 24-24V56c0-13.3-10.7-24-24-24h-8c-88.4 0-160 71.6-160 160v240c0 26.5 21.5 48 48 48h128c26.5 0 48-21.5 48-48V304c0-26.5-21.5-48-48-48zm-288 0H96v-64c0-35.3 28.7-64 64-64h8c13.3 0 24-10.7 24-24V56c0-13.3-10.7-24-24-24h-8C71.6 32 0 103.6 0 192v240c0 26.5 21.5 48 48 48h128c26.5 0 48-21.5 48-48V304c0-26.5-21.5-48-48-48z\"><\/path><\/svg>\t\t\t<\/div>\n\t\t<\/div>\n\t\t\t\t\t\t<\/div>\n\t\t\t\t<\/div>\n\t\t\t\t<div class=\"elementor-element elementor-element-62c42d3 elementor-widget elementor-widget-heading\" data-id=\"62c42d3\" data-element_type=\"widget\" data-e-type=\"widget\" data-widget_type=\"heading.default\">\n\t\t\t\t<div class=\"elementor-widget-container\">\n\t\t\t\t\t<h3 class=\"elementor-heading-title elementor-size-default\">Il ruolo pi\u00f9 importante di una grande squadra \u00e8 che i suoi giocatori ordinari producano risultati straordinari.<\/h3>\t\t\t\t<\/div>\n\t\t\t\t<\/div>\n\t\t\t\t<div class=\"elementor-element elementor-element-980d3fd elementor-widget elementor-widget-text-editor\" data-id=\"980d3fd\" data-element_type=\"widget\" data-e-type=\"widget\" data-widget_type=\"text-editor.default\">\n\t\t\t\t<div class=\"elementor-widget-container\">\n\t\t\t\t\t\t\t\t\t<p>In qualit\u00e0 di CEO, la missione principale di Sophia \u00e8 quella di migliorare le prestazioni del settore dei dentifrici personalizzati per ottenere una situazione vantaggiosa per i clienti, i dipendenti e la comunit\u00e0. Crede fermamente nella sostenibilit\u00e0 della produzione di dentifricio e si impegna a migliorare il packaging. Da quando ha assunto il ruolo di COO nel 2013, ha svolto un ruolo di leadership nel settore del dentifricio a marchio privato di Lidercare a Guangzhou, nel Guangdong, in Cina.  <br><br>\u00c8 stata un leader impegnato e un mentore per tutti i dipendenti di Lidercare. Oggi \u00e8 responsabile della creazione di nuovi design e confezioni di dentifricio, della costruzione della catena di approvvigionamento per servire al meglio i clienti e della guida dell&#8217;economia locale verso una significativa crescita organica e M&amp;A. <\/p>\t\t\t\t\t\t\t\t<\/div>\n\t\t\t\t<\/div>\n\t\t\t\t<\/div>\n\t\t\t\t\t<\/div>\n\t\t\t\t<\/div>\n\t\t<div class=\"elementor-element elementor-element-9924ed7 e-flex e-con-boxed e-con e-parent\" data-id=\"9924ed7\" data-element_type=\"container\" data-e-type=\"container\">\n\t\t\t\t\t<div class=\"e-con-inner\">\n\t\t<div class=\"elementor-element elementor-element-0d3ace8 e-con-full e-flex e-con e-child\" data-id=\"0d3ace8\" data-element_type=\"container\" data-e-type=\"container\">\n\t\t\t\t<div class=\"elementor-element elementor-element-6b7f07f elementor-widget elementor-widget-image\" data-id=\"6b7f07f\" data-element_type=\"widget\" data-e-type=\"widget\" data-widget_type=\"image.default\">\n\t\t\t\t<div class=\"elementor-widget-container\">\n\t\t\t\t\t\t\t\t\t\t\t\t\t\t\t<img decoding=\"async\" width=\"800\" height=\"800\" src=\"https:\/\/www.lidercare.com\/wp-content\/uploads\/David-Shi.webp\" class=\"attachment-large size-large wp-image-35499\" alt=\"\" srcset=\"https:\/\/www.lidercare.com\/wp-content\/uploads\/David-Shi.webp 800w, https:\/\/www.lidercare.com\/wp-content\/uploads\/David-Shi-300x300.webp 300w, https:\/\/www.lidercare.com\/wp-content\/uploads\/David-Shi-100x100.webp 100w, https:\/\/www.lidercare.com\/wp-content\/uploads\/David-Shi-600x600.webp 600w, https:\/\/www.lidercare.com\/wp-content\/uploads\/David-Shi-500x500.webp 500w, https:\/\/www.lidercare.com\/wp-content\/uploads\/David-Shi-768x768.webp 768w\" sizes=\"(max-width: 800px) 100vw, 800px\">\t\t\t\t\t\t\t\t\t\t\t\t\t\t\t<\/div>\n\t\t\t\t<\/div>\n\t\t\t\t<\/div>\n\t\t<div class=\"elementor-element elementor-element-5543026 e-con-full e-flex e-con e-child\" data-id=\"5543026\" data-element_type=\"container\" data-e-type=\"container\">\n\t\t\t\t<div class=\"elementor-element elementor-element-3027881 elementor-widget elementor-widget-heading\" data-id=\"3027881\" data-element_type=\"widget\" data-e-type=\"widget\" data-widget_type=\"heading.default\">\n\t\t\t\t<div class=\"elementor-widget-container\">\n\t\t\t\t\t<h2 class=\"elementor-heading-title elementor-size-default\">David Shi<\/h2>\t\t\t\t<\/div>\n\t\t\t\t<\/div>\n\t\t\t\t<div class=\"elementor-element elementor-element-5923527 elementor-widget elementor-widget-heading\" data-id=\"5923527\" data-element_type=\"widget\" data-e-type=\"widget\" data-widget_type=\"heading.default\">\n\t\t\t\t<div class=\"elementor-widget-container\">\n\t\t\t\t\t<h3 class=\"elementor-heading-title elementor-size-default\">Amministratore delegato<\/h3>\t\t\t\t<\/div>\n\t\t\t\t<\/div>\n\t\t\t\t<div class=\"elementor-element elementor-element-3f8680a elementor-view-default elementor-widget elementor-widget-icon\" data-id=\"3f8680a\" data-element_type=\"widget\" data-e-type=\"widget\" data-widget_type=\"icon.default\">\n\t\t\t\t<div class=\"elementor-widget-container\">\n\t\t\t\t\t\t\t<div class=\"elementor-icon-wrapper\">\n\t\t\t<div class=\"elementor-icon\">\n\t\t\t<svg aria-hidden=\"true\" class=\"e-font-icon-svg e-fas-quote-left\" viewBox=\"0 0 512 512\" xmlns=\"http:\/\/www.w3.org\/2000\/svg\"><path d=\"M464 256h-80v-64c0-35.3 28.7-64 64-64h8c13.3 0 24-10.7 24-24V56c0-13.3-10.7-24-24-24h-8c-88.4 0-160 71.6-160 160v240c0 26.5 21.5 48 48 48h128c26.5 0 48-21.5 48-48V304c0-26.5-21.5-48-48-48zm-288 0H96v-64c0-35.3 28.7-64 64-64h8c13.3 0 24-10.7 24-24V56c0-13.3-10.7-24-24-24h-8C71.6 32 0 103.6 0 192v240c0 26.5 21.5 48 48 48h128c26.5 0 48-21.5 48-48V304c0-26.5-21.5-48-48-48z\"><\/path><\/svg>\t\t\t<\/div>\n\t\t<\/div>\n\t\t\t\t\t\t<\/div>\n\t\t\t\t<\/div>\n\t\t\t\t<div class=\"elementor-element elementor-element-cbc4975 elementor-widget elementor-widget-heading\" data-id=\"cbc4975\" data-element_type=\"widget\" data-e-type=\"widget\" data-widget_type=\"heading.default\">\n\t\t\t\t<div class=\"elementor-widget-container\">\n\t\t\t\t\t<h3 class=\"elementor-heading-title elementor-size-default\">Se ci si limita a comprendere la situazione dell'azienda, l'operatore pu\u00f2 facilmente cadere in uno stato di cieca tranquillit\u00e0.<\/h3>\t\t\t\t<\/div>\n\t\t\t\t<\/div>\n\t\t\t\t<div class=\"elementor-element elementor-element-8503ac2 elementor-widget elementor-widget-text-editor\" data-id=\"8503ac2\" data-element_type=\"widget\" data-e-type=\"widget\" data-widget_type=\"text-editor.default\">\n\t\t\t\t<div class=\"elementor-widget-container\">\n\t\t\t\t\t\t\t\t\t<p>David Shi \u00e8 entrato a far parte di Lidercare come CEO nel 2018. Porta con s\u00e9 oltre 10 anni di esperienza nella supply chain nel settore dell&#8217;igiene orale. In qualit\u00e0 di leader di aziende manifatturiere in diversi settori, David Shi prevede il futuro del packaging e del branding, in particolare le esigenze in rapida evoluzione dei nostri clienti.  <br><br>Da quando \u00e8 entrato a far parte di Lidercare, David Shi ha costruito una catena di fornitura di dentifrici completa, implementando pratiche di gestione solide incentrate su una pi\u00f9 rapida disponibilit\u00e0 dei prodotti. Sottolinea la nostra missione di fornire ai marchi globali prodotti per l&#8217;igiene orale della massima qualit\u00e0, senza lasciare nulla di intentato per migliorare il valore del loro marchio. <\/p>\t\t\t\t\t\t\t\t<\/div>\n\t\t\t\t<\/div>\n\t\t\t\t<\/div>\n\t\t\t\t\t<\/div>\n\t\t\t\t<\/div>\n\t\t<div class=\"elementor-element elementor-element-950e4b0 e-flex e-con-boxed e-con e-parent\" data-id=\"950e4b0\" data-element_type=\"container\" data-e-type=\"container\">\n\t\t\t\t\t<div class=\"e-con-inner\">\n\t\t<div class=\"elementor-element elementor-element-df07afa e-con-full e-flex e-con e-child\" data-id=\"df07afa\" data-element_type=\"container\" data-e-type=\"container\">\n\t\t\t\t<div class=\"elementor-element elementor-element-d56d8d3 elementor-widget elementor-widget-image\" data-id=\"d56d8d3\" data-element_type=\"widget\" data-e-type=\"widget\" data-widget_type=\"image.default\">\n\t\t\t\t<div class=\"elementor-widget-container\">\n\t\t\t\t\t\t\t\t\t\t\t\t\t\t\t<img decoding=\"async\" width=\"800\" height=\"800\" src=\"https:\/\/www.lidercare.com\/wp-content\/uploads\/Cindy-Chen.webp\" class=\"attachment-large size-large wp-image-35498\" alt=\"\" srcset=\"https:\/\/www.lidercare.com\/wp-content\/uploads\/Cindy-Chen.webp 800w, https:\/\/www.lidercare.com\/wp-content\/uploads\/Cindy-Chen-300x300.webp 300w, https:\/\/www.lidercare.com\/wp-content\/uploads\/Cindy-Chen-100x100.webp 100w, https:\/\/www.lidercare.com\/wp-content\/uploads\/Cindy-Chen-600x600.webp 600w, https:\/\/www.lidercare.com\/wp-content\/uploads\/Cindy-Chen-500x500.webp 500w, https:\/\/www.lidercare.com\/wp-content\/uploads\/Cindy-Chen-768x768.webp 768w\" sizes=\"(max-width: 800px) 100vw, 800px\">\t\t\t\t\t\t\t\t\t\t\t\t\t\t\t<\/div>\n\t\t\t\t<\/div>\n\t\t\t\t<\/div>\n\t\t<div class=\"elementor-element elementor-element-598480a e-con-full e-flex e-con e-child\" data-id=\"598480a\" data-element_type=\"container\" data-e-type=\"container\">\n\t\t\t\t<div class=\"elementor-element elementor-element-ca080e8 elementor-widget elementor-widget-heading\" data-id=\"ca080e8\" data-element_type=\"widget\" data-e-type=\"widget\" data-widget_type=\"heading.default\">\n\t\t\t\t<div class=\"elementor-widget-container\">\n\t\t\t\t\t<h2 class=\"elementor-heading-title elementor-size-default\">Cindy Chen<\/h2>\t\t\t\t<\/div>\n\t\t\t\t<\/div>\n\t\t\t\t<div class=\"elementor-element elementor-element-6c7453f elementor-widget elementor-widget-heading\" data-id=\"6c7453f\" data-element_type=\"widget\" data-e-type=\"widget\" data-widget_type=\"heading.default\">\n\t\t\t\t<div class=\"elementor-widget-container\">\n\t\t\t\t\t<h3 class=\"elementor-heading-title elementor-size-default\">Direttore Generale<\/h3>\t\t\t\t<\/div>\n\t\t\t\t<\/div>\n\t\t\t\t<div class=\"elementor-element elementor-element-fcaa00b elementor-view-default elementor-widget elementor-widget-icon\" data-id=\"fcaa00b\" data-element_type=\"widget\" data-e-type=\"widget\" data-widget_type=\"icon.default\">\n\t\t\t\t<div class=\"elementor-widget-container\">\n\t\t\t\t\t\t\t<div class=\"elementor-icon-wrapper\">\n\t\t\t<div class=\"elementor-icon\">\n\t\t\t<svg aria-hidden=\"true\" class=\"e-font-icon-svg e-fas-quote-left\" viewBox=\"0 0 512 512\" xmlns=\"http:\/\/www.w3.org\/2000\/svg\"><path d=\"M464 256h-80v-64c0-35.3 28.7-64 64-64h8c13.3 0 24-10.7 24-24V56c0-13.3-10.7-24-24-24h-8c-88.4 0-160 71.6-160 160v240c0 26.5 21.5 48 48 48h128c26.5 0 48-21.5 48-48V304c0-26.5-21.5-48-48-48zm-288 0H96v-64c0-35.3 28.7-64 64-64h8c13.3 0 24-10.7 24-24V56c0-13.3-10.7-24-24-24h-8C71.6 32 0 103.6 0 192v240c0 26.5 21.5 48 48 48h128c26.5 0 48-21.5 48-48V304c0-26.5-21.5-48-48-48z\"><\/path><\/svg>\t\t\t<\/div>\n\t\t<\/div>\n\t\t\t\t\t\t<\/div>\n\t\t\t\t<\/div>\n\t\t\t\t<div class=\"elementor-element elementor-element-383b875 elementor-widget elementor-widget-heading\" data-id=\"383b875\" data-element_type=\"widget\" data-e-type=\"widget\" data-widget_type=\"heading.default\">\n\t\t\t\t<div class=\"elementor-widget-container\">\n\t\t\t\t\t<h3 class=\"elementor-heading-title elementor-size-default\">Un cliente soddisfatto \u00e8 la migliore strategia commerciale in assoluto.<\/h3>\t\t\t\t<\/div>\n\t\t\t\t<\/div>\n\t\t\t\t<div class=\"elementor-element elementor-element-9ce1819 elementor-widget elementor-widget-text-editor\" data-id=\"9ce1819\" data-element_type=\"widget\" data-e-type=\"widget\" data-widget_type=\"text-editor.default\">\n\t\t\t\t<div class=\"elementor-widget-container\">\n\t\t\t\t\t\t\t\t\t<p>Cindy ricopre il ruolo di Direttore Generale di Lidercare dal 2019 ed \u00e8 responsabile delle operazioni generali dell&#8217;azienda, tra cui il miglioramento dell&#8217;efficienza e l&#8217;aumento dei profitti. \u00c8 inoltre responsabile delle vendite globali. <\/p><p>Cindy \u00e8 una veterana del settore dell&#8217;igiene orale e ha guidato il suo team per ottenere una crescita dei ricavi sostenibile e scalabile. Guida la collaborazione e l&#8217;allineamento del team di Lidercare utilizzando un pensiero strategico e una struttura di vendita di valore. Con un&#8217;attenzione particolare al servizio, il suo team attira sempre nuovi clienti e offre un servizio eccezionale.  <\/p>\t\t\t\t\t\t\t\t<\/div>\n\t\t\t\t<\/div>\n\t\t\t\t<\/div>\n\t\t\t\t\t<\/div>\n\t\t\t\t<\/div>\n\t\t\t\t<\/div>\n\t\t","protected":false},"excerpt":{"rendered":"<p>Leadership Lidercare I leader di Lidercare danno l&#8217;esempio, modellando l&#8217;integrit\u00e0, la competenza e l&#8217;impegno al servizio dei propri dipendenti. Home Sophia Li Presidente Il ruolo pi\u00f9 importante di una grande squadra \u00e8 che i suoi giocatori ordinari producano risultati straordinari. In qualit\u00e0 di CEO, la missione principale di Sophia \u00e8 quella di migliorare le prestazioni [&hellip;]<\/p>\n","protected":false},"author":1,"featured_media":35500,"parent":0,"menu_order":0,"comment_status":"closed","ping_status":"closed","template":"","meta":{"_acf_changed":false,"footnotes":""},"class_list":["post-35497","page","type-page","status-publish","has-post-thumbnail","hentry"],"acf":[],"_links":{"self":[{"href":"https:\/\/www.lidercare.com\/it\/wp-json\/wp\/v2\/pages\/35497","targetHints":{"allow":["GET"]}}],"collection":[{"href":"https:\/\/www.lidercare.com\/it\/wp-json\/wp\/v2\/pages"}],"about":[{"href":"https:\/\/www.lidercare.com\/it\/wp-json\/wp\/v2\/types\/page"}],"author":[{"embeddable":true,"href":"https:\/\/www.lidercare.com\/it\/wp-json\/wp\/v2\/users\/1"}],"replies":[{"embeddable":true,"href":"https:\/\/www.lidercare.com\/it\/wp-json\/wp\/v2\/comments?post=35497"}],"version-history":[{"count":6,"href":"https:\/\/www.lidercare.com\/it\/wp-json\/wp\/v2\/pages\/35497\/revisions"}],"predecessor-version":[{"id":95595,"href":"https:\/\/www.lidercare.com\/it\/wp-json\/wp\/v2\/pages\/35497\/revisions\/95595"}],"wp:featuredmedia":[{"embeddable":true,"href":"https:\/\/www.lidercare.com\/it\/wp-json\/wp\/v2\/media\/35500"}],"wp:attachment":[{"href":"https:\/\/www.lidercare.com\/it\/wp-json\/wp\/v2\/media?parent=35497"}],"curies":[{"name":"wp","href":"https:\/\/api.w.org\/{rel}","templated":true}]}}