{"id":32917,"date":"2023-09-05T16:57:02","date_gmt":"2023-09-05T08:57:02","guid":{"rendered":"https:\/\/www.lidercare.com\/sostenibilita\/"},"modified":"2026-03-31T17:41:01","modified_gmt":"2026-03-31T09:41:01","slug":"sostenibilita","status":"publish","type":"page","link":"https:\/\/www.lidercare.com\/it\/sostenibilita\/","title":{"rendered":"Sostenibilit\u00e0"},"content":{"rendered":"\t\t<div data-elementor-type=\"wp-page\" data-elementor-id=\"32917\" class=\"elementor elementor-32917 elementor-4860\" data-elementor-post-type=\"page\">\n\t\t\t\t<div class=\"elementor-element elementor-element-3ec8080c e-flex e-con-boxed e-con e-parent\" data-id=\"3ec8080c\" data-element_type=\"container\" data-e-type=\"container\" data-settings=\"{&quot;background_background&quot;:&quot;gradient&quot;}\">\n\t\t\t\t\t<div class=\"e-con-inner\">\n\t\t\t\t<div class=\"elementor-element elementor-element-3ba6b50e elementor-widget elementor-widget-heading\" data-id=\"3ba6b50e\" data-element_type=\"widget\" data-e-type=\"widget\" data-widget_type=\"heading.default\">\n\t\t\t\t<div class=\"elementor-widget-container\">\n\t\t\t\t\t<h1 class=\"elementor-heading-title elementor-size-default\">Sostenibilit\u00e0 in tutto e per tutto<\/h1>\t\t\t\t<\/div>\n\t\t\t\t<\/div>\n\t\t\t\t<div class=\"elementor-element elementor-element-4b2f41c elementor-widget elementor-widget-text-editor\" data-id=\"4b2f41c\" data-element_type=\"widget\" data-e-type=\"widget\" data-widget_type=\"text-editor.default\">\n\t\t\t\t<div class=\"elementor-widget-container\">\n\t\t\t\t\t\t\t\t\t<p>Lavoriamo insieme per fare di pi\u00f9 per l&#8217;ambiente!<\/p>\t\t\t\t\t\t\t\t<\/div>\n\t\t\t\t<\/div>\n\t\t\t\t<div class=\"elementor-element elementor-element-1b8010a elementor-mobile-align-left elementor-widget elementor-widget-breadcrumbs\" data-id=\"1b8010a\" data-element_type=\"widget\" data-e-type=\"widget\" data-widget_type=\"breadcrumbs.default\">\n\t\t\t\t<div class=\"elementor-widget-container\">\n\t\t\t\t\t<nav><span class=\"last\">Casa<\/span><\/nav>\t\t\t\t<\/div>\n\t\t\t\t<\/div>\n\t\t\t\t\t<\/div>\n\t\t\t\t<\/div>\n\t\t<div class=\"elementor-element elementor-element-23d9256 e-flex e-con-boxed e-con e-parent\" data-id=\"23d9256\" data-element_type=\"container\" data-e-type=\"container\">\n\t\t\t\t\t<div class=\"e-con-inner\">\n\t\t<div class=\"elementor-element elementor-element-8979832 e-flex e-con-boxed e-con e-child\" data-id=\"8979832\" data-element_type=\"container\" data-e-type=\"container\">\n\t\t\t\t\t<div class=\"e-con-inner\">\n\t\t<div class=\"elementor-element elementor-element-8df8778 e-flex e-con-boxed e-con e-child\" data-id=\"8df8778\" data-element_type=\"container\" data-e-type=\"container\">\n\t\t\t\t\t<div class=\"e-con-inner\">\n\t\t\t\t<div class=\"elementor-element elementor-element-6559394 elementor-view-default elementor-widget elementor-widget-icon\" data-id=\"6559394\" data-element_type=\"widget\" data-e-type=\"widget\" data-widget_type=\"icon.default\">\n\t\t\t\t<div class=\"elementor-widget-container\">\n\t\t\t\t\t\t\t<div class=\"elementor-icon-wrapper\">\n\t\t\t<div class=\"elementor-icon\">\n\t\t\t<svg aria-hidden=\"true\" class=\"e-font-icon-svg e-fas-quote-left\" viewBox=\"0 0 512 512\" xmlns=\"http:\/\/www.w3.org\/2000\/svg\"><path d=\"M464 256h-80v-64c0-35.3 28.7-64 64-64h8c13.3 0 24-10.7 24-24V56c0-13.3-10.7-24-24-24h-8c-88.4 0-160 71.6-160 160v240c0 26.5 21.5 48 48 48h128c26.5 0 48-21.5 48-48V304c0-26.5-21.5-48-48-48zm-288 0H96v-64c0-35.3 28.7-64 64-64h8c13.3 0 24-10.7 24-24V56c0-13.3-10.7-24-24-24h-8C71.6 32 0 103.6 0 192v240c0 26.5 21.5 48 48 48h128c26.5 0 48-21.5 48-48V304c0-26.5-21.5-48-48-48z\"><\/path><\/svg>\t\t\t<\/div>\n\t\t<\/div>\n\t\t\t\t\t\t<\/div>\n\t\t\t\t<\/div>\n\t\t\t\t<div class=\"elementor-element elementor-element-c26fb40 elementor-widget elementor-widget-text-editor\" data-id=\"c26fb40\" data-element_type=\"widget\" data-e-type=\"widget\" data-widget_type=\"text-editor.default\">\n\t\t\t\t<div class=\"elementor-widget-container\">\n\t\t\t\t\t\t\t\t\t<p>Lidercare si impegna a rispettare tutte le norme e i regolamenti ambientali applicabili nella produzione, nella commercializzazione dei nostri prodotti e nella gestione delle nostre strutture. Non solo rispettiamo gli standard minimi, ma ci sforziamo di superarli. Lidercare ha standard rigorosi in materia di prestazioni ambientali e tutte le nostre strutture dispongono di sistemi di gestione ambientale pienamente implementati che coprono un&#8217;ampia gamma di categorie come l&#8217;efficienza energetica, il clima, la gestione dell&#8217;acqua e la gestione dei rifiuti. <\/p>\t\t\t\t\t\t\t\t<\/div>\n\t\t\t\t<\/div>\n\t\t\t\t<div class=\"elementor-element elementor-element-52505c4 elementor-view-default elementor-widget elementor-widget-icon\" data-id=\"52505c4\" data-element_type=\"widget\" data-e-type=\"widget\" data-widget_type=\"icon.default\">\n\t\t\t\t<div class=\"elementor-widget-container\">\n\t\t\t\t\t\t\t<div class=\"elementor-icon-wrapper\">\n\t\t\t<div class=\"elementor-icon\">\n\t\t\t<svg aria-hidden=\"true\" class=\"e-font-icon-svg e-fas-quote-right\" viewBox=\"0 0 512 512\" xmlns=\"http:\/\/www.w3.org\/2000\/svg\"><path d=\"M464 32H336c-26.5 0-48 21.5-48 48v128c0 26.5 21.5 48 48 48h80v64c0 35.3-28.7 64-64 64h-8c-13.3 0-24 10.7-24 24v48c0 13.3 10.7 24 24 24h8c88.4 0 160-71.6 160-160V80c0-26.5-21.5-48-48-48zm-288 0H48C21.5 32 0 53.5 0 80v128c0 26.5 21.5 48 48 48h80v64c0 35.3-28.7 64-64 64h-8c-13.3 0-24 10.7-24 24v48c0 13.3 10.7 24 24 24h8c88.4 0 160-71.6 160-160V80c0-26.5-21.5-48-48-48z\"><\/path><\/svg>\t\t\t<\/div>\n\t\t<\/div>\n\t\t\t\t\t\t<\/div>\n\t\t\t\t<\/div>\n\t\t\t\t\t<\/div>\n\t\t\t\t<\/div>\n\t\t<div class=\"elementor-element elementor-element-c33f9a6 e-flex e-con-boxed e-con e-child\" data-id=\"c33f9a6\" data-element_type=\"container\" data-e-type=\"container\">\n\t\t\t\t\t<div class=\"e-con-inner\">\n\t\t\t\t<div class=\"elementor-element elementor-element-959fa38 elementor-widget elementor-widget-image\" data-id=\"959fa38\" data-element_type=\"widget\" data-e-type=\"widget\" data-widget_type=\"image.default\">\n\t\t\t\t<div class=\"elementor-widget-container\">\n\t\t\t\t\t\t\t\t\t\t\t\t\t\t\t<img fetchpriority=\"high\" decoding=\"async\" width=\"768\" height=\"512\" src=\"https:\/\/www.lidercare.com\/wp-content\/uploads\/Sustainability-768x512.webp\" class=\"attachment-medium_large size-medium_large wp-image-32927\" alt=\"\" srcset=\"https:\/\/www.lidercare.com\/wp-content\/uploads\/Sustainability-768x512.webp 768w, https:\/\/www.lidercare.com\/wp-content\/uploads\/Sustainability-600x400.webp 600w, https:\/\/www.lidercare.com\/wp-content\/uploads\/Sustainability.webp 800w\" sizes=\"(max-width: 768px) 100vw, 768px\">\t\t\t\t\t\t\t\t\t\t\t\t\t\t\t<\/div>\n\t\t\t\t<\/div>\n\t\t\t\t\t<\/div>\n\t\t\t\t<\/div>\n\t\t\t\t\t<\/div>\n\t\t\t\t<\/div>\n\t\t\t\t\t<\/div>\n\t\t\t\t<\/div>\n\t\t<div class=\"elementor-element elementor-element-655c600 e-flex e-con-boxed e-con e-parent\" data-id=\"655c600\" data-element_type=\"container\" data-e-type=\"container\">\n\t\t\t\t\t<div class=\"e-con-inner\">\n\t\t\t\t<div class=\"elementor-element elementor-element-22ad5bf elementor-widget elementor-widget-heading\" data-id=\"22ad5bf\" data-element_type=\"widget\" data-e-type=\"widget\" data-widget_type=\"heading.default\">\n\t\t\t\t<div class=\"elementor-widget-container\">\n\t\t\t\t\t<h2 class=\"elementor-heading-title elementor-size-default\">Impatto ambientale ridotto<\/h2>\t\t\t\t<\/div>\n\t\t\t\t<\/div>\n\t\t\t\t<div class=\"elementor-element elementor-element-ba506b2 elementor-widget elementor-widget-text-editor\" data-id=\"ba506b2\" data-element_type=\"widget\" data-e-type=\"widget\" data-widget_type=\"text-editor.default\">\n\t\t\t\t<div class=\"elementor-widget-container\">\n\t\t\t\t\t\t\t\t\t<p>Siamo consapevoli del nostro impatto sull&#8217;ambiente e comprendiamo la necessit\u00e0 di proteggerlo. Ci impegniamo a lavorare per rendere il pianeta un posto pi\u00f9 felice e a fare la nostra parte per farlo. <\/p>\t\t\t\t\t\t\t\t<\/div>\n\t\t\t\t<\/div>\n\t\t<div class=\"elementor-element elementor-element-05ea64e e-grid e-con-full e-con e-child\" data-id=\"05ea64e\" data-element_type=\"container\" data-e-type=\"container\">\n\t\t<div class=\"elementor-element elementor-element-ec4c003 e-con-full e-flex e-con e-child\" data-id=\"ec4c003\" data-element_type=\"container\" data-e-type=\"container\">\n\t\t\t\t<div class=\"elementor-element elementor-element-bc91deb elementor-widget elementor-widget-image\" data-id=\"bc91deb\" data-element_type=\"widget\" data-e-type=\"widget\" data-widget_type=\"image.default\">\n\t\t\t\t<div class=\"elementor-widget-container\">\n\t\t\t\t\t\t\t\t\t\t\t\t\t\t\t<img decoding=\"async\" src=\"https:\/\/www.lidercare.com\/wp-content\/uploads\/elementor\/thumbs\/organic-icon-qfo1yn24sbu3r0fsi7v8jllyqhmxqx1kb33072zluk.webp\" title=\"organic icon\" alt=\"organic icon\" loading=\"lazy\" \/>\t\t\t\t\t\t\t\t\t\t\t\t\t\t\t<\/div>\n\t\t\t\t<\/div>\n\t\t\t\t<div class=\"elementor-element elementor-element-182ce62 elementor-widget elementor-widget-heading\" data-id=\"182ce62\" data-element_type=\"widget\" data-e-type=\"widget\" data-widget_type=\"heading.default\">\n\t\t\t\t<div class=\"elementor-widget-container\">\n\t\t\t\t\t<h3 class=\"elementor-heading-title elementor-size-default\">vegano<\/h3>\t\t\t\t<\/div>\n\t\t\t\t<\/div>\n\t\t\t\t<div class=\"elementor-element elementor-element-7ef6024 elementor-widget elementor-widget-text-editor\" data-id=\"7ef6024\" data-element_type=\"widget\" data-e-type=\"widget\" data-widget_type=\"text-editor.default\">\n\t\t\t\t<div class=\"elementor-widget-container\">\n\t\t\t\t\t\t\t\t\t<p>Molti dei nostri prodotti sono vegani e non contengono ingredienti di origine animale, sottoprodotti animali o additivi.<\/p>\t\t\t\t\t\t\t\t<\/div>\n\t\t\t\t<\/div>\n\t\t\t\t<\/div>\n\t\t<div class=\"elementor-element elementor-element-32cf705 e-con-full e-flex e-con e-child\" data-id=\"32cf705\" data-element_type=\"container\" data-e-type=\"container\">\n\t\t\t\t<div class=\"elementor-element elementor-element-769bf4a elementor-widget elementor-widget-image\" data-id=\"769bf4a\" data-element_type=\"widget\" data-e-type=\"widget\" data-widget_type=\"image.default\">\n\t\t\t\t<div class=\"elementor-widget-container\">\n\t\t\t\t\t\t\t\t\t\t\t\t\t\t\t<img decoding=\"async\" src=\"https:\/\/www.lidercare.com\/wp-content\/uploads\/elementor\/thumbs\/Gluten-free-qfo1yk8m7tq8s6jvyoncu4bkyc0u3tqdap4jr93sd8.webp\" title=\"Gluten-free\" alt=\"Gluten-free\" loading=\"lazy\" \/>\t\t\t\t\t\t\t\t\t\t\t\t\t\t\t<\/div>\n\t\t\t\t<\/div>\n\t\t\t\t<div class=\"elementor-element elementor-element-b63db3e elementor-widget elementor-widget-heading\" data-id=\"b63db3e\" data-element_type=\"widget\" data-e-type=\"widget\" data-widget_type=\"heading.default\">\n\t\t\t\t<div class=\"elementor-widget-container\">\n\t\t\t\t\t<h3 class=\"elementor-heading-title elementor-size-default\">Senza glutine<\/h3>\t\t\t\t<\/div>\n\t\t\t\t<\/div>\n\t\t\t\t<div class=\"elementor-element elementor-element-58444e4 elementor-widget elementor-widget-text-editor\" data-id=\"58444e4\" data-element_type=\"widget\" data-e-type=\"widget\" data-widget_type=\"text-editor.default\">\n\t\t\t\t<div class=\"elementor-widget-container\">\n\t\t\t\t\t\t\t\t\t<p>I nostri prodotti sono privi di glutine presente nel grano, nella segale e nell&#8217;orzo.<\/p>\t\t\t\t\t\t\t\t<\/div>\n\t\t\t\t<\/div>\n\t\t\t\t<\/div>\n\t\t<div class=\"elementor-element elementor-element-b4c9086 e-con-full e-flex e-con e-child\" data-id=\"b4c9086\" data-element_type=\"container\" data-e-type=\"container\">\n\t\t\t\t<div class=\"elementor-element elementor-element-6309bf3 elementor-widget elementor-widget-image\" data-id=\"6309bf3\" data-element_type=\"widget\" data-e-type=\"widget\" data-widget_type=\"image.default\">\n\t\t\t\t<div class=\"elementor-widget-container\">\n\t\t\t\t\t\t\t\t\t\t\t\t\t\t\t<img decoding=\"async\" src=\"https:\/\/www.lidercare.com\/wp-content\/uploads\/elementor\/thumbs\/Sugar-free-qfo1ynzyz5ve2mefcq9v43dfbviaym5an7qhocy7oc.webp\" title=\"Sugar free\" alt=\"Sugar free\" loading=\"lazy\" \/>\t\t\t\t\t\t\t\t\t\t\t\t\t\t\t<\/div>\n\t\t\t\t<\/div>\n\t\t\t\t<div class=\"elementor-element elementor-element-08297bb elementor-widget elementor-widget-heading\" data-id=\"08297bb\" data-element_type=\"widget\" data-e-type=\"widget\" data-widget_type=\"heading.default\">\n\t\t\t\t<div class=\"elementor-widget-container\">\n\t\t\t\t\t<h3 class=\"elementor-heading-title elementor-size-default\">Senza zucchero<\/h3>\t\t\t\t<\/div>\n\t\t\t\t<\/div>\n\t\t\t\t<div class=\"elementor-element elementor-element-07114c9 elementor-widget elementor-widget-text-editor\" data-id=\"07114c9\" data-element_type=\"widget\" data-e-type=\"widget\" data-widget_type=\"text-editor.default\">\n\t\t\t\t<div class=\"elementor-widget-container\">\n\t\t\t\t\t\t\t\t\t<p>Non aggiungiamo zucchero ai nostri prodotti e utilizziamo sostituti dello zucchero o dolcificanti artificiali e naturali per migliorare il sapore.<\/p>\t\t\t\t\t\t\t\t<\/div>\n\t\t\t\t<\/div>\n\t\t\t\t<\/div>\n\t\t<div class=\"elementor-element elementor-element-d4859b6 e-con-full e-flex e-con e-child\" data-id=\"d4859b6\" data-element_type=\"container\" data-e-type=\"container\">\n\t\t\t\t<div class=\"elementor-element elementor-element-28d1075 elementor-widget elementor-widget-image\" data-id=\"28d1075\" data-element_type=\"widget\" data-e-type=\"widget\" data-widget_type=\"image.default\">\n\t\t\t\t<div class=\"elementor-widget-container\">\n\t\t\t\t\t\t\t\t\t\t\t\t\t\t\t<img decoding=\"async\" width=\"128\" height=\"96\" src=\"https:\/\/www.lidercare.com\/wp-content\/uploads\/CrueltyFreeLogo_jpg.webp\" class=\"attachment-thumbnail size-thumbnail wp-image-32922\" alt=\"\">\t\t\t\t\t\t\t\t\t\t\t\t\t\t\t<\/div>\n\t\t\t\t<\/div>\n\t\t\t\t<div class=\"elementor-element elementor-element-6989552 elementor-widget elementor-widget-heading\" data-id=\"6989552\" data-element_type=\"widget\" data-e-type=\"widget\" data-widget_type=\"heading.default\">\n\t\t\t\t<div class=\"elementor-widget-container\">\n\t\t\t\t\t<h3 class=\"elementor-heading-title elementor-size-default\">Nessun test sugli animali<\/h3>\t\t\t\t<\/div>\n\t\t\t\t<\/div>\n\t\t\t\t<div class=\"elementor-element elementor-element-4f3fbec elementor-widget elementor-widget-text-editor\" data-id=\"4f3fbec\" data-element_type=\"widget\" data-e-type=\"widget\" data-widget_type=\"text-editor.default\">\n\t\t\t\t<div class=\"elementor-widget-container\">\n\t\t\t\t\t\t\t\t\t<p>Sosteniamo attivamente e rispettiamo le normative e le linee guida internazionali sulla sperimentazione senza animali per garantire che i nostri prodotti siano cruelty-free in tutto il mondo!<\/p>\t\t\t\t\t\t\t\t<\/div>\n\t\t\t\t<\/div>\n\t\t\t\t<\/div>\n\t\t\t\t<\/div>\n\t\t\t\t\t<\/div>\n\t\t\t\t<\/div>\n\t\t<div class=\"elementor-element elementor-element-7c29da6 e-flex e-con-boxed e-con e-parent\" data-id=\"7c29da6\" data-element_type=\"container\" data-e-type=\"container\">\n\t\t\t\t\t<div class=\"e-con-inner\">\n\t\t\t\t<div class=\"elementor-element elementor-element-4a4369b elementor-widget elementor-widget-heading\" data-id=\"4a4369b\" data-element_type=\"widget\" data-e-type=\"widget\" data-widget_type=\"heading.default\">\n\t\t\t\t<div class=\"elementor-widget-container\">\n\t\t\t\t\t<h2 class=\"elementor-heading-title elementor-size-default\">Produciamo in modo responsabile<\/h2>\t\t\t\t<\/div>\n\t\t\t\t<\/div>\n\t\t\t\t<div class=\"elementor-element elementor-element-b6a591a elementor-widget elementor-widget-text-editor\" data-id=\"b6a591a\" data-element_type=\"widget\" data-e-type=\"widget\" data-widget_type=\"text-editor.default\">\n\t\t\t\t<div class=\"elementor-widget-container\">\n\t\t\t\t\t\t\t\t\t<p>I nostri siti produttivi sono ambienti di lavoro sicuri per i nostri team. Abbiamo compiuto progressi significativi in termini di efficienza energetica e idrica nel nostro percorso verso l&#8217;obiettivo di diventare un&#8217;azienda a zero rifiuti. <\/p>\t\t\t\t\t\t\t\t<\/div>\n\t\t\t\t<\/div>\n\t\t<div class=\"elementor-element elementor-element-0eb82df e-grid e-con-full e-con e-child\" data-id=\"0eb82df\" data-element_type=\"container\" data-e-type=\"container\">\n\t\t<div class=\"elementor-element elementor-element-4f14b4f e-con-full e-flex e-con e-child\" data-id=\"4f14b4f\" data-element_type=\"container\" data-e-type=\"container\">\n\t\t\t\t<div class=\"elementor-element elementor-element-fbf861f elementor-widget elementor-widget-image\" data-id=\"fbf861f\" data-element_type=\"widget\" data-e-type=\"widget\" data-widget_type=\"image.default\">\n\t\t\t\t<div class=\"elementor-widget-container\">\n\t\t\t\t\t\t\t\t\t\t\t\t\t\t\t<img decoding=\"async\" width=\"150\" height=\"150\" src=\"https:\/\/www.lidercare.com\/wp-content\/uploads\/New-Recyclable-Tubes.webp\" class=\"attachment-large size-large wp-image-32924\" alt=\"\" srcset=\"https:\/\/www.lidercare.com\/wp-content\/uploads\/New-Recyclable-Tubes.webp 150w, https:\/\/www.lidercare.com\/wp-content\/uploads\/New-Recyclable-Tubes-100x100.webp 100w\" sizes=\"(max-width: 150px) 100vw, 150px\">\t\t\t\t\t\t\t\t\t\t\t\t\t\t\t<\/div>\n\t\t\t\t<\/div>\n\t\t\t\t<div class=\"elementor-element elementor-element-9171da4 elementor-widget elementor-widget-heading\" data-id=\"9171da4\" data-element_type=\"widget\" data-e-type=\"widget\" data-widget_type=\"heading.default\">\n\t\t\t\t<div class=\"elementor-widget-container\">\n\t\t\t\t\t<h3 class=\"elementor-heading-title elementor-size-default\">Nuovi tubi riciclabili<\/h3>\t\t\t\t<\/div>\n\t\t\t\t<\/div>\n\t\t\t\t<div class=\"elementor-element elementor-element-9fa0f87 elementor-widget elementor-widget-text-editor\" data-id=\"9fa0f87\" data-element_type=\"widget\" data-e-type=\"widget\" data-widget_type=\"text-editor.default\">\n\t\t\t\t<div class=\"elementor-widget-container\">\n\t\t\t\t\t\t\t\t\t<p>Il tubo \u00e8 realizzato principalmente in HDPE (Polietilene ad alta densit\u00e0), una plastica riciclabile #2, mentre il tappo \u00e8 in PP (Polipropilene), una plastica riciclabile #5. Dopo il riciclo, i tubi vengono inviati a un riciclatore di rifiuti per la selezione e poi a un impianto di lavorazione dove i materiali HDPE, come le bottiglie di plastica, vengono convertiti in piccole materie prime pellettizzate per essere trasformate in nuovi prodotti e imballaggi. <\/p>\t\t\t\t\t\t\t\t<\/div>\n\t\t\t\t<\/div>\n\t\t\t\t<\/div>\n\t\t<div class=\"elementor-element elementor-element-9459aeb e-con-full e-flex e-con e-child\" data-id=\"9459aeb\" data-element_type=\"container\" data-e-type=\"container\">\n\t\t\t\t<div class=\"elementor-element elementor-element-238307d elementor-widget elementor-widget-image\" data-id=\"238307d\" data-element_type=\"widget\" data-e-type=\"widget\" data-widget_type=\"image.default\">\n\t\t\t\t<div class=\"elementor-widget-container\">\n\t\t\t\t\t\t\t\t\t\t\t\t\t\t\t<img loading=\"lazy\" decoding=\"async\" width=\"254\" height=\"150\" src=\"https:\/\/www.lidercare.com\/wp-content\/uploads\/Water-conservation.webp\" class=\"attachment-large size-large wp-image-32929\" alt=\"\">\t\t\t\t\t\t\t\t\t\t\t\t\t\t\t<\/div>\n\t\t\t\t<\/div>\n\t\t\t\t<div class=\"elementor-element elementor-element-1cd6ad5 elementor-widget elementor-widget-heading\" data-id=\"1cd6ad5\" data-element_type=\"widget\" data-e-type=\"widget\" data-widget_type=\"heading.default\">\n\t\t\t\t<div class=\"elementor-widget-container\">\n\t\t\t\t\t<h3 class=\"elementor-heading-title elementor-size-default\">Conservazione dell'acqua<\/h3>\t\t\t\t<\/div>\n\t\t\t\t<\/div>\n\t\t\t\t<div class=\"elementor-element elementor-element-4ad300d elementor-widget elementor-widget-text-editor\" data-id=\"4ad300d\" data-element_type=\"widget\" data-e-type=\"widget\" data-widget_type=\"text-editor.default\">\n\t\t\t\t<div class=\"elementor-widget-container\">\n\t\t\t\t\t\t\t\t\t<p>Continueremo a migliorare i nostri processi produttivi per aumentare l&#8217;efficienza idrica del 35% entro il 2030. Tuttavia, lavorando insieme, possiamo avere un impatto ancora pi\u00f9 significativo sul consumo di acqua. Basta chiudere il rubinetto mentre ti lavi i denti per risparmiare fino a otto litri d&#8217;acqua al giorno!  <\/p>\t\t\t\t\t\t\t\t<\/div>\n\t\t\t\t<\/div>\n\t\t\t\t<\/div>\n\t\t<div class=\"elementor-element elementor-element-27d06b4 e-con-full e-flex e-con e-child\" data-id=\"27d06b4\" data-element_type=\"container\" data-e-type=\"container\">\n\t\t\t\t<div class=\"elementor-element elementor-element-0995756 elementor-widget elementor-widget-image\" data-id=\"0995756\" data-element_type=\"widget\" data-e-type=\"widget\" data-widget_type=\"image.default\">\n\t\t\t\t<div class=\"elementor-widget-container\">\n\t\t\t\t\t\t\t\t\t\t\t\t\t\t\t<img loading=\"lazy\" decoding=\"async\" width=\"264\" height=\"150\" src=\"https:\/\/www.lidercare.com\/wp-content\/uploads\/Use-of-clean-energy.webp\" class=\"attachment-large size-large wp-image-32928\" alt=\"\">\t\t\t\t\t\t\t\t\t\t\t\t\t\t\t<\/div>\n\t\t\t\t<\/div>\n\t\t\t\t<div class=\"elementor-element elementor-element-7d9720a elementor-widget elementor-widget-heading\" data-id=\"7d9720a\" data-element_type=\"widget\" data-e-type=\"widget\" data-widget_type=\"heading.default\">\n\t\t\t\t<div class=\"elementor-widget-container\">\n\t\t\t\t\t<h3 class=\"elementor-heading-title elementor-size-default\">Utilizzo di energia pulita<\/h3>\t\t\t\t<\/div>\n\t\t\t\t<\/div>\n\t\t\t\t<div class=\"elementor-element elementor-element-a7e83c5 elementor-widget elementor-widget-text-editor\" data-id=\"a7e83c5\" data-element_type=\"widget\" data-e-type=\"widget\" data-widget_type=\"text-editor.default\">\n\t\t\t\t<div class=\"elementor-widget-container\">\n\t\t\t\t\t\t\t\t\t<p>I nostri siti produttivi sono alimentati al 100% da energia rinnovabile per la produzione di dentifrici e spazzolini, il che riduce le emissioni di gas serra equivalenti alla quantit\u00e0 di gas serra emessi da 10.000 automobili in circolazione durante l&#8217;anno!<\/p>\t\t\t\t\t\t\t\t<\/div>\n\t\t\t\t<\/div>\n\t\t\t\t<\/div>\n\t\t\t\t<\/div>\n\t\t\t\t\t<\/div>\n\t\t\t\t<\/div>\n\t\t\t\t<\/div>\n\t\t","protected":false},"excerpt":{"rendered":"<p>Sostenibilit\u00e0 in tutto e per tutto Lavoriamo insieme per fare di pi\u00f9 per l&#8217;ambiente! Home Lidercare si impegna a rispettare tutte le norme e i regolamenti ambientali applicabili nella produzione, nella commercializzazione dei nostri prodotti e nella gestione delle nostre strutture. Non solo rispettiamo gli standard minimi, ma ci sforziamo di superarli. Lidercare ha standard [&hellip;]<\/p>\n","protected":false},"author":1,"featured_media":32927,"parent":0,"menu_order":0,"comment_status":"closed","ping_status":"closed","template":"elementor_theme","meta":{"_acf_changed":false,"footnotes":""},"class_list":["post-32917","page","type-page","status-publish","has-post-thumbnail","hentry"],"acf":[],"_links":{"self":[{"href":"https:\/\/www.lidercare.com\/it\/wp-json\/wp\/v2\/pages\/32917","targetHints":{"allow":["GET"]}}],"collection":[{"href":"https:\/\/www.lidercare.com\/it\/wp-json\/wp\/v2\/pages"}],"about":[{"href":"https:\/\/www.lidercare.com\/it\/wp-json\/wp\/v2\/types\/page"}],"author":[{"embeddable":true,"href":"https:\/\/www.lidercare.com\/it\/wp-json\/wp\/v2\/users\/1"}],"replies":[{"embeddable":true,"href":"https:\/\/www.lidercare.com\/it\/wp-json\/wp\/v2\/comments?post=32917"}],"version-history":[{"count":4,"href":"https:\/\/www.lidercare.com\/it\/wp-json\/wp\/v2\/pages\/32917\/revisions"}],"predecessor-version":[{"id":95716,"href":"https:\/\/www.lidercare.com\/it\/wp-json\/wp\/v2\/pages\/32917\/revisions\/95716"}],"wp:featuredmedia":[{"embeddable":true,"href":"https:\/\/www.lidercare.com\/it\/wp-json\/wp\/v2\/media\/32927"}],"wp:attachment":[{"href":"https:\/\/www.lidercare.com\/it\/wp-json\/wp\/v2\/media?parent=32917"}],"curies":[{"name":"wp","href":"https:\/\/api.w.org\/{rel}","templated":true}]}}