{"id":32832,"date":"2023-09-06T15:01:29","date_gmt":"2023-09-06T07:01:29","guid":{"rendered":"https:\/\/www.lidercare.com\/gestione-della-qualita\/"},"modified":"2026-03-31T17:30:16","modified_gmt":"2026-03-31T09:30:16","slug":"gestione-della-qualita","status":"publish","type":"page","link":"https:\/\/www.lidercare.com\/it\/gestione-della-qualita\/","title":{"rendered":"Gestione della qualit\u00e0"},"content":{"rendered":"\t\t<div data-elementor-type=\"wp-page\" data-elementor-id=\"32832\" class=\"elementor elementor-32832 elementor-4983\" data-elementor-post-type=\"page\">\n\t\t\t\t<div class=\"elementor-element elementor-element-3827361f e-flex e-con-boxed e-con e-parent\" data-id=\"3827361f\" data-element_type=\"container\" data-e-type=\"container\" data-settings=\"{&quot;background_background&quot;:&quot;gradient&quot;}\">\n\t\t\t\t\t<div class=\"e-con-inner\">\n\t\t\t\t<div class=\"elementor-element elementor-element-84469c0 elementor-widget elementor-widget-heading\" data-id=\"84469c0\" data-element_type=\"widget\" data-e-type=\"widget\" data-widget_type=\"heading.default\">\n\t\t\t\t<div class=\"elementor-widget-container\">\n\t\t\t\t\t<h1 class=\"elementor-heading-title elementor-size-default\">Gestione della qualit\u00e0 nella produzione di dentifricio<\/h1>\t\t\t\t<\/div>\n\t\t\t\t<\/div>\n\t\t\t\t<div class=\"elementor-element elementor-element-2af4f6de elementor-widget elementor-widget-heading\" data-id=\"2af4f6de\" data-element_type=\"widget\" data-e-type=\"widget\" data-widget_type=\"heading.default\">\n\t\t\t\t<div class=\"elementor-widget-container\">\n\t\t\t\t\t<p class=\"elementor-heading-title elementor-size-default\">Fornire prodotti di qualit\u00e0 non solo garantisce la soddisfazione dei clienti, ma guida anche la crescita della nostra azienda!<\/p>\t\t\t\t<\/div>\n\t\t\t\t<\/div>\n\t\t\t\t<div class=\"elementor-element elementor-element-53c2ca5 elementor-widget elementor-widget-breadcrumbs\" data-id=\"53c2ca5\" data-element_type=\"widget\" data-e-type=\"widget\" data-widget_type=\"breadcrumbs.default\">\n\t\t\t\t<div class=\"elementor-widget-container\">\n\t\t\t\t\t<nav><span class=\"last\">Casa<\/span><\/nav>\t\t\t\t<\/div>\n\t\t\t\t<\/div>\n\t\t\t\t\t<\/div>\n\t\t\t\t<\/div>\n\t\t<div class=\"elementor-element elementor-element-27b9db8 e-flex e-con-boxed e-con e-parent\" data-id=\"27b9db8\" data-element_type=\"container\" data-e-type=\"container\">\n\t\t\t\t\t<div class=\"e-con-inner\">\n\t\t\t\t<div class=\"elementor-element elementor-element-d22205c elementor-widget elementor-widget-heading\" data-id=\"d22205c\" data-element_type=\"widget\" data-e-type=\"widget\" data-widget_type=\"heading.default\">\n\t\t\t\t<div class=\"elementor-widget-container\">\n\t\t\t\t\t<h2 class=\"elementor-heading-title elementor-size-default\">Reparto Controllo Qualit\u00e0 (CQ)<\/h2>\t\t\t\t<\/div>\n\t\t\t\t<\/div>\n\t\t\t\t<div class=\"elementor-element elementor-element-d4778d6 elementor-widget elementor-widget-text-editor\" data-id=\"d4778d6\" data-element_type=\"widget\" data-e-type=\"widget\" data-widget_type=\"text-editor.default\">\n\t\t\t\t<div class=\"elementor-widget-container\">\n\t\t\t\t\t\t\t\t\t<p>Il reparto QC \u00e8 il vigile guardiano dei nostri standard. Attraverso ispezioni meticolose e test rigorosi, garantisce che ogni prodotto di dentifricio aderisca ai pi\u00f9 alti parametri di qualit\u00e0. <\/p>\t\t\t\t\t\t\t\t<\/div>\n\t\t\t\t<\/div>\n\t\t<div class=\"elementor-element elementor-element-78871cf e-flex e-con-boxed e-con e-child\" data-id=\"78871cf\" data-element_type=\"container\" data-e-type=\"container\">\n\t\t\t\t\t<div class=\"e-con-inner\">\n\t\t<div class=\"elementor-element elementor-element-2130ee7 e-flex e-con-boxed e-con e-child\" data-id=\"2130ee7\" data-element_type=\"container\" data-e-type=\"container\">\n\t\t\t\t\t<div class=\"e-con-inner\">\n\t\t\t\t<div class=\"elementor-element elementor-element-7479582 elementor-widget elementor-widget-heading\" data-id=\"7479582\" data-element_type=\"widget\" data-e-type=\"widget\" data-widget_type=\"heading.default\">\n\t\t\t\t<div class=\"elementor-widget-container\">\n\t\t\t\t\t<h3 class=\"elementor-heading-title elementor-size-default\">Guardiani della qualit\u00e0<\/h3>\t\t\t\t<\/div>\n\t\t\t\t<\/div>\n\t\t\t\t<div class=\"elementor-element elementor-element-e5f7825 elementor-widget elementor-widget-text-editor\" data-id=\"e5f7825\" data-element_type=\"widget\" data-e-type=\"widget\" data-widget_type=\"text-editor.default\">\n\t\t\t\t<div class=\"elementor-widget-container\">\n\t\t\t\t\t\t\t\t\t<p>Il nostro reparto QC \u00e8 il custode della qualit\u00e0 in ogni fase del processo produttivo. Gli esperti del controllo qualit\u00e0, meticolosamente formati, ispezionano rigorosamente le materie prime, monitorano i processi produttivi e valutano i prodotti finiti. Il loro obiettivo \u00e8 identificare e correggere qualsiasi deviazione dai nostri rigorosi standard di qualit\u00e0, assicurando che solo il miglior dentifricio arrivi ai nostri clienti.  <\/p>\t\t\t\t\t\t\t\t<\/div>\n\t\t\t\t<\/div>\n\t\t\t\t\t<\/div>\n\t\t\t\t<\/div>\n\t\t<div class=\"elementor-element elementor-element-af6ec10 e-flex e-con-boxed e-con e-child\" data-id=\"af6ec10\" data-element_type=\"container\" data-e-type=\"container\">\n\t\t\t\t\t<div class=\"e-con-inner\">\n\t\t\t\t<div class=\"elementor-element elementor-element-7576123 elementor-widget elementor-widget-image\" data-id=\"7576123\" data-element_type=\"widget\" data-e-type=\"widget\" data-widget_type=\"image.default\">\n\t\t\t\t<div class=\"elementor-widget-container\">\n\t\t\t\t\t\t\t\t\t\t\t\t\t\t\t<img fetchpriority=\"high\" decoding=\"async\" width=\"800\" height=\"533\" src=\"https:\/\/www.lidercare.com\/wp-content\/uploads\/Guardians-of-Quality.webp\" class=\"attachment-large size-large wp-image-32834\" alt=\"\" srcset=\"https:\/\/www.lidercare.com\/wp-content\/uploads\/Guardians-of-Quality.webp 800w, https:\/\/www.lidercare.com\/wp-content\/uploads\/Guardians-of-Quality-600x400.webp 600w, https:\/\/www.lidercare.com\/wp-content\/uploads\/Guardians-of-Quality-768x512.webp 768w\" sizes=\"(max-width: 800px) 100vw, 800px\">\t\t\t\t\t\t\t\t\t\t\t\t\t\t\t<\/div>\n\t\t\t\t<\/div>\n\t\t\t\t\t<\/div>\n\t\t\t\t<\/div>\n\t\t\t\t\t<\/div>\n\t\t\t\t<\/div>\n\t\t<div class=\"elementor-element elementor-element-b2b608d e-flex e-con-boxed e-con e-child\" data-id=\"b2b608d\" data-element_type=\"container\" data-e-type=\"container\">\n\t\t\t\t\t<div class=\"e-con-inner\">\n\t\t<div class=\"elementor-element elementor-element-39371ca e-flex e-con-boxed e-con e-child\" data-id=\"39371ca\" data-element_type=\"container\" data-e-type=\"container\">\n\t\t\t\t\t<div class=\"e-con-inner\">\n\t\t\t\t<div class=\"elementor-element elementor-element-3ef319a elementor-widget elementor-widget-image\" data-id=\"3ef319a\" data-element_type=\"widget\" data-e-type=\"widget\" data-widget_type=\"image.default\">\n\t\t\t\t<div class=\"elementor-widget-container\">\n\t\t\t\t\t\t\t\t\t\t\t\t\t\t\t<img decoding=\"async\" width=\"1024\" height=\"576\" src=\"https:\/\/www.lidercare.com\/wp-content\/uploads\/Advanced-Testing-Facilities.jpg\" class=\"attachment-large size-large wp-image-32838\" alt=\"Advanced Testing Facilities\" srcset=\"https:\/\/www.lidercare.com\/wp-content\/uploads\/Advanced-Testing-Facilities.jpg 1024w, https:\/\/www.lidercare.com\/wp-content\/uploads\/Advanced-Testing-Facilities-600x338.jpg 600w, https:\/\/www.lidercare.com\/wp-content\/uploads\/Advanced-Testing-Facilities-768x432.jpg 768w\" sizes=\"(max-width: 1024px) 100vw, 1024px\" \/>\t\t\t\t\t\t\t\t\t\t\t\t\t\t\t<\/div>\n\t\t\t\t<\/div>\n\t\t\t\t\t<\/div>\n\t\t\t\t<\/div>\n\t\t<div class=\"elementor-element elementor-element-5b622e4 e-flex e-con-boxed e-con e-child\" data-id=\"5b622e4\" data-element_type=\"container\" data-e-type=\"container\">\n\t\t\t\t\t<div class=\"e-con-inner\">\n\t\t\t\t<div class=\"elementor-element elementor-element-bcd994a elementor-widget elementor-widget-heading\" data-id=\"bcd994a\" data-element_type=\"widget\" data-e-type=\"widget\" data-widget_type=\"heading.default\">\n\t\t\t\t<div class=\"elementor-widget-container\">\n\t\t\t\t\t<h3 class=\"elementor-heading-title elementor-size-default\">Strutture di test avanzate<\/h3>\t\t\t\t<\/div>\n\t\t\t\t<\/div>\n\t\t\t\t<div class=\"elementor-element elementor-element-d747099 elementor-widget elementor-widget-text-editor\" data-id=\"d747099\" data-element_type=\"widget\" data-e-type=\"widget\" data-widget_type=\"text-editor.default\">\n\t\t\t\t<div class=\"elementor-widget-container\">\n\t\t\t\t\t\t\t\t\t<p>Per mantenere la nostra reputazione di eccellenza, il nostro reparto QC impiega attrezzature di analisi all&#8217;avanguardia. Queste includono spettrometri, cromatografi e strumenti di analisi microbiologica all&#8217;avanguardia. Queste tecnologie avanzate ci permettono di condurre test completi, dall&#8217;analisi della composizione chimica alla valutazione della sicurezza microbiologica.  <\/p>\t\t\t\t\t\t\t\t<\/div>\n\t\t\t\t<\/div>\n\t\t\t\t\t<\/div>\n\t\t\t\t<\/div>\n\t\t\t\t\t<\/div>\n\t\t\t\t<\/div>\n\t\t\t\t\t<\/div>\n\t\t\t\t<\/div>\n\t\t<div class=\"elementor-element elementor-element-e986a6c e-flex e-con-boxed e-con e-parent\" data-id=\"e986a6c\" data-element_type=\"container\" data-e-type=\"container\" data-settings=\"{&quot;background_background&quot;:&quot;classic&quot;}\">\n\t\t\t\t\t<div class=\"e-con-inner\">\n\t\t\t\t<div class=\"elementor-element elementor-element-be8a12f elementor-widget elementor-widget-heading\" data-id=\"be8a12f\" data-element_type=\"widget\" data-e-type=\"widget\" data-widget_type=\"heading.default\">\n\t\t\t\t<div class=\"elementor-widget-container\">\n\t\t\t\t\t<h2 class=\"elementor-heading-title elementor-size-default\">Strutture in camera bianca di classe 100.000<\/h2>\t\t\t\t<\/div>\n\t\t\t\t<\/div>\n\t\t\t\t<div class=\"elementor-element elementor-element-72dfc44 elementor-widget elementor-widget-text-editor\" data-id=\"72dfc44\" data-element_type=\"widget\" data-e-type=\"widget\" data-widget_type=\"text-editor.default\">\n\t\t\t\t<div class=\"elementor-widget-container\">\n\t\t\t\t\t\t\t\t\t<p>La nostra struttura in camera bianca a 10mila gradi \u00e8 una meraviglia ingegneristica, meticolosamente progettata per creare un ambiente privo di contaminanti.<\/p>\t\t\t\t\t\t\t\t<\/div>\n\t\t\t\t<\/div>\n\t\t<div class=\"elementor-element elementor-element-f68fab6 e-flex e-con-boxed e-con e-child\" data-id=\"f68fab6\" data-element_type=\"container\" data-e-type=\"container\">\n\t\t\t\t\t<div class=\"e-con-inner\">\n\t\t<div class=\"elementor-element elementor-element-dcb987a e-flex e-con-boxed e-con e-child\" data-id=\"dcb987a\" data-element_type=\"container\" data-e-type=\"container\">\n\t\t\t\t\t<div class=\"e-con-inner\">\n\t\t\t\t<div class=\"elementor-element elementor-element-02e1025 elementor-widget elementor-widget-heading\" data-id=\"02e1025\" data-element_type=\"widget\" data-e-type=\"widget\" data-widget_type=\"heading.default\">\n\t\t\t\t<div class=\"elementor-widget-container\">\n\t\t\t\t\t<h3 class=\"elementor-heading-title elementor-size-default\">Definire nuovi standard<\/h3>\t\t\t\t<\/div>\n\t\t\t\t<\/div>\n\t\t\t\t<div class=\"elementor-element elementor-element-122c37f elementor-widget elementor-widget-text-editor\" data-id=\"122c37f\" data-element_type=\"widget\" data-e-type=\"widget\" data-widget_type=\"text-editor.default\">\n\t\t\t\t<div class=\"elementor-widget-container\">\n\t\t\t\t\t\t\t\t\t<p>Il nostro impegno per la qualit\u00e0 \u00e8 ancora pi\u00f9 evidente nella nostra struttura in camera bianca a 10mila gradi. Questa struttura \u00e8 stata costruita appositamente per mantenere un ambiente sterile e controllato durante tutto il <a href=\"https:\/\/www.lidercare.com\/it\/toothpaste-manufacturing-process-2\/\">processo di produzione del dentifricio<\/a>. Riducendo al minimo il rischio di contaminazione, garantiamo che i nostri prodotti soddisfino i pi\u00f9 alti standard di purezza e sicurezza.  <\/p>\t\t\t\t\t\t\t\t<\/div>\n\t\t\t\t<\/div>\n\t\t\t\t\t<\/div>\n\t\t\t\t<\/div>\n\t\t<div class=\"elementor-element elementor-element-4ce9b4a e-flex e-con-boxed e-con e-child\" data-id=\"4ce9b4a\" data-element_type=\"container\" data-e-type=\"container\">\n\t\t\t\t\t<div class=\"e-con-inner\">\n\t\t\t\t<div class=\"elementor-element elementor-element-343daec elementor-widget elementor-widget-image\" data-id=\"343daec\" data-element_type=\"widget\" data-e-type=\"widget\" data-widget_type=\"image.default\">\n\t\t\t\t<div class=\"elementor-widget-container\">\n\t\t\t\t\t\t\t\t\t\t\t\t\t\t\t<img decoding=\"async\" width=\"774\" height=\"499\" src=\"https:\/\/www.lidercare.com\/wp-content\/uploads\/Setting-New-Standards.webp\" class=\"attachment-large size-large wp-image-32835\" alt=\"\" srcset=\"https:\/\/www.lidercare.com\/wp-content\/uploads\/Setting-New-Standards.webp 774w, https:\/\/www.lidercare.com\/wp-content\/uploads\/Setting-New-Standards-600x387.webp 600w, https:\/\/www.lidercare.com\/wp-content\/uploads\/Setting-New-Standards-768x495.webp 768w\" sizes=\"(max-width: 774px) 100vw, 774px\">\t\t\t\t\t\t\t\t\t\t\t\t\t\t\t<\/div>\n\t\t\t\t<\/div>\n\t\t\t\t\t<\/div>\n\t\t\t\t<\/div>\n\t\t\t\t\t<\/div>\n\t\t\t\t<\/div>\n\t\t<div class=\"elementor-element elementor-element-07559af e-flex e-con-boxed e-con e-child\" data-id=\"07559af\" data-element_type=\"container\" data-e-type=\"container\">\n\t\t\t\t\t<div class=\"e-con-inner\">\n\t\t<div class=\"elementor-element elementor-element-8d96ad7 e-flex e-con-boxed e-con e-child\" data-id=\"8d96ad7\" data-element_type=\"container\" data-e-type=\"container\">\n\t\t\t\t\t<div class=\"e-con-inner\">\n\t\t\t\t<div class=\"elementor-element elementor-element-3a1eab6 elementor-widget elementor-widget-image\" data-id=\"3a1eab6\" data-element_type=\"widget\" data-e-type=\"widget\" data-widget_type=\"image.default\">\n\t\t\t\t<div class=\"elementor-widget-container\">\n\t\t\t\t\t\t\t\t\t\t\t\t\t\t\t<img loading=\"lazy\" decoding=\"async\" width=\"612\" height=\"408\" src=\"https:\/\/www.lidercare.com\/wp-content\/uploads\/Stringent-Cleanroom-Protocols.jpg\" class=\"attachment-large size-large wp-image-32836\" alt=\"\" srcset=\"https:\/\/www.lidercare.com\/wp-content\/uploads\/Stringent-Cleanroom-Protocols.jpg 612w, https:\/\/www.lidercare.com\/wp-content\/uploads\/Stringent-Cleanroom-Protocols-600x400.jpg 600w\" sizes=\"(max-width: 612px) 100vw, 612px\">\t\t\t\t\t\t\t\t\t\t\t\t\t\t\t<\/div>\n\t\t\t\t<\/div>\n\t\t\t\t\t<\/div>\n\t\t\t\t<\/div>\n\t\t<div class=\"elementor-element elementor-element-9e40e45 e-flex e-con-boxed e-con e-child\" data-id=\"9e40e45\" data-element_type=\"container\" data-e-type=\"container\">\n\t\t\t\t\t<div class=\"e-con-inner\">\n\t\t\t\t<div class=\"elementor-element elementor-element-38c26f3 elementor-widget elementor-widget-heading\" data-id=\"38c26f3\" data-element_type=\"widget\" data-e-type=\"widget\" data-widget_type=\"heading.default\">\n\t\t\t\t<div class=\"elementor-widget-container\">\n\t\t\t\t\t<h3 class=\"elementor-heading-title elementor-size-default\">Protocolli rigorosi per la camera bianca<\/h3>\t\t\t\t<\/div>\n\t\t\t\t<\/div>\n\t\t\t\t<div class=\"elementor-element elementor-element-8e48e6f elementor-widget elementor-widget-text-editor\" data-id=\"8e48e6f\" data-element_type=\"widget\" data-e-type=\"widget\" data-widget_type=\"text-editor.default\">\n\t\t\t\t<div class=\"elementor-widget-container\">\n\t\t\t\t\t\t\t\t\t<p>La nostra camera bianca aderisce a protocolli rigorosi, tra cui controlli regolari della qualit\u00e0 dell&#8217;aria, procedure di camiciatura dei dipendenti e sterilizzazione di routine delle attrezzature. Queste misure, unite a uno staff altamente qualificato, ci aiutano a mantenere la massima igiene e coerenza nei nostri prodotti. <\/p>\t\t\t\t\t\t\t\t<\/div>\n\t\t\t\t<\/div>\n\t\t\t\t\t<\/div>\n\t\t\t\t<\/div>\n\t\t\t\t\t<\/div>\n\t\t\t\t<\/div>\n\t\t\t\t\t<\/div>\n\t\t\t\t<\/div>\n\t\t\t\t<\/div>\n\t\t","protected":false},"excerpt":{"rendered":"<p>Gestione della qualit\u00e0 nella produzione di dentifricio Fornire prodotti di qualit\u00e0 non solo garantisce la soddisfazione dei clienti, ma guida anche la crescita della nostra azienda! Home Reparto Controllo Qualit\u00e0 (CQ) Il reparto QC \u00e8 il vigile guardiano dei nostri standard. Attraverso ispezioni meticolose e test rigorosi, garantisce che ogni prodotto di dentifricio aderisca ai [&hellip;]<\/p>\n","protected":false},"author":1,"featured_media":32834,"parent":0,"menu_order":0,"comment_status":"closed","ping_status":"closed","template":"elementor_theme","meta":{"_acf_changed":false,"footnotes":""},"class_list":["post-32832","page","type-page","status-publish","has-post-thumbnail","hentry"],"acf":[],"_links":{"self":[{"href":"https:\/\/www.lidercare.com\/it\/wp-json\/wp\/v2\/pages\/32832","targetHints":{"allow":["GET"]}}],"collection":[{"href":"https:\/\/www.lidercare.com\/it\/wp-json\/wp\/v2\/pages"}],"about":[{"href":"https:\/\/www.lidercare.com\/it\/wp-json\/wp\/v2\/types\/page"}],"author":[{"embeddable":true,"href":"https:\/\/www.lidercare.com\/it\/wp-json\/wp\/v2\/users\/1"}],"replies":[{"embeddable":true,"href":"https:\/\/www.lidercare.com\/it\/wp-json\/wp\/v2\/comments?post=32832"}],"version-history":[{"count":5,"href":"https:\/\/www.lidercare.com\/it\/wp-json\/wp\/v2\/pages\/32832\/revisions"}],"predecessor-version":[{"id":95671,"href":"https:\/\/www.lidercare.com\/it\/wp-json\/wp\/v2\/pages\/32832\/revisions\/95671"}],"wp:featuredmedia":[{"embeddable":true,"href":"https:\/\/www.lidercare.com\/it\/wp-json\/wp\/v2\/media\/32834"}],"wp:attachment":[{"href":"https:\/\/www.lidercare.com\/it\/wp-json\/wp\/v2\/media?parent=32832"}],"curies":[{"name":"wp","href":"https:\/\/api.w.org\/{rel}","templated":true}]}}