{"id":87337,"date":"2026-03-10T16:46:06","date_gmt":"2026-03-10T08:46:06","guid":{"rendered":"https:\/\/www.lidercare.com\/product\/brosse-a-dents-pour-bebe\/"},"modified":"2026-04-16T09:23:25","modified_gmt":"2026-04-16T01:23:25","slug":"brosse-a-dents-pour-bebe","status":"publish","type":"product","link":"https:\/\/www.lidercare.com\/fr\/produit\/brosse-a-dents-pour-bebe\/","title":{"rendered":"Brosse \u00e0 dents pour b\u00e9b\u00e9"},"featured_media":22230,"template":"","meta":{"_acf_changed":false},"product-category":[390],"class_list":["post-87337","product","type-product","status-publish","has-post-thumbnail","hentry","product-category-brosse-a-dents"],"acf":[],"_links":{"self":[{"href":"https:\/\/www.lidercare.com\/fr\/wp-json\/wp\/v2\/product\/87337","targetHints":{"allow":["GET"]}}],"collection":[{"href":"https:\/\/www.lidercare.com\/fr\/wp-json\/wp\/v2\/product"}],"about":[{"href":"https:\/\/www.lidercare.com\/fr\/wp-json\/wp\/v2\/types\/product"}],"wp:featuredmedia":[{"embeddable":true,"href":"https:\/\/www.lidercare.com\/fr\/wp-json\/wp\/v2\/media\/22230"}],"wp:attachment":[{"href":"https:\/\/www.lidercare.com\/fr\/wp-json\/wp\/v2\/media?parent=87337"}],"wp:term":[{"taxonomy":"product-category","embeddable":true,"href":"https:\/\/www.lidercare.com\/fr\/wp-json\/wp\/v2\/product-category?post=87337"}],"curies":[{"name":"wp","href":"https:\/\/api.w.org\/{rel}","templated":true}]}}