{"id":87324,"date":"2026-03-10T16:44:19","date_gmt":"2026-03-10T08:44:19","guid":{"rendered":"https:\/\/www.lidercare.com\/product\/brosse-a-dents-pour-bebes-et-jeunes-enfants\/"},"modified":"2026-04-16T11:36:15","modified_gmt":"2026-04-16T03:36:15","slug":"brosse-a-dents-pour-bebes-et-jeunes-enfants","status":"publish","type":"product","link":"https:\/\/www.lidercare.com\/fr\/produit\/brosse-a-dents-pour-bebes-et-jeunes-enfants\/","title":{"rendered":"Brosse \u00e0 dents pour b\u00e9b\u00e9s et jeunes enfants"},"featured_media":12515,"template":"","meta":{"_acf_changed":false},"product-category":[390],"class_list":["post-87324","product","type-product","status-publish","has-post-thumbnail","hentry","product-category-brosse-a-dents"],"acf":[],"_links":{"self":[{"href":"https:\/\/www.lidercare.com\/fr\/wp-json\/wp\/v2\/product\/87324","targetHints":{"allow":["GET"]}}],"collection":[{"href":"https:\/\/www.lidercare.com\/fr\/wp-json\/wp\/v2\/product"}],"about":[{"href":"https:\/\/www.lidercare.com\/fr\/wp-json\/wp\/v2\/types\/product"}],"wp:featuredmedia":[{"embeddable":true,"href":"https:\/\/www.lidercare.com\/fr\/wp-json\/wp\/v2\/media\/12515"}],"wp:attachment":[{"href":"https:\/\/www.lidercare.com\/fr\/wp-json\/wp\/v2\/media?parent=87324"}],"wp:term":[{"taxonomy":"product-category","embeddable":true,"href":"https:\/\/www.lidercare.com\/fr\/wp-json\/wp\/v2\/product-category?post=87324"}],"curies":[{"name":"wp","href":"https:\/\/api.w.org\/{rel}","templated":true}]}}