{"id":68433,"date":"2023-06-25T11:55:23","date_gmt":"2023-06-25T03:55:23","guid":{"rendered":"https:\/\/www.lidercare.com\/politique-de-confidentialite\/"},"modified":"2026-03-31T17:21:47","modified_gmt":"2026-03-31T09:21:47","slug":"politique-de-confidentialite","status":"publish","type":"page","link":"https:\/\/www.lidercare.com\/fr\/politique-de-confidentialite\/","title":{"rendered":"Politique de confidentialit\u00e9"},"content":{"rendered":"\t\t<div data-elementor-type=\"wp-page\" data-elementor-id=\"68433\" class=\"elementor elementor-68433 elementor-840\" data-elementor-post-type=\"page\">\n\t\t\t\t<div class=\"elementor-element elementor-element-506b54d6 e-flex e-con-boxed e-con e-parent\" data-id=\"506b54d6\" data-element_type=\"container\" data-e-type=\"container\" data-settings=\"{&quot;background_background&quot;:&quot;gradient&quot;}\">\n\t\t\t\t\t<div class=\"e-con-inner\">\n\t\t\t\t<div class=\"elementor-element elementor-element-2a465801 elementor-widget elementor-widget-heading\" data-id=\"2a465801\" data-element_type=\"widget\" data-e-type=\"widget\" data-widget_type=\"heading.default\">\n\t\t\t\t<div class=\"elementor-widget-container\">\n\t\t\t\t\t<h1 class=\"elementor-heading-title elementor-size-default\">Politique de confidentialit\u00e9<\/h1>\t\t\t\t<\/div>\n\t\t\t\t<\/div>\n\t\t\t\t<div class=\"elementor-element elementor-element-2ab6c21 elementor-widget elementor-widget-text-editor\" data-id=\"2ab6c21\" data-element_type=\"widget\" data-e-type=\"widget\" data-widget_type=\"text-editor.default\">\n\t\t\t\t<div class=\"elementor-widget-container\">\n\t\t\t\t\t\t\t\t\t<p>Nous comprenons qu&rsquo;il s&rsquo;agit d&rsquo;une grande responsabilit\u00e9 et nous travaillons dur pour prot\u00e9ger vos informations et vous donner le contr\u00f4le.<\/p>\t\t\t\t\t\t\t\t<\/div>\n\t\t\t\t<\/div>\n\t\t\t\t<div class=\"elementor-element elementor-element-9415e56 elementor-widget elementor-widget-breadcrumbs\" data-id=\"9415e56\" data-element_type=\"widget\" data-e-type=\"widget\" data-widget_type=\"breadcrumbs.default\">\n\t\t\t\t<div class=\"elementor-widget-container\">\n\t\t\t\t\t<nav><span class=\"last\">Accueil<\/span><\/nav>\t\t\t\t<\/div>\n\t\t\t\t<\/div>\n\t\t\t\t\t<\/div>\n\t\t\t\t<\/div>\n\t\t<div class=\"elementor-element elementor-element-bbcc8e2 e-flex e-con-boxed e-con e-parent\" data-id=\"bbcc8e2\" data-element_type=\"container\" data-e-type=\"container\">\n\t\t\t\t\t<div class=\"e-con-inner\">\n\t\t\t\t<div class=\"elementor-element elementor-element-6c08fee elementor-widget elementor-widget-heading\" data-id=\"6c08fee\" data-element_type=\"widget\" data-e-type=\"widget\" data-widget_type=\"heading.default\">\n\t\t\t\t<div class=\"elementor-widget-container\">\n\t\t\t\t\t<h2 class=\"elementor-heading-title elementor-size-default\">INTRODUCTION<\/h2>\t\t\t\t<\/div>\n\t\t\t\t<\/div>\n\t\t\t\t<div class=\"elementor-element elementor-element-078667d elementor-widget elementor-widget-text-editor\" data-id=\"078667d\" data-element_type=\"widget\" data-e-type=\"widget\" data-widget_type=\"text-editor.default\">\n\t\t\t\t<div class=\"elementor-widget-container\">\n\t\t\t\t\t\t\t\t\t<p>Lidercare respecte la vie priv\u00e9e de ses utilisateurs. La pr\u00e9sente politique de confidentialit\u00e9 explique comment nous recueillons, utilisons, divulguons et prot\u00e9geons vos informations lorsque vous visitez notre site web Lidercare.com, y compris toute autre forme de m\u00e9dia, canal de m\u00e9dia, site web mobile ou application mobile qui y est li\u00e9e ou connect\u00e9e (collectivement, le \u00a0\u00bb Site \u00ab\u00a0). Veuillez lire attentivement cette politique de confidentialit\u00e9. Si vous n&rsquo;\u00eates pas d&rsquo;accord avec les termes de cette politique de confidentialit\u00e9, veuillez ne pas acc\u00e9der au site.   <\/p><p>Nous nous r\u00e9servons le droit de modifier la pr\u00e9sente politique de confidentialit\u00e9 \u00e0 tout moment et pour quelque raison que ce soit. Nous vous informerons de toute modification en mettant \u00e0 jour la date de \u00ab\u00a0derni\u00e8re mise \u00e0 jour\u00a0\u00bb de la pr\u00e9sente politique de confidentialit\u00e9. Tout changement ou modification entrera en vigueur imm\u00e9diatement apr\u00e8s la publication de la politique de confidentialit\u00e9 mise \u00e0 jour sur le site, et vous renoncez au droit de recevoir une notification sp\u00e9cifique de chacun de ces changements ou modifications.  <br><br>Nous vous encourageons \u00e0 consulter r\u00e9guli\u00e8rement la pr\u00e9sente politique de protection de la vie priv\u00e9e pour vous tenir inform\u00e9 des mises \u00e0 jour. Vous serez r\u00e9put\u00e9 avoir pris connaissance des modifications apport\u00e9es \u00e0 la politique de confidentialit\u00e9 r\u00e9vis\u00e9e, y \u00eatre soumis et les avoir accept\u00e9es si vous continuez \u00e0 utiliser le site apr\u00e8s la date de publication de la politique de confidentialit\u00e9 r\u00e9vis\u00e9e. <\/p>\t\t\t\t\t\t\t\t<\/div>\n\t\t\t\t<\/div>\n\t\t\t\t<div class=\"elementor-element elementor-element-bbf76e0 elementor-widget elementor-widget-heading\" data-id=\"bbf76e0\" data-element_type=\"widget\" data-e-type=\"widget\" data-widget_type=\"heading.default\">\n\t\t\t\t<div class=\"elementor-widget-container\">\n\t\t\t\t\t<h2 class=\"elementor-heading-title elementor-size-default\">COLLECTE DE VOS INFORMATIONS<\/h2>\t\t\t\t<\/div>\n\t\t\t\t<\/div>\n\t\t\t\t<div class=\"elementor-element elementor-element-e089e52 elementor-widget elementor-widget-text-editor\" data-id=\"e089e52\" data-element_type=\"widget\" data-e-type=\"widget\" data-widget_type=\"text-editor.default\">\n\t\t\t\t<div class=\"elementor-widget-container\">\n\t\t\t\t\t\t\t\t\t<p>Nous pouvons collecter des informations vous concernant de diff\u00e9rentes mani\u00e8res. Les informations que nous pouvons recueillir sur le site sont les suivantes : <\/p>\t\t\t\t\t\t\t\t<\/div>\n\t\t\t\t<\/div>\n\t\t\t\t<div class=\"elementor-element elementor-element-788db5b elementor-widget elementor-widget-heading\" data-id=\"788db5b\" data-element_type=\"widget\" data-e-type=\"widget\" data-widget_type=\"heading.default\">\n\t\t\t\t<div class=\"elementor-widget-container\">\n\t\t\t\t\t<h3 class=\"elementor-heading-title elementor-size-default\">En vertu de la loi ou pour prot\u00e9ger des droits<\/h3>\t\t\t\t<\/div>\n\t\t\t\t<\/div>\n\t\t\t\t<div class=\"elementor-element elementor-element-5716796 elementor-widget elementor-widget-text-editor\" data-id=\"5716796\" data-element_type=\"widget\" data-e-type=\"widget\" data-widget_type=\"text-editor.default\">\n\t\t\t\t<div class=\"elementor-widget-container\">\n\t\t\t\t\t\t\t\t\t<p>Si nous estimons que la divulgation d&rsquo;informations vous concernant est n\u00e9cessaire pour r\u00e9pondre \u00e0 une proc\u00e9dure judiciaire, pour enqu\u00eater sur des violations potentielles de nos politiques ou pour y rem\u00e9dier, ou pour prot\u00e9ger les droits, la propri\u00e9t\u00e9 et la s\u00e9curit\u00e9 d&rsquo;autrui, nous pouvons partager vos informations comme l&rsquo;autorise ou l&rsquo;exige toute loi, r\u00e8gle ou r\u00e9glementation applicable. Cela inclut l&rsquo;\u00e9change d&rsquo;informations avec d&rsquo;autres entit\u00e9s pour la protection contre la fraude et la r\u00e9duction du risque de cr\u00e9dit. <\/p>\t\t\t\t\t\t\t\t<\/div>\n\t\t\t\t<\/div>\n\t\t\t\t<div class=\"elementor-element elementor-element-77f5b61 elementor-widget elementor-widget-heading\" data-id=\"77f5b61\" data-element_type=\"widget\" data-e-type=\"widget\" data-widget_type=\"heading.default\">\n\t\t\t\t<div class=\"elementor-widget-container\">\n\t\t\t\t\t<h3 class=\"elementor-heading-title elementor-size-default\">Prestataires de services tiers<\/h3>\t\t\t\t<\/div>\n\t\t\t\t<\/div>\n\t\t\t\t<div class=\"elementor-element elementor-element-0404d8f elementor-widget elementor-widget-text-editor\" data-id=\"0404d8f\" data-element_type=\"widget\" data-e-type=\"widget\" data-widget_type=\"text-editor.default\">\n\t\t\t\t<div class=\"elementor-widget-container\">\n\t\t\t\t\t\t\t\t\t<p>Nous pouvons partager vos informations avec des tiers qui fournissent des services pour nous ou en notre nom, y compris l&rsquo;analyse des donn\u00e9es et le service d&rsquo;exp\u00e9dition.<\/p>\t\t\t\t\t\t\t\t<\/div>\n\t\t\t\t<\/div>\n\t\t\t\t<div class=\"elementor-element elementor-element-65c1398 elementor-widget elementor-widget-heading\" data-id=\"65c1398\" data-element_type=\"widget\" data-e-type=\"widget\" data-widget_type=\"heading.default\">\n\t\t\t\t<div class=\"elementor-widget-container\">\n\t\t\t\t\t<h3 class=\"elementor-heading-title elementor-size-default\">Partenaires commerciaux<\/h3>\t\t\t\t<\/div>\n\t\t\t\t<\/div>\n\t\t\t\t<div class=\"elementor-element elementor-element-3acac0e elementor-widget elementor-widget-text-editor\" data-id=\"3acac0e\" data-element_type=\"widget\" data-e-type=\"widget\" data-widget_type=\"text-editor.default\">\n\t\t\t\t<div class=\"elementor-widget-container\">\n\t\t\t\t\t\t\t\t\t<p>Nous pouvons partager vos informations avec nos partenaires commerciaux pour vous offrir certains produits, services ou promotions.<\/p>\t\t\t\t\t\t\t\t<\/div>\n\t\t\t\t<\/div>\n\t\t\t\t<div class=\"elementor-element elementor-element-7abf94d elementor-widget elementor-widget-heading\" data-id=\"7abf94d\" data-element_type=\"widget\" data-e-type=\"widget\" data-widget_type=\"heading.default\">\n\t\t\t\t<div class=\"elementor-widget-container\">\n\t\t\t\t\t<h3 class=\"elementor-heading-title elementor-size-default\">Autres tiers<\/h3>\t\t\t\t<\/div>\n\t\t\t\t<\/div>\n\t\t\t\t<div class=\"elementor-element elementor-element-f38b610 elementor-widget elementor-widget-text-editor\" data-id=\"f38b610\" data-element_type=\"widget\" data-e-type=\"widget\" data-widget_type=\"text-editor.default\">\n\t\t\t\t<div class=\"elementor-widget-container\">\n\t\t\t\t\t\t\t\t\t<p>Nous pouvons partager vos informations avec des annonceurs et des investisseurs dans le but d&rsquo;effectuer des analyses commerciales g\u00e9n\u00e9rales. Nous pouvons \u00e9galement partager vos informations avec ces tiers \u00e0 des fins de marketing, dans les limites autoris\u00e9es par la loi. <\/p>\t\t\t\t\t\t\t\t<\/div>\n\t\t\t\t<\/div>\n\t\t\t\t<div class=\"elementor-element elementor-element-c41dc54 elementor-widget elementor-widget-heading\" data-id=\"c41dc54\" data-element_type=\"widget\" data-e-type=\"widget\" data-widget_type=\"heading.default\">\n\t\t\t\t<div class=\"elementor-widget-container\">\n\t\t\t\t\t<h2 class=\"elementor-heading-title elementor-size-default\">TECHNOLOGIES DE SUIVI<\/h2>\t\t\t\t<\/div>\n\t\t\t\t<\/div>\n\t\t\t\t<div class=\"elementor-element elementor-element-176afb8 elementor-widget elementor-widget-heading\" data-id=\"176afb8\" data-element_type=\"widget\" data-e-type=\"widget\" data-widget_type=\"heading.default\">\n\t\t\t\t<div class=\"elementor-widget-container\">\n\t\t\t\t\t<h3 class=\"elementor-heading-title elementor-size-default\">Cookies et balises web<\/h3>\t\t\t\t<\/div>\n\t\t\t\t<\/div>\n\t\t\t\t<div class=\"elementor-element elementor-element-f1b41cb elementor-widget elementor-widget-text-editor\" data-id=\"f1b41cb\" data-element_type=\"widget\" data-e-type=\"widget\" data-widget_type=\"text-editor.default\">\n\t\t\t\t<div class=\"elementor-widget-container\">\n\t\t\t\t\t\t\t\t\t<p>Nous pouvons utiliser des cookies et d&rsquo;autres technologies de suivi sur le site afin de personnaliser le site et d&rsquo;am\u00e9liorer votre exp\u00e9rience. Lorsque vous acc\u00e9dez au site, vos informations personnelles ne sont pas collect\u00e9es par le biais des technologies de suivi. La plupart des navigateurs sont configur\u00e9s pour accepter les cookies par d\u00e9faut. Vous pouvez supprimer ou rejeter les cookies, mais sachez qu&rsquo;une telle action pourrait affecter la disponibilit\u00e9 et la fonctionnalit\u00e9 du site. Vous ne pouvez pas refuser les balises web. Toutefois, vous pouvez les rendre inefficaces en refusant tous les cookies ou en modifiant les param\u00e8tres de votre navigateur web pour qu&rsquo;il vous avertisse chaque fois qu&rsquo;un cookie est propos\u00e9, ce qui vous permet d&rsquo;accepter ou de refuser les cookies sur une base individuelle.     <\/p>\t\t\t\t\t\t\t\t<\/div>\n\t\t\t\t<\/div>\n\t\t\t\t<div class=\"elementor-element elementor-element-fb52908 elementor-widget elementor-widget-heading\" data-id=\"fb52908\" data-element_type=\"widget\" data-e-type=\"widget\" data-widget_type=\"heading.default\">\n\t\t\t\t<div class=\"elementor-widget-container\">\n\t\t\t\t\t<h3 class=\"elementor-heading-title elementor-size-default\">Analyse du site web<\/h3>\t\t\t\t<\/div>\n\t\t\t\t<\/div>\n\t\t\t\t<div class=\"elementor-element elementor-element-a802679 elementor-widget elementor-widget-text-editor\" data-id=\"a802679\" data-element_type=\"widget\" data-e-type=\"widget\" data-widget_type=\"text-editor.default\">\n\t\t\t\t<div class=\"elementor-widget-container\">\n\t\t\t\t\t\t\t\t\t<p>Nous pouvons \u00e9galement nous associer \u00e0 des fournisseurs tiers s\u00e9lectionn\u00e9s, tels que Google Analytics, pour permettre des technologies de suivi et des services de remarketing sur le site par le biais de cookies de premi\u00e8re partie et de cookies de tierce partie, afin, entre autres, d&rsquo;analyser et de suivre l&rsquo;utilisation du site par les utilisateurs, de d\u00e9terminer la popularit\u00e9 de certains contenus et de mieux comprendre l&rsquo;activit\u00e9 en ligne. En acc\u00e9dant au site, vous consentez \u00e0 la collecte et \u00e0 l&rsquo;utilisation de vos informations par ces fournisseurs tiers. Nous vous encourageons \u00e0 consulter leur politique de confidentialit\u00e9. Nous ne transf\u00e9rons pas d&rsquo;informations personnelles \u00e0 ces fournisseurs tiers.   <br><br>Vous devez savoir que l&rsquo;acquisition d&rsquo;un nouvel ordinateur, l&rsquo;installation d&rsquo;un nouveau navigateur, la mise \u00e0 jour d&rsquo;un navigateur existant, l&rsquo;effacement ou la modification des fichiers de cookies de votre navigateur peuvent \u00e9galement effacer certains cookies, plug-ins ou param\u00e8tres opt-out.<\/p>\t\t\t\t\t\t\t\t<\/div>\n\t\t\t\t<\/div>\n\t\t\t\t<div class=\"elementor-element elementor-element-cfa8c11 elementor-widget elementor-widget-heading\" data-id=\"cfa8c11\" data-element_type=\"widget\" data-e-type=\"widget\" data-widget_type=\"heading.default\">\n\t\t\t\t<div class=\"elementor-widget-container\">\n\t\t\t\t\t<h2 class=\"elementor-heading-title elementor-size-default\">SITES WEB DE TIERS<\/h2>\t\t\t\t<\/div>\n\t\t\t\t<\/div>\n\t\t\t\t<div class=\"elementor-element elementor-element-ca1e1d7 elementor-widget elementor-widget-text-editor\" data-id=\"ca1e1d7\" data-element_type=\"widget\" data-e-type=\"widget\" data-widget_type=\"text-editor.default\">\n\t\t\t\t<div class=\"elementor-widget-container\">\n\t\t\t\t\t\t\t\t\t<p>Le site peut contenir des liens vers des sites web et des applications de tiers pr\u00e9sentant un int\u00e9r\u00eat, y compris des publicit\u00e9s et des services externes, qui ne sont pas affili\u00e9s avec nous. Une fois que vous avez utilis\u00e9 ces liens pour quitter le site, les informations que vous fournissez \u00e0 ces tiers ne sont pas couvertes par la pr\u00e9sente politique de confidentialit\u00e9, et nous ne pouvons pas garantir la s\u00e9curit\u00e9 et la confidentialit\u00e9 de vos informations. Avant de visiter et de fournir des informations \u00e0 des sites web de tiers, vous devez vous informer des politiques et pratiques de confidentialit\u00e9 (le cas \u00e9ch\u00e9ant) du tiers responsable de ce site web, et prendre les mesures n\u00e9cessaires pour, \u00e0 votre discr\u00e9tion, prot\u00e9ger la confidentialit\u00e9 de vos informations. Nous ne sommes pas responsables du contenu ou des pratiques et politiques de confidentialit\u00e9 et de s\u00e9curit\u00e9 des tiers, y compris des autres sites, services ou applications qui peuvent \u00eatre li\u00e9s au site ou \u00e0 partir de celui-ci.   <\/p>\t\t\t\t\t\t\t\t<\/div>\n\t\t\t\t<\/div>\n\t\t\t\t<div class=\"elementor-element elementor-element-221811c elementor-widget elementor-widget-heading\" data-id=\"221811c\" data-element_type=\"widget\" data-e-type=\"widget\" data-widget_type=\"heading.default\">\n\t\t\t\t<div class=\"elementor-widget-container\">\n\t\t\t\t\t<h2 class=\"elementor-heading-title elementor-size-default\">S\u00c9CURIT\u00c9 DE VOS INFORMATIONS<\/h2>\t\t\t\t<\/div>\n\t\t\t\t<\/div>\n\t\t\t\t<div class=\"elementor-element elementor-element-e480f2d elementor-widget elementor-widget-text-editor\" data-id=\"e480f2d\" data-element_type=\"widget\" data-e-type=\"widget\" data-widget_type=\"text-editor.default\">\n\t\t\t\t<div class=\"elementor-widget-container\">\n\t\t\t\t\t\t\t\t\t<p>Nous utilisons des mesures de s\u00e9curit\u00e9 administratives, techniques et physiques pour prot\u00e9ger vos informations personnelles. Bien que nous ayons pris des mesures raisonnables pour s\u00e9curiser les informations personnelles que vous nous fournissez, sachez qu&rsquo;en d\u00e9pit de nos efforts, aucune mesure de s\u00e9curit\u00e9 n&rsquo;est parfaite ou imp\u00e9n\u00e9trable, et qu&rsquo;aucune m\u00e9thode de transmission de donn\u00e9es ne peut \u00eatre garantie contre toute interception ou autre type d&rsquo;abus. Toute information divulgu\u00e9e en ligne est susceptible d&rsquo;\u00eatre intercept\u00e9e et utilis\u00e9e \u00e0 mauvais escient par des parties non autoris\u00e9es. Par cons\u00e9quent, nous ne pouvons pas garantir une s\u00e9curit\u00e9 totale si vous fournissez des informations personnelles.   <\/p>\t\t\t\t\t\t\t\t<\/div>\n\t\t\t\t<\/div>\n\t\t\t\t<div class=\"elementor-element elementor-element-df7934b elementor-widget elementor-widget-heading\" data-id=\"df7934b\" data-element_type=\"widget\" data-e-type=\"widget\" data-widget_type=\"heading.default\">\n\t\t\t\t<div class=\"elementor-widget-container\">\n\t\t\t\t\t<h3 class=\"elementor-heading-title elementor-size-default\">POLITIQUE DE L'ENFANCE<\/h3>\t\t\t\t<\/div>\n\t\t\t\t<\/div>\n\t\t\t\t<div class=\"elementor-element elementor-element-f1e1e5d elementor-widget elementor-widget-text-editor\" data-id=\"f1e1e5d\" data-element_type=\"widget\" data-e-type=\"widget\" data-widget_type=\"text-editor.default\">\n\t\t\t\t<div class=\"elementor-widget-container\">\n\t\t\t\t\t\t\t\t\t<p>Si vous avez connaissance de donn\u00e9es que nous avons recueillies aupr\u00e8s d&rsquo;enfants de moins de 13 ans, veuillez nous contacter en utilisant les coordonn\u00e9es indiqu\u00e9es ci-dessous. <\/p>\t\t\t\t\t\t\t\t<\/div>\n\t\t\t\t<\/div>\n\t\t\t\t<div class=\"elementor-element elementor-element-7c6f72a elementor-widget elementor-widget-heading\" data-id=\"7c6f72a\" data-element_type=\"widget\" data-e-type=\"widget\" data-widget_type=\"heading.default\">\n\t\t\t\t<div class=\"elementor-widget-container\">\n\t\t\t\t\t<h2 class=\"elementor-heading-title elementor-size-default\">LES CONTR\u00d4LES POUR LES FONCTIONS \"NE PAS SUIVRE\" (DO-NOT-TRACK)<\/h2>\t\t\t\t<\/div>\n\t\t\t\t<\/div>\n\t\t\t\t<div class=\"elementor-element elementor-element-88f44a5 elementor-widget elementor-widget-text-editor\" data-id=\"88f44a5\" data-element_type=\"widget\" data-e-type=\"widget\" data-widget_type=\"text-editor.default\">\n\t\t\t\t<div class=\"elementor-widget-container\">\n\t\t\t\t\t\t\t\t\t<p>La plupart des navigateurs web et certains syst\u00e8mes d&rsquo;exploitation mobiles comprennent une fonction ou un param\u00e8tre \u00ab\u00a0Do-Not-Track\u00a0\u00bb (\u00ab\u00a0DNT\u00a0\u00bb) que vous pouvez activer pour signaler votre pr\u00e9f\u00e9rence en mati\u00e8re de protection de la vie priv\u00e9e, \u00e0 savoir que les donn\u00e9es relatives \u00e0 vos activit\u00e9s de navigation en ligne ne doivent pas \u00eatre surveill\u00e9es et collect\u00e9es. Aucune norme technologique uniforme pour la reconnaissance et la mise en \u0153uvre des signaux DNT n&rsquo;a \u00e9t\u00e9 finalis\u00e9e. Par cons\u00e9quent, nous ne r\u00e9pondons pas actuellement aux signaux DNT du navigateur ou \u00e0 tout autre m\u00e9canisme qui communique automatiquement votre choix de ne pas \u00eatre suivi en ligne. Si une norme de suivi en ligne est adopt\u00e9e et que nous devons la respecter \u00e0 l&rsquo;avenir, nous vous informerons de cette pratique dans une version r\u00e9vis\u00e9e de la pr\u00e9sente politique de protection de la vie priv\u00e9e. La plupart des navigateurs web et certains syst\u00e8mes d&rsquo;exploitation mobiles comprennent une fonction ou un param\u00e8tre \u00ab\u00a0Do-Not-Track\u00a0\u00bb (\u00ab\u00a0DNT\u00a0\u00bb) que vous pouvez activer pour signaler votre pr\u00e9f\u00e9rence en mati\u00e8re de respect de la vie priv\u00e9e, \u00e0 savoir que les donn\u00e9es relatives \u00e0 vos activit\u00e9s de navigation en ligne ne soient pas surveill\u00e9es et collect\u00e9es. Si vous activez le signal DNT sur votre navigateur, nous r\u00e9pondrons \u00e0 ces signaux DNT.     <\/p>\t\t\t\t\t\t\t\t<\/div>\n\t\t\t\t<\/div>\n\t\t\t\t<div class=\"elementor-element elementor-element-8f29d37 elementor-widget elementor-widget-heading\" data-id=\"8f29d37\" data-element_type=\"widget\" data-e-type=\"widget\" data-widget_type=\"heading.default\">\n\t\t\t\t<div class=\"elementor-widget-container\">\n\t\t\t\t\t<h2 class=\"elementor-heading-title elementor-size-default\">OPTIONS CONCERNANT VOS INFORMATIONS<\/h2>\t\t\t\t<\/div>\n\t\t\t\t<\/div>\n\t\t\t\t<div class=\"elementor-element elementor-element-53b4952 elementor-widget elementor-widget-heading\" data-id=\"53b4952\" data-element_type=\"widget\" data-e-type=\"widget\" data-widget_type=\"heading.default\">\n\t\t\t\t<div class=\"elementor-widget-container\">\n\t\t\t\t\t<h3 class=\"elementor-heading-title elementor-size-default\">Courriels et communications<\/h3>\t\t\t\t<\/div>\n\t\t\t\t<\/div>\n\t\t\t\t<div class=\"elementor-element elementor-element-25026ab elementor-widget elementor-widget-text-editor\" data-id=\"25026ab\" data-element_type=\"widget\" data-e-type=\"widget\" data-widget_type=\"text-editor.default\">\n\t\t\t\t<div class=\"elementor-widget-container\">\n\t\t\t\t\t\t\t\t\t<p>Si vous ne souhaitez plus recevoir de correspondance, de courriels ou d&rsquo;autres communications de notre part, vous pouvez vous d\u00e9sinscrire en proc\u00e9dant comme suit :<\/p><ul><li>noter vos pr\u00e9f\u00e9rences au moment o\u00f9 vous cr\u00e9ez votre compte sur le site<\/li><li>Nous contacter en utilisant les informations de contact<\/li><\/ul>\t\t\t\t\t\t\t\t<\/div>\n\t\t\t\t<\/div>\n\t\t\t\t<div class=\"elementor-element elementor-element-660e4ab elementor-widget elementor-widget-heading\" data-id=\"660e4ab\" data-element_type=\"widget\" data-e-type=\"widget\" data-widget_type=\"heading.default\">\n\t\t\t\t<div class=\"elementor-widget-container\">\n\t\t\t\t\t<h2 class=\"elementor-heading-title elementor-size-default\">CONTACTEZ-NOUS<\/h2>\t\t\t\t<\/div>\n\t\t\t\t<\/div>\n\t\t\t\t<div class=\"elementor-element elementor-element-ea1d9b2 elementor-widget elementor-widget-text-editor\" data-id=\"ea1d9b2\" data-element_type=\"widget\" data-e-type=\"widget\" data-widget_type=\"text-editor.default\">\n\t\t\t\t<div class=\"elementor-widget-container\">\n\t\t\t\t\t\t\t\t\t<p>T\u00e9l:+86 15986432834<\/p><p>ADD : Room 221 No. 22, Jianpengroad, Helong Street, Guangzhou, Guangdong, Chine<\/p><p>lidercare@hotmail.com<\/p>\t\t\t\t\t\t\t\t<\/div>\n\t\t\t\t<\/div>\n\t\t\t\t\t<\/div>\n\t\t\t\t<\/div>\n\t\t\t\t<\/div>\n\t\t","protected":false},"excerpt":{"rendered":"<p>Politique de confidentialit\u00e9 Nous comprenons qu&rsquo;il s&rsquo;agit d&rsquo;une grande responsabilit\u00e9 et nous travaillons dur pour prot\u00e9ger vos informations et vous donner le contr\u00f4le. Home INTRODUCTION Lidercare respecte la vie priv\u00e9e de ses utilisateurs. La pr\u00e9sente politique de confidentialit\u00e9 explique comment nous recueillons, utilisons, divulguons et prot\u00e9geons vos informations lorsque vous visitez notre site web Lidercare.com, [&hellip;]<\/p>\n","protected":false},"author":1,"featured_media":0,"parent":0,"menu_order":0,"comment_status":"closed","ping_status":"closed","template":"","meta":{"_acf_changed":false,"footnotes":""},"class_list":["post-68433","page","type-page","status-publish","hentry"],"acf":[],"_links":{"self":[{"href":"https:\/\/www.lidercare.com\/fr\/wp-json\/wp\/v2\/pages\/68433","targetHints":{"allow":["GET"]}}],"collection":[{"href":"https:\/\/www.lidercare.com\/fr\/wp-json\/wp\/v2\/pages"}],"about":[{"href":"https:\/\/www.lidercare.com\/fr\/wp-json\/wp\/v2\/types\/page"}],"author":[{"embeddable":true,"href":"https:\/\/www.lidercare.com\/fr\/wp-json\/wp\/v2\/users\/1"}],"replies":[{"embeddable":true,"href":"https:\/\/www.lidercare.com\/fr\/wp-json\/wp\/v2\/comments?post=68433"}],"version-history":[{"count":8,"href":"https:\/\/www.lidercare.com\/fr\/wp-json\/wp\/v2\/pages\/68433\/revisions"}],"predecessor-version":[{"id":95638,"href":"https:\/\/www.lidercare.com\/fr\/wp-json\/wp\/v2\/pages\/68433\/revisions\/95638"}],"wp:attachment":[{"href":"https:\/\/www.lidercare.com\/fr\/wp-json\/wp\/v2\/media?parent=68433"}],"curies":[{"name":"wp","href":"https:\/\/api.w.org\/{rel}","templated":true}]}}