{"id":17658,"date":"2023-06-15T16:53:59","date_gmt":"2023-06-15T08:53:59","guid":{"rendered":"https:\/\/www.lidercare.com\/pourquoi-lidercare\/"},"modified":"2026-03-31T18:08:32","modified_gmt":"2026-03-31T10:08:32","slug":"pourquoi-lidercare","status":"publish","type":"page","link":"https:\/\/www.lidercare.com\/fr\/pourquoi-lidercare\/","title":{"rendered":"Pourquoi Lidercare ?"},"content":{"rendered":"\t\t<div data-elementor-type=\"wp-page\" data-elementor-id=\"17658\" class=\"elementor elementor-17658 elementor-53\" data-elementor-post-type=\"page\">\n\t\t\t\t<div class=\"elementor-element elementor-element-781608dc e-flex e-con-boxed e-con e-parent\" data-id=\"781608dc\" data-element_type=\"container\" data-e-type=\"container\" data-settings=\"{&quot;background_background&quot;:&quot;gradient&quot;}\">\n\t\t\t\t\t<div class=\"e-con-inner\">\n\t\t\t\t<div class=\"elementor-element elementor-element-4e468a92 elementor-widget elementor-widget-heading\" data-id=\"4e468a92\" data-element_type=\"widget\" data-e-type=\"widget\" data-widget_type=\"heading.default\">\n\t\t\t\t<div class=\"elementor-widget-container\">\n\t\t\t\t\t<h1 class=\"elementor-heading-title elementor-size-default\">Usine certifi\u00e9e ISO et GMP<\/h1>\t\t\t\t<\/div>\n\t\t\t\t<\/div>\n\t\t\t\t<div class=\"elementor-element elementor-element-58eb543 elementor-widget elementor-widget-text-editor\" data-id=\"58eb543\" data-element_type=\"widget\" data-e-type=\"widget\" data-widget_type=\"text-editor.default\">\n\t\t\t\t<div class=\"elementor-widget-container\">\n\t\t\t\t\t\t\t\t\t<p>R\u00e9duisez vos co\u00fbts, acc\u00e9l\u00e9rez la mise sur le march\u00e9 de vos produits et aidez-vous \u00e0 acqu\u00e9rir un avantage concurrentiel.<\/p>\t\t\t\t\t\t\t\t<\/div>\n\t\t\t\t<\/div>\n\t\t\t\t<div class=\"elementor-element elementor-element-1f7c90a elementor-widget elementor-widget-breadcrumbs\" data-id=\"1f7c90a\" data-element_type=\"widget\" data-e-type=\"widget\" data-widget_type=\"breadcrumbs.default\">\n\t\t\t\t<div class=\"elementor-widget-container\">\n\t\t\t\t\t<nav><span class=\"last\">Accueil<\/span><\/nav>\t\t\t\t<\/div>\n\t\t\t\t<\/div>\n\t\t\t\t\t<\/div>\n\t\t\t\t<\/div>\n\t\t<div class=\"elementor-element elementor-element-7b48be5 e-flex e-con-boxed e-con e-parent\" data-id=\"7b48be5\" data-element_type=\"container\" data-e-type=\"container\">\n\t\t\t\t\t<div class=\"e-con-inner\">\n\t\t\t\t<div class=\"elementor-element elementor-element-a8cf61b elementor-widget elementor-widget-heading\" data-id=\"a8cf61b\" data-element_type=\"widget\" data-e-type=\"widget\" data-widget_type=\"heading.default\">\n\t\t\t\t<div class=\"elementor-widget-container\">\n\t\t\t\t\t<h2 class=\"elementor-heading-title elementor-size-default\">Vue rapide de notre usine<\/h2>\t\t\t\t<\/div>\n\t\t\t\t<\/div>\n\t\t<div class=\"elementor-element elementor-element-49d43b5 e-flex e-con-boxed e-con e-child\" data-id=\"49d43b5\" data-element_type=\"container\" data-e-type=\"container\">\n\t\t\t\t\t<div class=\"e-con-inner\">\n\t\t<div class=\"elementor-element elementor-element-6da5638 e-flex e-con-boxed e-con e-child\" data-id=\"6da5638\" data-element_type=\"container\" data-e-type=\"container\">\n\t\t\t\t\t<div class=\"e-con-inner\">\n\t\t\t\t<div class=\"elementor-element elementor-element-855eb5e elementor-widget elementor-widget-image\" data-id=\"855eb5e\" data-element_type=\"widget\" data-e-type=\"widget\" data-widget_type=\"image.default\">\n\t\t\t\t<div class=\"elementor-widget-container\">\n\t\t\t\t\t\t\t\t\t\t\t\t\t\t\t<img fetchpriority=\"high\" decoding=\"async\" width=\"768\" height=\"495\" src=\"https:\/\/www.lidercare.com\/wp-content\/uploads\/toothpaste-Mixing-Workshop-768x495-1.webp\" class=\"attachment-large size-large wp-image-13152\" alt=\"toothpaste-Mixing-Workshop-768x495\" srcset=\"https:\/\/www.lidercare.com\/wp-content\/uploads\/toothpaste-Mixing-Workshop-768x495-1.webp 768w, https:\/\/www.lidercare.com\/wp-content\/uploads\/toothpaste-Mixing-Workshop-768x495-1-600x387.webp 600w\" sizes=\"(max-width: 768px) 100vw, 768px\" \/>\t\t\t\t\t\t\t\t\t\t\t\t\t\t\t<\/div>\n\t\t\t\t<\/div>\n\t\t\t\t<div class=\"elementor-element elementor-element-dcc335c elementor-widget elementor-widget-heading\" data-id=\"dcc335c\" data-element_type=\"widget\" data-e-type=\"widget\" data-widget_type=\"heading.default\">\n\t\t\t\t<div class=\"elementor-widget-container\">\n\t\t\t\t\t<h3 class=\"elementor-heading-title elementor-size-default\">Atelier de mixage<\/h3>\t\t\t\t<\/div>\n\t\t\t\t<\/div>\n\t\t\t\t\t<\/div>\n\t\t\t\t<\/div>\n\t\t<div class=\"elementor-element elementor-element-eeaf1cd e-flex e-con-boxed e-con e-child\" data-id=\"eeaf1cd\" data-element_type=\"container\" data-e-type=\"container\">\n\t\t\t\t\t<div class=\"e-con-inner\">\n\t\t\t\t<div class=\"elementor-element elementor-element-4522ec5 elementor-widget elementor-widget-image\" data-id=\"4522ec5\" data-element_type=\"widget\" data-e-type=\"widget\" data-widget_type=\"image.default\">\n\t\t\t\t<div class=\"elementor-widget-container\">\n\t\t\t\t\t\t\t\t\t\t\t\t\t\t\t<img decoding=\"async\" width=\"768\" height=\"495\" src=\"https:\/\/www.lidercare.com\/wp-content\/uploads\/Active-Ingredient-Addition-Workshop-768x495-1.webp\" class=\"attachment-large size-large wp-image-13132\" alt=\"Active-Ingredient-Addition-Workshop-768x495\" srcset=\"https:\/\/www.lidercare.com\/wp-content\/uploads\/Active-Ingredient-Addition-Workshop-768x495-1.webp 768w, https:\/\/www.lidercare.com\/wp-content\/uploads\/Active-Ingredient-Addition-Workshop-768x495-1-600x387.webp 600w\" sizes=\"(max-width: 768px) 100vw, 768px\" \/>\t\t\t\t\t\t\t\t\t\t\t\t\t\t\t<\/div>\n\t\t\t\t<\/div>\n\t\t\t\t<div class=\"elementor-element elementor-element-edf5708 elementor-widget elementor-widget-heading\" data-id=\"edf5708\" data-element_type=\"widget\" data-e-type=\"widget\" data-widget_type=\"heading.default\">\n\t\t\t\t<div class=\"elementor-widget-container\">\n\t\t\t\t\t<h3 class=\"elementor-heading-title elementor-size-default\">Atelier sur l'ajout d'ingr\u00e9dients actifs<\/h3>\t\t\t\t<\/div>\n\t\t\t\t<\/div>\n\t\t\t\t\t<\/div>\n\t\t\t\t<\/div>\n\t\t<div class=\"elementor-element elementor-element-30f9ee1 e-flex e-con-boxed e-con e-child\" data-id=\"30f9ee1\" data-element_type=\"container\" data-e-type=\"container\">\n\t\t\t\t\t<div class=\"e-con-inner\">\n\t\t\t\t<div class=\"elementor-element elementor-element-250a946 elementor-widget elementor-widget-image\" data-id=\"250a946\" data-element_type=\"widget\" data-e-type=\"widget\" data-widget_type=\"image.default\">\n\t\t\t\t<div class=\"elementor-widget-container\">\n\t\t\t\t\t\t\t\t\t\t\t\t\t\t\t<img decoding=\"async\" width=\"768\" height=\"495\" src=\"https:\/\/www.lidercare.com\/wp-content\/uploads\/Flavoring-and-Coloring-Workshop-768x495-1.webp\" class=\"attachment-large size-large wp-image-13142\" alt=\"Flavoring-and-Coloring-Workshop-768x495\" srcset=\"https:\/\/www.lidercare.com\/wp-content\/uploads\/Flavoring-and-Coloring-Workshop-768x495-1.webp 768w, https:\/\/www.lidercare.com\/wp-content\/uploads\/Flavoring-and-Coloring-Workshop-768x495-1-600x387.webp 600w\" sizes=\"(max-width: 768px) 100vw, 768px\" \/>\t\t\t\t\t\t\t\t\t\t\t\t\t\t\t<\/div>\n\t\t\t\t<\/div>\n\t\t\t\t<div class=\"elementor-element elementor-element-446118a elementor-widget elementor-widget-heading\" data-id=\"446118a\" data-element_type=\"widget\" data-e-type=\"widget\" data-widget_type=\"heading.default\">\n\t\t\t\t<div class=\"elementor-widget-container\">\n\t\t\t\t\t<h3 class=\"elementor-heading-title elementor-size-default\">Atelier d'aromatisation et de coloration<\/h3>\t\t\t\t<\/div>\n\t\t\t\t<\/div>\n\t\t\t\t\t<\/div>\n\t\t\t\t<\/div>\n\t\t\t\t\t<\/div>\n\t\t\t\t<\/div>\n\t\t<div class=\"elementor-element elementor-element-6a30bd3 e-flex e-con-boxed e-con e-child\" data-id=\"6a30bd3\" data-element_type=\"container\" data-e-type=\"container\">\n\t\t\t\t\t<div class=\"e-con-inner\">\n\t\t<div class=\"elementor-element elementor-element-4b56f25 e-flex e-con-boxed e-con e-child\" data-id=\"4b56f25\" data-element_type=\"container\" data-e-type=\"container\">\n\t\t\t\t\t<div class=\"e-con-inner\">\n\t\t\t\t<div class=\"elementor-element elementor-element-ce705dd elementor-widget elementor-widget-image\" data-id=\"ce705dd\" data-element_type=\"widget\" data-e-type=\"widget\" data-widget_type=\"image.default\">\n\t\t\t\t<div class=\"elementor-widget-container\">\n\t\t\t\t\t\t\t\t\t\t\t\t\t\t\t<img loading=\"lazy\" decoding=\"async\" width=\"768\" height=\"495\" src=\"https:\/\/www.lidercare.com\/wp-content\/uploads\/Filling-and-Packaging-Workshop-768x495-1.webp\" class=\"attachment-large size-large wp-image-13137\" alt=\"Filling-and-Packaging-Workshop-768x495\" srcset=\"https:\/\/www.lidercare.com\/wp-content\/uploads\/Filling-and-Packaging-Workshop-768x495-1.webp 768w, https:\/\/www.lidercare.com\/wp-content\/uploads\/Filling-and-Packaging-Workshop-768x495-1-600x387.webp 600w\" sizes=\"(max-width: 768px) 100vw, 768px\" \/>\t\t\t\t\t\t\t\t\t\t\t\t\t\t\t<\/div>\n\t\t\t\t<\/div>\n\t\t\t\t<div class=\"elementor-element elementor-element-ba929a7 elementor-widget elementor-widget-heading\" data-id=\"ba929a7\" data-element_type=\"widget\" data-e-type=\"widget\" data-widget_type=\"heading.default\">\n\t\t\t\t<div class=\"elementor-widget-container\">\n\t\t\t\t\t<h3 class=\"elementor-heading-title elementor-size-default\">Atelier sur le remplissage et l'emballage<\/h3>\t\t\t\t<\/div>\n\t\t\t\t<\/div>\n\t\t\t\t\t<\/div>\n\t\t\t\t<\/div>\n\t\t<div class=\"elementor-element elementor-element-5fb3245 e-flex e-con-boxed e-con e-child\" data-id=\"5fb3245\" data-element_type=\"container\" data-e-type=\"container\">\n\t\t\t\t\t<div class=\"e-con-inner\">\n\t\t\t\t<div class=\"elementor-element elementor-element-50da2d6 elementor-widget elementor-widget-image\" data-id=\"50da2d6\" data-element_type=\"widget\" data-e-type=\"widget\" data-widget_type=\"image.default\">\n\t\t\t\t<div class=\"elementor-widget-container\">\n\t\t\t\t\t\t\t\t\t\t\t\t\t\t\t<img loading=\"lazy\" decoding=\"async\" width=\"768\" height=\"495\" src=\"https:\/\/www.lidercare.com\/wp-content\/uploads\/Quality-Control-Workshop-768x495-1.webp\" class=\"attachment-large size-large wp-image-13147\" alt=\"Quality-Control-Workshop-768x495\" srcset=\"https:\/\/www.lidercare.com\/wp-content\/uploads\/Quality-Control-Workshop-768x495-1.webp 768w, https:\/\/www.lidercare.com\/wp-content\/uploads\/Quality-Control-Workshop-768x495-1-600x387.webp 600w\" sizes=\"(max-width: 768px) 100vw, 768px\" \/>\t\t\t\t\t\t\t\t\t\t\t\t\t\t\t<\/div>\n\t\t\t\t<\/div>\n\t\t\t\t<div class=\"elementor-element elementor-element-1d17942 elementor-widget elementor-widget-heading\" data-id=\"1d17942\" data-element_type=\"widget\" data-e-type=\"widget\" data-widget_type=\"heading.default\">\n\t\t\t\t<div class=\"elementor-widget-container\">\n\t\t\t\t\t<h3 class=\"elementor-heading-title elementor-size-default\">Atelier sur le contr\u00f4le de la qualit\u00e9<\/h3>\t\t\t\t<\/div>\n\t\t\t\t<\/div>\n\t\t\t\t\t<\/div>\n\t\t\t\t<\/div>\n\t\t<div class=\"elementor-element elementor-element-b6cdfdf e-flex e-con-boxed e-con e-child\" data-id=\"b6cdfdf\" data-element_type=\"container\" data-e-type=\"container\">\n\t\t\t\t\t<div class=\"e-con-inner\">\n\t\t\t\t<div class=\"elementor-element elementor-element-474effd elementor-widget elementor-widget-image\" data-id=\"474effd\" data-element_type=\"widget\" data-e-type=\"widget\" data-widget_type=\"image.default\">\n\t\t\t\t<div class=\"elementor-widget-container\">\n\t\t\t\t\t\t\t\t\t\t\t\t\t\t\t<img loading=\"lazy\" decoding=\"async\" width=\"768\" height=\"495\" src=\"https:\/\/www.lidercare.com\/wp-content\/uploads\/Warehouse-and-Logistics-Workshop-768x495-1.webp\" class=\"attachment-large size-large wp-image-13157\" alt=\"Warehouse-and-Logistics-Workshop-768x495\" srcset=\"https:\/\/www.lidercare.com\/wp-content\/uploads\/Warehouse-and-Logistics-Workshop-768x495-1.webp 768w, https:\/\/www.lidercare.com\/wp-content\/uploads\/Warehouse-and-Logistics-Workshop-768x495-1-600x387.webp 600w\" sizes=\"(max-width: 768px) 100vw, 768px\" \/>\t\t\t\t\t\t\t\t\t\t\t\t\t\t\t<\/div>\n\t\t\t\t<\/div>\n\t\t\t\t<div class=\"elementor-element elementor-element-52befb4 elementor-widget elementor-widget-heading\" data-id=\"52befb4\" data-element_type=\"widget\" data-e-type=\"widget\" data-widget_type=\"heading.default\">\n\t\t\t\t<div class=\"elementor-widget-container\">\n\t\t\t\t\t<h3 class=\"elementor-heading-title elementor-size-default\">Atelier sur l'entrep\u00f4t et la logistique<\/h3>\t\t\t\t<\/div>\n\t\t\t\t<\/div>\n\t\t\t\t\t<\/div>\n\t\t\t\t<\/div>\n\t\t\t\t\t<\/div>\n\t\t\t\t<\/div>\n\t\t\t\t\t<\/div>\n\t\t\t\t<\/div>\n\t\t<div class=\"elementor-element elementor-element-7fc4994 e-flex e-con-boxed e-con e-parent\" data-id=\"7fc4994\" data-element_type=\"container\" data-e-type=\"container\" data-settings=\"{&quot;background_background&quot;:&quot;classic&quot;}\">\n\t\t\t\t\t<div class=\"e-con-inner\">\n\t\t<div class=\"elementor-element elementor-element-48376c7 e-flex e-con-boxed e-con e-child\" data-id=\"48376c7\" data-element_type=\"container\" data-e-type=\"container\">\n\t\t\t\t\t<div class=\"e-con-inner\">\n\t\t\t\t<div class=\"elementor-element elementor-element-8fed564 elementor-widget elementor-widget-heading\" data-id=\"8fed564\" data-element_type=\"widget\" data-e-type=\"widget\" data-widget_type=\"heading.default\">\n\t\t\t\t<div class=\"elementor-widget-container\">\n\t\t\t\t\t<h2 class=\"elementor-heading-title elementor-size-default\">\u25c9 D\u00e9couvrez notre usine par vid\u00e9o<\/h2>\t\t\t\t<\/div>\n\t\t\t\t<\/div>\n\t\t\t\t<div class=\"elementor-element elementor-element-b7f0dd3 elementor-widget elementor-widget-text-editor\" data-id=\"b7f0dd3\" data-element_type=\"widget\" data-e-type=\"widget\" data-widget_type=\"text-editor.default\">\n\t\t\t\t<div class=\"elementor-widget-container\">\n\t\t\t\t\t\t\t\t\t<p>Lidercare dispose d&rsquo;installations dot\u00e9es de la technologie la plus avanc\u00e9e en Chine et d&rsquo;une capacit\u00e9 de production qui fait de nous l&rsquo;un des <a href=\"https:\/\/www.lidercare.com\/product-category\/whitening-toothpaste\/\">principaux fabricants de dentifrices<\/a>. Nos installations sont strat\u00e9giquement situ\u00e9es pour fournir un excellent service \u00e0 nos clients par mer et par terre sur les march\u00e9s internationaux.<\/p><p>D\u00e9couvrez notre processus de fabrication pour vous offrir des produits avec le meilleur design, la meilleure qualit\u00e9 et le meilleur service sur le march\u00e9.<\/p>\t\t\t\t\t\t\t\t<\/div>\n\t\t\t\t<\/div>\n\t\t\t\t\t<\/div>\n\t\t\t\t<\/div>\n\t\t<div class=\"elementor-element elementor-element-aad3928 e-flex e-con-boxed e-con e-child\" data-id=\"aad3928\" data-element_type=\"container\" data-e-type=\"container\">\n\t\t\t\t\t<div class=\"e-con-inner\">\n\t\t\t\t<div class=\"elementor-element elementor-element-b0f2915 elementor-widget elementor-widget-video\" data-id=\"b0f2915\" data-element_type=\"widget\" data-e-type=\"widget\" data-settings=\"{&quot;youtube_url&quot;:&quot;https:\\\/\\\/youtu.be\\\/TgzVhhJG2Ug&quot;,&quot;video_type&quot;:&quot;youtube&quot;,&quot;controls&quot;:&quot;yes&quot;}\" data-widget_type=\"video.default\">\n\t\t\t\t<div class=\"elementor-widget-container\">\n\t\t\t\t\t\t\t<div class=\"elementor-wrapper elementor-open-inline\">\n\t\t\t<div class=\"elementor-video\"><\/div>\t\t<\/div>\n\t\t\t\t\t\t<\/div>\n\t\t\t\t<\/div>\n\t\t\t\t\t<\/div>\n\t\t\t\t<\/div>\n\t\t\t\t\t<\/div>\n\t\t\t\t<\/div>\n\t\t<div class=\"elementor-element elementor-element-57acc23 e-flex e-con-boxed e-con e-parent\" data-id=\"57acc23\" data-element_type=\"container\" data-e-type=\"container\">\n\t\t\t\t\t<div class=\"e-con-inner\">\n\t\t<div class=\"elementor-element elementor-element-a47e50e e-con-full e-flex e-con e-child\" data-id=\"a47e50e\" data-element_type=\"container\" data-e-type=\"container\">\n\t\t\t\t<div class=\"elementor-element elementor-element-81336fe elementor-widget elementor-widget-image\" data-id=\"81336fe\" data-element_type=\"widget\" data-e-type=\"widget\" data-widget_type=\"image.default\">\n\t\t\t\t<div class=\"elementor-widget-container\">\n\t\t\t\t\t\t\t\t\t\t\t\t\t\t\t<img loading=\"lazy\" decoding=\"async\" width=\"800\" height=\"533\" src=\"https:\/\/www.lidercare.com\/wp-content\/uploads\/Guardians-of-Quality.webp\" class=\"attachment-large size-large wp-image-12962\" alt=\"Guardians of Quality\" srcset=\"https:\/\/www.lidercare.com\/wp-content\/uploads\/Guardians-of-Quality.webp 800w, https:\/\/www.lidercare.com\/wp-content\/uploads\/Guardians-of-Quality-600x400.webp 600w, https:\/\/www.lidercare.com\/wp-content\/uploads\/Guardians-of-Quality-768x512.webp 768w\" sizes=\"(max-width: 800px) 100vw, 800px\" \/>\t\t\t\t\t\t\t\t\t\t\t\t\t\t\t<\/div>\n\t\t\t\t<\/div>\n\t\t\t\t<\/div>\n\t\t<div class=\"elementor-element elementor-element-3485754 e-con-full e-flex e-con e-child\" data-id=\"3485754\" data-element_type=\"container\" data-e-type=\"container\">\n\t\t\t\t<div class=\"elementor-element elementor-element-8fb5127 elementor-widget elementor-widget-heading\" data-id=\"8fb5127\" data-element_type=\"widget\" data-e-type=\"widget\" data-widget_type=\"heading.default\">\n\t\t\t\t<div class=\"elementor-widget-container\">\n\t\t\t\t\t<h2 class=\"elementor-heading-title elementor-size-default\">Un contr\u00f4le de qualit\u00e9 rigoureux<\/h2>\t\t\t\t<\/div>\n\t\t\t\t<\/div>\n\t\t\t\t<div class=\"elementor-element elementor-element-86a789d elementor-widget elementor-widget-text-editor\" data-id=\"86a789d\" data-element_type=\"widget\" data-e-type=\"widget\" data-widget_type=\"text-editor.default\">\n\t\t\t\t<div class=\"elementor-widget-container\">\n\t\t\t\t\t\t\t\t\t<p>Afin de livrer nos produits de mani\u00e8re efficace, nous nous conformons \u00e0 des r\u00e8gles strictes en mati\u00e8re de contr\u00f4le de la qualit\u00e9.<br><br>Les clients qui accordent une grande importance \u00e0 la qualit\u00e9 des mat\u00e9riaux et \u00e0 l&rsquo;efficacit\u00e9 nous choisissent comme leur seul fournisseur de produits dentaires. Nous avons la certitude d&rsquo;offrir un \u00e9change \u00e0 100 % des articles d\u00e9fectueux. <\/p>\t\t\t\t\t\t\t\t<\/div>\n\t\t\t\t<\/div>\n\t\t\t\t<\/div>\n\t\t\t\t\t<\/div>\n\t\t\t\t<\/div>\n\t\t\t\t<\/div>\n\t\t","protected":false},"excerpt":{"rendered":"<p>Usine certifi\u00e9e ISO et GMP R\u00e9duisez vos co\u00fbts, acc\u00e9l\u00e9rez la mise sur le march\u00e9 de vos produits et aidez-vous \u00e0 acqu\u00e9rir un avantage concurrentiel. Home Vue rapide de notre usine Atelier de mixage Atelier sur l&rsquo;ajout d&rsquo;ingr\u00e9dients actifs Atelier d&rsquo;aromatisation et de coloration Atelier sur le remplissage et l&#8217;emballage Atelier sur le contr\u00f4le de la [&hellip;]<\/p>\n","protected":false},"author":1,"featured_media":13435,"parent":0,"menu_order":0,"comment_status":"closed","ping_status":"closed","template":"","meta":{"_acf_changed":false,"footnotes":""},"class_list":["post-17658","page","type-page","status-publish","has-post-thumbnail","hentry"],"acf":[],"_links":{"self":[{"href":"https:\/\/www.lidercare.com\/fr\/wp-json\/wp\/v2\/pages\/17658","targetHints":{"allow":["GET"]}}],"collection":[{"href":"https:\/\/www.lidercare.com\/fr\/wp-json\/wp\/v2\/pages"}],"about":[{"href":"https:\/\/www.lidercare.com\/fr\/wp-json\/wp\/v2\/types\/page"}],"author":[{"embeddable":true,"href":"https:\/\/www.lidercare.com\/fr\/wp-json\/wp\/v2\/users\/1"}],"replies":[{"embeddable":true,"href":"https:\/\/www.lidercare.com\/fr\/wp-json\/wp\/v2\/comments?post=17658"}],"version-history":[{"count":8,"href":"https:\/\/www.lidercare.com\/fr\/wp-json\/wp\/v2\/pages\/17658\/revisions"}],"predecessor-version":[{"id":95784,"href":"https:\/\/www.lidercare.com\/fr\/wp-json\/wp\/v2\/pages\/17658\/revisions\/95784"}],"wp:featuredmedia":[{"embeddable":true,"href":"https:\/\/www.lidercare.com\/fr\/wp-json\/wp\/v2\/media\/13435"}],"wp:attachment":[{"href":"https:\/\/www.lidercare.com\/fr\/wp-json\/wp\/v2\/media?parent=17658"}],"curies":[{"name":"wp","href":"https:\/\/api.w.org\/{rel}","templated":true}]}}