{"id":17616,"date":"2023-06-28T13:34:24","date_gmt":"2023-06-28T05:34:24","guid":{"rendered":"https:\/\/www.lidercare.com\/leadership\/"},"modified":"2026-03-31T17:12:10","modified_gmt":"2026-03-31T09:12:10","slug":"direction-de-lidercare","status":"publish","type":"page","link":"https:\/\/www.lidercare.com\/fr\/direction-de-lidercare\/","title":{"rendered":"Leadership"},"content":{"rendered":"\t\t<div data-elementor-type=\"wp-page\" data-elementor-id=\"17616\" class=\"elementor elementor-17616 elementor-1181\" data-elementor-post-type=\"page\">\n\t\t\t\t<div class=\"elementor-element elementor-element-281ed5c6 e-flex e-con-boxed e-con e-parent\" data-id=\"281ed5c6\" data-element_type=\"container\" data-e-type=\"container\" data-settings=\"{&quot;background_background&quot;:&quot;gradient&quot;}\">\n\t\t\t\t\t<div class=\"e-con-inner\">\n\t\t\t\t<div class=\"elementor-element elementor-element-47d54f5a elementor-widget elementor-widget-heading\" data-id=\"47d54f5a\" data-element_type=\"widget\" data-e-type=\"widget\" data-widget_type=\"heading.default\">\n\t\t\t\t<div class=\"elementor-widget-container\">\n\t\t\t\t\t<h1 class=\"elementor-heading-title elementor-size-default\">Lidercare Leadership<\/h1>\t\t\t\t<\/div>\n\t\t\t\t<\/div>\n\t\t\t\t<div class=\"elementor-element elementor-element-42ad5da elementor-widget elementor-widget-text-editor\" data-id=\"42ad5da\" data-element_type=\"widget\" data-e-type=\"widget\" data-widget_type=\"text-editor.default\">\n\t\t\t\t<div class=\"elementor-widget-container\">\n\t\t\t\t\t\t\t\t\t<p>Les dirigeants de Lidercare montrent l&rsquo;exemple en faisant preuve d&rsquo;int\u00e9grit\u00e9, d&rsquo;expertise et d&rsquo;engagement envers le service pour leurs employ\u00e9s.<\/p>\t\t\t\t\t\t\t\t<\/div>\n\t\t\t\t<\/div>\n\t\t\t\t<div class=\"elementor-element elementor-element-1950c57 elementor-widget elementor-widget-breadcrumbs\" data-id=\"1950c57\" data-element_type=\"widget\" data-e-type=\"widget\" data-widget_type=\"breadcrumbs.default\">\n\t\t\t\t<div class=\"elementor-widget-container\">\n\t\t\t\t\t<nav><span class=\"last\">Accueil<\/span><\/nav>\t\t\t\t<\/div>\n\t\t\t\t<\/div>\n\t\t\t\t\t<\/div>\n\t\t\t\t<\/div>\n\t\t<div class=\"elementor-element elementor-element-e798203 e-flex e-con-boxed e-con e-parent\" data-id=\"e798203\" data-element_type=\"container\" data-e-type=\"container\">\n\t\t\t\t\t<div class=\"e-con-inner\">\n\t\t<div class=\"elementor-element elementor-element-7b49e09 e-con-full e-flex e-con e-child\" data-id=\"7b49e09\" data-element_type=\"container\" data-e-type=\"container\">\n\t\t\t\t<div class=\"elementor-element elementor-element-394e761 elementor-widget elementor-widget-image\" data-id=\"394e761\" data-element_type=\"widget\" data-e-type=\"widget\" data-widget_type=\"image.default\">\n\t\t\t\t<div class=\"elementor-widget-container\">\n\t\t\t\t\t\t\t\t\t\t\t\t\t\t\t<img fetchpriority=\"high\" decoding=\"async\" width=\"800\" height=\"800\" src=\"https:\/\/www.lidercare.com\/wp-content\/uploads\/sophia-li.webp\" class=\"attachment-large size-large wp-image-13327\" alt=\"sophia li\" srcset=\"https:\/\/www.lidercare.com\/wp-content\/uploads\/sophia-li.webp 800w, https:\/\/www.lidercare.com\/wp-content\/uploads\/sophia-li-300x300.webp 300w, https:\/\/www.lidercare.com\/wp-content\/uploads\/sophia-li-100x100.webp 100w, https:\/\/www.lidercare.com\/wp-content\/uploads\/sophia-li-600x600.webp 600w, https:\/\/www.lidercare.com\/wp-content\/uploads\/sophia-li-500x500.webp 500w, https:\/\/www.lidercare.com\/wp-content\/uploads\/sophia-li-768x768.webp 768w\" sizes=\"(max-width: 800px) 100vw, 800px\" \/>\t\t\t\t\t\t\t\t\t\t\t\t\t\t\t<\/div>\n\t\t\t\t<\/div>\n\t\t\t\t<\/div>\n\t\t<div class=\"elementor-element elementor-element-08adc52 e-con-full e-flex e-con e-child\" data-id=\"08adc52\" data-element_type=\"container\" data-e-type=\"container\">\n\t\t\t\t<div class=\"elementor-element elementor-element-9f113d9 elementor-widget elementor-widget-heading\" data-id=\"9f113d9\" data-element_type=\"widget\" data-e-type=\"widget\" data-widget_type=\"heading.default\">\n\t\t\t\t<div class=\"elementor-widget-container\">\n\t\t\t\t\t<h2 class=\"elementor-heading-title elementor-size-default\">Sophia Li<\/h2>\t\t\t\t<\/div>\n\t\t\t\t<\/div>\n\t\t\t\t<div class=\"elementor-element elementor-element-ff0a844 elementor-widget elementor-widget-heading\" data-id=\"ff0a844\" data-element_type=\"widget\" data-e-type=\"widget\" data-widget_type=\"heading.default\">\n\t\t\t\t<div class=\"elementor-widget-container\">\n\t\t\t\t\t<h3 class=\"elementor-heading-title elementor-size-default\">Pr\u00e9sident<\/h3>\t\t\t\t<\/div>\n\t\t\t\t<\/div>\n\t\t\t\t<div class=\"elementor-element elementor-element-60fce70 elementor-view-default elementor-widget elementor-widget-icon\" data-id=\"60fce70\" data-element_type=\"widget\" data-e-type=\"widget\" data-widget_type=\"icon.default\">\n\t\t\t\t<div class=\"elementor-widget-container\">\n\t\t\t\t\t\t\t<div class=\"elementor-icon-wrapper\">\n\t\t\t<div class=\"elementor-icon\">\n\t\t\t<svg aria-hidden=\"true\" class=\"e-font-icon-svg e-fas-quote-left\" viewBox=\"0 0 512 512\" xmlns=\"http:\/\/www.w3.org\/2000\/svg\"><path d=\"M464 256h-80v-64c0-35.3 28.7-64 64-64h8c13.3 0 24-10.7 24-24V56c0-13.3-10.7-24-24-24h-8c-88.4 0-160 71.6-160 160v240c0 26.5 21.5 48 48 48h128c26.5 0 48-21.5 48-48V304c0-26.5-21.5-48-48-48zm-288 0H96v-64c0-35.3 28.7-64 64-64h8c13.3 0 24-10.7 24-24V56c0-13.3-10.7-24-24-24h-8C71.6 32 0 103.6 0 192v240c0 26.5 21.5 48 48 48h128c26.5 0 48-21.5 48-48V304c0-26.5-21.5-48-48-48z\"><\/path><\/svg>\t\t\t<\/div>\n\t\t<\/div>\n\t\t\t\t\t\t<\/div>\n\t\t\t\t<\/div>\n\t\t\t\t<div class=\"elementor-element elementor-element-62c42d3 elementor-widget elementor-widget-heading\" data-id=\"62c42d3\" data-element_type=\"widget\" data-e-type=\"widget\" data-widget_type=\"heading.default\">\n\t\t\t\t<div class=\"elementor-widget-container\">\n\t\t\t\t\t<h3 class=\"elementor-heading-title elementor-size-default\">Le r\u00f4le le plus important d'une grande \u00e9quipe est de permettre \u00e0 ses joueurs ordinaires de produire des r\u00e9sultats extraordinaires.<\/h3>\t\t\t\t<\/div>\n\t\t\t\t<\/div>\n\t\t\t\t<div class=\"elementor-element elementor-element-980d3fd elementor-widget elementor-widget-text-editor\" data-id=\"980d3fd\" data-element_type=\"widget\" data-e-type=\"widget\" data-widget_type=\"text-editor.default\">\n\t\t\t\t<div class=\"elementor-widget-container\">\n\t\t\t\t\t\t\t\t\t<p>En tant que PDG, la mission principale de Sophia est d&rsquo;am\u00e9liorer les performances de l&rsquo;entreprise de dentifrices personnalis\u00e9s afin de parvenir \u00e0 une situation gagnant-gagnant pour les clients, les employ\u00e9s et la communaut\u00e9. Elle croit fermement au d\u00e9veloppement durable dans la production de dentifrices et s&rsquo;engage \u00e0 am\u00e9liorer les emballages. Depuis qu&rsquo;elle a pris ses fonctions de directrice de l&rsquo;exploitation en 2013, elle a jou\u00e9 un r\u00f4le de premier plan dans l&rsquo;activit\u00e9 de dentifrice de marque priv\u00e9e de Lidercare \u00e0 Guangzhou, dans le Guangdong, en Chine.  <br><br>Elle a \u00e9t\u00e9 un leader engag\u00e9 et un mentor pour tous les employ\u00e9s de Lidercare. Aujourd&rsquo;hui, elle est responsable de la conception de nouveaux dentifrices et de nouvelles possibilit\u00e9s d&#8217;emballage, de la mise en place de la cha\u00eene d&rsquo;approvisionnement pour mieux servir les clients et de la croissance organique et par fusions-acquisitions de l&rsquo;\u00e9conomie locale. <\/p>\t\t\t\t\t\t\t\t<\/div>\n\t\t\t\t<\/div>\n\t\t\t\t<\/div>\n\t\t\t\t\t<\/div>\n\t\t\t\t<\/div>\n\t\t<div class=\"elementor-element elementor-element-9924ed7 e-flex e-con-boxed e-con e-parent\" data-id=\"9924ed7\" data-element_type=\"container\" data-e-type=\"container\">\n\t\t\t\t\t<div class=\"e-con-inner\">\n\t\t<div class=\"elementor-element elementor-element-0d3ace8 e-con-full e-flex e-con e-child\" data-id=\"0d3ace8\" data-element_type=\"container\" data-e-type=\"container\">\n\t\t\t\t<div class=\"elementor-element elementor-element-6b7f07f elementor-widget elementor-widget-image\" data-id=\"6b7f07f\" data-element_type=\"widget\" data-e-type=\"widget\" data-widget_type=\"image.default\">\n\t\t\t\t<div class=\"elementor-widget-container\">\n\t\t\t\t\t\t\t\t\t\t\t\t\t\t\t<img decoding=\"async\" width=\"800\" height=\"800\" src=\"https:\/\/www.lidercare.com\/wp-content\/uploads\/David-Shi.webp\" class=\"attachment-large size-large wp-image-13322\" alt=\"David Shi\" srcset=\"https:\/\/www.lidercare.com\/wp-content\/uploads\/David-Shi.webp 800w, https:\/\/www.lidercare.com\/wp-content\/uploads\/David-Shi-300x300.webp 300w, https:\/\/www.lidercare.com\/wp-content\/uploads\/David-Shi-100x100.webp 100w, https:\/\/www.lidercare.com\/wp-content\/uploads\/David-Shi-600x600.webp 600w, https:\/\/www.lidercare.com\/wp-content\/uploads\/David-Shi-500x500.webp 500w, https:\/\/www.lidercare.com\/wp-content\/uploads\/David-Shi-768x768.webp 768w\" sizes=\"(max-width: 800px) 100vw, 800px\" \/>\t\t\t\t\t\t\t\t\t\t\t\t\t\t\t<\/div>\n\t\t\t\t<\/div>\n\t\t\t\t<\/div>\n\t\t<div class=\"elementor-element elementor-element-5543026 e-con-full e-flex e-con e-child\" data-id=\"5543026\" data-element_type=\"container\" data-e-type=\"container\">\n\t\t\t\t<div class=\"elementor-element elementor-element-3027881 elementor-widget elementor-widget-heading\" data-id=\"3027881\" data-element_type=\"widget\" data-e-type=\"widget\" data-widget_type=\"heading.default\">\n\t\t\t\t<div class=\"elementor-widget-container\">\n\t\t\t\t\t<h2 class=\"elementor-heading-title elementor-size-default\">David Shi<\/h2>\t\t\t\t<\/div>\n\t\t\t\t<\/div>\n\t\t\t\t<div class=\"elementor-element elementor-element-5923527 elementor-widget elementor-widget-heading\" data-id=\"5923527\" data-element_type=\"widget\" data-e-type=\"widget\" data-widget_type=\"heading.default\">\n\t\t\t\t<div class=\"elementor-widget-container\">\n\t\t\t\t\t<h3 class=\"elementor-heading-title elementor-size-default\">Directeur g\u00e9n\u00e9ral<\/h3>\t\t\t\t<\/div>\n\t\t\t\t<\/div>\n\t\t\t\t<div class=\"elementor-element elementor-element-3f8680a elementor-view-default elementor-widget elementor-widget-icon\" data-id=\"3f8680a\" data-element_type=\"widget\" data-e-type=\"widget\" data-widget_type=\"icon.default\">\n\t\t\t\t<div class=\"elementor-widget-container\">\n\t\t\t\t\t\t\t<div class=\"elementor-icon-wrapper\">\n\t\t\t<div class=\"elementor-icon\">\n\t\t\t<svg aria-hidden=\"true\" class=\"e-font-icon-svg e-fas-quote-left\" viewBox=\"0 0 512 512\" xmlns=\"http:\/\/www.w3.org\/2000\/svg\"><path d=\"M464 256h-80v-64c0-35.3 28.7-64 64-64h8c13.3 0 24-10.7 24-24V56c0-13.3-10.7-24-24-24h-8c-88.4 0-160 71.6-160 160v240c0 26.5 21.5 48 48 48h128c26.5 0 48-21.5 48-48V304c0-26.5-21.5-48-48-48zm-288 0H96v-64c0-35.3 28.7-64 64-64h8c13.3 0 24-10.7 24-24V56c0-13.3-10.7-24-24-24h-8C71.6 32 0 103.6 0 192v240c0 26.5 21.5 48 48 48h128c26.5 0 48-21.5 48-48V304c0-26.5-21.5-48-48-48z\"><\/path><\/svg>\t\t\t<\/div>\n\t\t<\/div>\n\t\t\t\t\t\t<\/div>\n\t\t\t\t<\/div>\n\t\t\t\t<div class=\"elementor-element elementor-element-cbc4975 elementor-widget elementor-widget-heading\" data-id=\"cbc4975\" data-element_type=\"widget\" data-e-type=\"widget\" data-widget_type=\"heading.default\">\n\t\t\t\t<div class=\"elementor-widget-container\">\n\t\t\t\t\t<h3 class=\"elementor-heading-title elementor-size-default\">Si l'on se limite \u00e0 comprendre la situation de l'entreprise, l'op\u00e9rateur peut facilement tomber dans un \u00e9tat de tranquillit\u00e9 aveugle.<\/h3>\t\t\t\t<\/div>\n\t\t\t\t<\/div>\n\t\t\t\t<div class=\"elementor-element elementor-element-8503ac2 elementor-widget elementor-widget-text-editor\" data-id=\"8503ac2\" data-element_type=\"widget\" data-e-type=\"widget\" data-widget_type=\"text-editor.default\">\n\t\t\t\t<div class=\"elementor-widget-container\">\n\t\t\t\t\t\t\t\t\t<p>David Shi a rejoint Lidercare en tant que directeur g\u00e9n\u00e9ral en 2018. Il apporte plus de 10 ans d&rsquo;exp\u00e9rience de la cha\u00eene d&rsquo;approvisionnement dans l&rsquo;industrie des soins bucco-dentaires. En tant que dirigeant d&rsquo;entreprises manufacturi\u00e8res dans de multiples secteurs, David Shi pr\u00e9voit l&rsquo;avenir de l&#8217;emballage et de la marque, en particulier l&rsquo;\u00e9volution rapide des besoins de nos clients.  <br><br>Depuis qu&rsquo;il a rejoint Lidercare, David Shi a mis en place une cha\u00eene d&rsquo;approvisionnement compl\u00e8te pour les dentifrices, en appliquant des pratiques de gestion rigoureuses ax\u00e9es sur une disponibilit\u00e9 plus rapide des produits. Il insiste sur notre mission qui consiste \u00e0 fournir aux marques internationales des produits d&rsquo;hygi\u00e8ne bucco-dentaire de la plus haute qualit\u00e9, en ne n\u00e9gligeant aucun d\u00e9tail pour am\u00e9liorer la valeur de leur marque. <\/p>\t\t\t\t\t\t\t\t<\/div>\n\t\t\t\t<\/div>\n\t\t\t\t<\/div>\n\t\t\t\t\t<\/div>\n\t\t\t\t<\/div>\n\t\t<div class=\"elementor-element elementor-element-950e4b0 e-flex e-con-boxed e-con e-parent\" data-id=\"950e4b0\" data-element_type=\"container\" data-e-type=\"container\">\n\t\t\t\t\t<div class=\"e-con-inner\">\n\t\t<div class=\"elementor-element elementor-element-df07afa e-con-full e-flex e-con e-child\" data-id=\"df07afa\" data-element_type=\"container\" data-e-type=\"container\">\n\t\t\t\t<div class=\"elementor-element elementor-element-d56d8d3 elementor-widget elementor-widget-image\" data-id=\"d56d8d3\" data-element_type=\"widget\" data-e-type=\"widget\" data-widget_type=\"image.default\">\n\t\t\t\t<div class=\"elementor-widget-container\">\n\t\t\t\t\t\t\t\t\t\t\t\t\t\t\t<img decoding=\"async\" width=\"800\" height=\"800\" src=\"https:\/\/www.lidercare.com\/wp-content\/uploads\/Cindy-Chen.webp\" class=\"attachment-large size-large wp-image-13317\" alt=\"Cindy Chen\" srcset=\"https:\/\/www.lidercare.com\/wp-content\/uploads\/Cindy-Chen.webp 800w, https:\/\/www.lidercare.com\/wp-content\/uploads\/Cindy-Chen-300x300.webp 300w, https:\/\/www.lidercare.com\/wp-content\/uploads\/Cindy-Chen-100x100.webp 100w, https:\/\/www.lidercare.com\/wp-content\/uploads\/Cindy-Chen-600x600.webp 600w, https:\/\/www.lidercare.com\/wp-content\/uploads\/Cindy-Chen-500x500.webp 500w, https:\/\/www.lidercare.com\/wp-content\/uploads\/Cindy-Chen-768x768.webp 768w\" sizes=\"(max-width: 800px) 100vw, 800px\" \/>\t\t\t\t\t\t\t\t\t\t\t\t\t\t\t<\/div>\n\t\t\t\t<\/div>\n\t\t\t\t<\/div>\n\t\t<div class=\"elementor-element elementor-element-598480a e-con-full e-flex e-con e-child\" data-id=\"598480a\" data-element_type=\"container\" data-e-type=\"container\">\n\t\t\t\t<div class=\"elementor-element elementor-element-ca080e8 elementor-widget elementor-widget-heading\" data-id=\"ca080e8\" data-element_type=\"widget\" data-e-type=\"widget\" data-widget_type=\"heading.default\">\n\t\t\t\t<div class=\"elementor-widget-container\">\n\t\t\t\t\t<h2 class=\"elementor-heading-title elementor-size-default\">Cindy Chen<\/h2>\t\t\t\t<\/div>\n\t\t\t\t<\/div>\n\t\t\t\t<div class=\"elementor-element elementor-element-6c7453f elementor-widget elementor-widget-heading\" data-id=\"6c7453f\" data-element_type=\"widget\" data-e-type=\"widget\" data-widget_type=\"heading.default\">\n\t\t\t\t<div class=\"elementor-widget-container\">\n\t\t\t\t\t<h3 class=\"elementor-heading-title elementor-size-default\">Directeur g\u00e9n\u00e9ral<\/h3>\t\t\t\t<\/div>\n\t\t\t\t<\/div>\n\t\t\t\t<div class=\"elementor-element elementor-element-fcaa00b elementor-view-default elementor-widget elementor-widget-icon\" data-id=\"fcaa00b\" data-element_type=\"widget\" data-e-type=\"widget\" data-widget_type=\"icon.default\">\n\t\t\t\t<div class=\"elementor-widget-container\">\n\t\t\t\t\t\t\t<div class=\"elementor-icon-wrapper\">\n\t\t\t<div class=\"elementor-icon\">\n\t\t\t<svg aria-hidden=\"true\" class=\"e-font-icon-svg e-fas-quote-left\" viewBox=\"0 0 512 512\" xmlns=\"http:\/\/www.w3.org\/2000\/svg\"><path d=\"M464 256h-80v-64c0-35.3 28.7-64 64-64h8c13.3 0 24-10.7 24-24V56c0-13.3-10.7-24-24-24h-8c-88.4 0-160 71.6-160 160v240c0 26.5 21.5 48 48 48h128c26.5 0 48-21.5 48-48V304c0-26.5-21.5-48-48-48zm-288 0H96v-64c0-35.3 28.7-64 64-64h8c13.3 0 24-10.7 24-24V56c0-13.3-10.7-24-24-24h-8C71.6 32 0 103.6 0 192v240c0 26.5 21.5 48 48 48h128c26.5 0 48-21.5 48-48V304c0-26.5-21.5-48-48-48z\"><\/path><\/svg>\t\t\t<\/div>\n\t\t<\/div>\n\t\t\t\t\t\t<\/div>\n\t\t\t\t<\/div>\n\t\t\t\t<div class=\"elementor-element elementor-element-383b875 elementor-widget elementor-widget-heading\" data-id=\"383b875\" data-element_type=\"widget\" data-e-type=\"widget\" data-widget_type=\"heading.default\">\n\t\t\t\t<div class=\"elementor-widget-container\">\n\t\t\t\t\t<h3 class=\"elementor-heading-title elementor-size-default\">Un client satisfait est la meilleure strat\u00e9gie commerciale qui soit.<\/h3>\t\t\t\t<\/div>\n\t\t\t\t<\/div>\n\t\t\t\t<div class=\"elementor-element elementor-element-9ce1819 elementor-widget elementor-widget-text-editor\" data-id=\"9ce1819\" data-element_type=\"widget\" data-e-type=\"widget\" data-widget_type=\"text-editor.default\">\n\t\t\t\t<div class=\"elementor-widget-container\">\n\t\t\t\t\t\t\t\t\t<p>Cindy est directrice g\u00e9n\u00e9rale de Lidercare depuis 2019 et est responsable de l&rsquo;ensemble des op\u00e9rations de l&rsquo;entreprise, notamment de l&rsquo;am\u00e9lioration de l&rsquo;efficacit\u00e9 et de l&rsquo;augmentation des b\u00e9n\u00e9fices. Elle est \u00e9galement responsable des ventes mondiales. <\/p><p>Cindy est une v\u00e9t\u00e9rane de l&rsquo;industrie des soins bucco-dentaires et a conduit son \u00e9quipe \u00e0 r\u00e9aliser une croissance durable et \u00e9volutive des revenus. Elle encourage la collaboration et l&rsquo;alignement de l&rsquo;\u00e9quipe de Lidercare en utilisant la pens\u00e9e strat\u00e9gique et un cadre de vente de valeur. En mettant l&rsquo;accent sur le service, son \u00e9quipe attire constamment de nouveaux clients et fournit un service exceptionnel.  <\/p>\t\t\t\t\t\t\t\t<\/div>\n\t\t\t\t<\/div>\n\t\t\t\t<\/div>\n\t\t\t\t\t<\/div>\n\t\t\t\t<\/div>\n\t\t\t\t<\/div>\n\t\t","protected":false},"excerpt":{"rendered":"<p>Lidercare Leadership Les dirigeants de Lidercare montrent l&rsquo;exemple en faisant preuve d&rsquo;int\u00e9grit\u00e9, d&rsquo;expertise et d&rsquo;engagement envers le service pour leurs employ\u00e9s. Home Sophia Li Pr\u00e9sident Le r\u00f4le le plus important d&rsquo;une grande \u00e9quipe est de permettre \u00e0 ses joueurs ordinaires de produire des r\u00e9sultats extraordinaires. En tant que PDG, la mission principale de Sophia est [&hellip;]<\/p>\n","protected":false},"author":1,"featured_media":13327,"parent":0,"menu_order":0,"comment_status":"closed","ping_status":"closed","template":"","meta":{"_acf_changed":false,"footnotes":""},"class_list":["post-17616","page","type-page","status-publish","has-post-thumbnail","hentry"],"acf":[],"_links":{"self":[{"href":"https:\/\/www.lidercare.com\/fr\/wp-json\/wp\/v2\/pages\/17616","targetHints":{"allow":["GET"]}}],"collection":[{"href":"https:\/\/www.lidercare.com\/fr\/wp-json\/wp\/v2\/pages"}],"about":[{"href":"https:\/\/www.lidercare.com\/fr\/wp-json\/wp\/v2\/types\/page"}],"author":[{"embeddable":true,"href":"https:\/\/www.lidercare.com\/fr\/wp-json\/wp\/v2\/users\/1"}],"replies":[{"embeddable":true,"href":"https:\/\/www.lidercare.com\/fr\/wp-json\/wp\/v2\/comments?post=17616"}],"version-history":[{"count":6,"href":"https:\/\/www.lidercare.com\/fr\/wp-json\/wp\/v2\/pages\/17616\/revisions"}],"predecessor-version":[{"id":95592,"href":"https:\/\/www.lidercare.com\/fr\/wp-json\/wp\/v2\/pages\/17616\/revisions\/95592"}],"wp:featuredmedia":[{"embeddable":true,"href":"https:\/\/www.lidercare.com\/fr\/wp-json\/wp\/v2\/media\/13327"}],"wp:attachment":[{"href":"https:\/\/www.lidercare.com\/fr\/wp-json\/wp\/v2\/media?parent=17616"}],"curies":[{"name":"wp","href":"https:\/\/api.w.org\/{rel}","templated":true}]}}